{"id":671,"date":"2013-02-20T13:13:08","date_gmt":"2013-02-20T13:13:08","guid":{"rendered":"http:\/\/christsassembly.com\/?page_id=671"},"modified":"2025-10-02T05:06:37","modified_gmt":"2025-10-02T05:06:37","slug":"statement-of-fait","status":"publish","type":"page","link":"https:\/\/watchman.news\/de\/assemblies\/statement-of-fait\/","title":{"rendered":"\u00dcberzeugungen"},"content":{"rendered":"<p>Rev Dr Stephen MK Brunswick adopted the following as the standard (simplified version) of our statement of beliefs when he began to lead the Communion services for three assemblies in 2001. You may wish to read more about the <a href=\"https:\/\/celticorthodoxy.com\/2017\/05\/short-history-orthodox-church-of-the-culdees\/\">Kurze Geschichte der orthodoxen Kirche der Culdees und unserer Wiederherstellung<\/a><\/p>\r\n<p><a><b>AUSSAGE<\/b><\/a><b><a> DES GLAUBENS<\/a><\/b><\/p>\r\n<div class=\"diywebMain\">\r\n<div class=\"diywebGutter\">\r\n<div id=\"content_area\">\r\n<div id=\"matrix_1486213204\" class=\"sortable-matrix\" data-matrixid=\"1486213204\">\r\n<div class=\"n diyfeLiveArea\">\r\n<p><strong>GOTTHEIT:<\/strong> Wir glauben an einen wahren und ewigen, selbst existierenden, ungeschaffenen Gott, dessen Name YAHWEH ist, und an die Einheit seines Seins existieren drei Subsistenzen einer Essenz: Substanz, Kraft und Ewigkeit; Gott der Vater und der Sohn und der Heilige Geist, alle ein Gott, Welt ohne Ende.<\/p>\r\n<p><strong>HEIL:<\/strong> Wir glauben an einen Jesus Christus, der ewig vom Vater gezeugt wurde, sehr Gott und sehr Mensch, vollkommener Gott, vollkommener Mensch, und in diesem einen Jesus Christus existieren zwei vollkommene Naturen, die untrennbar miteinander verbunden sind, ohne Trennung, Ver\u00e4nderung, Verwirrung oder Vermischung. Wir glauben, dass die Wahl f\u00fcr die adamische Rasse ist und die Erl\u00f6sung durch den Glauben an Jesus Christus erfolgt. Die Erl\u00f6sung erfolgt durch die erl\u00f6sende Gnade Jesu Christi und nicht als Belohnung f\u00fcr gute Werke. Wir glauben an die jungfr\u00e4uliche Geburt, den Tod, das Begr\u00e4bnis, die Auferstehung, den Aufstieg und die buchst\u00e4bliche R\u00fcckkehr unseres Erl\u00f6sers Jesus Christus. Die Wahl wurde vom Vater vor der Gr\u00fcndung der Welt geplant. Die Erl\u00f6sung wird durch Jesus Christus erm\u00f6glicht. Die Heiligung erfolgt durch das Wirken des Heiligen Geistes.<\/p>\r\n<p><strong>GUTE TATEN:<\/strong> Wir glauben, dass gute Werke der Beweis unserer Erl\u00f6sung sind. Wir halten das Gesetz nicht, um gerettet zu werden, sondern weil wir gerettet werden. Unsere guten Werke geh\u00f6ren Jesus Christus und werden an seinem Gesetz gemessen. Wir glauben an die Zehn Gebote, an die Statuten und Urteile seines Gesetzes. Wir halten den biblischen Sabbat des siebten Tages und die heiligen Festtage ein, einschlie\u00dflich Passah, Pfingsten, Trompeten, Vers\u00f6hnungstag und Tabernakel. Wir beachten die Ern\u00e4hrungsgesetze, den Zehnten und alle anderen Gesetze, die der Heilige Geist auf unsere Herzen und in unseren Gedanken schreibt. Die Erl\u00f6sung erfolgt durch Gnade, und gute Werke sind die Art und Weise, wie wir das Rennen leiten und die Krone gewinnen.<\/p>\r\n<p><strong>KIRCHE:<\/strong> Wir glauben an die eine wahre und lebendige Kirche Jesu Christi; Die Tore der H\u00f6lle k\u00f6nnen sich nicht gegen die Kirche durchsetzen. Wir glauben, dass alle Israeliten kirchlich sein und gegen\u00fcber der geistlichen Regierung der Kirche Rechenschaft ablegen sollten. Wir glauben, dass Christus Bisch\u00f6fe, \u00c4lteste und Diakone mit einem f\u00fcnffachen Dienst aus Aposteln, Propheten, Evangelisten, Pastoren und Lehrern in die Kirche aufgenommen hat.<\/p>\r\n<p><strong>ISRAEL:<\/strong> Wir glauben, dass das biblisch-genetische Israel in Jesus Christus die Kirche ist, die unter den anglo-s\u00e4chsischen, keltischen, skandinavischen, germanischen und verwandten Menschen der Welt identifiziert wurde. Wir glauben an die buchst\u00e4bliche Wiedererlangung und Wiederherstellung des Hauses Israel in dem Land, das Pater Abraham auf Dauer \u00fcbertragen wurde, und an die buchst\u00e4bliche Herrschaft und Herrschaft Jesu Christi auf dem Thron Davids in einem neuen Himmel und auf einer neuen Erde. Wir glauben an alle B\u00fcndnisse der Bibel: Diese sind sowohl bedingt als auch bedingungslos und wurden mit Israel geschlossen.<\/p>\r\n<p><strong>APOSTOLISCHE DOKTRINEN:<\/strong> Wir glauben an die christlichen und apostolischen Lehren der Kirche, wie sie aus den Aposteln und Nicene-Glaubensbekenntnissen aufgebaut sind.<\/p>\r\n<p><strong>Sakramente:<\/strong> Wir glauben an die sieben historischen Sakramente der Kirche, darunter: Heilige Taufe, Bu\u00dfe, Kommunion, Konfirmation, Ehe, Vereinigung der Kranken und Ordination der Minister.<\/p>\r\n<p><strong>ANBETUNG:<\/strong> Wir glauben an rechtm\u00e4\u00dfige Anbetung und eine Liturgie, die durch das Buch des gemeinsamen Gebets von 1549 auf das keltische Christentum zur\u00fcckgef\u00fchrt werden kann.<\/p>\r\n<p><strong>GESCHENKE DES GEISTES:<\/strong> Wir glauben an die Motivationsgeschenke: Prophet, Server, Lehrer, Ermahner, Organisator, Geber und Barmherzigkeit. Wir glauben an die Geschenke des Ministeriums und an die Manifestationsgeschenke.<\/p>\r\n<p><strong>SPIRITUELLE REIFE:<\/strong> Wir glauben, dass alle Christen in geistiger Reife wachsen und den Charakter Jesu Christi widerspiegeln sollten, indem sie in urspr\u00fcnglicher Gestaltung, Autorit\u00e4t, Verantwortung, Leiden, Besitz, moralischer Reinheit und Erfolg wachsen.<\/p>\r\n<p><strong>Moralische Reinheit:<\/strong> Wir glauben an die moralische Reinheit von K\u00f6rper, Seele und Geist und leben ein Leben der Heiligkeit und Heiligung f\u00fcr Jesus Christus.<\/p>\r\n<p><strong>BIBEL:<\/strong> Wir glauben, dass die Bibel das unfehlbare, unver\u00e4nderliche und inerrante Wort Gottes ist. Wir glauben, dass die gesamte Schrift, Genesis to Revelation, das inspirierte Wort Gottes ist und dass die autorisierte King James-\u00dcbersetzung der Bibel die beste aller in englischer Sprache verf\u00fcgbaren \u00dcbersetzungen ist.<\/p>\r\n<p><strong>CHRISTIAN DOMINION:<\/strong> The Church of the Culdees believes in Godly dominion of the earth, to the glory of Jesus Christ. We believe in Christian occupation and reconstruction of the earth under Jesus Christ. This includes increasing the size and strength of the Christian family, Home Birthing of children, Home Schooling of children, building houses, planting gardens, and gathering God\u2019s people in rural areas. We believe in the planting of churches and in the preaching, teaching, and printing of the Gospel of the Kingdom Message.<\/p>\r\n<p>&nbsp;<\/p>\r\n<p><strong>UNSER GRUNDLEGENDER HISTORISCHER KANON<\/strong><\/p>\r\n<\/div>\r\n<div class=\"n diyfeLiveArea\">\u00a0Wir stehen als Nachfolger des orthodoxen Culdee, der Kirche des ersten Jahrhunderts. Wir haben dies in beibehalten <a href=\"http:\/\/celticorthodoxy.com\/category\/apostolic-succession\/\">apostolische Nachfolge<\/a>, the Sacraments, the teachings of the church fathers, and in teaching holy living.\u00a0<\/div>\r\n<div class=\"n diyfeLiveArea\">\u00a0<\/div>\r\n<div class=\"n diyfeLiveArea\">Das erste Jahrhundert\u00a0<a href=\"http:\/\/celticorthodoxy.com\/2015\/09\/the-didache-accepted-by-tcaww-the-culdee-and-greater-fellowship-of-churches\/\">Didache<\/a>, <a href=\"https:\/\/en.wikipedia.org\/wiki\/Nicene_Creed\">Das Nicene<\/a>\u00a0und das <a href=\"http:\/\/en.wikipedia.org\/wiki\/Apostles_Creed\">Apostolische Glaubensbekenntnisse<\/a>\u00a0Bleiben Sie unser Kanon und die Grundlage unseres Glaubens. Unsere ultimative Autorit\u00e4t ist die Heilige Bibel (das inspirierte Wort Gottes).<\/div>\r\n<\/div>\r\n<\/div>\r\n<\/div>\r\n<div>\u00a0<\/div>\r\n<\/div>\r\n<p><b>marshalofsalem@yahoo.com<\/b><\/p>\r\n<p>Siehe auch:\u00a0<a href=\"http:\/\/celticorthodoxy.com\/assemblies\/ordination\/\">http:\/\/celticorthodoxy.com\/assemblies\/ordination\/<\/a><\/p>\r\n<p>&nbsp;<\/p>\r\n<p>HAFTUNGSAUSSCHLUSS:\u00a0<\/p>\r\n<h6><strong>ANTI-CHRISTIAN BIAS (Prejudicial Discrimination) IS ACTIONABLE AT LAW:<\/strong><\/h6>\r\n<h6>In den meisten Teilen der Welt ist jeder Versuch eines Agenten (oder einer Person), unsere Kirchenmitglieder unverh\u00e4ltnism\u00e4\u00dfig ungestraft herauszustellen und zu behandeln, mehr oder weniger ungestraft als der Rest der \u00d6ffentlichkeit, eine Straftat, die Diskriminierung und Vorurteile beinhaltet.<\/h6>\r\n<h6>While we do not discriminate against any specific rights of any person in the whole world, the historic church of God is being maligned, slandered and heavily discriminated against for simply having beliefs. While the Bible text may not condone some sins, we believe this shouldn&#8217;t open all Christians to unequal treatment or injuries. Therefore we are forced to legally preserve and protect our own human and fundamental <strong>Versammlungs-, Vereinigungs-, Ausschluss- und Datenschutzrechte vor den Gerichten des Landes<\/strong>. These fundamental rights have been under assault by radical stunt politicians who seek to criminally suppress, conspire, investigate, harass and do other prejudicial damages against Christians solely on the basis of their established belief system.<\/h6>\r\n<h6>(Ermittlungen k\u00f6nnen auch Straftaten sein. Die 5. \u00c4nderung der US-Verfassung garantiert, dass dieses Grundrecht bei keiner Art von Durchsuchung oder Untersuchung bel\u00e4stigt wird, ohne dass alle zu durchsuchenden Dinge, die Zeit, der Ort und die Gr\u00fcnde angegeben werden Parteien in Form eines Haftbefehls, der von einem rechtm\u00e4\u00dfigen Richter vor einem Gericht unterzeichnet wird. Zahlreiche F\u00e4lle wurden gewonnen, in denen dies nicht vorgesehen ist. Die Unterdr\u00fcckung von B\u00fcrgerrechten ist ein Verbrechen. Die Verschw\u00f6rung, dieses Verbrechen zu begehen, ist ein Verbrechen, das kann gegen jede Person in jedem Amt, in jedem Bundesstaat der Gewerkschaft strafrechtlich verfolgt werden.)<\/h6>\r\n<h6>As Christians we are to preserve these basic human rights to future generations. Therefore if any party is caught discriminating against our church members, we will file human rights and anti-Christian religious bias charges in the appropriate local jurisdictions.<\/h6>\r\n<h6>We conduct ourselves honourably and will not prosecute the perpetrators without proof how the rights were violated against our church member. \u00a0The specific action of the perpetrator should be recorded, or otherwise demonstrated by at least two witnesses. The intent should be clear they (or their co-conspirators) are seeking to unlawfully disrupt a church member&#8217;s specific rights. On discretion of the Bishop we may also give mercy to the perpetrator if his good intent can be shown. Not only malicious intent must be shown but also the example of the actions which suppressed the civil rights of the congregant. That will include any intimidation or fear of having the right of &#8220;assembly&#8221; or of any &#8220;belief&#8221;, or of any &#8220;religious appearance&#8221;, or of any &#8220;adherence to the beliefs&#8221; of the church. The charges are not taken lightly in any court of the world. Documenting the anti-Christian prejudicial actions must be complete with information on the time and place of such attack on the person&#8217;s life, liberty, property, or suppression of any of their human rights to religious free exercise. Any time such crimes to suppress Christian rights are done in conjunction of two conspiring together to suppress or attack such rights of the Christian religion, elevates the offense to the level of a felony in the USA.<\/h6>\r\n<h6>\u00a0<\/h6>\r\n<h6>We thank God that Jesus Christ has maintained the victory for His little flock, delivering His people out of the hands of their enemies that they might serve Him without fear, in holiness and righteousness before Him, all the days of their lives. We are glad and celebrate that He has provided unambiguous laws upheld in all lands of historical Christian heritage, designed to protect Christians against the crimes of Anti-Christian bias and discrimination. These are the Constitutional protections of life, liberty and happiness of every Christian citizen wherever they live.<\/h6>\r\n\r\n<p>&nbsp;<\/p>","protected":false},"excerpt":{"rendered":"<p>Rev Dr Stephen MK Brunswick adopted the following as the standard (simplified version) of our statement of beliefs when he began to lead the Communion services for three assemblies in 2001. You may wish to read more about the Short History of the Orthodox Church of the Culdees, and Our Reestablishment STATEMENT OF FAITH GODHEAD: [&hellip;]<\/p>\n","protected":false},"author":6,"featured_media":0,"parent":665,"menu_order":0,"comment_status":"open","ping_status":"closed","template":"","meta":{"seo_booster_metabox":"","footnotes":""},"class_list":["post-671","page","type-page","status-publish","hentry"],"yoast_head":"<!-- This site is optimized with the Yoast SEO plugin v27.2 - https:\/\/yoast.com\/product\/yoast-seo-wordpress\/ -->\n<title>Beliefs - Watchman News<\/title>\n<meta name=\"robots\" content=\"index, follow, max-snippet:-1, max-image-preview:large, max-video-preview:-1\" \/>\n<link rel=\"canonical\" href=\"https:\/\/watchman.news\/de\/assemblies\/statement-of-fait\/\" \/>\n<meta property=\"og:locale\" content=\"de_DE\" \/>\n<meta property=\"og:type\" content=\"article\" \/>\n<meta property=\"og:title\" content=\"Beliefs - Watchman News\" \/>\n<meta property=\"og:description\" content=\"Rev Dr Stephen MK Brunswick adopted the following as the standard (simplified version) of our statement of beliefs when he began to lead the Communion services for three assemblies in 2001. You may wish to read more about the Short History of the Orthodox Church of the Culdees, and Our Reestablishment STATEMENT OF FAITH GODHEAD: [&hellip;]\" \/>\n<meta property=\"og:url\" content=\"https:\/\/watchman.news\/de\/assemblies\/statement-of-fait\/\" \/>\n<meta property=\"og:site_name\" content=\"Watchman News\" \/>\n<meta property=\"article:modified_time\" content=\"2025-10-02T05:06:37+00:00\" \/>\n<meta name=\"twitter:card\" content=\"summary_large_image\" \/>\n<meta name=\"twitter:label1\" content=\"Gesch\u00e4tzte Lesezeit\" \/>\n\t<meta name=\"twitter:data1\" content=\"7\u00a0Minuten\" \/>\n<script type=\"application\/ld+json\" class=\"yoast-schema-graph\">{\"@context\":\"https:\/\/schema.org\",\"@graph\":[{\"@type\":\"WebPage\",\"@id\":\"https:\/\/watchman.news\/assemblies\/statement-of-fait\/\",\"url\":\"https:\/\/watchman.news\/assemblies\/statement-of-fait\/\",\"name\":\"Beliefs - Watchman News\",\"isPartOf\":{\"@id\":\"https:\/\/watchman.news\/#website\"},\"datePublished\":\"2013-02-20T13:13:08+00:00\",\"dateModified\":\"2025-10-02T05:06:37+00:00\",\"breadcrumb\":{\"@id\":\"https:\/\/watchman.news\/assemblies\/statement-of-fait\/#breadcrumb\"},\"inLanguage\":\"de\",\"potentialAction\":[{\"@type\":\"ReadAction\",\"target\":[\"https:\/\/watchman.news\/assemblies\/statement-of-fait\/\"]}]},{\"@type\":\"BreadcrumbList\",\"@id\":\"https:\/\/watchman.news\/assemblies\/statement-of-fait\/#breadcrumb\",\"itemListElement\":[{\"@type\":\"ListItem\",\"position\":1,\"name\":\"Home\",\"item\":\"https:\/\/watchman.news\/\"},{\"@type\":\"ListItem\",\"position\":2,\"name\":\"Assemblies\",\"item\":\"https:\/\/watchman.news\/assemblies\/\"},{\"@type\":\"ListItem\",\"position\":3,\"name\":\"Beliefs\"}]},{\"@type\":\"WebSite\",\"@id\":\"https:\/\/watchman.news\/#website\",\"url\":\"https:\/\/watchman.news\/\",\"name\":\"Watchman News\",\"description\":\"News of Importance for the True Christian Israel\",\"potentialAction\":[{\"@type\":\"SearchAction\",\"target\":{\"@type\":\"EntryPoint\",\"urlTemplate\":\"https:\/\/watchman.news\/?s={search_term_string}\"},\"query-input\":{\"@type\":\"PropertyValueSpecification\",\"valueRequired\":true,\"valueName\":\"search_term_string\"}}],\"inLanguage\":\"de\"}]}<\/script>\n<!-- \/ Yoast SEO plugin. -->","yoast_head_json":{"title":"Beliefs - Watchman News","robots":{"index":"index","follow":"follow","max-snippet":"max-snippet:-1","max-image-preview":"max-image-preview:large","max-video-preview":"max-video-preview:-1"},"canonical":"https:\/\/watchman.news\/de\/assemblies\/statement-of-fait\/","og_locale":"de_DE","og_type":"article","og_title":"Beliefs - Watchman News","og_description":"Rev Dr Stephen MK Brunswick adopted the following as the standard (simplified version) of our statement of beliefs when he began to lead the Communion services for three assemblies in 2001. You may wish to read more about the Short History of the Orthodox Church of the Culdees, and Our Reestablishment STATEMENT OF FAITH GODHEAD: [&hellip;]","og_url":"https:\/\/watchman.news\/de\/assemblies\/statement-of-fait\/","og_site_name":"Watchman News","article_modified_time":"2025-10-02T05:06:37+00:00","twitter_card":"summary_large_image","twitter_misc":{"Gesch\u00e4tzte Lesezeit":"7\u00a0Minuten"},"schema":{"@context":"https:\/\/schema.org","@graph":[{"@type":"WebPage","@id":"https:\/\/watchman.news\/assemblies\/statement-of-fait\/","url":"https:\/\/watchman.news\/assemblies\/statement-of-fait\/","name":"Beliefs - Watchman News","isPartOf":{"@id":"https:\/\/watchman.news\/#website"},"datePublished":"2013-02-20T13:13:08+00:00","dateModified":"2025-10-02T05:06:37+00:00","breadcrumb":{"@id":"https:\/\/watchman.news\/assemblies\/statement-of-fait\/#breadcrumb"},"inLanguage":"de","potentialAction":[{"@type":"ReadAction","target":["https:\/\/watchman.news\/assemblies\/statement-of-fait\/"]}]},{"@type":"BreadcrumbList","@id":"https:\/\/watchman.news\/assemblies\/statement-of-fait\/#breadcrumb","itemListElement":[{"@type":"ListItem","position":1,"name":"Home","item":"https:\/\/watchman.news\/"},{"@type":"ListItem","position":2,"name":"Assemblies","item":"https:\/\/watchman.news\/assemblies\/"},{"@type":"ListItem","position":3,"name":"Beliefs"}]},{"@type":"WebSite","@id":"https:\/\/watchman.news\/#website","url":"https:\/\/watchman.news\/","name":"Watchman News","description":"News of Importance for the True Christian Israel","potentialAction":[{"@type":"SearchAction","target":{"@type":"EntryPoint","urlTemplate":"https:\/\/watchman.news\/?s={search_term_string}"},"query-input":{"@type":"PropertyValueSpecification","valueRequired":true,"valueName":"search_term_string"}}],"inLanguage":"de"}]}},"_links":{"self":[{"href":"https:\/\/watchman.news\/de\/wp-json\/wp\/v2\/pages\/671","targetHints":{"allow":["GET"]}}],"collection":[{"href":"https:\/\/watchman.news\/de\/wp-json\/wp\/v2\/pages"}],"about":[{"href":"https:\/\/watchman.news\/de\/wp-json\/wp\/v2\/types\/page"}],"author":[{"embeddable":true,"href":"https:\/\/watchman.news\/de\/wp-json\/wp\/v2\/users\/6"}],"replies":[{"embeddable":true,"href":"https:\/\/watchman.news\/de\/wp-json\/wp\/v2\/comments?post=671"}],"version-history":[{"count":0,"href":"https:\/\/watchman.news\/de\/wp-json\/wp\/v2\/pages\/671\/revisions"}],"up":[{"embeddable":true,"href":"https:\/\/watchman.news\/de\/wp-json\/wp\/v2\/pages\/665"}],"wp:attachment":[{"href":"https:\/\/watchman.news\/de\/wp-json\/wp\/v2\/media?parent=671"}],"curies":[{"name":"wp","href":"https:\/\/api.w.org\/{rel}","templated":true}]}}