{"id":675,"date":"2013-02-20T13:15:28","date_gmt":"2013-02-20T13:15:28","guid":{"rendered":"http:\/\/christsassembly.com\/?page_id=675"},"modified":"2022-04-19T19:36:04","modified_gmt":"2022-04-19T19:36:04","slug":"ordination","status":"publish","type":"page","link":"https:\/\/watchman.news\/de\/assemblies\/ordination\/","title":{"rendered":"Ordination and Orthodox Re-integration"},"content":{"rendered":"<p>The O.C.C. is an authority with ecclesiastical responsibilities and obligations to re-correct rightly and canonically all debatable ordinations of the wider Orthodox Celtic Church(Culdees) descended congregations. After doing some research on our site you will find many of the first Century Apostles (and their direct assistants) officially were Culdees. Any church tracing back to the Celts and keeping an Orthodox liturgy (like the Book of Common Prayer) may be a candidate. We must return to the purity, re-establish, re-integrate and align to the Orthodox faith of our fathers.<\/p>\n<p>A confederation of larger Orthodox bodies recognize, accept and defend our acts. The Primace of the Orthodox Church of the Culdees (Stephen MK Brunswick) represents (by Synodal decision) in office in defense(diplomatic) assistance of Christians in cases where they have been victims of damaging and intolerant acts of prejudicial discrimination against their freedom of beliefs, which may even be committed by renegade agents of government and society. He may circle the affairs of any branch, whether political, religious, or social organizations towards their suspected incompetence, and issue specific instructions towards the broader reintegration.<\/p>\n<p>Bishops, Priests and other Clergy may inquire to join our growing communion as Apostolic Successors of the ancient Orthodox Church of the Culdees. We are the literal canonical Orthodox Celtic church with succession lines from the Apostles&#8217; First Century ministries in Great Britain. We assist you in delivering the daily, weekly and monthly and annual Divine services. We must restore God&#8217;s pure Sacraments to our local communities.<\/p>\n<p>We also hold succession lines from Russian True Orthodox (Catacomb Church) Bishops, who survived the major Bolshevik persecutions and kept themselves pure from the new state church.<\/p>\n<p><a><b>PRIESTERLICHE ORDINATIONEN, RE-INTEGRATIONEN, KANONISCHE ENTSCHEIDUNGEN AUS DEN HEILIGEN SYNODEN, INKARDINATIONEN UND KONSECRATIONEN<\/b><\/a><\/p>\n<p>Es gibt zahlreiche kirchliche L\u00f6sungen f\u00fcr die Probleme der Zeit, in der wir leben. Viele sind sich einig, dass es mehrere Gerichtsbarkeiten von Kirchen gibt, die den Glauben verlassen und geleugnet haben, vom Weg des Lebens auf den Weg der Zerst\u00f6rung gefallen sind. Sie wissen nicht, was sie tun sollen oder wohin sie sich wenden sollen. Sie wissen jedoch, dass sehr neue Gottesl\u00e4sterungen gerade von ihrer geliebten Kirche gebilligt wurden. Wie es in der Prophezeiung hei\u00dft, dass die Kirche in der Endzeit ein \u201egro\u00dfes Abfallen\u201c oder eine APOSTACY haben w\u00fcrde.<\/p>\n<p>Our English Orthodox liturgy (and others) require a full confession of any sin and requires our communicants to do the works necessary to show a full conversion has occurred and is maintained. Some may still give lip service in following a perfect liturgy, however they must remember that includes the confession and a full turning away from all sin. In many communities it can be a challenge to have enough Pastors or Biblical counsellors to admonish their flocks. God gives us a safeguard in requiring a full conversion. We praise the congregations who have held onto the liturgy. However if their ministry is represented by a centralized apostate who recently has made new covenants that throw away the very foundations of our faith, then the whole is doomed. Our communion offers a solution to come together in re-establishing the original faith once delivered to the Saints.<\/p>\n<p>However if they then turn to &#8220;bless&#8221; any abominations, sins or wickedness, or even promote &#8220;pride&#8221; in various sins then they for sure have left the faith. Some even go as far as to promote &#8220;pride parades&#8221; who dance around naked, promoting an atheist philosophy and even doing pornographic acts in the parades that include children! Some have even taught a new form of families that have never been part of any Orthodox church.<\/p>\n<p>Dennoch wird jede Konfession auf der Welt zustimmen, dass wir die heilige Gemeinschaft nicht an jemanden verteilen k\u00f6nnen, der in vors\u00e4tzlicher S\u00fcnde lebt, ohne vollst\u00e4ndig umzukehren und auf alle S\u00fcnden zu verzichten. Diejenigen, die jetzt begonnen haben, sich von diesem festen Weg unseres Glaubens abzuwenden, haben alle sowohl die Liturgie als auch den Glauben geleugnet.<\/p>\n<p>Unser Dienst ist eine L\u00f6sung, mit der sich die Minister wieder in den orthodoxen Glauben unserer Vorfahren integrieren k\u00f6nnen.<\/p>\n<p>Wir setzen die englische Liturgie fort, die seit dem ersten Jahrhundert \u00fcberliefert ist. Diese Liturgie wurde sowohl von Protestanten als auch von Katholiken einheitlich angewendet. Selbst in den nonkonformistischsten amerikanischen Konfessionen &quot;Kongregationalisten&quot; wurde in den ersten Jahrhunderten in Amerika die orthodoxe konforme englische Liturgie &quot;Book of Common Prayer&quot; verwendet.<\/p>\n<p>Wenn Sie bereit sind, mit der Wiedereingliederung, Ordination, Inkardination oder Weihe zu beginnen, <b>Senden Sie einfach Ihren Lebenslauf per E-Mail an <a href=\"mailto:marshalofsalem@yahoo.com\">marshalofsalem@yahoo.com<\/a> .<\/b><\/p>\n<p>Die Kirche ist Zeuge \u201eder GROSSEN Greuel, die trostlos machen\u201c. Unser K\u00f6nig sagte uns, wenn wir sehen, dass diese Dinge an den heiligen Orten geschehen, dass wir \u201ein die Berge fliehen\u201c oder tats\u00e4chlich \u201eaus der Gerichtsbarkeit fliehen\u201c m\u00fcssen. In eine andere Kirche inkardinieren oder wieder in die orthodoxe Kirche unserer Vorfahren integrieren.<\/p>\n<p>Mehrere dieser \u201egro\u00dfen Abfallen\u201c -Abtraten haben versucht, ihre Unorthodoxie zu legitimieren, indem sie eine Registrierung f\u00fcr eine staatliche s\u00e4kulare Organisation erhalten haben. W\u00e4hrend es den Kirchen freisteht, solche Formen zu verwenden, ist es niemals das, was eine Kirche g\u00fcltig macht. Die meisten L\u00e4nder der Welt sind sich einig, dass es f\u00fcr jede Kirche optional ist, in ihren L\u00e4ndern zu arbeiten. Es ist nicht das, was eine Kirche ausmacht, es ist nur ein Werkzeug. Kirche ist Anbetung, Lob und Fortschritt seiner Religion, schlicht und einfach.<\/p>\n<p>Diejenigen, die denken, dass Gott nicht zuerst in einer Kirche kommen muss, aber die lokale Regierung sollte zuerst \u201eErlaubnis\u201c geben, was m\u00f6glicherweise gegen das erste Gebot verst\u00f6\u00dft, \u201ekeine anderen Herrscher vor mir zu haben\u201c. Innerhalb dieser Arten von Konfessionen von Regierungen und s\u00e4kularen Kirchen, die mit der \u201eNeudefinition der Familie\u201c zusammenarbeiten und sogar S\u00fcnden segnen, die in keiner Kirche vorstellbar gewesen w\u00e4ren, sind viele Spaltungen aufgetreten. Wenn dies ihre Betriebsgrundlage ist, nur eine lokale \u201egemeinn\u00fctzige\u201c Registrierung, k\u00f6nnen sie jedes Mal, wenn sie von ihrer urspr\u00fcnglichen Charta abweichen, ihren gemeinn\u00fctzigen Status verlieren.<\/p>\n<p>Die Orthodoxe Kirche der Culdees (OCC) arbeitet als gemeinn\u00fctzige Organisation und ist f\u00fcr folgende Zwecke gesetzlich registriert:<\/p>\n<p>+ Weiterentwicklung der orthodoxen (christlichen) kuldischen Religion, die auf dem hebr\u00e4ischen Glauben und der Identit\u00e4t beruht, die die Apostel im ersten Jahrhundert nach Glastonbury gebracht haben.<\/p>\n<p>+ Wiederherstellung und Erhaltung der Bibliotheken zum britischen Israelismus.<\/p>\n<p>+ Gleichstellungsvertretung zum Schutz verfolgter Minderheiten kuld\u00e4ischer Herkunft gegen jegliche nachteilige Diskriminierung ihrer ethnischen oder orthodoxen kulturellen religi\u00f6sen Praktiken.<\/p>\n<p>+ Politisches Eintreten f\u00fcr die Wiederherstellung der Befugnis der Glastonbury Culdees, in den k\u00f6niglich vorgeschriebenen Angelegenheiten zu urteilen, die \u00fcber das Geistige hinausgehen, in den Bereich der Zivil-, Straf- und internationalen Rechtsprechung.<\/p>\n<p>+ Internationale Vereinigungen f\u00fcr einen friedlichen interkulturellen und interreligi\u00f6sen Dialog.<\/p>\n<p>Priesterweihen sind Angelegenheiten von gro\u00dfem Ausma\u00df. Einer, der das Heilige Wort Gottes verk\u00fcndet, \u00fcbt das h\u00f6chste Amt dieser Welt aus. M\u00e4nner, die f\u00fcr das Bewerbungsverfahren ausgew\u00e4hlt werden sollen, haben einen guten ethischen und moralischen Charakter. Es wird bekannt sein, dass ein solcher, der berechtigt ist, seinen Glauben an die heiligen Schriften als das Wort Gottes und die unfehlbare Regel (2Tim 3:16, Eph 2:20) des Glaubens und der Praxis nachdr\u00fccklich bekennt; unser Glaubensbekenntnis als das in den heiligen Schriften gelehrte Lehrsystem zu erhalten; die Form der Kirchenregierung zu billigen und seinen Br\u00fcdern Unterwerfung zu versprechen, die eifrig und treu die Wahrheiten des Evangeliums und den Frieden und die Reinheit der Kirche inmitten jeglicher Opposition und Verfolgung bewahren, und zu sagen, ob \u201eer es war veranlasst, soweit er sein eigenes Herz kennt, das Amt des heiligen Dienstes von der Liebe zu Gott und den aufrichtigen Wunsch zu sehen, seine Herrlichkeit im Evangelium seines Sohnes zu f\u00f6rdern \u201c(1Kor 2: 2, 2 Kor 4: 5). Nur M\u00e4nner von solcher Standhaftigkeit d\u00fcrfen sich bewerben. Nach der Annahme und Anwendung unserer Liturgie, und dass er genehmigte und erforderliche Studieng\u00e4nge absolviert hat und dass ihm ein Bischof zun\u00e4chst eine Probezeitlizenz erteilt hat, um das Evangelium zu predigen, so dass nach einer kompetenten Pr\u00fcfung seiner Talente und dem Erhalt des Guten Bericht, kann er zu gegebener Zeit zum Pastoralamt ordiniert werden. (2Tim 3: 7,9 &amp; 3 John 12). Die Schrift verlangt, dass diejenigen, die zum Dienst des Evangeliums ordiniert werden sollen, vor Gericht gestellt werden, damit dieses heilige Amt nicht durch die Verpflichtung gegen\u00fcber schwachen oder unw\u00fcrdigen M\u00e4nnern herabgesetzt wird (1 Tim 3: 6 und 2) Tim 2: 2).<\/p>\n<p><span style=\"color: #000080\">Senden Sie Ihren Lebenslauf an <a href=\"mailto:marshalofsalem@yahoo.com\">marshalofsalem@yahoo.com<\/a> <strong>um den Prozess zu bekommen<\/strong><b>s hat begonnen.<\/b><\/span><\/p>\n<p>Es gibt Anforderungen an die w\u00f6chentlichen Sabbate und die j\u00e4hrlichen Versammlungen. Wir unterst\u00fctzen Sie beim Start Ihrer Freitag-Agape-Feste, die dazu beitragen, dass Menschen in Ihrer Di\u00f6zese aktiv werden. Es ist \u00fcblich, den biblischen \u201ezweiten Zehnten\u201c aufzubewahren, den Sie j\u00e4hrlich f\u00fcr Ihre Reise zu den Pilgerfesten ausgeben. Alle diese Veranstaltungen k\u00f6nnen von der Heiligen Synode des OCC unterst\u00fctzt werden.<\/p>\n<p><b>HEILIGE ORDEN DER VERSAMMLUNG CHRISTI<\/b><\/p>\n<p>Diejenigen, die getauft, konfirmiert und zu den Orden des OCC berufen werden, k\u00f6nnen zuerst in das B\u00fcro der Diakone, dann der Priester, Bisch\u00f6fe, Erzbisch\u00f6fe und evangelistischen Pr\u00e4laten eingesetzt werden. Wir haben einen Primat (Erzbischof), der die anderen Bisch\u00f6fe der OCC Holy Synod beaufsichtigt. F\u00fcr jede \u00f6rtliche Gerichtsbarkeit gibt es normalerweise nicht mehr als einen Bischof einer \u00f6rtlichen Stadt, und in einigen Phasen des geforderten Wachstums gibt es in zahlreichen Versammlungen einen Platz f\u00fcr Erzbisch\u00f6fe.<\/p>\n<p>Wir geben die g\u00fcltigen Zeilen von an unsere Mitglieder weiter <a href=\"http:\/\/celticorthodoxy.com\/category\/apostolic-succession\/\">Apostolische Nachfolge<\/a> von orthodoxen Culdee-Bisch\u00f6fen.<\/p>\n<p>Sie k\u00f6nnen uns f\u00fcr weitere Informationen schreiben. Andernfalls finden Sie die Kategorie m\u00f6glicherweise online unter <a href=\"http:\/\/celticorthodoxy.com\/category\/assemblies\/ordination\/\">Ordination<\/a> von unserer Website.<\/p>","protected":false},"excerpt":{"rendered":"<p>The O.C.C. is an authority with ecclesiastical responsibilities and obligations to re-correct rightly and canonically all debatable ordinations of the wider Orthodox Celtic Church(Culdees) descended congregations. After doing some research on our site you will find many of the first Century Apostles (and their direct assistants) officially were Culdees. Any church tracing back to the [&hellip;]<\/p>\n","protected":false},"author":1,"featured_media":0,"parent":665,"menu_order":0,"comment_status":"open","ping_status":"closed","template":"","meta":{"seo_booster_metabox":"","footnotes":""},"class_list":["post-675","page","type-page","status-publish","hentry"],"yoast_head":"<!-- This site is optimized with the Yoast SEO plugin v27.2 - https:\/\/yoast.com\/product\/yoast-seo-wordpress\/ -->\n<title>Ordination and Orthodox Re-integration - Watchman News<\/title>\n<meta name=\"robots\" content=\"index, follow, max-snippet:-1, max-image-preview:large, max-video-preview:-1\" \/>\n<link rel=\"canonical\" href=\"https:\/\/watchman.news\/de\/assemblies\/ordination\/\" \/>\n<meta property=\"og:locale\" content=\"de_DE\" \/>\n<meta property=\"og:type\" content=\"article\" \/>\n<meta property=\"og:title\" content=\"Ordination and Orthodox Re-integration - Watchman News\" \/>\n<meta property=\"og:description\" content=\"The O.C.C. is an authority with ecclesiastical responsibilities and obligations to re-correct rightly and canonically all debatable ordinations of the wider Orthodox Celtic Church(Culdees) descended congregations. After doing some research on our site you will find many of the first Century Apostles (and their direct assistants) officially were Culdees. Any church tracing back to the [&hellip;]\" \/>\n<meta property=\"og:url\" content=\"https:\/\/watchman.news\/de\/assemblies\/ordination\/\" \/>\n<meta property=\"og:site_name\" content=\"Watchman News\" \/>\n<meta property=\"article:modified_time\" content=\"2022-04-19T19:36:04+00:00\" \/>\n<meta name=\"twitter:card\" content=\"summary_large_image\" \/>\n<meta name=\"twitter:label1\" content=\"Gesch\u00e4tzte Lesezeit\" \/>\n\t<meta name=\"twitter:data1\" content=\"8\u00a0Minuten\" \/>\n<script type=\"application\/ld+json\" class=\"yoast-schema-graph\">{\"@context\":\"https:\/\/schema.org\",\"@graph\":[{\"@type\":\"WebPage\",\"@id\":\"https:\/\/watchman.news\/assemblies\/ordination\/\",\"url\":\"https:\/\/watchman.news\/assemblies\/ordination\/\",\"name\":\"Ordination and Orthodox Re-integration - Watchman News\",\"isPartOf\":{\"@id\":\"https:\/\/watchman.news\/#website\"},\"datePublished\":\"2013-02-20T13:15:28+00:00\",\"dateModified\":\"2022-04-19T19:36:04+00:00\",\"breadcrumb\":{\"@id\":\"https:\/\/watchman.news\/assemblies\/ordination\/#breadcrumb\"},\"inLanguage\":\"de\",\"potentialAction\":[{\"@type\":\"ReadAction\",\"target\":[\"https:\/\/watchman.news\/assemblies\/ordination\/\"]}]},{\"@type\":\"BreadcrumbList\",\"@id\":\"https:\/\/watchman.news\/assemblies\/ordination\/#breadcrumb\",\"itemListElement\":[{\"@type\":\"ListItem\",\"position\":1,\"name\":\"Home\",\"item\":\"https:\/\/watchman.news\/\"},{\"@type\":\"ListItem\",\"position\":2,\"name\":\"Assemblies\",\"item\":\"https:\/\/watchman.news\/assemblies\/\"},{\"@type\":\"ListItem\",\"position\":3,\"name\":\"Ordination and Orthodox Re-integration\"}]},{\"@type\":\"WebSite\",\"@id\":\"https:\/\/watchman.news\/#website\",\"url\":\"https:\/\/watchman.news\/\",\"name\":\"Watchman News\",\"description\":\"News of Importance for the True Christian Israel\",\"potentialAction\":[{\"@type\":\"SearchAction\",\"target\":{\"@type\":\"EntryPoint\",\"urlTemplate\":\"https:\/\/watchman.news\/?s={search_term_string}\"},\"query-input\":{\"@type\":\"PropertyValueSpecification\",\"valueRequired\":true,\"valueName\":\"search_term_string\"}}],\"inLanguage\":\"de\"}]}<\/script>\n<!-- \/ Yoast SEO plugin. -->","yoast_head_json":{"title":"Ordination and Orthodox Re-integration - Watchman News","robots":{"index":"index","follow":"follow","max-snippet":"max-snippet:-1","max-image-preview":"max-image-preview:large","max-video-preview":"max-video-preview:-1"},"canonical":"https:\/\/watchman.news\/de\/assemblies\/ordination\/","og_locale":"de_DE","og_type":"article","og_title":"Ordination and Orthodox Re-integration - Watchman News","og_description":"The O.C.C. is an authority with ecclesiastical responsibilities and obligations to re-correct rightly and canonically all debatable ordinations of the wider Orthodox Celtic Church(Culdees) descended congregations. After doing some research on our site you will find many of the first Century Apostles (and their direct assistants) officially were Culdees. Any church tracing back to the [&hellip;]","og_url":"https:\/\/watchman.news\/de\/assemblies\/ordination\/","og_site_name":"Watchman News","article_modified_time":"2022-04-19T19:36:04+00:00","twitter_card":"summary_large_image","twitter_misc":{"Gesch\u00e4tzte Lesezeit":"8\u00a0Minuten"},"schema":{"@context":"https:\/\/schema.org","@graph":[{"@type":"WebPage","@id":"https:\/\/watchman.news\/assemblies\/ordination\/","url":"https:\/\/watchman.news\/assemblies\/ordination\/","name":"Ordination and Orthodox Re-integration - Watchman News","isPartOf":{"@id":"https:\/\/watchman.news\/#website"},"datePublished":"2013-02-20T13:15:28+00:00","dateModified":"2022-04-19T19:36:04+00:00","breadcrumb":{"@id":"https:\/\/watchman.news\/assemblies\/ordination\/#breadcrumb"},"inLanguage":"de","potentialAction":[{"@type":"ReadAction","target":["https:\/\/watchman.news\/assemblies\/ordination\/"]}]},{"@type":"BreadcrumbList","@id":"https:\/\/watchman.news\/assemblies\/ordination\/#breadcrumb","itemListElement":[{"@type":"ListItem","position":1,"name":"Home","item":"https:\/\/watchman.news\/"},{"@type":"ListItem","position":2,"name":"Assemblies","item":"https:\/\/watchman.news\/assemblies\/"},{"@type":"ListItem","position":3,"name":"Ordination and Orthodox Re-integration"}]},{"@type":"WebSite","@id":"https:\/\/watchman.news\/#website","url":"https:\/\/watchman.news\/","name":"Watchman News","description":"News of Importance for the True Christian Israel","potentialAction":[{"@type":"SearchAction","target":{"@type":"EntryPoint","urlTemplate":"https:\/\/watchman.news\/?s={search_term_string}"},"query-input":{"@type":"PropertyValueSpecification","valueRequired":true,"valueName":"search_term_string"}}],"inLanguage":"de"}]}},"_links":{"self":[{"href":"https:\/\/watchman.news\/de\/wp-json\/wp\/v2\/pages\/675","targetHints":{"allow":["GET"]}}],"collection":[{"href":"https:\/\/watchman.news\/de\/wp-json\/wp\/v2\/pages"}],"about":[{"href":"https:\/\/watchman.news\/de\/wp-json\/wp\/v2\/types\/page"}],"author":[{"embeddable":true,"href":"https:\/\/watchman.news\/de\/wp-json\/wp\/v2\/users\/1"}],"replies":[{"embeddable":true,"href":"https:\/\/watchman.news\/de\/wp-json\/wp\/v2\/comments?post=675"}],"version-history":[{"count":0,"href":"https:\/\/watchman.news\/de\/wp-json\/wp\/v2\/pages\/675\/revisions"}],"up":[{"embeddable":true,"href":"https:\/\/watchman.news\/de\/wp-json\/wp\/v2\/pages\/665"}],"wp:attachment":[{"href":"https:\/\/watchman.news\/de\/wp-json\/wp\/v2\/media?parent=675"}],"curies":[{"name":"wp","href":"https:\/\/api.w.org\/{rel}","templated":true}]}}