{"id":682,"date":"2013-02-20T21:53:45","date_gmt":"2013-02-20T21:53:45","guid":{"rendered":"http:\/\/christsassembly.com\/?page_id=682"},"modified":"2022-04-19T10:17:44","modified_gmt":"2022-04-19T10:17:44","slug":"gods-law-is-scientific","status":"publish","type":"page","link":"https:\/\/watchman.news\/de\/evangelism\/gods-scientific-law\/gods-law-is-scientific\/","title":{"rendered":"Gottes Gesetz ist wissenschaftlich"},"content":{"rendered":"<p>&nbsp;<\/p>\n<p><strong>GROSSE KONFERENZEN F\u00dcR DIE ALLGEMEINE \u00d6FFENTLICHKEIT SIND IN IHREM LOKALEN GEBIET ZU HALTEN<\/strong><\/p>\n<div><\/div>\n<div>THEMA \u201eGottes Gesetz ist wissenschaftlich\u201c und warum wir Jesus brauchen (<a title=\"blockiert :: http: \/\/t.ymlp24.net\/mewadajshaxaebeeaxahsem\/click.php\" href=\"http:\/\/t.ymlp24.net\/mewadajshaxaebeeaxahsem\/click.php\" target=\"_blank\" rel=\"nofollow noopener\">h\u00f6re intro mp3<\/a>)<\/div>\n<div><\/div>\n<div><\/div>\n<div><i><b>In allen Regionen der nachchristlichen Welt sind Konferenzen geplant, um den \u00dcberrest auf die nationalen Strafen f\u00fcr den Massenaufstand ihrer Nation gegen unseren ewigen Gott und Souver\u00e4n (YAHWEH) Jesus den Christus vorzubereiten. Auf den Konferenzen lehren wir viele Aspekte des Gesetzes Gottes als wissenschaftlich und wie die Verletzung mehrerer dieser Aspekte bereits weltweit zu Plagen und gro\u00dfen Leiden f\u00fchrt. Sein Gesetz \/ Wort, das ein Licht auf unserem Weg ist, wird es uns erm\u00f6glichen, uns darauf vorzubereiten, den gro\u00dfen Strafen zu entkommen, die bald auf unsere nachchristlichen Nationen niederprasseln werden, wie das Wort Gottes versprochen hat, auf der ganzen Welt besucht zu werden. Vor allem soll dies ein Aufruf sein, Jesus zu empfangen, der uns das anf\u00e4ngliche Recht gibt, nicht nur den Plagen zu entkommen, sondern als seine siegreiche Versammlung zu siegen und zu siegen, die vor dem Ende ein \u201eZeuge des K\u00f6nigreichs\u201c sein wird \u201d. (Matth\u00e4us 24:14)<\/b><\/i><\/div>\n<p>Es ist eine Grundvoraussetzung, dass wir alle zur Umkehr warnen. Die meisten Menschen wissen jedoch nicht, wie sehr uns Gottes Gesetz hilft, jetzt auf der Erde zu \u00fcberleben. Zum Beispiel ist Schweinefleisch 30 Mal giftiger, parasit\u00e4rer und saurer als jedes andere Fleisch!<\/p>\n<p>Die Notwendigkeit, die wissenschaftlichen Fakten zu demonstrieren, sollte ein Teil der Warnung der B\u00f6sen sein. Abdeckung der physischen, emotionalen und anderen Auswirkungen fast jeder S\u00fcnde.<\/p>\n<p>Jeder, der zu Jesus kommt und sich bekehrt, spricht das Gebet der S\u00fcnder, bereut und wendet sich von aller S\u00fcnde ab. Jedoch gehen viele Menschen nach diesem Punkt schlafen und vergessen ihr Eidgebet, das Teil ihrer neuen Geburt und ihres Lebens in Christus war. Sie bleiben f\u00fcr den Rest ihres Lebens ein Baby oder ein schlafender Christ und bleiben vom Satan erobert. Diese erm\u00e4chtigenden Wahrheiten werden es Ihnen jedoch erm\u00f6glichen, in Seinem Wort fortzufahren und sich an Seinen Gesetzen zu erfreuen, wie es David getan hat. Es gibt keine Freude an der S\u00fcnde, und in 1. Johannes 3: 4 hei\u00dft es <strong>&quot;S\u00fcnde ist die \u00dcbertretung des Gesetzes.&quot;<\/strong><\/p>\n<p>Wir alle wissen, dass gute Werke unser geistliches Heil nicht verdienen. Gute Werke kommen erst sp\u00e4ter, um zu beweisen, dass wir gerettet sind. Zweimal in der Apostelgeschichte warnte Paulus die neu bekehrten Heiden, die levitischen Blutgesetze einzuhalten und sauberes Fleisch zu essen, anstatt \u201edie Dinge zu erw\u00fcrgen\u201c. Er sagte, mach das und du wirst \u00fcberleben. Dennoch wies er darauf hin, dass sie an jedem Sabbat die Ruhe des Gesetzes lernen sollten, da Moses in den Synagogen in jeder Stadt gepredigt wird.<\/p>\n<p>Diese levitischen Gesetze in Bezug auf Ern\u00e4hrung und Blut werden von Paulus ausdr\u00fccklich angegeben, damit die Heiden sie einhalten k\u00f6nnen. Er wiederholt diese \u201eNotwendigkeiten f\u00fcr das physische \u00dcberleben\u201c in Apostelgeschichte 15:20, Apostelgeschichte 15:29 und Apostelgeschichte 21:25 mit feinem Detail!<\/p>\n<div>\n<p>Klicken Sie hier f\u00fcr die Intro-Nachricht zu diesem Thema <i><b>&quot;Gottes Gesetz ist wissenschaftlich&quot;<\/b><\/i>: <b><a title=\"blockiert :: http: \/\/t.ymlp24.net\/mewadajshaxaebeeaxahsem\/click.php\" href=\"http:\/\/t.ymlp24.net\/mewadajshaxaebeeaxahsem\/click.php\" target=\"_blank\" rel=\"nofollow noopener\">http:\/\/recordings.talkshoe.com\/TC-73940\/TS-451997.mp3<\/a><\/b><\/p>\n<\/div>\n<div><\/div>\n<div><i><b>Da unsere Nationen in gr\u00f6\u00dferer Zahl als jemals zuvor von Jesus Christus als unserem Retter abgelehnt und rebelliert wurden, beweisen wir aus der Schrift, dass sie unter den Fl\u00fcchen des Gesetzes Mose zur\u00fcckgekehrt sind und nichts haben, um sie zu sch\u00fctzen. Durch die Ablehnung Jesu stehen ganze Gebiete unter satanischer Herrschaft. Satan hat jetzt alle Rechte, sie anzugreifen und unser Volk mehr denn je traurig sterben zu lassen. Jetzt k\u00f6nnen wir nur erwarten, dass die Plagen und Bestrafungen in einem unerh\u00f6rten Ausma\u00df auftreten, und wir sind nur betroffen, weil wir in ihrer N\u00e4he leben.<\/b><\/i><\/div>\n<div><\/div>\n<div><b>In Lukas 19:40 sagte Jesus, wenn wir ihn nicht preisen, werden die Felsen schreien! Zu Zeiten Moses wurden Teile der D\u00f6rfer, die rebellierten, vollst\u00e4ndig von der Erde verschluckt. Dies ist, was ganze Gebiete durch ihre Ablehnung des Sohnes Gottes, Jesus des Christus, untergegangen sind.<\/b><\/div>\n<div><\/div>\n<div>Kontaktieren Sie mich, wenn Sie dem Wort Gottes gehorchen wollen <a title=\"blockiert :: http: \/\/t.ymlp24.net\/meqaiajshaiaebeeazahsem\/click.php\" href=\"http:\/\/t.ymlp24.net\/meqaiajshaiaebeeazahsem\/click.php\" target=\"_blank\" rel=\"nofollow noopener\">warne die B\u00f6sen, wie es ein W\u00e4chter tun soll<\/a>. Kontaktieren Sie mich, wenn Sie dies in Ihrer Region oder in den von uns geplanten strategischen Bereichen in Gang bringen m\u00f6chten. Sein Wort ist g\u00f6ttlich und er wird es tun, wie er es immer getan hat, und es kann niemals leer zur\u00fcckkehren. Das Blut wird an Ihren H\u00e4nden sein, wenn Sie Ihre Umgebung nicht warnen, spricht das Wort von YAHWEH. Wir d\u00fcrfen nicht scheitern, sondern machen jeden Versuch, dies zu tun. Wir haben jetzt eine Plattform und ein Programm f\u00fcr Sie verf\u00fcgbar, damit Sie dies diskret starten k\u00f6nnen, in den gef\u00e4hrlichen Zeiten, in denen wir leben, weise wie Schlangen und sanft wie Tauben sind. Dies erfordert nur minimale Opfer und Opfergaben, viel weniger als der erforderliche Zehnte 10% . Wir alle m\u00fcssen jedoch etwas anbieten, da seine Gemeinde nicht nur eine oder wenige Personen ist, sondern wir alle als lebendige Steine seines Tempels.<\/div>\n<div><\/div>\n<div>Wir rekrutieren auch aktiv Redner f\u00fcr diese Konferenzen. Wir werben f\u00fcr alle, die zum Thema \u201e<b>Gottes Gesetz ist wissenschaftlich<\/b>Und warum unsere Nationen Jesus brauchen. Jede Konferenz soll an Orten stattfinden, an denen mehr als 1.000 Personen teilnehmen, die von diesen wissenschaftlichen Beweisen des Gesetzes Gottes h\u00f6ren m\u00f6chten und wissen m\u00f6chten, warum wir Jesus f\u00f6rdern m\u00fcssen, um gemeinsam wieder unser souver\u00e4ner Herr zu sein.<\/div>\n<div><\/div>\n<div>Seine ewigen Gebote als ewiger Gott d\u00fcrfen niemals missachtet werden, und jede \u00dcbertretung des gesamten Gesetzes von YAHWEH Yahshua (Jesus) wird als S\u00fcnde definiert, siehe 1Johannes 3: 4 f\u00fcr die Definition der S\u00fcnde. Wir m\u00fcssen die Umkehr der S\u00fcnde f\u00f6rdern und weniger B\u00fcndnisse der Zerst\u00f6rung \u00fcber uns kommen lassen.<\/div>\n<div><\/div>\n<div>Deuteronomium 30:16<\/div>\n<div>&#8220;<i><b>\u2026behalten<\/b><\/i> <i><b>seine Gebote und seine Statuten und seine Urteile,<\/b><\/i> <i><b>damit du lebst und dich vermehrst; und der HERR, dein Gott, wird dich segnen in dem Land, wohin du gehst, um es zu besitzen<\/b><\/i>.&#8221;<\/div>\n<div><\/div>\n<div id=\"yui_3_7_2_1_1361343892382_639\">F\u00fcr weitere Informationen zur Teilnahme oder wenn Sie auf einer dieser Konferenzen sprechen m\u00f6chten, schreiben Sie an minister@christsassembly.com, um weitere Informationen zu erhalten. Wenn in Ihrer Region keine Konferenz geplant ist, k\u00f6nnen wir eine Konferenz in dieser Gr\u00f6\u00dfenordnung f\u00fcr eine Mindestspende von $2.000,00 f\u00fcr die erste Konferenz und $1.000,00 pro weitere Konferenz starten. Es gibt andere kreative M\u00f6glichkeiten, diese zu f\u00f6rdern, die eigentlich nichts kosten, wenn Sie ein Rentner sind und sich nicht um die Werbung k\u00fcmmern, die Sie normalerweise kostet, um Ihren Job zu verlieren. Wir sind alle Teil seines kirchlichen K\u00f6rpers und wir m\u00fcssen alle gleicherma\u00dfen spenden, um dies zu erreichen. Alle Spender gelten als Co-Minister und k\u00f6nnen einen Prozentsatz der Spenden bei den Veranstaltungen erhalten, wenn Sie sich uns anschlie\u00dfen <i><b>&quot;Zuerst sein Reich und seine Gerechtigkeit suchen&quot;<\/b><\/i>beten <i><b>&quot;Dass sein K\u00f6nigreich kommt und sein Wille auf Erden ausgef\u00fchrt wird, wie es im Himmel so ausgef\u00fchrt wird&quot;<\/b><\/i>. Wir werden Botschafter und mehr als Eroberer durch Ihn genannt, der uns geliebt hat, und wir haben viele Siegesversprechen, bevor das Ende kommt.<\/div>\n<div><\/div>\n<div>Lokale Zeitungsanzeigen f\u00fcr jede Veranstaltung haben eine Vorlaufzeit von zwei Wochen f\u00fcr Ihre Region. Andere Werbematerialien sind zu geringen Kosten erh\u00e4ltlich. Zum Beispiel kosten Flyer f\u00fcr jede Veranstaltung ungef\u00e4hr $50.00 pro 2.000. Der Vertrieb muss fr\u00fchzeitig geplant und durchgef\u00fchrt werden.<\/div>\n<div><\/div>\n<div>F\u00fcllen wir die Hallen Ihrer Kirche oder Ihres Gemeindezentrums!<\/div>\n<div><\/div>\n<p>Die Versammlung Christi in Ihrer N\u00e4he schreitet voran, bis wir durch das Waschen des Wassers seines Wortes zu dieser Kirche werden<i><b>(RULERSHIP ASSEMBLY auf Griechisch)<\/b><\/i> das ist ohne Flecken oder Falten. (Epheser 5: 26-27).<\/p>\n<p>Rufen Sie uns an oder schreiben Sie uns, um einen Termin oder ein Gespr\u00e4ch zu vereinbaren. Ich werde froh sein, Schulter an Schulter mit Ihnen zu stehen und dabei zu helfen, S\u00fcnder zur Umkehr zu bringen, und in der rettenden Erkenntnis unseres K\u00f6nigs Jesus, des Christus!<\/p>\n<p>Reverend Stephen Michael K.<\/p>","protected":false},"excerpt":{"rendered":"<p>&nbsp; LARGE CONFERENCES FOR THE GENERAL PUBLIC ARE TO BE HELD IN YOUR LOCAL AREA TOPIC &#8220;God&#8217;s Law is Scientific&#8221; and Why We Need Jesus (hear intro mp3) Conferences in every region of the Post-Christian world are being scheduled for preparing the remnant for the national punishments for their nation&#8217;s mass rebellion against our eternal [&hellip;]<\/p>\n","protected":false},"author":1,"featured_media":0,"parent":753,"menu_order":0,"comment_status":"open","ping_status":"closed","template":"","meta":{"seo_booster_metabox":"","footnotes":""},"class_list":["post-682","page","type-page","status-publish","hentry"],"yoast_head":"<!-- This site is optimized with the Yoast SEO plugin v27.2 - https:\/\/yoast.com\/product\/yoast-seo-wordpress\/ -->\n<title>God&#039;s Law is Scientific - Watchman News<\/title>\n<meta name=\"robots\" content=\"index, follow, max-snippet:-1, max-image-preview:large, max-video-preview:-1\" \/>\n<link rel=\"canonical\" href=\"https:\/\/watchman.news\/de\/evangelism\/gods-scientific-law\/gods-law-is-scientific\/\" \/>\n<meta property=\"og:locale\" content=\"de_DE\" \/>\n<meta property=\"og:type\" content=\"article\" \/>\n<meta property=\"og:title\" content=\"God&#039;s Law is Scientific - Watchman News\" \/>\n<meta property=\"og:description\" content=\"&nbsp; LARGE CONFERENCES FOR THE GENERAL PUBLIC ARE TO BE HELD IN YOUR LOCAL AREA TOPIC &#8220;God&#8217;s Law is Scientific&#8221; and Why We Need Jesus (hear intro mp3) Conferences in every region of the Post-Christian world are being scheduled for preparing the remnant for the national punishments for their nation&#8217;s mass rebellion against our eternal [&hellip;]\" \/>\n<meta property=\"og:url\" content=\"https:\/\/watchman.news\/de\/evangelism\/gods-scientific-law\/gods-law-is-scientific\/\" \/>\n<meta property=\"og:site_name\" content=\"Watchman News\" \/>\n<meta property=\"article:modified_time\" content=\"2022-04-19T10:17:44+00:00\" \/>\n<meta name=\"twitter:card\" content=\"summary_large_image\" \/>\n<meta name=\"twitter:label1\" content=\"Gesch\u00e4tzte Lesezeit\" \/>\n\t<meta name=\"twitter:data1\" content=\"6\u00a0Minuten\" \/>\n<script type=\"application\/ld+json\" class=\"yoast-schema-graph\">{\"@context\":\"https:\/\/schema.org\",\"@graph\":[{\"@type\":\"WebPage\",\"@id\":\"https:\/\/watchman.news\/evangelism\/gods-scientific-law\/gods-law-is-scientific\/\",\"url\":\"https:\/\/watchman.news\/evangelism\/gods-scientific-law\/gods-law-is-scientific\/\",\"name\":\"God's Law is Scientific - Watchman News\",\"isPartOf\":{\"@id\":\"https:\/\/watchman.news\/#website\"},\"datePublished\":\"2013-02-20T21:53:45+00:00\",\"dateModified\":\"2022-04-19T10:17:44+00:00\",\"breadcrumb\":{\"@id\":\"https:\/\/watchman.news\/evangelism\/gods-scientific-law\/gods-law-is-scientific\/#breadcrumb\"},\"inLanguage\":\"de\",\"potentialAction\":[{\"@type\":\"ReadAction\",\"target\":[\"https:\/\/watchman.news\/evangelism\/gods-scientific-law\/gods-law-is-scientific\/\"]}]},{\"@type\":\"BreadcrumbList\",\"@id\":\"https:\/\/watchman.news\/evangelism\/gods-scientific-law\/gods-law-is-scientific\/#breadcrumb\",\"itemListElement\":[{\"@type\":\"ListItem\",\"position\":1,\"name\":\"Home\",\"item\":\"https:\/\/watchman.news\/\"},{\"@type\":\"ListItem\",\"position\":2,\"name\":\"Evangelistic Seminars\",\"item\":\"https:\/\/watchman.news\/evangelism\/\"},{\"@type\":\"ListItem\",\"position\":3,\"name\":\"God&#8217;s Scientific Law\",\"item\":\"https:\/\/watchman.news\/evangelism\/gods-scientific-law\/\"},{\"@type\":\"ListItem\",\"position\":4,\"name\":\"God&#8217;s Law is Scientific\"}]},{\"@type\":\"WebSite\",\"@id\":\"https:\/\/watchman.news\/#website\",\"url\":\"https:\/\/watchman.news\/\",\"name\":\"Watchman News\",\"description\":\"News of Importance for the True Christian Israel\",\"potentialAction\":[{\"@type\":\"SearchAction\",\"target\":{\"@type\":\"EntryPoint\",\"urlTemplate\":\"https:\/\/watchman.news\/?s={search_term_string}\"},\"query-input\":{\"@type\":\"PropertyValueSpecification\",\"valueRequired\":true,\"valueName\":\"search_term_string\"}}],\"inLanguage\":\"de\"}]}<\/script>\n<!-- \/ Yoast SEO plugin. -->","yoast_head_json":{"title":"God's Law is Scientific - Watchman News","robots":{"index":"index","follow":"follow","max-snippet":"max-snippet:-1","max-image-preview":"max-image-preview:large","max-video-preview":"max-video-preview:-1"},"canonical":"https:\/\/watchman.news\/de\/evangelism\/gods-scientific-law\/gods-law-is-scientific\/","og_locale":"de_DE","og_type":"article","og_title":"God's Law is Scientific - Watchman News","og_description":"&nbsp; LARGE CONFERENCES FOR THE GENERAL PUBLIC ARE TO BE HELD IN YOUR LOCAL AREA TOPIC &#8220;God&#8217;s Law is Scientific&#8221; and Why We Need Jesus (hear intro mp3) Conferences in every region of the Post-Christian world are being scheduled for preparing the remnant for the national punishments for their nation&#8217;s mass rebellion against our eternal [&hellip;]","og_url":"https:\/\/watchman.news\/de\/evangelism\/gods-scientific-law\/gods-law-is-scientific\/","og_site_name":"Watchman News","article_modified_time":"2022-04-19T10:17:44+00:00","twitter_card":"summary_large_image","twitter_misc":{"Gesch\u00e4tzte Lesezeit":"6\u00a0Minuten"},"schema":{"@context":"https:\/\/schema.org","@graph":[{"@type":"WebPage","@id":"https:\/\/watchman.news\/evangelism\/gods-scientific-law\/gods-law-is-scientific\/","url":"https:\/\/watchman.news\/evangelism\/gods-scientific-law\/gods-law-is-scientific\/","name":"God's Law is Scientific - Watchman News","isPartOf":{"@id":"https:\/\/watchman.news\/#website"},"datePublished":"2013-02-20T21:53:45+00:00","dateModified":"2022-04-19T10:17:44+00:00","breadcrumb":{"@id":"https:\/\/watchman.news\/evangelism\/gods-scientific-law\/gods-law-is-scientific\/#breadcrumb"},"inLanguage":"de","potentialAction":[{"@type":"ReadAction","target":["https:\/\/watchman.news\/evangelism\/gods-scientific-law\/gods-law-is-scientific\/"]}]},{"@type":"BreadcrumbList","@id":"https:\/\/watchman.news\/evangelism\/gods-scientific-law\/gods-law-is-scientific\/#breadcrumb","itemListElement":[{"@type":"ListItem","position":1,"name":"Home","item":"https:\/\/watchman.news\/"},{"@type":"ListItem","position":2,"name":"Evangelistic Seminars","item":"https:\/\/watchman.news\/evangelism\/"},{"@type":"ListItem","position":3,"name":"God&#8217;s Scientific Law","item":"https:\/\/watchman.news\/evangelism\/gods-scientific-law\/"},{"@type":"ListItem","position":4,"name":"God&#8217;s Law is Scientific"}]},{"@type":"WebSite","@id":"https:\/\/watchman.news\/#website","url":"https:\/\/watchman.news\/","name":"Watchman News","description":"News of Importance for the True Christian Israel","potentialAction":[{"@type":"SearchAction","target":{"@type":"EntryPoint","urlTemplate":"https:\/\/watchman.news\/?s={search_term_string}"},"query-input":{"@type":"PropertyValueSpecification","valueRequired":true,"valueName":"search_term_string"}}],"inLanguage":"de"}]}},"_links":{"self":[{"href":"https:\/\/watchman.news\/de\/wp-json\/wp\/v2\/pages\/682","targetHints":{"allow":["GET"]}}],"collection":[{"href":"https:\/\/watchman.news\/de\/wp-json\/wp\/v2\/pages"}],"about":[{"href":"https:\/\/watchman.news\/de\/wp-json\/wp\/v2\/types\/page"}],"author":[{"embeddable":true,"href":"https:\/\/watchman.news\/de\/wp-json\/wp\/v2\/users\/1"}],"replies":[{"embeddable":true,"href":"https:\/\/watchman.news\/de\/wp-json\/wp\/v2\/comments?post=682"}],"version-history":[{"count":0,"href":"https:\/\/watchman.news\/de\/wp-json\/wp\/v2\/pages\/682\/revisions"}],"up":[{"embeddable":true,"href":"https:\/\/watchman.news\/de\/wp-json\/wp\/v2\/pages\/753"}],"wp:attachment":[{"href":"https:\/\/watchman.news\/de\/wp-json\/wp\/v2\/media?parent=682"}],"curies":[{"name":"wp","href":"https:\/\/api.w.org\/{rel}","templated":true}]}}