{"id":709,"date":"2013-02-21T15:29:30","date_gmt":"2013-02-21T15:29:30","guid":{"rendered":"http:\/\/christsassembly.com\/?page_id=709"},"modified":"2022-04-19T11:45:05","modified_gmt":"2022-04-19T11:45:05","slug":"evangelism","status":"publish","type":"page","link":"https:\/\/watchman.news\/de\/evangelism\/","title":{"rendered":"Evangelistische Seminare"},"content":{"rendered":"<p>Evangelistische Seminare der Versammlung Christi werden in einem Format durchgef\u00fchrt, um neue Gl\u00e4ubige auf Anfrage zu erreichen, um das rettende Werk Jesu Christi in ihrem Leben zu finden. Diese k\u00f6nnen auf ein bestimmtes Thema, einen bestimmten Bereich, eine bestimmte Region oder einen bestimmten Zweck zugeschnitten werden. Wir begr\u00fc\u00dfen alle Arten von Vortragsplattformen, von Open-Air-Veranstaltungsorten \u00fcber Konzerts\u00e4le, Kirchen bis hin zu Hotel-Tagungsr\u00e4umen.<\/p>\n<p>Einige unserer Beispielseminare sind \u201eGottes Gesetz ist wissenschaftlich\u201c, \u201eUmkehr von der S\u00fcnde\u201c und \u201eGottes perfektes Wort\u201c. Viele weitere sind verf\u00fcgbar.<\/p>\n<p>Derzeit finden unsere evangelistischen Seminare haupts\u00e4chlich online \u00fcber Watchman Reporters (Video) und die w\u00f6chentlichen Kingdom Message-Sendungen (Audio) statt. Sie k\u00f6nnen sich uns jeden Sabbat in der K\u00f6nigreichsbotschaft live anschlie\u00dfen. Nicht alle Botschaften auf diesen Kan\u00e4len haben das Format eines evangelistischen Seminars, sondern sind eher auf die Bekehrten und die Gl\u00e4ubigen zugeschnitten.<\/p>\n<p>Wir stehen f\u00fcr Seminare vor Ort in Ihrer Region zur Verf\u00fcgung. Rufen Sie uns einfach f\u00fcr einen Beratungstermin an. F\u00fchlen Sie sich frei, Anfragen f\u00fcr eine evangelistische Anstrengung in Ihrer N\u00e4he zu stellen. Wir werden dies unter gebeter \u00dcberlegung ber\u00fccksichtigen.<\/p>\n<p>WIR VEREINEN DEN GANZEN K\u00d6RPER CHRISTI. Das Unterrichten der Gebote ist eine sehr grundlegende Anforderung in allen Kreisen des Christentums. Ohne t\u00e4gliche Reue von der S\u00fcnde sind wir nicht berechtigt, die Heilige Gemeinschaft oder die Opfer der Best\u00e4tigung oder Taufe zu \u00fcbernehmen. Es wird universell gelehrt, dass wir uns vollst\u00e4ndig von allen S\u00fcnden abwenden m\u00fcssen, sonst k\u00f6nnen Sie nicht an der Heiligen Gemeinschaft teilnehmen.<\/p>\n<p style=\"line-height: 18.0pt\"><span style=\"font-family: 'Georgia',serif;color: #333333\">SIE H\u00d6REN DIE PROMOTION VON ABOMINATIONEN UND BLASPHEMIEN AUS UNSERER KIRCHE NICHT. EINIGE MENSCHEN SAGEN, UNSERE ORTHODOX-GLAUBEN WERDEN DIE Herde zerstreuen. MENSCHLICHE TRADITIONEN K\u00d6NNTEN DAS TUN, ABER WIR HABEN NUR GOTTES WORT BEI UNSERER VERSAMMLUNG. Wir werden hoffen, die Augen der Menschen f\u00fcr die Grenze der S\u00fcnde zu \u00f6ffnen, in der sie gewesen sind. WIR FINDEN, DASS GOTTES G\u00d6TTLICHES RECHT IMMER DIE BESTE UND GENIESSLICHSTE ART DES LEBENSLEBENS IST. Indem er sein Gesetz lernt, wird er sein wahres Schaf immer wieder \u00fcberreden, nicht gestreut zu werden, sondern wieder in die Falte zur\u00fcckzukehren.<\/span><\/p>\n<p>HAFTUNGSAUSSCHLUSS: Diese Website ist nicht f\u00fcr Ungl\u00e4ubige gedacht. Wir sind ein privater Verein und der Inhalt ist nur f\u00fcr Mitglieder. F\u00fcr die anderen, die nicht bekehrt, best\u00e4tigt und getauft sind, werden sie unsere spirituellen Punkte und Absichten nicht wahrnehmen. Ungl\u00e4ubige w\u00fcrden nur zuf\u00e4llig irrelevante Kenntnisse gewinnen, wenn sie die Site lesen, die in unserer spirituellen Absicht v\u00f6llig abwesend ist. Zum gr\u00f6\u00dften Teil w\u00fcrde es in allen Punkten und Absichten v\u00f6llig missverstanden werden. Alle Punkte und Absichten sind streng spirituell. W\u00e4hrend des spirituellen Krieges m\u00fcssen Ihre spirituellen Augen und Ohren aktiviert werden, um das Wort Gottes zu verarbeiten (auch in der King James-Version erhalten). Besonders die OHREN als\u00a0<strong><em>&quot;Der Glaube kommt, indem man das gesprochene Wort h\u00f6rt&quot;<\/em><\/strong> (R\u00f6mer 10,17). Es ist also besser, damit zu beginnen<a href=\"http:\/\/christsassembly.com\/category\/assemblies\/talkshoe-sabbaths\/\">\u00a0H\u00f6ren Sie sich unsere MP3s an<\/a>. Sie m\u00fcssen Ihre spirituelle R\u00fcstung anlegen und Ihre spirituellen Waffen gegen die spirituellen Teufel einsetzen, die \u201espirituelle Bosheit in hohen Positionen\u201c kontrollieren und \u201ehohe Dinge haben, die sich gegen die Erkenntnis Gottes erheben\u201c. Wie es in der Offenbarung hei\u00dft, greifen sie nur diejenigen an, die das Zeugnis von Jesus haben (<a href=\"http:\/\/christsassembly.com\/2013\/02\/joshua-jesus-yahshua-hosanna-yahoshua-are-all-greekbabylonian-corruptions-of-our-saviours-name\/\">YAHWEH Yasha<\/a>) und seine Gebote. Beide Punkte (Jesus und die Gebote) sind die Kriterien f\u00fcr den Kampf (Offb 12,7). Ja, der ewige Gott YAHWEH und all sein unver\u00e4nderliches Wort sollen geehrt werden. Die Artikel in der Christusversammlung und in den Watchman News und sogar in unserer gesamten Bibliothek richten sich an vollst\u00e4ndig bekehrte und reife Christen, die wissen, wie man Gott im Gleichgewicht von Geist und Wahrheit verehrt. Es ist f\u00fcr diejenigen, die bereits das S\u00fcndergebet gesprochen haben (sich von allen S\u00fcnden abgewandt und Bu\u00dfe getan haben) und ihren wiedergeborenen Geist empfangen haben, der ihnen vom Blut des Lammes gekauft wurde. Alles ist spirituell, mit dem wir uns befassen. Unsere Absichten sind also nur dann richtig zu verstehen, wenn Sie geistlich \u201ewiedergeboren\u201c wurden (es sei denn, Gott ruft Sie wirklich zu diesen Wahrheiten und zum rettenden Wissen \u00fcber Jesus und seine Gesetze auf. Die gesamte Sch\u00f6pfung stimmt zu, dass sein Gesetz gut ist). Wir empfehlen allen, die nicht gl\u00e4ubig sind, sich in der n\u00e4chstgelegenen \u00f6rtlichen christlichen Kirche (die die Bibel lehrt) bekehren zu lassen, bevor Sie weiterlesen. Sie k\u00f6nnen auch in unseren Abschnitt \u201eNeue Gl\u00e4ubige\u201c gehen, um weitere Informationen dar\u00fcber zu erhalten, wie Sie Ihr Leben Christus geben k\u00f6nnen. Sagen Sie heute das Gebet der S\u00fcnder und wenden Sie sich von ganzem Herzen von allen S\u00fcnden ab, um wieder in seine wunderbaren Gesetze der Freiheit f\u00fcr die ganze Menschheit eingepfropft zu werden.<\/p>\n<p>Wenn Sie ein neuer Gl\u00e4ubiger sind, rufen Sie bitte 714-983-6968 an, um zusammen mit einem Minister zu beten. Oder nutzen Sie unsere \u201c<a href=\"http:\/\/christsassembly.com\/assemblies\/contact\/\">Kontaktseite<\/a>&quot; einen Termin zu vereinbaren. Es gibt<a href=\"http:\/\/christsassembly.com\/2016\/02\/categories-of-church-members\/\"> mehrere Weise der Mitgliedschaft<\/a>. Wenn Sie keine Versammlung finden, die am Sabbat verehrt und die Gebote lehrt, h\u00f6ren Sie sich bitte unsere MP3s an, bis Sie eine finden. Beachten Sie auch, dass wir dabei helfen <a href=\"http:\/\/christsassembly.com\/2015\/09\/assemblies\/\">Starten Sie st\u00e4ndig neue Baugruppen<\/a>.<\/p>\n<p>&nbsp;<\/p>","protected":false},"excerpt":{"rendered":"<p>Evangelistic Seminars of the Christ&#8217;s Assembly are made in a format for reaching new believers on inquirers to find the saving work of Jesus Christ in their lives. These can be tailored to a specific topic, area, region or purpose. We welcome all sorts of speaking platforms, from open air venues, to concert halls, to [&hellip;]<\/p>\n","protected":false},"author":1,"featured_media":0,"parent":0,"menu_order":0,"comment_status":"open","ping_status":"closed","template":"","meta":{"seo_booster_metabox":"","footnotes":""},"class_list":["post-709","page","type-page","status-publish","hentry"],"yoast_head":"<!-- This site is optimized with the Yoast SEO plugin v27.2 - https:\/\/yoast.com\/product\/yoast-seo-wordpress\/ -->\n<title>Evangelistic Seminars - Watchman News<\/title>\n<meta name=\"robots\" content=\"index, follow, max-snippet:-1, max-image-preview:large, max-video-preview:-1\" \/>\n<link rel=\"canonical\" href=\"https:\/\/watchman.news\/de\/evangelism\/\" \/>\n<meta property=\"og:locale\" content=\"de_DE\" \/>\n<meta property=\"og:type\" content=\"article\" \/>\n<meta property=\"og:title\" content=\"Evangelistic Seminars - Watchman News\" \/>\n<meta property=\"og:description\" content=\"Evangelistic Seminars of the Christ&#8217;s Assembly are made in a format for reaching new believers on inquirers to find the saving work of Jesus Christ in their lives. These can be tailored to a specific topic, area, region or purpose. We welcome all sorts of speaking platforms, from open air venues, to concert halls, to [&hellip;]\" \/>\n<meta property=\"og:url\" content=\"https:\/\/watchman.news\/de\/evangelism\/\" \/>\n<meta property=\"og:site_name\" content=\"Watchman News\" \/>\n<meta property=\"article:modified_time\" content=\"2022-04-19T11:45:05+00:00\" \/>\n<meta name=\"twitter:card\" content=\"summary_large_image\" \/>\n<meta name=\"twitter:label1\" content=\"Gesch\u00e4tzte Lesezeit\" \/>\n\t<meta name=\"twitter:data1\" content=\"4\u00a0Minuten\" \/>\n<script type=\"application\/ld+json\" class=\"yoast-schema-graph\">{\"@context\":\"https:\/\/schema.org\",\"@graph\":[{\"@type\":\"WebPage\",\"@id\":\"https:\/\/watchman.news\/evangelism\/\",\"url\":\"https:\/\/watchman.news\/evangelism\/\",\"name\":\"Evangelistic Seminars - Watchman News\",\"isPartOf\":{\"@id\":\"https:\/\/watchman.news\/#website\"},\"datePublished\":\"2013-02-21T15:29:30+00:00\",\"dateModified\":\"2022-04-19T11:45:05+00:00\",\"breadcrumb\":{\"@id\":\"https:\/\/watchman.news\/evangelism\/#breadcrumb\"},\"inLanguage\":\"de\",\"potentialAction\":[{\"@type\":\"ReadAction\",\"target\":[\"https:\/\/watchman.news\/evangelism\/\"]}]},{\"@type\":\"BreadcrumbList\",\"@id\":\"https:\/\/watchman.news\/evangelism\/#breadcrumb\",\"itemListElement\":[{\"@type\":\"ListItem\",\"position\":1,\"name\":\"Home\",\"item\":\"https:\/\/watchman.news\/\"},{\"@type\":\"ListItem\",\"position\":2,\"name\":\"Evangelistic Seminars\"}]},{\"@type\":\"WebSite\",\"@id\":\"https:\/\/watchman.news\/#website\",\"url\":\"https:\/\/watchman.news\/\",\"name\":\"Watchman News\",\"description\":\"News of Importance for the True Christian Israel\",\"potentialAction\":[{\"@type\":\"SearchAction\",\"target\":{\"@type\":\"EntryPoint\",\"urlTemplate\":\"https:\/\/watchman.news\/?s={search_term_string}\"},\"query-input\":{\"@type\":\"PropertyValueSpecification\",\"valueRequired\":true,\"valueName\":\"search_term_string\"}}],\"inLanguage\":\"de\"}]}<\/script>\n<!-- \/ Yoast SEO plugin. -->","yoast_head_json":{"title":"Evangelistic Seminars - Watchman News","robots":{"index":"index","follow":"follow","max-snippet":"max-snippet:-1","max-image-preview":"max-image-preview:large","max-video-preview":"max-video-preview:-1"},"canonical":"https:\/\/watchman.news\/de\/evangelism\/","og_locale":"de_DE","og_type":"article","og_title":"Evangelistic Seminars - Watchman News","og_description":"Evangelistic Seminars of the Christ&#8217;s Assembly are made in a format for reaching new believers on inquirers to find the saving work of Jesus Christ in their lives. These can be tailored to a specific topic, area, region or purpose. We welcome all sorts of speaking platforms, from open air venues, to concert halls, to [&hellip;]","og_url":"https:\/\/watchman.news\/de\/evangelism\/","og_site_name":"Watchman News","article_modified_time":"2022-04-19T11:45:05+00:00","twitter_card":"summary_large_image","twitter_misc":{"Gesch\u00e4tzte Lesezeit":"4\u00a0Minuten"},"schema":{"@context":"https:\/\/schema.org","@graph":[{"@type":"WebPage","@id":"https:\/\/watchman.news\/evangelism\/","url":"https:\/\/watchman.news\/evangelism\/","name":"Evangelistic Seminars - Watchman News","isPartOf":{"@id":"https:\/\/watchman.news\/#website"},"datePublished":"2013-02-21T15:29:30+00:00","dateModified":"2022-04-19T11:45:05+00:00","breadcrumb":{"@id":"https:\/\/watchman.news\/evangelism\/#breadcrumb"},"inLanguage":"de","potentialAction":[{"@type":"ReadAction","target":["https:\/\/watchman.news\/evangelism\/"]}]},{"@type":"BreadcrumbList","@id":"https:\/\/watchman.news\/evangelism\/#breadcrumb","itemListElement":[{"@type":"ListItem","position":1,"name":"Home","item":"https:\/\/watchman.news\/"},{"@type":"ListItem","position":2,"name":"Evangelistic Seminars"}]},{"@type":"WebSite","@id":"https:\/\/watchman.news\/#website","url":"https:\/\/watchman.news\/","name":"Watchman News","description":"News of Importance for the True Christian Israel","potentialAction":[{"@type":"SearchAction","target":{"@type":"EntryPoint","urlTemplate":"https:\/\/watchman.news\/?s={search_term_string}"},"query-input":{"@type":"PropertyValueSpecification","valueRequired":true,"valueName":"search_term_string"}}],"inLanguage":"de"}]}},"_links":{"self":[{"href":"https:\/\/watchman.news\/de\/wp-json\/wp\/v2\/pages\/709","targetHints":{"allow":["GET"]}}],"collection":[{"href":"https:\/\/watchman.news\/de\/wp-json\/wp\/v2\/pages"}],"about":[{"href":"https:\/\/watchman.news\/de\/wp-json\/wp\/v2\/types\/page"}],"author":[{"embeddable":true,"href":"https:\/\/watchman.news\/de\/wp-json\/wp\/v2\/users\/1"}],"replies":[{"embeddable":true,"href":"https:\/\/watchman.news\/de\/wp-json\/wp\/v2\/comments?post=709"}],"version-history":[{"count":0,"href":"https:\/\/watchman.news\/de\/wp-json\/wp\/v2\/pages\/709\/revisions"}],"wp:attachment":[{"href":"https:\/\/watchman.news\/de\/wp-json\/wp\/v2\/media?parent=709"}],"curies":[{"name":"wp","href":"https:\/\/api.w.org\/{rel}","templated":true}]}}