{"id":761,"date":"2013-02-21T21:18:10","date_gmt":"2013-02-21T21:18:10","guid":{"rendered":"http:\/\/christsassembly.com\/?page_id=761"},"modified":"2022-04-19T08:31:02","modified_gmt":"2022-04-19T08:31:02","slug":"repentance","status":"publish","type":"page","link":"https:\/\/watchman.news\/de\/evangelism\/repentance\/","title":{"rendered":"Umkehr von der S\u00fcnde"},"content":{"rendered":"<p><strong>Seminare f\u00fcr Ihre Region zum Thema \u201eUmkehr von der S\u00fcnde\u201c.<\/strong><\/p>\n<p>Eines der am meisten diskutierten Themen dieser Generation.<\/p>\n<p>Reverend Stephen Michael, ein feuriger Prediger zu diesem Thema, wird weiterhin viele Seelen zur Umkehr zu Jesus bringen. Das Bekenntnis zur S\u00fcnde und die v\u00f6llige Umkehr von der S\u00fcnde f\u00fchren zur Vergebung. Wir sollen die Menschen vom Irrtum der S\u00fcnde abbringen. Es gibt keine S\u00fcnden, die wir \u00fcberspringen und ohne Diskussion verlassen m\u00fcssen. Unser K\u00f6nig sagte uns, wir sollten alle seine Wahrheiten verk\u00fcnden, egal wie viele Menschen uns zu steinigen drohen.<\/p>\n<p>TCAWW ist offen f\u00fcr Netzwerke in kombinierten Vortragsseminaren und w\u00fcrde dieses Thema gerne an Ihren Veranstaltungsort bringen.<\/p>\n<p>GROSSE KONFERENZEN F\u00dcR DIE ALLGEMEINE \u00d6FFENTLICHKEIT <a href=\"http:\/\/christsassembly.com\/evangelism\/gods-scientific-law\/gods-law-is-scientific\/\">Klicke hier<\/a><\/p>","protected":false},"excerpt":{"rendered":"<p>Seminars for your local area on &#8220;Repentance From Sin&#8221;. One of the most under discussed topics of this generation. Reverend Stephen Michael being a fiery preacher on the topic will continue to bring many souls to Jesus for repentance. Confession of sin and complete repentance from the sin proceeds forgiveness. We are to turn people [&hellip;]<\/p>\n","protected":false},"author":1,"featured_media":0,"parent":709,"menu_order":0,"comment_status":"open","ping_status":"closed","template":"","meta":{"seo_booster_metabox":"","footnotes":""},"class_list":["post-761","page","type-page","status-publish","hentry"],"yoast_head":"<!-- This site is optimized with the Yoast SEO plugin v27.2 - https:\/\/yoast.com\/product\/yoast-seo-wordpress\/ -->\n<title>Repentance From Sin - Watchman News<\/title>\n<meta name=\"robots\" content=\"index, follow, max-snippet:-1, max-image-preview:large, max-video-preview:-1\" \/>\n<link rel=\"canonical\" href=\"https:\/\/watchman.news\/de\/evangelism\/repentance\/\" \/>\n<meta property=\"og:locale\" content=\"de_DE\" \/>\n<meta property=\"og:type\" content=\"article\" \/>\n<meta property=\"og:title\" content=\"Repentance From Sin - Watchman News\" \/>\n<meta property=\"og:description\" content=\"Seminars for your local area on &#8220;Repentance From Sin&#8221;. One of the most under discussed topics of this generation. Reverend Stephen Michael being a fiery preacher on the topic will continue to bring many souls to Jesus for repentance. Confession of sin and complete repentance from the sin proceeds forgiveness. We are to turn people [&hellip;]\" \/>\n<meta property=\"og:url\" content=\"https:\/\/watchman.news\/de\/evangelism\/repentance\/\" \/>\n<meta property=\"og:site_name\" content=\"Watchman News\" \/>\n<meta property=\"article:modified_time\" content=\"2022-04-19T08:31:02+00:00\" \/>\n<meta name=\"twitter:card\" content=\"summary_large_image\" \/>\n<meta name=\"twitter:label1\" content=\"Gesch\u00e4tzte Lesezeit\" \/>\n\t<meta name=\"twitter:data1\" content=\"1\u00a0Minute\" \/>\n<script type=\"application\/ld+json\" class=\"yoast-schema-graph\">{\"@context\":\"https:\/\/schema.org\",\"@graph\":[{\"@type\":\"WebPage\",\"@id\":\"https:\/\/watchman.news\/evangelism\/repentance\/\",\"url\":\"https:\/\/watchman.news\/evangelism\/repentance\/\",\"name\":\"Repentance From Sin - Watchman News\",\"isPartOf\":{\"@id\":\"https:\/\/watchman.news\/#website\"},\"datePublished\":\"2013-02-21T21:18:10+00:00\",\"dateModified\":\"2022-04-19T08:31:02+00:00\",\"breadcrumb\":{\"@id\":\"https:\/\/watchman.news\/evangelism\/repentance\/#breadcrumb\"},\"inLanguage\":\"de\",\"potentialAction\":[{\"@type\":\"ReadAction\",\"target\":[\"https:\/\/watchman.news\/evangelism\/repentance\/\"]}]},{\"@type\":\"BreadcrumbList\",\"@id\":\"https:\/\/watchman.news\/evangelism\/repentance\/#breadcrumb\",\"itemListElement\":[{\"@type\":\"ListItem\",\"position\":1,\"name\":\"Home\",\"item\":\"https:\/\/watchman.news\/\"},{\"@type\":\"ListItem\",\"position\":2,\"name\":\"Evangelistic Seminars\",\"item\":\"https:\/\/watchman.news\/evangelism\/\"},{\"@type\":\"ListItem\",\"position\":3,\"name\":\"Repentance From Sin\"}]},{\"@type\":\"WebSite\",\"@id\":\"https:\/\/watchman.news\/#website\",\"url\":\"https:\/\/watchman.news\/\",\"name\":\"Watchman News\",\"description\":\"News of Importance for the True Christian Israel\",\"potentialAction\":[{\"@type\":\"SearchAction\",\"target\":{\"@type\":\"EntryPoint\",\"urlTemplate\":\"https:\/\/watchman.news\/?s={search_term_string}\"},\"query-input\":{\"@type\":\"PropertyValueSpecification\",\"valueRequired\":true,\"valueName\":\"search_term_string\"}}],\"inLanguage\":\"de\"}]}<\/script>\n<!-- \/ Yoast SEO plugin. -->","yoast_head_json":{"title":"Repentance From Sin - Watchman News","robots":{"index":"index","follow":"follow","max-snippet":"max-snippet:-1","max-image-preview":"max-image-preview:large","max-video-preview":"max-video-preview:-1"},"canonical":"https:\/\/watchman.news\/de\/evangelism\/repentance\/","og_locale":"de_DE","og_type":"article","og_title":"Repentance From Sin - Watchman News","og_description":"Seminars for your local area on &#8220;Repentance From Sin&#8221;. One of the most under discussed topics of this generation. Reverend Stephen Michael being a fiery preacher on the topic will continue to bring many souls to Jesus for repentance. Confession of sin and complete repentance from the sin proceeds forgiveness. We are to turn people [&hellip;]","og_url":"https:\/\/watchman.news\/de\/evangelism\/repentance\/","og_site_name":"Watchman News","article_modified_time":"2022-04-19T08:31:02+00:00","twitter_card":"summary_large_image","twitter_misc":{"Gesch\u00e4tzte Lesezeit":"1\u00a0Minute"},"schema":{"@context":"https:\/\/schema.org","@graph":[{"@type":"WebPage","@id":"https:\/\/watchman.news\/evangelism\/repentance\/","url":"https:\/\/watchman.news\/evangelism\/repentance\/","name":"Repentance From Sin - Watchman News","isPartOf":{"@id":"https:\/\/watchman.news\/#website"},"datePublished":"2013-02-21T21:18:10+00:00","dateModified":"2022-04-19T08:31:02+00:00","breadcrumb":{"@id":"https:\/\/watchman.news\/evangelism\/repentance\/#breadcrumb"},"inLanguage":"de","potentialAction":[{"@type":"ReadAction","target":["https:\/\/watchman.news\/evangelism\/repentance\/"]}]},{"@type":"BreadcrumbList","@id":"https:\/\/watchman.news\/evangelism\/repentance\/#breadcrumb","itemListElement":[{"@type":"ListItem","position":1,"name":"Home","item":"https:\/\/watchman.news\/"},{"@type":"ListItem","position":2,"name":"Evangelistic Seminars","item":"https:\/\/watchman.news\/evangelism\/"},{"@type":"ListItem","position":3,"name":"Repentance From Sin"}]},{"@type":"WebSite","@id":"https:\/\/watchman.news\/#website","url":"https:\/\/watchman.news\/","name":"Watchman News","description":"News of Importance for the True Christian Israel","potentialAction":[{"@type":"SearchAction","target":{"@type":"EntryPoint","urlTemplate":"https:\/\/watchman.news\/?s={search_term_string}"},"query-input":{"@type":"PropertyValueSpecification","valueRequired":true,"valueName":"search_term_string"}}],"inLanguage":"de"}]}},"_links":{"self":[{"href":"https:\/\/watchman.news\/de\/wp-json\/wp\/v2\/pages\/761","targetHints":{"allow":["GET"]}}],"collection":[{"href":"https:\/\/watchman.news\/de\/wp-json\/wp\/v2\/pages"}],"about":[{"href":"https:\/\/watchman.news\/de\/wp-json\/wp\/v2\/types\/page"}],"author":[{"embeddable":true,"href":"https:\/\/watchman.news\/de\/wp-json\/wp\/v2\/users\/1"}],"replies":[{"embeddable":true,"href":"https:\/\/watchman.news\/de\/wp-json\/wp\/v2\/comments?post=761"}],"version-history":[{"count":0,"href":"https:\/\/watchman.news\/de\/wp-json\/wp\/v2\/pages\/761\/revisions"}],"up":[{"embeddable":true,"href":"https:\/\/watchman.news\/de\/wp-json\/wp\/v2\/pages\/709"}],"wp:attachment":[{"href":"https:\/\/watchman.news\/de\/wp-json\/wp\/v2\/media?parent=761"}],"curies":[{"name":"wp","href":"https:\/\/api.w.org\/{rel}","templated":true}]}}