{"id":763,"date":"2013-02-21T21:18:50","date_gmt":"2013-02-21T21:18:50","guid":{"rendered":"http:\/\/christsassembly.com\/?page_id=763"},"modified":"2022-04-19T15:57:03","modified_gmt":"2022-04-19T15:57:03","slug":"intact-bible","status":"publish","type":"page","link":"https:\/\/watchman.news\/de\/evangelism\/intact-bible\/","title":{"rendered":"The Divinely Preserved Word of God in KJV"},"content":{"rendered":"<p><strong>Seminars for your local area on &#8220;The Divinely Preserved Word of God in KJV&#8221;.<\/strong><\/p>\n<p>Jeder Gl\u00e4ubige kann das Wort Gottes in v\u00f6lliger Zuversicht und Gewissheit lesen, dass er das authentische und vollkommene Wort Gottes h\u00e4lt.<\/p>\n<p>Der allm\u00e4chtige Gott im Himmel hat sein Wort f\u00fcr sein Bundesvolk in den hebr\u00e4ischen, griechischen und aram\u00e4ischen Originaltexten perfekt bewahrt. Hunderte von fast 2.000 Jahre alten Exemplaren stimmen mit allen Exemplaren im Laufe der Jahrhunderte bis heute \u00fcberein. Wir werden weiter beweisen, wie 99% davon vollkommen intakt geblieben ist. Die verbleibenden 1% sind nur geringf\u00fcgige Satzzeichen, Plural- und Singularzeichen, Kommas und Punkte.<\/p>\n<p>Die King James Version, die auf den besten hebr\u00e4ischen und griechischen Manuskripten basiert, wird als Haupttext empfohlen, der von jedem Gl\u00e4ubigen verwendet werden sollte. F\u00fcr ein besseres Verst\u00e4ndnis und Wortdefinitionen gibt es jedoch verschiedene hebr\u00e4ische und griechische Wortlernhilfen, die wir empfehlen und die Ihnen den Umgang mit ihnen beibringen.<\/p>\n<p>TCAWW ist offen f\u00fcr Netzwerke in kombinierten Vortragsseminaren und w\u00fcrde dieses Thema gerne an Ihren Veranstaltungsort bringen.<\/p>\n<p>We have hundreds of booklets and tracts available on the topic <a href=\"https:\/\/watchman.news\/de\/tag\/god-preserves-his-word-in-kjv\/\">KJV is the preserved word of God<\/a>.<\/p>\n<p>We are planning larger conferences from the general public <a href=\"http:\/\/celticorthodoxy.com\/evangelism\/gods-scientific-law\/gods-law-is-scientific\/\">Klicke hier<\/a><\/p>","protected":false},"excerpt":{"rendered":"<p>Seminars for your local area on &#8220;The Divinely Preserved Word of God in KJV&#8221;. Every believer can read the word of God in total confidence and assurance they hold the authentic and perfect word of God. Almighty God in heaven has perfectly preserved His word for His covenant people in the Hebrew, Greek and Aramaic [&hellip;]<\/p>\n","protected":false},"author":1,"featured_media":0,"parent":709,"menu_order":0,"comment_status":"open","ping_status":"closed","template":"","meta":{"seo_booster_metabox":"","footnotes":""},"class_list":["post-763","page","type-page","status-publish","hentry"],"yoast_head":"<!-- This site is optimized with the Yoast SEO plugin v27.2 - https:\/\/yoast.com\/product\/yoast-seo-wordpress\/ -->\n<title>The Divinely Preserved Word of God in KJV - Watchman News<\/title>\n<meta name=\"robots\" content=\"index, follow, max-snippet:-1, max-image-preview:large, max-video-preview:-1\" \/>\n<link rel=\"canonical\" href=\"https:\/\/watchman.news\/de\/evangelism\/intact-bible\/\" \/>\n<meta property=\"og:locale\" content=\"de_DE\" \/>\n<meta property=\"og:type\" content=\"article\" \/>\n<meta property=\"og:title\" content=\"The Divinely Preserved Word of God in KJV - Watchman News\" \/>\n<meta property=\"og:description\" content=\"Seminars for your local area on &#8220;The Divinely Preserved Word of God in KJV&#8221;. Every believer can read the word of God in total confidence and assurance they hold the authentic and perfect word of God. Almighty God in heaven has perfectly preserved His word for His covenant people in the Hebrew, Greek and Aramaic [&hellip;]\" \/>\n<meta property=\"og:url\" content=\"https:\/\/watchman.news\/de\/evangelism\/intact-bible\/\" \/>\n<meta property=\"og:site_name\" content=\"Watchman News\" \/>\n<meta property=\"article:modified_time\" content=\"2022-04-19T15:57:03+00:00\" \/>\n<meta name=\"twitter:card\" content=\"summary_large_image\" \/>\n<meta name=\"twitter:label1\" content=\"Gesch\u00e4tzte Lesezeit\" \/>\n\t<meta name=\"twitter:data1\" content=\"1\u00a0Minute\" \/>\n<script type=\"application\/ld+json\" class=\"yoast-schema-graph\">{\"@context\":\"https:\/\/schema.org\",\"@graph\":[{\"@type\":\"WebPage\",\"@id\":\"https:\/\/watchman.news\/evangelism\/intact-bible\/\",\"url\":\"https:\/\/watchman.news\/evangelism\/intact-bible\/\",\"name\":\"The Divinely Preserved Word of God in KJV - Watchman News\",\"isPartOf\":{\"@id\":\"https:\/\/watchman.news\/#website\"},\"datePublished\":\"2013-02-21T21:18:50+00:00\",\"dateModified\":\"2022-04-19T15:57:03+00:00\",\"breadcrumb\":{\"@id\":\"https:\/\/watchman.news\/evangelism\/intact-bible\/#breadcrumb\"},\"inLanguage\":\"de\",\"potentialAction\":[{\"@type\":\"ReadAction\",\"target\":[\"https:\/\/watchman.news\/evangelism\/intact-bible\/\"]}]},{\"@type\":\"BreadcrumbList\",\"@id\":\"https:\/\/watchman.news\/evangelism\/intact-bible\/#breadcrumb\",\"itemListElement\":[{\"@type\":\"ListItem\",\"position\":1,\"name\":\"Home\",\"item\":\"https:\/\/watchman.news\/\"},{\"@type\":\"ListItem\",\"position\":2,\"name\":\"Evangelistic Seminars\",\"item\":\"https:\/\/watchman.news\/evangelism\/\"},{\"@type\":\"ListItem\",\"position\":3,\"name\":\"The Divinely Preserved Word of God in KJV\"}]},{\"@type\":\"WebSite\",\"@id\":\"https:\/\/watchman.news\/#website\",\"url\":\"https:\/\/watchman.news\/\",\"name\":\"Watchman News\",\"description\":\"News of Importance for the True Christian Israel\",\"potentialAction\":[{\"@type\":\"SearchAction\",\"target\":{\"@type\":\"EntryPoint\",\"urlTemplate\":\"https:\/\/watchman.news\/?s={search_term_string}\"},\"query-input\":{\"@type\":\"PropertyValueSpecification\",\"valueRequired\":true,\"valueName\":\"search_term_string\"}}],\"inLanguage\":\"de\"}]}<\/script>\n<!-- \/ Yoast SEO plugin. -->","yoast_head_json":{"title":"The Divinely Preserved Word of God in KJV - Watchman News","robots":{"index":"index","follow":"follow","max-snippet":"max-snippet:-1","max-image-preview":"max-image-preview:large","max-video-preview":"max-video-preview:-1"},"canonical":"https:\/\/watchman.news\/de\/evangelism\/intact-bible\/","og_locale":"de_DE","og_type":"article","og_title":"The Divinely Preserved Word of God in KJV - Watchman News","og_description":"Seminars for your local area on &#8220;The Divinely Preserved Word of God in KJV&#8221;. Every believer can read the word of God in total confidence and assurance they hold the authentic and perfect word of God. Almighty God in heaven has perfectly preserved His word for His covenant people in the Hebrew, Greek and Aramaic [&hellip;]","og_url":"https:\/\/watchman.news\/de\/evangelism\/intact-bible\/","og_site_name":"Watchman News","article_modified_time":"2022-04-19T15:57:03+00:00","twitter_card":"summary_large_image","twitter_misc":{"Gesch\u00e4tzte Lesezeit":"1\u00a0Minute"},"schema":{"@context":"https:\/\/schema.org","@graph":[{"@type":"WebPage","@id":"https:\/\/watchman.news\/evangelism\/intact-bible\/","url":"https:\/\/watchman.news\/evangelism\/intact-bible\/","name":"The Divinely Preserved Word of God in KJV - Watchman News","isPartOf":{"@id":"https:\/\/watchman.news\/#website"},"datePublished":"2013-02-21T21:18:50+00:00","dateModified":"2022-04-19T15:57:03+00:00","breadcrumb":{"@id":"https:\/\/watchman.news\/evangelism\/intact-bible\/#breadcrumb"},"inLanguage":"de","potentialAction":[{"@type":"ReadAction","target":["https:\/\/watchman.news\/evangelism\/intact-bible\/"]}]},{"@type":"BreadcrumbList","@id":"https:\/\/watchman.news\/evangelism\/intact-bible\/#breadcrumb","itemListElement":[{"@type":"ListItem","position":1,"name":"Home","item":"https:\/\/watchman.news\/"},{"@type":"ListItem","position":2,"name":"Evangelistic Seminars","item":"https:\/\/watchman.news\/evangelism\/"},{"@type":"ListItem","position":3,"name":"The Divinely Preserved Word of God in KJV"}]},{"@type":"WebSite","@id":"https:\/\/watchman.news\/#website","url":"https:\/\/watchman.news\/","name":"Watchman News","description":"News of Importance for the True Christian Israel","potentialAction":[{"@type":"SearchAction","target":{"@type":"EntryPoint","urlTemplate":"https:\/\/watchman.news\/?s={search_term_string}"},"query-input":{"@type":"PropertyValueSpecification","valueRequired":true,"valueName":"search_term_string"}}],"inLanguage":"de"}]}},"_links":{"self":[{"href":"https:\/\/watchman.news\/de\/wp-json\/wp\/v2\/pages\/763","targetHints":{"allow":["GET"]}}],"collection":[{"href":"https:\/\/watchman.news\/de\/wp-json\/wp\/v2\/pages"}],"about":[{"href":"https:\/\/watchman.news\/de\/wp-json\/wp\/v2\/types\/page"}],"author":[{"embeddable":true,"href":"https:\/\/watchman.news\/de\/wp-json\/wp\/v2\/users\/1"}],"replies":[{"embeddable":true,"href":"https:\/\/watchman.news\/de\/wp-json\/wp\/v2\/comments?post=763"}],"version-history":[{"count":0,"href":"https:\/\/watchman.news\/de\/wp-json\/wp\/v2\/pages\/763\/revisions"}],"up":[{"embeddable":true,"href":"https:\/\/watchman.news\/de\/wp-json\/wp\/v2\/pages\/709"}],"wp:attachment":[{"href":"https:\/\/watchman.news\/de\/wp-json\/wp\/v2\/media?parent=763"}],"curies":[{"name":"wp","href":"https:\/\/api.w.org\/{rel}","templated":true}]}}