{"id":671,"date":"2013-02-20T13:13:08","date_gmt":"2013-02-20T13:13:08","guid":{"rendered":"http:\/\/christsassembly.com\/?page_id=671"},"modified":"2025-10-02T05:06:37","modified_gmt":"2025-10-02T05:06:37","slug":"statement-of-fait","status":"publish","type":"page","link":"https:\/\/watchman.news\/fr\/assemblies\/statement-of-fait\/","title":{"rendered":"Croyances"},"content":{"rendered":"<p>Rev Dr Stephen MK Brunswick adopted the following as the standard (simplified version) of our statement of beliefs when he began to lead the Communion services for three assemblies in 2001. You may wish to read more about the <a href=\"https:\/\/celticorthodoxy.com\/2017\/05\/short-history-orthodox-church-of-the-culdees\/\">Br\u00e8ve histoire de l&#039;\u00c9glise orthodoxe des Culdees et de notre r\u00e9tablissement<\/a><\/p>\r\n<p><a><b>D\u00c9CLARATION<\/b><\/a><b><a> DE FOI<\/a><\/b><\/p>\r\n<div class=\"diywebMain\">\r\n<div class=\"diywebGutter\">\r\n<div id=\"content_area\">\r\n<div id=\"matrix_1486213204\" class=\"sortable-matrix\" data-matrixid=\"1486213204\">\r\n<div class=\"n diyfeLiveArea\">\r\n<p><strong>DIVINIT\u00c9:<\/strong> Nous croyons en un Dieu vrai et \u00e9ternel, auto-existant, incr\u00e9\u00e9 dont le nom est YAHWEH, et dans l&#039;unit\u00e9 de Son \u00eatre, il existe trois subsistances d&#039;une seule essence: substance, puissance et \u00e9ternit\u00e9; Dieu le P\u00e8re, et le Fils et le Saint-Esprit, tous un seul Dieu, monde sans fin.<\/p>\r\n<p><strong>SALUT:<\/strong> Nous croyons en un seul J\u00e9sus-Christ, \u00e9ternellement engendr\u00e9 du P\u00e8re, m\u00eame Dieu et m\u00eame homme, Dieu parfait, homme parfait, et en celui-ci, il existe deux natures parfaites, ins\u00e9parablement unies sans division, changement, confusion ou m\u00e9lange. Nous croyons que l&#039;\u00e9lection est pour la race adamique et que le salut se fait par la foi en J\u00e9sus-Christ. Le salut est par la gr\u00e2ce r\u00e9demptrice de J\u00e9sus-Christ et non par une r\u00e9compense pour les bonnes \u0153uvres. Nous croyons \u00e0 la naissance virginale, \u00e0 la mort, \u00e0 l&#039;enterrement, \u00e0 la r\u00e9surrection, \u00e0 l&#039;ascension et au retour litt\u00e9ral de notre Sauveur J\u00e9sus-Christ. L&#039;\u00e9lection a \u00e9t\u00e9 intent\u00e9e par le P\u00e8re avant la fondation du monde. La r\u00e9demption est rendue possible par J\u00e9sus-Christ. La sanctification est l&#039;\u0153uvre du Saint-Esprit.<\/p>\r\n<p><strong>BON TRAVAIL:<\/strong> Nous croyons que les bonnes \u0153uvres sont la preuve de notre salut. Nous gardons la loi non pas pour \u00eatre sauv\u00e9s mais parce que nous sommes sauv\u00e9s. Nos bonnes \u0153uvres appartiennent \u00e0 J\u00e9sus-Christ et sont mesur\u00e9es en fonction de sa loi. Nous croyons aux dix commandements, aux statuts et aux jugements de sa loi. Nous observons le sabbat biblique du septi\u00e8me jour et les jours de f\u00eate sacr\u00e9e, y compris la P\u00e2que, la Pentec\u00f4te, les trompettes, le jour des expiations et les tabernacles. Nous observons les lois di\u00e9t\u00e9tiques, les lois de la d\u00eeme et toutes les autres lois que le Saint-Esprit \u00e9crit dans nos c\u0153urs et dans nos esprits. Le salut est par gr\u00e2ce, et les bonnes \u0153uvres sont la fa\u00e7on dont nous courons la course et gagnons la couronne.<\/p>\r\n<p><strong>\u00c9GLISE:<\/strong> Nous croyons en la seule vraie et vivante \u00c9glise de J\u00e9sus-Christ; les portes de l&#039;enfer ne peuvent pr\u00e9valoir contre l&#039;\u00c9glise. Nous croyons que tous les Isra\u00e9lites devraient \u00eatre religieux et vivre dans la responsabilit\u00e9 du gouvernement spirituel de l&#039;\u00c9glise. Nous croyons que le Christ a plac\u00e9 des \u00e9v\u00eaques, des anciens et des diacres dans l&#039;\u00c9glise avec un cinq fois le minist\u00e8re des ap\u00f4tres, des proph\u00e8tes, des \u00e9vang\u00e9listes, des pasteurs et des enseignants.<\/p>\r\n<p><strong>ISRA\u00cbL:<\/strong> Nous croyons que l&#039;Isra\u00ebl g\u00e9n\u00e9tique biblique en J\u00e9sus-Christ est l&#039;\u00c9glise, identifi\u00e9e parmi les peuples anglo, saxon, celtique, scandinave, germanique et apparent\u00e9 du monde. Nous croyons au rassemblement litt\u00e9ral et \u00e0 la restauration de la Maison d&#039;Isra\u00ebl sur la terre c\u00e9d\u00e9e \u00e0 perp\u00e9tuit\u00e9 au P\u00e8re Abraham et \u00e0 la r\u00e8gle et au r\u00e8gne litt\u00e9raux de J\u00e9sus-Christ sur le tr\u00f4ne de David dans un nouveau ciel et une nouvelle terre. Nous croyons en toutes les alliances de la Bible: elles sont \u00e0 la fois conditionnelles et inconditionnelles et ont \u00e9t\u00e9 conclues avec Isra\u00ebl.<\/p>\r\n<p><strong>DOCTRINES APOSTOLIQUES:<\/strong> Nous croyons aux doctrines chr\u00e9tiennes et apostoliques de l&#039;\u00c9glise, construites \u00e0 partir des ap\u00f4tres et des croyances de Nic\u00e9e.<\/p>\r\n<p><strong>SACREMENTS:<\/strong> Nous croyons aux sept sacrements historiques de l&#039;\u00c9glise, notamment: le saint bapt\u00eame, la p\u00e9nitence, la communion, la confirmation, le mariage, l&#039;onction pour les malades et l&#039;ordination des ministres.<\/p>\r\n<p><strong>CULTE:<\/strong> Nous croyons au culte l\u00e9gal et \u00e0 une liturgie qui remonte au christianisme celtique \u00e0 travers le livre de pri\u00e8re commune de 1549.<\/p>\r\n<p><strong>CADEAUX DE L&#039;ESPRIT:<\/strong> Nous croyons aux dons de motivation: Proph\u00e8te, Serveur, Enseignant, Exhortateur, Organisateur, Donateur et Mis\u00e9ricorde. Nous croyons aux dons du minist\u00e8re et aux dons de manifestation.<\/p>\r\n<p><strong>MATURIT\u00c9 SPIRITUELLE:<\/strong> Nous croyons que tous les chr\u00e9tiens devraient grandir en maturit\u00e9 spirituelle et refl\u00e9ter le caract\u00e8re de J\u00e9sus-Christ en grandissant dans la conception originale, l&#039;autorit\u00e9, la responsabilit\u00e9, la souffrance, la propri\u00e9t\u00e9, la puret\u00e9 morale et le succ\u00e8s.<\/p>\r\n<p><strong>PURET\u00c9 MORALE:<\/strong> Nous croyons en la puret\u00e9 morale du corps, de l&#039;\u00e2me et de l&#039;esprit et vivons une vie de saintet\u00e9 et de sanctification \u00e0 J\u00e9sus-Christ.<\/p>\r\n<p><strong>BIBLE:<\/strong> Nous croyons que la Bible est la Parole infaillible, immuable et inerrante de Dieu. Nous croyons que toute l&#039;\u00c9criture, de la Gen\u00e8se \u00e0 l&#039;Apocalypse, est la Parole inspir\u00e9e de Dieu, et que la traduction autoris\u00e9e de la Bible par King James est la meilleure de toutes les traductions disponibles en anglais.<\/p>\r\n<p><strong>DOMINION CHR\u00c9TIENNE:<\/strong> The Church of the Culdees believes in Godly dominion of the earth, to the glory of Jesus Christ. We believe in Christian occupation and reconstruction of the earth under Jesus Christ. This includes increasing the size and strength of the Christian family, Home Birthing of children, Home Schooling of children, building houses, planting gardens, and gathering God\u2019s people in rural areas. We believe in the planting of churches and in the preaching, teaching, and printing of the Gospel of the Kingdom Message.<\/p>\r\n<p>&nbsp;<\/p>\r\n<p><strong>NOTRE CANON HISTORIQUE FONDAMENTAL<\/strong><\/p>\r\n<\/div>\r\n<div class=\"n diyfeLiveArea\">\u00a0Nous sommes les successeurs de la Culdee orthodoxe, l&#039;\u00c9glise du premier si\u00e8cle. Nous avons maintenu cela dans <a href=\"http:\/\/celticorthodoxy.com\/category\/apostolic-succession\/\">succession apostolique<\/a>, the Sacraments, the teachings of the church fathers, and in teaching holy living.\u00a0<\/div>\r\n<div class=\"n diyfeLiveArea\">\u00a0<\/div>\r\n<div class=\"n diyfeLiveArea\">Le premier si\u00e8cle\u00a0<a href=\"http:\/\/celticorthodoxy.com\/2015\/09\/the-didache-accepted-by-tcaww-the-culdee-and-greater-fellowship-of-churches\/\">Didach\u00e9<\/a>, <a href=\"https:\/\/en.wikipedia.org\/wiki\/Nicene_Creed\">Le Nic\u00e8ne<\/a>\u00a0et le <a href=\"http:\/\/en.wikipedia.org\/wiki\/Apostles_Creed\">Credo des ap\u00f4tres<\/a>\u00a0restent notre canon et le fondement de nos croyances. Notre autorit\u00e9 ultime \u00e9tant la Sainte Bible (la parole inspir\u00e9e de Dieu).<\/div>\r\n<\/div>\r\n<\/div>\r\n<\/div>\r\n<div>\u00a0<\/div>\r\n<\/div>\r\n<p><b>marshalofsalem@yahoo.com<\/b><\/p>\r\n<p>Regarde aussi:\u00a0<a href=\"http:\/\/celticorthodoxy.com\/assemblies\/ordination\/\">http:\/\/celticorthodoxy.com\/assemblies\/ordination\/<\/a><\/p>\r\n<p>&nbsp;<\/p>\r\n<p>AVERTISSEMENT L\u00c9GAL:\u00a0<\/p>\r\n<h6><strong>ANTI-CHRISTIAN BIAS (Prejudicial Discrimination) IS ACTIONABLE AT LAW:<\/strong><\/h6>\r\n<h6>Dans la plupart des pays du monde, toute tentative par un agent (ou une personne) de distinguer et de traiter de mani\u00e8re disproportionn\u00e9e nos membres d&#039;\u00e9glise avec plus ou moins d&#039;impunit\u00e9 que le reste du public est une infraction p\u00e9nale impliquant discrimination et pr\u00e9jug\u00e9s.<\/h6>\r\n<h6>While we do not discriminate against any specific rights of any person in the whole world, the historic church of God is being maligned, slandered and heavily discriminated against for simply having beliefs. While the Bible text may not condone some sins, we believe this shouldn&#8217;t open all Christians to unequal treatment or injuries. Therefore we are forced to legally preserve and protect our own human and fundamental <strong>droits de r\u00e9union, d&#039;association, de dissociation et de vie priv\u00e9e dans les tribunaux du pays<\/strong>. These fundamental rights have been under assault by radical stunt politicians who seek to criminally suppress, conspire, investigate, harass and do other prejudicial damages against Christians solely on the basis of their established belief system.<\/h6>\r\n<h6>(L&#039;enqu\u00eate peut \u00e9galement \u00eatre un crime. Le 5e amendement de la Constitution des \u00c9tats-Unis garantit ce droit fondamental de ne pas \u00eatre harcel\u00e9 dans le cadre de tout type de fouille ou d&#039;enqu\u00eate sans indiquer toutes les choses \u00e0 fouiller, l&#039;heure, le lieu et les raisons fournies \u00e0 la parties sous la forme d&#039;un mandat sign\u00e9 par un juge l\u00e9gitime devant un tribunal. De nombreuses affaires ont \u00e9t\u00e9 gagn\u00e9es lorsque cela n&#039;a pas \u00e9t\u00e9 fourni. La r\u00e9pression des droits civils est un crime. Le complot en vue de commettre ce crime est un crime qui peut \u00eatre poursuivi contre toute personne dans n&#039;importe quel bureau, dans tous les \u00c9tats du syndicat.)<\/h6>\r\n<h6>As Christians we are to preserve these basic human rights to future generations. Therefore if any party is caught discriminating against our church members, we will file human rights and anti-Christian religious bias charges in the appropriate local jurisdictions.<\/h6>\r\n<h6>We conduct ourselves honourably and will not prosecute the perpetrators without proof how the rights were violated against our church member. \u00a0The specific action of the perpetrator should be recorded, or otherwise demonstrated by at least two witnesses. The intent should be clear they (or their co-conspirators) are seeking to unlawfully disrupt a church member&#8217;s specific rights. On discretion of the Bishop we may also give mercy to the perpetrator if his good intent can be shown. Not only malicious intent must be shown but also the example of the actions which suppressed the civil rights of the congregant. That will include any intimidation or fear of having the right of &#8220;assembly&#8221; or of any &#8220;belief&#8221;, or of any &#8220;religious appearance&#8221;, or of any &#8220;adherence to the beliefs&#8221; of the church. The charges are not taken lightly in any court of the world. Documenting the anti-Christian prejudicial actions must be complete with information on the time and place of such attack on the person&#8217;s life, liberty, property, or suppression of any of their human rights to religious free exercise. Any time such crimes to suppress Christian rights are done in conjunction of two conspiring together to suppress or attack such rights of the Christian religion, elevates the offense to the level of a felony in the USA.<\/h6>\r\n<h6>\u00a0<\/h6>\r\n<h6>We thank God that Jesus Christ has maintained the victory for His little flock, delivering His people out of the hands of their enemies that they might serve Him without fear, in holiness and righteousness before Him, all the days of their lives. We are glad and celebrate that He has provided unambiguous laws upheld in all lands of historical Christian heritage, designed to protect Christians against the crimes of Anti-Christian bias and discrimination. These are the Constitutional protections of life, liberty and happiness of every Christian citizen wherever they live.<\/h6>\r\n\r\n<p>&nbsp;<\/p>","protected":false},"excerpt":{"rendered":"<p>Rev Dr Stephen MK Brunswick adopted the following as the standard (simplified version) of our statement of beliefs when he began to lead the Communion services for three assemblies in 2001. You may wish to read more about the Short History of the Orthodox Church of the Culdees, and Our Reestablishment STATEMENT OF FAITH GODHEAD: [&hellip;]<\/p>\n","protected":false},"author":6,"featured_media":0,"parent":665,"menu_order":0,"comment_status":"open","ping_status":"closed","template":"","meta":{"seo_booster_metabox":"","footnotes":""},"class_list":["post-671","page","type-page","status-publish","hentry"],"yoast_head":"<!-- This site is optimized with the Yoast SEO plugin v27.2 - https:\/\/yoast.com\/product\/yoast-seo-wordpress\/ -->\n<title>Beliefs - Watchman News<\/title>\n<meta name=\"robots\" content=\"index, follow, max-snippet:-1, max-image-preview:large, max-video-preview:-1\" \/>\n<link rel=\"canonical\" href=\"https:\/\/watchman.news\/fr\/assemblies\/statement-of-fait\/\" \/>\n<meta property=\"og:locale\" content=\"fr_FR\" \/>\n<meta property=\"og:type\" content=\"article\" \/>\n<meta property=\"og:title\" content=\"Beliefs - Watchman News\" \/>\n<meta property=\"og:description\" content=\"Rev Dr Stephen MK Brunswick adopted the following as the standard (simplified version) of our statement of beliefs when he began to lead the Communion services for three assemblies in 2001. You may wish to read more about the Short History of the Orthodox Church of the Culdees, and Our Reestablishment STATEMENT OF FAITH GODHEAD: [&hellip;]\" \/>\n<meta property=\"og:url\" content=\"https:\/\/watchman.news\/fr\/assemblies\/statement-of-fait\/\" \/>\n<meta property=\"og:site_name\" content=\"Watchman News\" \/>\n<meta property=\"article:modified_time\" content=\"2025-10-02T05:06:37+00:00\" \/>\n<meta name=\"twitter:card\" content=\"summary_large_image\" \/>\n<meta name=\"twitter:label1\" content=\"Dur\u00e9e de lecture estim\u00e9e\" \/>\n\t<meta name=\"twitter:data1\" content=\"7 minutes\" \/>\n<script type=\"application\/ld+json\" class=\"yoast-schema-graph\">{\"@context\":\"https:\/\/schema.org\",\"@graph\":[{\"@type\":\"WebPage\",\"@id\":\"https:\/\/watchman.news\/assemblies\/statement-of-fait\/\",\"url\":\"https:\/\/watchman.news\/assemblies\/statement-of-fait\/\",\"name\":\"Beliefs - Watchman News\",\"isPartOf\":{\"@id\":\"https:\/\/watchman.news\/#website\"},\"datePublished\":\"2013-02-20T13:13:08+00:00\",\"dateModified\":\"2025-10-02T05:06:37+00:00\",\"breadcrumb\":{\"@id\":\"https:\/\/watchman.news\/assemblies\/statement-of-fait\/#breadcrumb\"},\"inLanguage\":\"fr-FR\",\"potentialAction\":[{\"@type\":\"ReadAction\",\"target\":[\"https:\/\/watchman.news\/assemblies\/statement-of-fait\/\"]}]},{\"@type\":\"BreadcrumbList\",\"@id\":\"https:\/\/watchman.news\/assemblies\/statement-of-fait\/#breadcrumb\",\"itemListElement\":[{\"@type\":\"ListItem\",\"position\":1,\"name\":\"Home\",\"item\":\"https:\/\/watchman.news\/\"},{\"@type\":\"ListItem\",\"position\":2,\"name\":\"Assemblies\",\"item\":\"https:\/\/watchman.news\/assemblies\/\"},{\"@type\":\"ListItem\",\"position\":3,\"name\":\"Beliefs\"}]},{\"@type\":\"WebSite\",\"@id\":\"https:\/\/watchman.news\/#website\",\"url\":\"https:\/\/watchman.news\/\",\"name\":\"Watchman News\",\"description\":\"News of Importance for the True Christian Israel\",\"potentialAction\":[{\"@type\":\"SearchAction\",\"target\":{\"@type\":\"EntryPoint\",\"urlTemplate\":\"https:\/\/watchman.news\/?s={search_term_string}\"},\"query-input\":{\"@type\":\"PropertyValueSpecification\",\"valueRequired\":true,\"valueName\":\"search_term_string\"}}],\"inLanguage\":\"fr-FR\"}]}<\/script>\n<!-- \/ Yoast SEO plugin. -->","yoast_head_json":{"title":"Beliefs - Watchman News","robots":{"index":"index","follow":"follow","max-snippet":"max-snippet:-1","max-image-preview":"max-image-preview:large","max-video-preview":"max-video-preview:-1"},"canonical":"https:\/\/watchman.news\/fr\/assemblies\/statement-of-fait\/","og_locale":"fr_FR","og_type":"article","og_title":"Beliefs - Watchman News","og_description":"Rev Dr Stephen MK Brunswick adopted the following as the standard (simplified version) of our statement of beliefs when he began to lead the Communion services for three assemblies in 2001. You may wish to read more about the Short History of the Orthodox Church of the Culdees, and Our Reestablishment STATEMENT OF FAITH GODHEAD: [&hellip;]","og_url":"https:\/\/watchman.news\/fr\/assemblies\/statement-of-fait\/","og_site_name":"Watchman News","article_modified_time":"2025-10-02T05:06:37+00:00","twitter_card":"summary_large_image","twitter_misc":{"Dur\u00e9e de lecture estim\u00e9e":"7 minutes"},"schema":{"@context":"https:\/\/schema.org","@graph":[{"@type":"WebPage","@id":"https:\/\/watchman.news\/assemblies\/statement-of-fait\/","url":"https:\/\/watchman.news\/assemblies\/statement-of-fait\/","name":"Beliefs - Watchman News","isPartOf":{"@id":"https:\/\/watchman.news\/#website"},"datePublished":"2013-02-20T13:13:08+00:00","dateModified":"2025-10-02T05:06:37+00:00","breadcrumb":{"@id":"https:\/\/watchman.news\/assemblies\/statement-of-fait\/#breadcrumb"},"inLanguage":"fr-FR","potentialAction":[{"@type":"ReadAction","target":["https:\/\/watchman.news\/assemblies\/statement-of-fait\/"]}]},{"@type":"BreadcrumbList","@id":"https:\/\/watchman.news\/assemblies\/statement-of-fait\/#breadcrumb","itemListElement":[{"@type":"ListItem","position":1,"name":"Home","item":"https:\/\/watchman.news\/"},{"@type":"ListItem","position":2,"name":"Assemblies","item":"https:\/\/watchman.news\/assemblies\/"},{"@type":"ListItem","position":3,"name":"Beliefs"}]},{"@type":"WebSite","@id":"https:\/\/watchman.news\/#website","url":"https:\/\/watchman.news\/","name":"Actualit\u00e9s Watchman","description":"News of Importance for the True Christian Israel","potentialAction":[{"@type":"SearchAction","target":{"@type":"EntryPoint","urlTemplate":"https:\/\/watchman.news\/?s={search_term_string}"},"query-input":{"@type":"PropertyValueSpecification","valueRequired":true,"valueName":"search_term_string"}}],"inLanguage":"fr-FR"}]}},"_links":{"self":[{"href":"https:\/\/watchman.news\/fr\/wp-json\/wp\/v2\/pages\/671","targetHints":{"allow":["GET"]}}],"collection":[{"href":"https:\/\/watchman.news\/fr\/wp-json\/wp\/v2\/pages"}],"about":[{"href":"https:\/\/watchman.news\/fr\/wp-json\/wp\/v2\/types\/page"}],"author":[{"embeddable":true,"href":"https:\/\/watchman.news\/fr\/wp-json\/wp\/v2\/users\/6"}],"replies":[{"embeddable":true,"href":"https:\/\/watchman.news\/fr\/wp-json\/wp\/v2\/comments?post=671"}],"version-history":[{"count":0,"href":"https:\/\/watchman.news\/fr\/wp-json\/wp\/v2\/pages\/671\/revisions"}],"up":[{"embeddable":true,"href":"https:\/\/watchman.news\/fr\/wp-json\/wp\/v2\/pages\/665"}],"wp:attachment":[{"href":"https:\/\/watchman.news\/fr\/wp-json\/wp\/v2\/media?parent=671"}],"curies":[{"name":"wp","href":"https:\/\/api.w.org\/{rel}","templated":true}]}}