{"id":675,"date":"2013-02-20T13:15:28","date_gmt":"2013-02-20T13:15:28","guid":{"rendered":"http:\/\/christsassembly.com\/?page_id=675"},"modified":"2022-04-19T19:36:04","modified_gmt":"2022-04-19T19:36:04","slug":"ordination","status":"publish","type":"page","link":"https:\/\/watchman.news\/fr\/assemblies\/ordination\/","title":{"rendered":"Ordination and Orthodox Re-integration"},"content":{"rendered":"<p>The O.C.C. is an authority with ecclesiastical responsibilities and obligations to re-correct rightly and canonically all debatable ordinations of the wider Orthodox Celtic Church(Culdees) descended congregations. After doing some research on our site you will find many of the first Century Apostles (and their direct assistants) officially were Culdees. Any church tracing back to the Celts and keeping an Orthodox liturgy (like the Book of Common Prayer) may be a candidate. We must return to the purity, re-establish, re-integrate and align to the Orthodox faith of our fathers.<\/p>\n<p>A confederation of larger Orthodox bodies recognize, accept and defend our acts. The Primace of the Orthodox Church of the Culdees (Stephen MK Brunswick) represents (by Synodal decision) in office in defense(diplomatic) assistance of Christians in cases where they have been victims of damaging and intolerant acts of prejudicial discrimination against their freedom of beliefs, which may even be committed by renegade agents of government and society. He may circle the affairs of any branch, whether political, religious, or social organizations towards their suspected incompetence, and issue specific instructions towards the broader reintegration.<\/p>\n<p>Bishops, Priests and other Clergy may inquire to join our growing communion as Apostolic Successors of the ancient Orthodox Church of the Culdees. We are the literal canonical Orthodox Celtic church with succession lines from the Apostles&#8217; First Century ministries in Great Britain. We assist you in delivering the daily, weekly and monthly and annual Divine services. We must restore God&#8217;s pure Sacraments to our local communities.<\/p>\n<p>We also hold succession lines from Russian True Orthodox (Catacomb Church) Bishops, who survived the major Bolshevik persecutions and kept themselves pure from the new state church.<\/p>\n<p><a><b>ORDINATIONS SACRATOIRES, R\u00c9-INT\u00c9GRATIONS, D\u00c9CISIONS CANONIQUES DES SAINTES SYNODES, INCARDINATIONS ET CONS\u00c9CRATIONS<\/b><\/a><\/p>\n<p>Il existe de nombreuses solutions eccl\u00e9siastiques aux probl\u00e8mes du temps dans lequel nous vivons. Beaucoup conviennent qu&#039;il existe plusieurs juridictions d&#039;\u00e9glises qui ont quitt\u00e9 et ni\u00e9 la foi, sont tomb\u00e9es hors du chemin de la vie et dans la voie de la destruction. Ils ne savent pas quoi faire ni vers qui se tourner. Cependant, ils savent que de tout nouveaux blasph\u00e8mes viennent d&#039;\u00eatre approuv\u00e9s par leur \u00e9glise bien-aim\u00e9e. Comme il est dit dans la proph\u00e9tie, qu&#039;\u00e0 la fin des temps, l&#039;\u00e9glise aurait une \u00abgrande chute\u00bb ou APOSTACIE.<\/p>\n<p>Our English Orthodox liturgy (and others) require a full confession of any sin and requires our communicants to do the works necessary to show a full conversion has occurred and is maintained. Some may still give lip service in following a perfect liturgy, however they must remember that includes the confession and a full turning away from all sin. In many communities it can be a challenge to have enough Pastors or Biblical counsellors to admonish their flocks. God gives us a safeguard in requiring a full conversion. We praise the congregations who have held onto the liturgy. However if their ministry is represented by a centralized apostate who recently has made new covenants that throw away the very foundations of our faith, then the whole is doomed. Our communion offers a solution to come together in re-establishing the original faith once delivered to the Saints.<\/p>\n<p>However if they then turn to &#8220;bless&#8221; any abominations, sins or wickedness, or even promote &#8220;pride&#8221; in various sins then they for sure have left the faith. Some even go as far as to promote &#8220;pride parades&#8221; who dance around naked, promoting an atheist philosophy and even doing pornographic acts in the parades that include children! Some have even taught a new form of families that have never been part of any Orthodox church.<\/p>\n<p>Cependant, chaque d\u00e9nomination dans le monde conviendra que nous ne pouvons pas distribuer la sainte communion \u00e0 toute personne qui vit dans le p\u00e9ch\u00e9 volontaire sans une repentance compl\u00e8te et sans renoncer \u00e0 tous les p\u00e9ch\u00e9s. Ceux qui ont maintenant commenc\u00e9 \u00e0 se d\u00e9tourner de cette voie solide de notre foi ont tous ni\u00e9 \u00e0 la fois la liturgie et la foi.<\/p>\n<p>Notre minist\u00e8re est une solution que les ministres peuvent r\u00e9int\u00e9grer \u00e0 la foi orthodoxe de nos anc\u00eatres.<\/p>\n<p>Nous continuons dans la liturgie anglaise qui est transmise depuis le premier si\u00e8cle. Cette liturgie a \u00e9t\u00e9 utilis\u00e9e uniform\u00e9ment par les protestants et les catholiques. M\u00eame dans les d\u00e9nominations am\u00e9ricaines les plus non conformistes, les \u00abcongr\u00e9gationalistes\u00bb des premiers si\u00e8cles en Am\u00e9rique ont \u00e9t\u00e9 utilis\u00e9s la liturgie anglaise conforme aux orthodoxes.<\/p>\n<p>Si vous \u00eates pr\u00eat \u00e0 vous lancer dans la r\u00e9int\u00e9gration, l&#039;ordination, l&#039;incardination ou les cons\u00e9crations, <b>envoyez simplement votre CV \u00e0 <a href=\"mailto:marshalofsalem@yahoo.com\">marshalofsalem@yahoo.com<\/a> .<\/b><\/p>\n<p>L&#039;\u00e9glise est t\u00e9moin des \u00abGRANDES abominations qui d\u00e9solent\u00bb. Notre Roi nous a dit lorsque nous voyons ces choses se produire dans les lieux saints, que nous devons \u00abfuir pour les montagnes\u00bb, ou en fait \u00abfuir la juridiction\u00bb. Incardinez dans une autre \u00e9glise ou r\u00e9int\u00e9grez-vous dans l&#039;\u00e9glise orthodoxe de nos anc\u00eatres.<\/p>\n<p>Plusieurs de ces \u00abgrands apostats en faillite\u00bb ont cherch\u00e9 \u00e0 l\u00e9gitimer leur non-orthodoxie en obtenant l&#039;enregistrement d&#039;une organisation la\u00efque d&#039;\u00c9tat. Alors que les \u00e9glises sont libres d&#039;utiliser de telles formes, ce n&#039;est jamais ce qui rend une \u00e9glise valide. La plupart des pays du monde conviennent qu&#039;il est facultatif pour toute \u00e9glise d&#039;op\u00e9rer dans leur pays. Ce n&#039;est pas ce qui fait une \u00e9glise, c&#039;est juste un outil. L&#039;\u00c9glise est l&#039;adoration, la louange et l&#039;avancement de sa religion, pure et simple.<\/p>\n<p>Ceux qui pensent que Dieu n&#039;a pas besoin de venir en premier dans une \u00e9glise, mais que le gouvernement local doit d&#039;abord donner la \u00abpermission\u00bb, cela peut \u00eatre en violation du premier commandement \u00abn&#039;ont pas d&#039;autres dirigeants devant moi\u00bb. De nombreuses divisions se sont produites au sein de ces types de gouvernement \/ d\u00e9nominations d&#039;\u00e9glises s\u00e9culi\u00e8res qui coop\u00e8rent avec la \u00abred\u00e9finition de la famille\u00bb et b\u00e9nissent m\u00eame des p\u00e9ch\u00e9s qui n&#039;auraient jamais \u00e9t\u00e9 imaginables dans aucune \u00e9glise. Si c&#039;est leur base de fonctionnement, juste un enregistrement local \u00ab\u00e0 but non lucratif\u00bb, chaque fois qu&#039;ils s&#039;\u00e9cartent de leur charte d&#039;origine, ils peuvent perdre leur statut d&#039;organisme \u00e0 but non lucratif.<\/p>\n<p>L&#039;\u00c9glise orthodoxe des Culdees (OCC) fonctionne comme une organisation \u00e0 but non lucratif et est l\u00e9galement enregistr\u00e9e aux fins suivantes:<\/p>\n<p>+ Avancement de la religion orthodoxe (chr\u00e9tienne) culd\u00e9enne qui est enracin\u00e9e dans la foi et l&#039;identit\u00e9 h\u00e9bra\u00efques apport\u00e9es \u00e0 Glastonbury par les ap\u00f4tres au premier si\u00e8cle.<\/p>\n<p>+ Restauration et pr\u00e9servation des biblioth\u00e8ques sur l&#039;Isra\u00e9lisme britannique.<\/p>\n<p>+ Plaidoyer pour l&#039;\u00e9galit\u00e9 pour la protection des minorit\u00e9s pers\u00e9cut\u00e9es d&#039;origine culd\u00e9enne, contre toute discrimination pr\u00e9judiciable \u00e0 leurs pratiques religieuses culturelles ethniques ou orthodoxes.<\/p>\n<p>+ Plaidoyer politique pour la restauration de l&#039;autorit\u00e9 des Glastonbury Culdees de juger dans les mati\u00e8res prescrites par le Roy qui vont au-del\u00e0 du spirituel, dans les domaines de la jurisprudence civile, p\u00e9nale et internationale.<\/p>\n<p>+ Associations internationales pour un dialogue interculturel et interreligieux pacifique.<\/p>\n<p>Les ordinations sacerdotales sont des questions de grande ampleur. Celui qui administre la Sainte Parole de Dieu exerce la plus haute fonction dans ce monde. Les hommes s\u00e9lectionn\u00e9s pour le processus de candidature ont un bon caract\u00e8re \u00e9thique et moral. Celui qui est \u00e9ligible sera connu pour professer fermement sa croyance dans les \u00c9critures comme \u00e9tant la parole de Dieu et la r\u00e8gle infaillible, (2Tim 3:16, Ep 2:20), de la foi et de la pratique; recevoir notre confession de foi comme le syst\u00e8me de doctrine enseign\u00e9 dans les \u00e9critures sacr\u00e9es; d&#039;approuver la forme du gouvernement de l&#039;\u00e9glise, et de promettre la soumission \u00e0 ses fr\u00e8res, z\u00e9l\u00e9s et fid\u00e8les dans le maintien des v\u00e9rit\u00e9s de l&#039;\u00c9vangile, et la paix et la puret\u00e9 de l&#039;\u00e9glise au milieu de toute opposition et pers\u00e9cution, et de dire s&#039;il a \u00e9t\u00e9 induit, dans la mesure o\u00f9 il conna\u00eet son propre c\u0153ur, \u00e0 voir l&#039;office du saint minist\u00e8re de l&#039;amour envers Dieu, et un d\u00e9sir sinc\u00e8re de promouvoir sa gloire dans l&#039;\u00e9vangile de son Fils \u00bb(1Cor 2: 2, 2 Co 4: 5). Seuls les hommes d&#039;une telle fermet\u00e9 peuvent se pr\u00e9senter pour postuler. Apr\u00e8s l&#039;adoption et l&#039;utilisation de notre liturgie, et qu&#039;il a suivi des cours d&#039;\u00e9tudes approuv\u00e9s et obligatoires, et qu&#039;un \u00e9v\u00eaque lui a d&#039;abord accord\u00e9 une licence probatoire pour pr\u00eacher l&#039;\u00c9vangile, de sorte qu&#039;apr\u00e8s une \u00e9preuve comp\u00e9tente de ses talents, et rapport, il peut en temps voulu \u00eatre ordonn\u00e9 \u00e0 la pastorale. (2Tim 3: 7,9 &amp; 3 Jean 12). L&#039;\u00c9criture exige qu&#039;il y ait une certaine \u00e9preuve pour ceux qui doivent \u00eatre ordonn\u00e9s au minist\u00e8re de l&#039;\u00c9vangile, afin que cette fonction sacr\u00e9e ne soit pas d\u00e9grad\u00e9e, en \u00e9tant confi\u00e9e \u00e0 des hommes faibles ou indignes, (1 Tim 3: 6, et 2 Tim 2: 2).<\/p>\n<p><span style=\"color: #000080\">Envoyez votre CV (CV) \u00e0 <a href=\"mailto:marshalofsalem@yahoo.com\">marshalofsalem@yahoo.com<\/a> <strong>pour obtenir le processus<\/strong><b>s commenc\u00e9.<\/b><\/span><\/p>\n<p>Il y a des exigences pour avoir les sabbats hebdomadaires et les assembl\u00e9es annuelles. Nous vous soutenons dans le d\u00e9marrage de vos F\u00eates du Vendredi Agape, qui aident \u00e0 rendre les gens actifs dans votre dioc\u00e8se. C&#039;est une pratique normale d&#039;\u00e9conomiser la \u00abdeuxi\u00e8me d\u00eeme\u00bb biblique que vous d\u00e9pensez chaque ann\u00e9e pour votre voyage vers les festivals de p\u00e8lerinage. Tous ces \u00e9v\u00e9nements peuvent \u00eatre soutenus par le Saint Synode de l&#039;OCC.<\/p>\n<p><b>ORDRES SAINTS DE L&#039;ASSEMBL\u00c9E DU CHRIST<\/b><\/p>\n<p>Ceux qui sont baptis\u00e9s, confirm\u00e9s et appel\u00e9s aux ordres religieux de l&#039;OCC peuvent \u00eatre d&#039;abord install\u00e9s dans le bureau des diacres, puis des pr\u00eatres, des \u00e9v\u00eaques, des archev\u00eaques et des pr\u00e9lats \u00e9vang\u00e9listes. Nous avons un Primace (archev\u00eaque) qui supervise les autres \u00e9v\u00eaques au Saint Synode de l&#039;OCC. Pour chaque juridiction locale, il n&#039;y a normalement pas plus haut qu&#039;un \u00e9v\u00eaque d&#039;une ville locale, et \u00e0 certains stades de croissance demand\u00e9e, et de nombreuses assembl\u00e9es, il y a une place pour les archev\u00eaques.<\/p>\n<p>Nous transmettons \u00e0 nos membres les lignes valides de <a href=\"http:\/\/celticorthodoxy.com\/category\/apostolic-succession\/\">Succession apostolique<\/a> des \u00e9v\u00eaques orthodoxes de Culdee.<\/p>\n<p>Vous pouvez nous \u00e9crire pour plus d&#039;informations. Sinon, vous pouvez trouver en ligne la cat\u00e9gorie sur <a href=\"http:\/\/celticorthodoxy.com\/category\/assemblies\/ordination\/\">ordination<\/a> \u00e0 partir de notre site Web.<\/p>","protected":false},"excerpt":{"rendered":"<p>The O.C.C. is an authority with ecclesiastical responsibilities and obligations to re-correct rightly and canonically all debatable ordinations of the wider Orthodox Celtic Church(Culdees) descended congregations. After doing some research on our site you will find many of the first Century Apostles (and their direct assistants) officially were Culdees. Any church tracing back to the [&hellip;]<\/p>\n","protected":false},"author":1,"featured_media":0,"parent":665,"menu_order":0,"comment_status":"open","ping_status":"closed","template":"","meta":{"seo_booster_metabox":"","footnotes":""},"class_list":["post-675","page","type-page","status-publish","hentry"],"yoast_head":"<!-- This site is optimized with the Yoast SEO plugin v27.2 - https:\/\/yoast.com\/product\/yoast-seo-wordpress\/ -->\n<title>Ordination and Orthodox Re-integration - Watchman News<\/title>\n<meta name=\"robots\" content=\"index, follow, max-snippet:-1, max-image-preview:large, max-video-preview:-1\" \/>\n<link rel=\"canonical\" href=\"https:\/\/watchman.news\/fr\/assemblies\/ordination\/\" \/>\n<meta property=\"og:locale\" content=\"fr_FR\" \/>\n<meta property=\"og:type\" content=\"article\" \/>\n<meta property=\"og:title\" content=\"Ordination and Orthodox Re-integration - Watchman News\" \/>\n<meta property=\"og:description\" content=\"The O.C.C. is an authority with ecclesiastical responsibilities and obligations to re-correct rightly and canonically all debatable ordinations of the wider Orthodox Celtic Church(Culdees) descended congregations. After doing some research on our site you will find many of the first Century Apostles (and their direct assistants) officially were Culdees. Any church tracing back to the [&hellip;]\" \/>\n<meta property=\"og:url\" content=\"https:\/\/watchman.news\/fr\/assemblies\/ordination\/\" \/>\n<meta property=\"og:site_name\" content=\"Watchman News\" \/>\n<meta property=\"article:modified_time\" content=\"2022-04-19T19:36:04+00:00\" \/>\n<meta name=\"twitter:card\" content=\"summary_large_image\" \/>\n<meta name=\"twitter:label1\" content=\"Dur\u00e9e de lecture estim\u00e9e\" \/>\n\t<meta name=\"twitter:data1\" content=\"8 minutes\" \/>\n<script type=\"application\/ld+json\" class=\"yoast-schema-graph\">{\"@context\":\"https:\/\/schema.org\",\"@graph\":[{\"@type\":\"WebPage\",\"@id\":\"https:\/\/watchman.news\/assemblies\/ordination\/\",\"url\":\"https:\/\/watchman.news\/assemblies\/ordination\/\",\"name\":\"Ordination and Orthodox Re-integration - Watchman News\",\"isPartOf\":{\"@id\":\"https:\/\/watchman.news\/#website\"},\"datePublished\":\"2013-02-20T13:15:28+00:00\",\"dateModified\":\"2022-04-19T19:36:04+00:00\",\"breadcrumb\":{\"@id\":\"https:\/\/watchman.news\/assemblies\/ordination\/#breadcrumb\"},\"inLanguage\":\"fr-FR\",\"potentialAction\":[{\"@type\":\"ReadAction\",\"target\":[\"https:\/\/watchman.news\/assemblies\/ordination\/\"]}]},{\"@type\":\"BreadcrumbList\",\"@id\":\"https:\/\/watchman.news\/assemblies\/ordination\/#breadcrumb\",\"itemListElement\":[{\"@type\":\"ListItem\",\"position\":1,\"name\":\"Home\",\"item\":\"https:\/\/watchman.news\/\"},{\"@type\":\"ListItem\",\"position\":2,\"name\":\"Assemblies\",\"item\":\"https:\/\/watchman.news\/assemblies\/\"},{\"@type\":\"ListItem\",\"position\":3,\"name\":\"Ordination and Orthodox Re-integration\"}]},{\"@type\":\"WebSite\",\"@id\":\"https:\/\/watchman.news\/#website\",\"url\":\"https:\/\/watchman.news\/\",\"name\":\"Watchman News\",\"description\":\"News of Importance for the True Christian Israel\",\"potentialAction\":[{\"@type\":\"SearchAction\",\"target\":{\"@type\":\"EntryPoint\",\"urlTemplate\":\"https:\/\/watchman.news\/?s={search_term_string}\"},\"query-input\":{\"@type\":\"PropertyValueSpecification\",\"valueRequired\":true,\"valueName\":\"search_term_string\"}}],\"inLanguage\":\"fr-FR\"}]}<\/script>\n<!-- \/ Yoast SEO plugin. -->","yoast_head_json":{"title":"Ordination and Orthodox Re-integration - Watchman News","robots":{"index":"index","follow":"follow","max-snippet":"max-snippet:-1","max-image-preview":"max-image-preview:large","max-video-preview":"max-video-preview:-1"},"canonical":"https:\/\/watchman.news\/fr\/assemblies\/ordination\/","og_locale":"fr_FR","og_type":"article","og_title":"Ordination and Orthodox Re-integration - Watchman News","og_description":"The O.C.C. is an authority with ecclesiastical responsibilities and obligations to re-correct rightly and canonically all debatable ordinations of the wider Orthodox Celtic Church(Culdees) descended congregations. After doing some research on our site you will find many of the first Century Apostles (and their direct assistants) officially were Culdees. Any church tracing back to the [&hellip;]","og_url":"https:\/\/watchman.news\/fr\/assemblies\/ordination\/","og_site_name":"Watchman News","article_modified_time":"2022-04-19T19:36:04+00:00","twitter_card":"summary_large_image","twitter_misc":{"Dur\u00e9e de lecture estim\u00e9e":"8 minutes"},"schema":{"@context":"https:\/\/schema.org","@graph":[{"@type":"WebPage","@id":"https:\/\/watchman.news\/assemblies\/ordination\/","url":"https:\/\/watchman.news\/assemblies\/ordination\/","name":"Ordination and Orthodox Re-integration - Watchman News","isPartOf":{"@id":"https:\/\/watchman.news\/#website"},"datePublished":"2013-02-20T13:15:28+00:00","dateModified":"2022-04-19T19:36:04+00:00","breadcrumb":{"@id":"https:\/\/watchman.news\/assemblies\/ordination\/#breadcrumb"},"inLanguage":"fr-FR","potentialAction":[{"@type":"ReadAction","target":["https:\/\/watchman.news\/assemblies\/ordination\/"]}]},{"@type":"BreadcrumbList","@id":"https:\/\/watchman.news\/assemblies\/ordination\/#breadcrumb","itemListElement":[{"@type":"ListItem","position":1,"name":"Home","item":"https:\/\/watchman.news\/"},{"@type":"ListItem","position":2,"name":"Assemblies","item":"https:\/\/watchman.news\/assemblies\/"},{"@type":"ListItem","position":3,"name":"Ordination and Orthodox Re-integration"}]},{"@type":"WebSite","@id":"https:\/\/watchman.news\/#website","url":"https:\/\/watchman.news\/","name":"Actualit\u00e9s Watchman","description":"News of Importance for the True Christian Israel","potentialAction":[{"@type":"SearchAction","target":{"@type":"EntryPoint","urlTemplate":"https:\/\/watchman.news\/?s={search_term_string}"},"query-input":{"@type":"PropertyValueSpecification","valueRequired":true,"valueName":"search_term_string"}}],"inLanguage":"fr-FR"}]}},"_links":{"self":[{"href":"https:\/\/watchman.news\/fr\/wp-json\/wp\/v2\/pages\/675","targetHints":{"allow":["GET"]}}],"collection":[{"href":"https:\/\/watchman.news\/fr\/wp-json\/wp\/v2\/pages"}],"about":[{"href":"https:\/\/watchman.news\/fr\/wp-json\/wp\/v2\/types\/page"}],"author":[{"embeddable":true,"href":"https:\/\/watchman.news\/fr\/wp-json\/wp\/v2\/users\/1"}],"replies":[{"embeddable":true,"href":"https:\/\/watchman.news\/fr\/wp-json\/wp\/v2\/comments?post=675"}],"version-history":[{"count":0,"href":"https:\/\/watchman.news\/fr\/wp-json\/wp\/v2\/pages\/675\/revisions"}],"up":[{"embeddable":true,"href":"https:\/\/watchman.news\/fr\/wp-json\/wp\/v2\/pages\/665"}],"wp:attachment":[{"href":"https:\/\/watchman.news\/fr\/wp-json\/wp\/v2\/media?parent=675"}],"curies":[{"name":"wp","href":"https:\/\/api.w.org\/{rel}","templated":true}]}}