{"id":682,"date":"2013-02-20T21:53:45","date_gmt":"2013-02-20T21:53:45","guid":{"rendered":"http:\/\/christsassembly.com\/?page_id=682"},"modified":"2022-04-19T10:17:44","modified_gmt":"2022-04-19T10:17:44","slug":"gods-law-is-scientific","status":"publish","type":"page","link":"https:\/\/watchman.news\/fr\/evangelism\/gods-scientific-law\/gods-law-is-scientific\/","title":{"rendered":"La loi de Dieu est scientifique"},"content":{"rendered":"<p>&nbsp;<\/p>\n<p><strong>DE GRANDES CONF\u00c9RENCES POUR LE GRAND PUBLIC DOIVENT \u00caTRE TENUES DANS VOTRE R\u00c9GION LOCALE<\/strong><\/p>\n<div><\/div>\n<div>TH\u00c8ME \u00abLa loi de Dieu est scientifique\u00bb et pourquoi nous avons besoin de J\u00e9sus (<a title=\"bloqu\u00e9 :: http: \/\/t.ymlp24.net\/mewadajshaxaebeeaxahsem\/click.php\" href=\"http:\/\/t.ymlp24.net\/mewadajshaxaebeeaxahsem\/click.php\" target=\"_blank\" rel=\"nofollow noopener\">entendre l&#039;intro mp3<\/a>)<\/div>\n<div><\/div>\n<div><\/div>\n<div><i><b>Des conf\u00e9rences dans toutes les r\u00e9gions du monde postchr\u00e9tien sont pr\u00e9vues pour pr\u00e9parer le reste aux ch\u00e2timents nationaux pour la r\u00e9bellion de masse de leur nation contre notre Dieu \u00e9ternel et Souverain (YAHWEH) J\u00e9sus le Christ. Lors des conf\u00e9rences, nous enseignons de nombreux aspects de la loi de Dieu comme \u00e9tant scientifiques et comment la violation de plusieurs d&#039;entre eux provoque d\u00e9j\u00e0 des fl\u00e9aux et de grandes afflictions dans le monde. Sa loi \/ parole qui est une lumi\u00e8re sur notre chemin nous aidera \u00e0 nous pr\u00e9parer \u00e0 \u00e9chapper aux grands ch\u00e2timents qui vont bient\u00f4t pleuvoir sur nos nations post-chr\u00e9tiennes, car la parole de Dieu a promis sera visit\u00e9e sur le monde entier. Surtout, cela doit \u00eatre un appel \u00e0 recevoir J\u00e9sus qui nous donne les droits l\u00e9gaux initiaux non seulement d&#039;\u00e9chapper aux fl\u00e9aux, mais de vaincre et de pr\u00e9valoir en tant que Son Assembl\u00e9e victorieuse qui sera un \u00abt\u00e9moin du Royaume avant que la fin ne vienne. \u00bb. (Matthieu 24:14)<\/b><\/i><\/div>\n<p>C&#039;est une exigence fondamentale que nous avertissions tout le monde de se repentir. Cependant, la plupart des gens ne r\u00e9alisent pas \u00e0 quel point la loi de Dieu nous aide \u00e0 survivre maintenant sur terre. Par exemple, le porc est 30 fois plus toxique, parasitaire et acide que toute autre viande!<\/p>\n<p>La n\u00e9cessit\u00e9 de d\u00e9montrer les faits scientifiques devrait faire partie de l&#039;avertissement des m\u00e9chants. Couvrir les impacts physiques, \u00e9motionnels et autres de presque tous les p\u00e9ch\u00e9s.<\/p>\n<p>Tout le monde quand ils viennent \u00e0 J\u00e9sus et se convertissent disent la pri\u00e8re des p\u00e9cheurs, se repentent et se d\u00e9tournent de tout p\u00e9ch\u00e9. Cependant, beaucoup de gens s&#039;endorment apr\u00e8s ce point et oublient leur pri\u00e8re de serment qui faisait partie de leur nouvelle naissance et vie en Christ. Ils restent un b\u00e9b\u00e9 ou un chr\u00e9tien endormi pour le reste de leur vie et restent conquis par satan. Cependant, ces v\u00e9rit\u00e9s puissantes vous permettront de continuer dans sa parole et de vous r\u00e9jouir grandement de ses lois comme David l&#039;a fait. Il n&#039;y a pas de plaisir dans le p\u00e9ch\u00e9, et dans 1 Jean 3: 4 il est dit <strong>\u00abLe p\u00e9ch\u00e9 est la transgression de la loi.\u00bb<\/strong><\/p>\n<p>Nous savons tous que les bonnes \u0153uvres ne m\u00e9ritent pas notre salut spirituel. Les bonnes \u0153uvres viennent plus tard pour prouver que nous sommes sauv\u00e9s. Deux fois dans le livre des Actes, Paul a averti les gentils nouvellement convertis d&#039;observer les lois du sang l\u00e9vitique et de manger des viandes propres plut\u00f4t que \u00ables choses \u00e9trangl\u00e9es\u00bb. Il a dit de faire \u00e7a et tu survivras. Pourtant, il a toujours indiqu\u00e9 qu&#039;ils devraient apprendre la loi de la loi chaque sabbat, comme Mo\u00efse est pr\u00each\u00e9 dans les synagogues de chaque ville.<\/p>\n<p>Ces lois l\u00e9vitiques li\u00e9es \u00e0 l&#039;alimentation et au sang sont sp\u00e9cifiquement indiqu\u00e9es par Paul pour que les Gentils les respectent. Il r\u00e9p\u00e8te avec pr\u00e9cision ces \u00abn\u00e9cessit\u00e9s pour la survie physique\u00bb dans Actes 15:20, Actes 15:29 et Actes 21:25!<\/p>\n<div>\n<p>Cliquez ici pour le message d&#039;introduction \u00e0 ce sujet <i><b>\u00abLa loi de Dieu est scientifique\u00bb<\/b><\/i>: <b><a title=\"bloqu\u00e9 :: http: \/\/t.ymlp24.net\/mewadajshaxaebeeaxahsem\/click.php\" href=\"http:\/\/t.ymlp24.net\/mewadajshaxaebeeaxahsem\/click.php\" target=\"_blank\" rel=\"nofollow noopener\">http:\/\/recordings.talkshoe.com\/TC-73940\/TS-451997.mp3<\/a><\/b><\/p>\n<\/div>\n<div><\/div>\n<div><i><b>Puisque nos nations se sont massivement rejet\u00e9es et se sont rebell\u00e9es du fait que J\u00e9sus-Christ est notre sauveur, en plus grand nombre que jamais enregistr\u00e9, nous prouvons \u00e0 partir de l&#039;\u00c9criture qu&#039;elles sont retourn\u00e9es sous les mal\u00e9dictions de la loi de Mo\u00efse et n&#039;ont rien pour les prot\u00e9ger. En rejetant J\u00e9sus, des r\u00e9gions enti\u00e8res sont sous domination satanique. Satan a maintenant tous les droits de les attaquer et de laisser notre peuple mourir gravement, plus que jamais auparavant. Maintenant, nous ne pouvons que nous attendre \u00e0 ce que les fl\u00e9aux et les punitions frappent \u00e0 une \u00e9chelle inou\u00efe, et nous ne sommes affect\u00e9s que parce que nous vivons \u00e0 proximit\u00e9.<\/b><\/i><\/div>\n<div><\/div>\n<div><b>Dans Luc 19:40, J\u00e9sus a dit que si nous ne le louons pas, alors les rochers vont crier! Au temps de Mo\u00efse, des portions de villages qui se rebellaient \u00e9taient compl\u00e8tement englouties par la terre. C&#039;est ce que des r\u00e9gions enti\u00e8res ont travers\u00e9 par leur rejet du Fils de Dieu, J\u00e9sus le Christ.<\/b><\/div>\n<div><\/div>\n<div>Contactez-moi si vous ob\u00e9issez \u00e0 la parole de Dieu pour <a title=\"bloqu\u00e9 :: http: \/\/t.ymlp24.net\/meqaiajshaiaebeeazahsem\/click.php\" href=\"http:\/\/t.ymlp24.net\/meqaiajshaiaebeeazahsem\/click.php\" target=\"_blank\" rel=\"nofollow noopener\">avertir les m\u00e9chants, comme doit le faire un gardien<\/a>. Contactez-moi si vous souhaitez que cela se concr\u00e9tise dans votre r\u00e9gion ou dans les domaines strat\u00e9giques que nous avons pr\u00e9vus. Sa parole est divine et il l&#039;ex\u00e9cutera comme il l&#039;a toujours fait, et elle ne pourra jamais revenir nulle. Le sang sera sur vos mains si vous ne pr\u00e9venez pas votre r\u00e9gion, dit la parole de YAHWEH. Nous ne devons pas \u00e9chouer, mais tout mettre en \u0153uvre pour y parvenir. Nous avons maintenant une plate-forme et un programme \u00e0 votre disposition, afin que vous puissiez le lancer discr\u00e8tement, en \u00e9tant sage comme des serpents et doux comme des colombes dans les temps dangereux dans lesquels nous vivons. . Cependant, il nous faut tous pour offrir quelque chose, car son \u00e9glise n&#039;est pas simplement une personne, ou quelques-uns, mais nous tous en tant que pierres vivantes de son temple.<\/div>\n<div><\/div>\n<div>Nous recrutons \u00e9galement activement des conf\u00e9renciers pour ces conf\u00e9rences, nous faisons de la publicit\u00e9 pour tous ceux qui voudraient s&#039;exprimer sur le sujet de \u00ab<b>La loi de Dieu est scientifique<\/b>\u00bbEt pourquoi nos nations ont besoin de J\u00e9sus. Chaque conf\u00e9rence doit avoir lieu dans des lieux qui accueillent plus de 1000 personnes qui veulent entendre parler de cette preuve scientifique de la loi de Dieu et pourquoi nous devons promouvoir J\u00e9sus pour qu&#039;il redevienne collectivement notre Souverain Seigneur.<\/div>\n<div><\/div>\n<div>Ses commandements \u00e9ternels en tant que Dieu \u00e9ternel ne doivent jamais \u00eatre d\u00e9sob\u00e9is, et toute transgression de toute la loi de YAHWEH Yahshua (J\u00e9sus) est d\u00e9finie comme p\u00e9ch\u00e9, voir 1 Jean 3: 4 pour la d\u00e9finition du p\u00e9ch\u00e9. Nous devons promouvoir la repentance du p\u00e9ch\u00e9 et avoir moins d&#039;alliances de destruction sur nous.<\/div>\n<div><\/div>\n<div>Deut\u00e9ronome 30 v 16<\/div>\n<div>&#8220;<i><b>\u2026garder<\/b><\/i> <i><b>ses commandements et ses statuts et ses jugements,<\/b><\/i> <i><b>afin que tu vives et que tu te multiplies; et l&#039;\u00c9ternel, ton Dieu, te b\u00e9nira dans le pays o\u00f9 tu vas pour le poss\u00e9der<\/b><\/i>.&#8221;<\/div>\n<div><\/div>\n<div id=\"yui_3_7_2_1_1361343892382_639\">Pour plus d&#039;informations sur la participation ou si vous souhaitez prendre la parole \u00e0 l&#039;une de ces conf\u00e9rences, \u00e9crivez \u00e0 minister@christsassembly.com pour plus de d\u00e9tails. S&#039;il n&#039;y a pas de conf\u00e9rence pr\u00e9vue dans votre r\u00e9gion, nous pouvons en lancer une de cette \u00e9chelle pour un don minimum de $2,000.00 pour la premi\u00e8re conf\u00e9rence et de $1,000.00 pour chaque suppl\u00e9mentaire. Il existe d&#039;autres moyens cr\u00e9atifs de les promouvoir qui ne co\u00fbtent en fait rien, si vous \u00eates un retrait\u00e9 et que cela ne vous d\u00e9range pas de la publicit\u00e9 qui pourrait normalement vous co\u00fbter la perte de votre emploi. Nous faisons tous partie de son corps d&#039;\u00e9glise, et nous devons tous \u00e9galement faire un don pour que cela se produise. Tous les donateurs seront consid\u00e9r\u00e9s comme co-ministres et seront autoris\u00e9s \u00e0 recevoir un pourcentage des dons lors des \u00e9v\u00e9nements si vous vous joignez \u00e0 nous dans <i><b>\u00abCherchant d&#039;abord son royaume et sa justice\u00bb<\/b><\/i>, priant <i><b>\u00abQue son royaume vienne et que sa volont\u00e9 soit accomplie sur la terre, comme elle est ainsi accomplie dans les cieux\u00bb<\/b><\/i>. Nous sommes appel\u00e9s Ambassadeurs et plus que vainqueurs par Celui qui nous a aim\u00e9s, et nous avons de nombreuses promesses de victoire avant la fin.<\/div>\n<div><\/div>\n<div>Les annonces dans les journaux locaux pour chaque \u00e9v\u00e9nement ont un d\u00e9lai de pr\u00e9avis de deux semaines pour votre r\u00e9gion. D&#039;autres mat\u00e9riels promotionnels sont disponibles \u00e0 faible co\u00fbt. Par exemple, les d\u00e9pliants pour chaque \u00e9v\u00e9nement co\u00fbtent environ $50,00 pour 2000. La distribution doit \u00eatre planifi\u00e9e et ex\u00e9cut\u00e9e bien \u00e0 l&#039;avance.<\/div>\n<div><\/div>\n<div>Permet de remplir les salles de votre \u00e9glise ou centre communautaire!<\/div>\n<div><\/div>\n<p>L&#039;Assembl\u00e9e du Christ dans votre r\u00e9gion progresse jusqu&#039;\u00e0 ce que, gr\u00e2ce au lavage de l&#039;eau de sa parole, nous devenions cette \u00e9glise.<i><b>(ASSEMBL\u00c9E DU R\u00c8GLEMENT en grec)<\/b><\/i> c&#039;est sans tache ni ride. (\u00c9ph\u00e9siens 5: 26-27).<\/p>\n<p>Appelez-nous ou \u00e9crivez-nous pour prendre rendez-vous ou prendre la parole. Je serai heureux de me tenir avec vous \u00e9paule contre \u00e9paule, aidant \u00e0 amener les p\u00e9cheurs \u00e0 la repentance et \u00e0 la connaissance salvifique de notre Roi J\u00e9sus le Christ!<\/p>\n<p>R\u00e9v\u00e9rend Stephen Michael K<\/p>","protected":false},"excerpt":{"rendered":"<p>&nbsp; LARGE CONFERENCES FOR THE GENERAL PUBLIC ARE TO BE HELD IN YOUR LOCAL AREA TOPIC &#8220;God&#8217;s Law is Scientific&#8221; and Why We Need Jesus (hear intro mp3) Conferences in every region of the Post-Christian world are being scheduled for preparing the remnant for the national punishments for their nation&#8217;s mass rebellion against our eternal [&hellip;]<\/p>\n","protected":false},"author":1,"featured_media":0,"parent":753,"menu_order":0,"comment_status":"open","ping_status":"closed","template":"","meta":{"seo_booster_metabox":"","footnotes":""},"class_list":["post-682","page","type-page","status-publish","hentry"],"yoast_head":"<!-- This site is optimized with the Yoast SEO plugin v27.2 - https:\/\/yoast.com\/product\/yoast-seo-wordpress\/ -->\n<title>God&#039;s Law is Scientific - Watchman News<\/title>\n<meta name=\"robots\" content=\"index, follow, max-snippet:-1, max-image-preview:large, max-video-preview:-1\" \/>\n<link rel=\"canonical\" href=\"https:\/\/watchman.news\/fr\/evangelism\/gods-scientific-law\/gods-law-is-scientific\/\" \/>\n<meta property=\"og:locale\" content=\"fr_FR\" \/>\n<meta property=\"og:type\" content=\"article\" \/>\n<meta property=\"og:title\" content=\"God&#039;s Law is Scientific - Watchman News\" \/>\n<meta property=\"og:description\" content=\"&nbsp; LARGE CONFERENCES FOR THE GENERAL PUBLIC ARE TO BE HELD IN YOUR LOCAL AREA TOPIC &#8220;God&#8217;s Law is Scientific&#8221; and Why We Need Jesus (hear intro mp3) Conferences in every region of the Post-Christian world are being scheduled for preparing the remnant for the national punishments for their nation&#8217;s mass rebellion against our eternal [&hellip;]\" \/>\n<meta property=\"og:url\" content=\"https:\/\/watchman.news\/fr\/evangelism\/gods-scientific-law\/gods-law-is-scientific\/\" \/>\n<meta property=\"og:site_name\" content=\"Watchman News\" \/>\n<meta property=\"article:modified_time\" content=\"2022-04-19T10:17:44+00:00\" \/>\n<meta name=\"twitter:card\" content=\"summary_large_image\" \/>\n<meta name=\"twitter:label1\" content=\"Dur\u00e9e de lecture estim\u00e9e\" \/>\n\t<meta name=\"twitter:data1\" content=\"6 minutes\" \/>\n<script type=\"application\/ld+json\" class=\"yoast-schema-graph\">{\"@context\":\"https:\/\/schema.org\",\"@graph\":[{\"@type\":\"WebPage\",\"@id\":\"https:\/\/watchman.news\/evangelism\/gods-scientific-law\/gods-law-is-scientific\/\",\"url\":\"https:\/\/watchman.news\/evangelism\/gods-scientific-law\/gods-law-is-scientific\/\",\"name\":\"God's Law is Scientific - Watchman News\",\"isPartOf\":{\"@id\":\"https:\/\/watchman.news\/#website\"},\"datePublished\":\"2013-02-20T21:53:45+00:00\",\"dateModified\":\"2022-04-19T10:17:44+00:00\",\"breadcrumb\":{\"@id\":\"https:\/\/watchman.news\/evangelism\/gods-scientific-law\/gods-law-is-scientific\/#breadcrumb\"},\"inLanguage\":\"fr-FR\",\"potentialAction\":[{\"@type\":\"ReadAction\",\"target\":[\"https:\/\/watchman.news\/evangelism\/gods-scientific-law\/gods-law-is-scientific\/\"]}]},{\"@type\":\"BreadcrumbList\",\"@id\":\"https:\/\/watchman.news\/evangelism\/gods-scientific-law\/gods-law-is-scientific\/#breadcrumb\",\"itemListElement\":[{\"@type\":\"ListItem\",\"position\":1,\"name\":\"Home\",\"item\":\"https:\/\/watchman.news\/\"},{\"@type\":\"ListItem\",\"position\":2,\"name\":\"Evangelistic Seminars\",\"item\":\"https:\/\/watchman.news\/evangelism\/\"},{\"@type\":\"ListItem\",\"position\":3,\"name\":\"God&#8217;s Scientific Law\",\"item\":\"https:\/\/watchman.news\/evangelism\/gods-scientific-law\/\"},{\"@type\":\"ListItem\",\"position\":4,\"name\":\"God&#8217;s Law is Scientific\"}]},{\"@type\":\"WebSite\",\"@id\":\"https:\/\/watchman.news\/#website\",\"url\":\"https:\/\/watchman.news\/\",\"name\":\"Watchman News\",\"description\":\"News of Importance for the True Christian Israel\",\"potentialAction\":[{\"@type\":\"SearchAction\",\"target\":{\"@type\":\"EntryPoint\",\"urlTemplate\":\"https:\/\/watchman.news\/?s={search_term_string}\"},\"query-input\":{\"@type\":\"PropertyValueSpecification\",\"valueRequired\":true,\"valueName\":\"search_term_string\"}}],\"inLanguage\":\"fr-FR\"}]}<\/script>\n<!-- \/ Yoast SEO plugin. -->","yoast_head_json":{"title":"God's Law is Scientific - Watchman News","robots":{"index":"index","follow":"follow","max-snippet":"max-snippet:-1","max-image-preview":"max-image-preview:large","max-video-preview":"max-video-preview:-1"},"canonical":"https:\/\/watchman.news\/fr\/evangelism\/gods-scientific-law\/gods-law-is-scientific\/","og_locale":"fr_FR","og_type":"article","og_title":"God's Law is Scientific - Watchman News","og_description":"&nbsp; LARGE CONFERENCES FOR THE GENERAL PUBLIC ARE TO BE HELD IN YOUR LOCAL AREA TOPIC &#8220;God&#8217;s Law is Scientific&#8221; and Why We Need Jesus (hear intro mp3) Conferences in every region of the Post-Christian world are being scheduled for preparing the remnant for the national punishments for their nation&#8217;s mass rebellion against our eternal [&hellip;]","og_url":"https:\/\/watchman.news\/fr\/evangelism\/gods-scientific-law\/gods-law-is-scientific\/","og_site_name":"Watchman News","article_modified_time":"2022-04-19T10:17:44+00:00","twitter_card":"summary_large_image","twitter_misc":{"Dur\u00e9e de lecture estim\u00e9e":"6 minutes"},"schema":{"@context":"https:\/\/schema.org","@graph":[{"@type":"WebPage","@id":"https:\/\/watchman.news\/evangelism\/gods-scientific-law\/gods-law-is-scientific\/","url":"https:\/\/watchman.news\/evangelism\/gods-scientific-law\/gods-law-is-scientific\/","name":"God's Law is Scientific - Watchman News","isPartOf":{"@id":"https:\/\/watchman.news\/#website"},"datePublished":"2013-02-20T21:53:45+00:00","dateModified":"2022-04-19T10:17:44+00:00","breadcrumb":{"@id":"https:\/\/watchman.news\/evangelism\/gods-scientific-law\/gods-law-is-scientific\/#breadcrumb"},"inLanguage":"fr-FR","potentialAction":[{"@type":"ReadAction","target":["https:\/\/watchman.news\/evangelism\/gods-scientific-law\/gods-law-is-scientific\/"]}]},{"@type":"BreadcrumbList","@id":"https:\/\/watchman.news\/evangelism\/gods-scientific-law\/gods-law-is-scientific\/#breadcrumb","itemListElement":[{"@type":"ListItem","position":1,"name":"Home","item":"https:\/\/watchman.news\/"},{"@type":"ListItem","position":2,"name":"Evangelistic Seminars","item":"https:\/\/watchman.news\/evangelism\/"},{"@type":"ListItem","position":3,"name":"God&#8217;s Scientific Law","item":"https:\/\/watchman.news\/evangelism\/gods-scientific-law\/"},{"@type":"ListItem","position":4,"name":"God&#8217;s Law is Scientific"}]},{"@type":"WebSite","@id":"https:\/\/watchman.news\/#website","url":"https:\/\/watchman.news\/","name":"Actualit\u00e9s Watchman","description":"News of Importance for the True Christian Israel","potentialAction":[{"@type":"SearchAction","target":{"@type":"EntryPoint","urlTemplate":"https:\/\/watchman.news\/?s={search_term_string}"},"query-input":{"@type":"PropertyValueSpecification","valueRequired":true,"valueName":"search_term_string"}}],"inLanguage":"fr-FR"}]}},"_links":{"self":[{"href":"https:\/\/watchman.news\/fr\/wp-json\/wp\/v2\/pages\/682","targetHints":{"allow":["GET"]}}],"collection":[{"href":"https:\/\/watchman.news\/fr\/wp-json\/wp\/v2\/pages"}],"about":[{"href":"https:\/\/watchman.news\/fr\/wp-json\/wp\/v2\/types\/page"}],"author":[{"embeddable":true,"href":"https:\/\/watchman.news\/fr\/wp-json\/wp\/v2\/users\/1"}],"replies":[{"embeddable":true,"href":"https:\/\/watchman.news\/fr\/wp-json\/wp\/v2\/comments?post=682"}],"version-history":[{"count":0,"href":"https:\/\/watchman.news\/fr\/wp-json\/wp\/v2\/pages\/682\/revisions"}],"up":[{"embeddable":true,"href":"https:\/\/watchman.news\/fr\/wp-json\/wp\/v2\/pages\/753"}],"wp:attachment":[{"href":"https:\/\/watchman.news\/fr\/wp-json\/wp\/v2\/media?parent=682"}],"curies":[{"name":"wp","href":"https:\/\/api.w.org\/{rel}","templated":true}]}}