{"id":709,"date":"2013-02-21T15:29:30","date_gmt":"2013-02-21T15:29:30","guid":{"rendered":"http:\/\/christsassembly.com\/?page_id=709"},"modified":"2022-04-19T11:45:05","modified_gmt":"2022-04-19T11:45:05","slug":"evangelism","status":"publish","type":"page","link":"https:\/\/watchman.news\/fr\/evangelism\/","title":{"rendered":"S\u00e9minaires d&#039;\u00e9vang\u00e9lisation"},"content":{"rendered":"<p>Les s\u00e9minaires \u00e9vang\u00e9liques de l&#039;Assembl\u00e9e du Christ sont organis\u00e9s dans un format permettant d&#039;atteindre de nouveaux croyants sur des enqu\u00eateurs pour trouver l&#039;\u0153uvre salvifique de J\u00e9sus-Christ dans leur vie. Ceux-ci peuvent \u00eatre adapt\u00e9s \u00e0 un sujet, un domaine, une r\u00e9gion ou un objectif sp\u00e9cifique. Nous accueillons toutes sortes de plates-formes de parole, des salles en plein air, aux salles de concert, aux \u00e9glises, aux salles de r\u00e9union des h\u00f4tels.<\/p>\n<p>Certains de nos exemples de s\u00e9minaires sont \u00abLa loi de Dieu est scientifique\u00bb, \u00abLa repentance du p\u00e9ch\u00e9\u00bb et \u00abLa parole parfaite de Dieu\u00bb. Beaucoup d&#039;autres sont disponibles.<\/p>\n<p>En ce moment, nos s\u00e9minaires d&#039;\u00e9vang\u00e9lisation se d\u00e9roulent principalement en ligne via Watchman Reporters (vid\u00e9o) et les diffusions hebdomadaires du Kingdom Message (audio). Vous pouvez vous joindre \u00e0 nous pour vivre chaque sabbat sur le Message du Royaume. Tous les messages sur ces canaux ne sont pas au format s\u00e9minaire d&#039;\u00e9vang\u00e9lisation, mais sont plus adapt\u00e9s aux convertis et aux fid\u00e8les.<\/p>\n<p>Nous sommes disponibles pour organiser des s\u00e9minaires localement dans votre r\u00e9gion. Appelez-nous simplement pour un rendez-vous de consultation. N&#039;h\u00e9sitez pas \u00e0 faire des demandes pour un effort d&#039;\u00e9vang\u00e9lisation dans votre r\u00e9gion, nous le prendrons en consid\u00e9ration dans la pri\u00e8re.<\/p>\n<p>NOUS UNISSONS TOUT LE CORPS DU CHRIST. ENSEIGNER LES COMMANDEMENTS EST UNE EXIGENCE TR\u00c8S BASIQUE DANS TOUS LES CERCLES DE CHRISTIANIT\u00c9. SANS REPENTANCE QUOTIDIENNE DU P\u00c9CH\u00c9, NOUS NE SOMMES PAS ADMISSIBLES \u00c0 PRENDRE LA SAINTE COMMUNION NI DES SACREMENTS DE CONFIRMATION OU DE BAPT\u00caME. IL EST UNIVERSELLEMENT ENSEIGN\u00c9 QUE NOUS DEVONS TERMINER COMPL\u00c8TEMENT DE TOUT P\u00c9CH\u00c9 OU VOUS NE POUVEZ PAS PARTICIPER \u00c0 LA SAINTE COMMUNION.<\/p>\n<p style=\"line-height: 18.0pt\"><span style=\"font-family: 'Georgia',serif;color: #333333\">VOUS N&#039;ENTENDREZ PAS LA PROMOTION DES ABOMINATIONS ET DES BLASPH\u00c9MIES DE NOTRE \u00c9GLISE. CERTAINES PERSONNES DISENT QUE NOS CROYANCES ORTHODOXES DISTRIBUERONT LE TROUPEAU. LES TRADITIONS DE L&#039;HOMME POURRAIENT FAIRE CELA, MAIS NOUS N&#039;AVONS QUE LA PAROLE DE DIEU \u00c0 NOTRE ASSEMBL\u00c9E. NOUS ESP\u00c9RERONS OUVRIR LES YEUX DES PERSONNES AU LIEN DU P\u00c9CH\u00c9 DANS QUELQU&#039;ILS ONT \u00c9T\u00c9. NOUS TROUVERONS QUE LA LOI DIVINE DE DIEU SE R\u00c9V\u00c8LE TOUJOURS \u00caTRE LA MEILLEURE ET LA PLUS AGR\u00c9ABLE MANI\u00c8RE DE VIVRE PLEINEMENT. EN APPRENANT SA LOI, ELLE PERSUERA \u00c9VENTUELLEMENT SON VRAI MOUTON POUR NE PAS \u00caTRE \u00c9PARGN\u00c9, MAIS POUR REVENIR DANS LE PLI.<\/span><\/p>\n<p>AVERTISSEMENT: Ce site Web n&#039;est pas destin\u00e9 aux non-croyants. Nous sommes une association priv\u00e9e, et le contenu est r\u00e9serv\u00e9 aux membres. Pour les autres qui ne sont pas convertis, confirm\u00e9s et baptis\u00e9s, ils ne conna\u00eetront pas nos points et intentions spirituels. Les non-croyants n&#039;obtiendraient que par co\u00efncidence des connaissances non pertinentes en lisant le site, totalement absentes de notre intention spirituelle. Pour la plupart, il serait totalement incompris de tous les points et intentions. Tous les points et intentions sont strictement spirituels. Avec la guerre spirituelle en cours, vous aurez besoin de vos yeux et oreilles spirituels activ\u00e9s afin de traiter la parole de Dieu (\u00e9galement pr\u00e9serv\u00e9e dans la version King James). Surtout les oreilles comme\u00a0<strong><em>\u00abLa foi vient en entendant le mot prononc\u00e9\u00bb<\/em><\/strong> (Romains 10:17). Il vaut donc mieux commencer par<a href=\"http:\/\/christsassembly.com\/category\/assemblies\/talkshoe-sabbaths\/\">\u00a0\u00e9coutez nos mp3<\/a>. Vous devrez rev\u00eatir votre armure spirituelle et manier votre arme spirituelle contre les d\u00e9mons spirituels qui contr\u00f4lent \u00abla m\u00e9chancet\u00e9 spirituelle dans les hauts lieux\u00bb et ont \u00abdes choses \u00e9lev\u00e9es qui s&#039;exaltent contre la connaissance de Dieu\u00bb. Comme il est dit dans l&#039;Apocalypse, ils n&#039;attaquent que ceux qui ont le t\u00e9moignage de J\u00e9sus (<a href=\"http:\/\/christsassembly.com\/2013\/02\/joshua-jesus-yahshua-hosanna-yahoshua-are-all-greekbabylonian-corruptions-of-our-saviours-name\/\">YAHWEH Yasha<\/a>) et ses commandements. Ces deux \u00e9l\u00e9ments (J\u00e9sus et les commandements) sont les crit\u00e8res pour s&#039;engager dans la lutte (Apoc. 12: 7). Oui, le Dieu \u00e9ternel YAHWEH et toute sa parole immuable doivent \u00eatre honor\u00e9s. Les articles de l&#039;Assembl\u00e9e du Christ et de Watchman News et m\u00eame toute notre biblioth\u00e8que sont destin\u00e9s aux chr\u00e9tiens pleinement convertis et m\u00fbrs qui savent adorer Dieu dans l&#039;\u00e9quilibre de l&#039;esprit et de la v\u00e9rit\u00e9. C&#039;est pour ceux qui ont d\u00e9j\u00e0 dit la pri\u00e8re des p\u00e9cheurs (d\u00e9tourn\u00e9s et repentis de tout p\u00e9ch\u00e9) et ont re\u00e7u leur Esprit n\u00e9 de nouveau qui a \u00e9t\u00e9 achet\u00e9 pour eux par le sang de l&#039;Agneau. Tout ce que nous traitons est spirituel. Ainsi, nos intentions ne doivent \u00eatre correctement comprises qu&#039;apr\u00e8s que vous ayez \u00e9t\u00e9 spirituellement \u00abn\u00e9 de nouveau\u00bb (\u00e0 moins que Dieu ne vous appelle d&#039;une mani\u00e8re ou d&#039;une autre vraiment \u00e0 ces v\u00e9rit\u00e9s et \u00e0 la connaissance salvifique de J\u00e9sus et de ses lois. Toute la cr\u00e9ation convient que sa loi est bonne). Nous conseillons \u00e0 tous ceux qui ne sont pas croyants de se convertir dans votre \u00e9glise chr\u00e9tienne locale la plus proche (qui enseigne la Bible) avant de poursuivre la lecture. Vous pouvez \u00e9galement consulter notre section \u00abnouveaux croyants\u00bb pour plus d&#039;informations sur le don de votre vie au Christ. Dites la pri\u00e8re des p\u00e9cheurs aujourd&#039;hui et d\u00e9tournez-vous de tout p\u00e9ch\u00e9 de tout votre c\u0153ur, pour revenir greff\u00e9 \u00e0 Ses merveilleuses lois de libert\u00e9 pour toute l&#039;humanit\u00e9.<\/p>\n<p>Si vous \u00eates un nouveau croyant, veuillez appeler le 714-983-6968 pour prier avec un ministre. Ou utilisez notre &quot;<a href=\"http:\/\/christsassembly.com\/assemblies\/contact\/\">page de contact<\/a>\u00bbPour prendre rendez-vous. Il y a<a href=\"http:\/\/christsassembly.com\/2016\/02\/categories-of-church-members\/\"> plusieurs sages de l&#039;adh\u00e9sion<\/a>. Si vous ne parvenez pas \u00e0 trouver une assembl\u00e9e qui adore le sabbat et enseigne les commandements, veuillez \u00e9couter nos mp3 jusqu&#039;\u00e0 ce que vous en trouviez un. Notez \u00e9galement que nous aidons \u00e0 <a href=\"http:\/\/christsassembly.com\/2015\/09\/assemblies\/\">d\u00e9marrer de nouveaux assemblages tout le temps<\/a>.<\/p>\n<p>&nbsp;<\/p>","protected":false},"excerpt":{"rendered":"<p>Evangelistic Seminars of the Christ&#8217;s Assembly are made in a format for reaching new believers on inquirers to find the saving work of Jesus Christ in their lives. These can be tailored to a specific topic, area, region or purpose. We welcome all sorts of speaking platforms, from open air venues, to concert halls, to [&hellip;]<\/p>\n","protected":false},"author":1,"featured_media":0,"parent":0,"menu_order":0,"comment_status":"open","ping_status":"closed","template":"","meta":{"seo_booster_metabox":"","footnotes":""},"class_list":["post-709","page","type-page","status-publish","hentry"],"yoast_head":"<!-- This site is optimized with the Yoast SEO plugin v27.2 - https:\/\/yoast.com\/product\/yoast-seo-wordpress\/ -->\n<title>Evangelistic Seminars - Watchman News<\/title>\n<meta name=\"robots\" content=\"index, follow, max-snippet:-1, max-image-preview:large, max-video-preview:-1\" \/>\n<link rel=\"canonical\" href=\"https:\/\/watchman.news\/fr\/evangelism\/\" \/>\n<meta property=\"og:locale\" content=\"fr_FR\" \/>\n<meta property=\"og:type\" content=\"article\" \/>\n<meta property=\"og:title\" content=\"Evangelistic Seminars - Watchman News\" \/>\n<meta property=\"og:description\" content=\"Evangelistic Seminars of the Christ&#8217;s Assembly are made in a format for reaching new believers on inquirers to find the saving work of Jesus Christ in their lives. These can be tailored to a specific topic, area, region or purpose. We welcome all sorts of speaking platforms, from open air venues, to concert halls, to [&hellip;]\" \/>\n<meta property=\"og:url\" content=\"https:\/\/watchman.news\/fr\/evangelism\/\" \/>\n<meta property=\"og:site_name\" content=\"Watchman News\" \/>\n<meta property=\"article:modified_time\" content=\"2022-04-19T11:45:05+00:00\" \/>\n<meta name=\"twitter:card\" content=\"summary_large_image\" \/>\n<meta name=\"twitter:label1\" content=\"Dur\u00e9e de lecture estim\u00e9e\" \/>\n\t<meta name=\"twitter:data1\" content=\"4 minutes\" \/>\n<script type=\"application\/ld+json\" class=\"yoast-schema-graph\">{\"@context\":\"https:\/\/schema.org\",\"@graph\":[{\"@type\":\"WebPage\",\"@id\":\"https:\/\/watchman.news\/evangelism\/\",\"url\":\"https:\/\/watchman.news\/evangelism\/\",\"name\":\"Evangelistic Seminars - Watchman News\",\"isPartOf\":{\"@id\":\"https:\/\/watchman.news\/#website\"},\"datePublished\":\"2013-02-21T15:29:30+00:00\",\"dateModified\":\"2022-04-19T11:45:05+00:00\",\"breadcrumb\":{\"@id\":\"https:\/\/watchman.news\/evangelism\/#breadcrumb\"},\"inLanguage\":\"fr-FR\",\"potentialAction\":[{\"@type\":\"ReadAction\",\"target\":[\"https:\/\/watchman.news\/evangelism\/\"]}]},{\"@type\":\"BreadcrumbList\",\"@id\":\"https:\/\/watchman.news\/evangelism\/#breadcrumb\",\"itemListElement\":[{\"@type\":\"ListItem\",\"position\":1,\"name\":\"Home\",\"item\":\"https:\/\/watchman.news\/\"},{\"@type\":\"ListItem\",\"position\":2,\"name\":\"Evangelistic Seminars\"}]},{\"@type\":\"WebSite\",\"@id\":\"https:\/\/watchman.news\/#website\",\"url\":\"https:\/\/watchman.news\/\",\"name\":\"Watchman News\",\"description\":\"News of Importance for the True Christian Israel\",\"potentialAction\":[{\"@type\":\"SearchAction\",\"target\":{\"@type\":\"EntryPoint\",\"urlTemplate\":\"https:\/\/watchman.news\/?s={search_term_string}\"},\"query-input\":{\"@type\":\"PropertyValueSpecification\",\"valueRequired\":true,\"valueName\":\"search_term_string\"}}],\"inLanguage\":\"fr-FR\"}]}<\/script>\n<!-- \/ Yoast SEO plugin. -->","yoast_head_json":{"title":"Evangelistic Seminars - Watchman News","robots":{"index":"index","follow":"follow","max-snippet":"max-snippet:-1","max-image-preview":"max-image-preview:large","max-video-preview":"max-video-preview:-1"},"canonical":"https:\/\/watchman.news\/fr\/evangelism\/","og_locale":"fr_FR","og_type":"article","og_title":"Evangelistic Seminars - Watchman News","og_description":"Evangelistic Seminars of the Christ&#8217;s Assembly are made in a format for reaching new believers on inquirers to find the saving work of Jesus Christ in their lives. These can be tailored to a specific topic, area, region or purpose. We welcome all sorts of speaking platforms, from open air venues, to concert halls, to [&hellip;]","og_url":"https:\/\/watchman.news\/fr\/evangelism\/","og_site_name":"Watchman News","article_modified_time":"2022-04-19T11:45:05+00:00","twitter_card":"summary_large_image","twitter_misc":{"Dur\u00e9e de lecture estim\u00e9e":"4 minutes"},"schema":{"@context":"https:\/\/schema.org","@graph":[{"@type":"WebPage","@id":"https:\/\/watchman.news\/evangelism\/","url":"https:\/\/watchman.news\/evangelism\/","name":"Evangelistic Seminars - Watchman News","isPartOf":{"@id":"https:\/\/watchman.news\/#website"},"datePublished":"2013-02-21T15:29:30+00:00","dateModified":"2022-04-19T11:45:05+00:00","breadcrumb":{"@id":"https:\/\/watchman.news\/evangelism\/#breadcrumb"},"inLanguage":"fr-FR","potentialAction":[{"@type":"ReadAction","target":["https:\/\/watchman.news\/evangelism\/"]}]},{"@type":"BreadcrumbList","@id":"https:\/\/watchman.news\/evangelism\/#breadcrumb","itemListElement":[{"@type":"ListItem","position":1,"name":"Home","item":"https:\/\/watchman.news\/"},{"@type":"ListItem","position":2,"name":"Evangelistic Seminars"}]},{"@type":"WebSite","@id":"https:\/\/watchman.news\/#website","url":"https:\/\/watchman.news\/","name":"Actualit\u00e9s Watchman","description":"News of Importance for the True Christian Israel","potentialAction":[{"@type":"SearchAction","target":{"@type":"EntryPoint","urlTemplate":"https:\/\/watchman.news\/?s={search_term_string}"},"query-input":{"@type":"PropertyValueSpecification","valueRequired":true,"valueName":"search_term_string"}}],"inLanguage":"fr-FR"}]}},"_links":{"self":[{"href":"https:\/\/watchman.news\/fr\/wp-json\/wp\/v2\/pages\/709","targetHints":{"allow":["GET"]}}],"collection":[{"href":"https:\/\/watchman.news\/fr\/wp-json\/wp\/v2\/pages"}],"about":[{"href":"https:\/\/watchman.news\/fr\/wp-json\/wp\/v2\/types\/page"}],"author":[{"embeddable":true,"href":"https:\/\/watchman.news\/fr\/wp-json\/wp\/v2\/users\/1"}],"replies":[{"embeddable":true,"href":"https:\/\/watchman.news\/fr\/wp-json\/wp\/v2\/comments?post=709"}],"version-history":[{"count":0,"href":"https:\/\/watchman.news\/fr\/wp-json\/wp\/v2\/pages\/709\/revisions"}],"wp:attachment":[{"href":"https:\/\/watchman.news\/fr\/wp-json\/wp\/v2\/media?parent=709"}],"curies":[{"name":"wp","href":"https:\/\/api.w.org\/{rel}","templated":true}]}}