{"id":753,"date":"2013-02-21T21:14:36","date_gmt":"2013-02-21T21:14:36","guid":{"rendered":"http:\/\/christsassembly.com\/?page_id=753"},"modified":"2022-04-19T13:51:41","modified_gmt":"2022-04-19T13:51:41","slug":"gods-scientific-law","status":"publish","type":"page","link":"https:\/\/watchman.news\/fr\/evangelism\/gods-scientific-law\/","title":{"rendered":"La loi scientifique de Dieu"},"content":{"rendered":"<p><strong><strong>S\u00e9minaires pour votre r\u00e9gion sur<\/strong> \u00abLa loi de Dieu est scientifique\u00bb et pourquoi nous avons besoin de J\u00e9sus<\/strong><\/p>\n<p>&nbsp;<\/p>\n<p>TCAWW organise des s\u00e9minaires d&#039;\u00e9vang\u00e9lisation sur le th\u00e8me de la loi de Dieu \u00e9tant scientifique.<\/p>\n<p>\u00c9coutez une introduction de motivation sur ce sujet par le r\u00e9v\u00e9rend Stephen Michael (MP3): <a href=\"http:\/\/recordings.talkshoe.com\/TC-73940\/TS-451997.mp3\">La loi de Dieu est scientifique<\/a><\/p>\n<p>TCAWW est ouvert au r\u00e9seautage dans le cadre de s\u00e9minaires de conf\u00e9rence combin\u00e9s, et serait heureux d&#039;apporter ce sujet \u00e0 votre lieu.<\/p>\n<p>GRANDES CONF\u00c9RENCES POUR LE GRAND PUBLIC <a href=\"http:\/\/christsassembly.com\/evangelism\/gods-scientific-law\/gods-law-is-scientific\/\">Cliquez ici<\/a><\/p>","protected":false},"excerpt":{"rendered":"<p>Seminars for your local area on \u201cGod\u2019s Law is Scientific\u201d and Why We Need Jesus &nbsp; TCAWW holds evangelistic seminars on the topic of God\u2019s law being scientific. Listen to a motivational introduction on this topic by Rev Stephen Michael (MP3): God\u2019s Law is Scientific TCAWW is open to network in combined speaking seminars, and [&hellip;]<\/p>\n","protected":false},"author":1,"featured_media":0,"parent":709,"menu_order":0,"comment_status":"open","ping_status":"closed","template":"","meta":{"seo_booster_metabox":"","footnotes":""},"class_list":["post-753","page","type-page","status-publish","hentry"],"yoast_head":"<!-- This site is optimized with the Yoast SEO plugin v27.2 - https:\/\/yoast.com\/product\/yoast-seo-wordpress\/ -->\n<title>God&#039;s Scientific Law - Watchman News<\/title>\n<meta name=\"robots\" content=\"index, follow, max-snippet:-1, max-image-preview:large, max-video-preview:-1\" \/>\n<link rel=\"canonical\" href=\"https:\/\/watchman.news\/fr\/evangelism\/gods-scientific-law\/\" \/>\n<meta property=\"og:locale\" content=\"fr_FR\" \/>\n<meta property=\"og:type\" content=\"article\" \/>\n<meta property=\"og:title\" content=\"God&#039;s Scientific Law - Watchman News\" \/>\n<meta property=\"og:description\" content=\"Seminars for your local area on \u201cGod\u2019s Law is Scientific\u201d and Why We Need Jesus &nbsp; TCAWW holds evangelistic seminars on the topic of God\u2019s law being scientific. Listen to a motivational introduction on this topic by Rev Stephen Michael (MP3): God\u2019s Law is Scientific TCAWW is open to network in combined speaking seminars, and [&hellip;]\" \/>\n<meta property=\"og:url\" content=\"https:\/\/watchman.news\/fr\/evangelism\/gods-scientific-law\/\" \/>\n<meta property=\"og:site_name\" content=\"Watchman News\" \/>\n<meta property=\"article:modified_time\" content=\"2022-04-19T13:51:41+00:00\" \/>\n<meta name=\"twitter:card\" content=\"summary_large_image\" \/>\n<script type=\"application\/ld+json\" class=\"yoast-schema-graph\">{\"@context\":\"https:\/\/schema.org\",\"@graph\":[{\"@type\":\"WebPage\",\"@id\":\"https:\/\/watchman.news\/evangelism\/gods-scientific-law\/\",\"url\":\"https:\/\/watchman.news\/evangelism\/gods-scientific-law\/\",\"name\":\"God's Scientific Law - Watchman News\",\"isPartOf\":{\"@id\":\"https:\/\/watchman.news\/#website\"},\"datePublished\":\"2013-02-21T21:14:36+00:00\",\"dateModified\":\"2022-04-19T13:51:41+00:00\",\"breadcrumb\":{\"@id\":\"https:\/\/watchman.news\/evangelism\/gods-scientific-law\/#breadcrumb\"},\"inLanguage\":\"fr-FR\",\"potentialAction\":[{\"@type\":\"ReadAction\",\"target\":[\"https:\/\/watchman.news\/evangelism\/gods-scientific-law\/\"]}]},{\"@type\":\"BreadcrumbList\",\"@id\":\"https:\/\/watchman.news\/evangelism\/gods-scientific-law\/#breadcrumb\",\"itemListElement\":[{\"@type\":\"ListItem\",\"position\":1,\"name\":\"Home\",\"item\":\"https:\/\/watchman.news\/\"},{\"@type\":\"ListItem\",\"position\":2,\"name\":\"Evangelistic Seminars\",\"item\":\"https:\/\/watchman.news\/evangelism\/\"},{\"@type\":\"ListItem\",\"position\":3,\"name\":\"God&#8217;s Scientific Law\"}]},{\"@type\":\"WebSite\",\"@id\":\"https:\/\/watchman.news\/#website\",\"url\":\"https:\/\/watchman.news\/\",\"name\":\"Watchman News\",\"description\":\"News of Importance for the True Christian Israel\",\"potentialAction\":[{\"@type\":\"SearchAction\",\"target\":{\"@type\":\"EntryPoint\",\"urlTemplate\":\"https:\/\/watchman.news\/?s={search_term_string}\"},\"query-input\":{\"@type\":\"PropertyValueSpecification\",\"valueRequired\":true,\"valueName\":\"search_term_string\"}}],\"inLanguage\":\"fr-FR\"}]}<\/script>\n<!-- \/ Yoast SEO plugin. -->","yoast_head_json":{"title":"God's Scientific Law - Watchman News","robots":{"index":"index","follow":"follow","max-snippet":"max-snippet:-1","max-image-preview":"max-image-preview:large","max-video-preview":"max-video-preview:-1"},"canonical":"https:\/\/watchman.news\/fr\/evangelism\/gods-scientific-law\/","og_locale":"fr_FR","og_type":"article","og_title":"God's Scientific Law - Watchman News","og_description":"Seminars for your local area on \u201cGod\u2019s Law is Scientific\u201d and Why We Need Jesus &nbsp; TCAWW holds evangelistic seminars on the topic of God\u2019s law being scientific. Listen to a motivational introduction on this topic by Rev Stephen Michael (MP3): God\u2019s Law is Scientific TCAWW is open to network in combined speaking seminars, and [&hellip;]","og_url":"https:\/\/watchman.news\/fr\/evangelism\/gods-scientific-law\/","og_site_name":"Watchman News","article_modified_time":"2022-04-19T13:51:41+00:00","twitter_card":"summary_large_image","schema":{"@context":"https:\/\/schema.org","@graph":[{"@type":"WebPage","@id":"https:\/\/watchman.news\/evangelism\/gods-scientific-law\/","url":"https:\/\/watchman.news\/evangelism\/gods-scientific-law\/","name":"God's Scientific Law - Watchman News","isPartOf":{"@id":"https:\/\/watchman.news\/#website"},"datePublished":"2013-02-21T21:14:36+00:00","dateModified":"2022-04-19T13:51:41+00:00","breadcrumb":{"@id":"https:\/\/watchman.news\/evangelism\/gods-scientific-law\/#breadcrumb"},"inLanguage":"fr-FR","potentialAction":[{"@type":"ReadAction","target":["https:\/\/watchman.news\/evangelism\/gods-scientific-law\/"]}]},{"@type":"BreadcrumbList","@id":"https:\/\/watchman.news\/evangelism\/gods-scientific-law\/#breadcrumb","itemListElement":[{"@type":"ListItem","position":1,"name":"Home","item":"https:\/\/watchman.news\/"},{"@type":"ListItem","position":2,"name":"Evangelistic Seminars","item":"https:\/\/watchman.news\/evangelism\/"},{"@type":"ListItem","position":3,"name":"God&#8217;s Scientific Law"}]},{"@type":"WebSite","@id":"https:\/\/watchman.news\/#website","url":"https:\/\/watchman.news\/","name":"Actualit\u00e9s Watchman","description":"News of Importance for the True Christian Israel","potentialAction":[{"@type":"SearchAction","target":{"@type":"EntryPoint","urlTemplate":"https:\/\/watchman.news\/?s={search_term_string}"},"query-input":{"@type":"PropertyValueSpecification","valueRequired":true,"valueName":"search_term_string"}}],"inLanguage":"fr-FR"}]}},"_links":{"self":[{"href":"https:\/\/watchman.news\/fr\/wp-json\/wp\/v2\/pages\/753","targetHints":{"allow":["GET"]}}],"collection":[{"href":"https:\/\/watchman.news\/fr\/wp-json\/wp\/v2\/pages"}],"about":[{"href":"https:\/\/watchman.news\/fr\/wp-json\/wp\/v2\/types\/page"}],"author":[{"embeddable":true,"href":"https:\/\/watchman.news\/fr\/wp-json\/wp\/v2\/users\/1"}],"replies":[{"embeddable":true,"href":"https:\/\/watchman.news\/fr\/wp-json\/wp\/v2\/comments?post=753"}],"version-history":[{"count":0,"href":"https:\/\/watchman.news\/fr\/wp-json\/wp\/v2\/pages\/753\/revisions"}],"up":[{"embeddable":true,"href":"https:\/\/watchman.news\/fr\/wp-json\/wp\/v2\/pages\/709"}],"wp:attachment":[{"href":"https:\/\/watchman.news\/fr\/wp-json\/wp\/v2\/media?parent=753"}],"curies":[{"name":"wp","href":"https:\/\/api.w.org\/{rel}","templated":true}]}}