{"id":761,"date":"2013-02-21T21:18:10","date_gmt":"2013-02-21T21:18:10","guid":{"rendered":"http:\/\/christsassembly.com\/?page_id=761"},"modified":"2022-04-19T08:31:02","modified_gmt":"2022-04-19T08:31:02","slug":"repentance","status":"publish","type":"page","link":"https:\/\/watchman.news\/fr\/evangelism\/repentance\/","title":{"rendered":"La repentance du p\u00e9ch\u00e9"},"content":{"rendered":"<p><strong>S\u00e9minaires pour votre r\u00e9gion sur \u00abLa repentance du p\u00e9ch\u00e9\u00bb.<\/strong><\/p>\n<p>L&#039;un des sujets les plus discut\u00e9s de cette g\u00e9n\u00e9ration.<\/p>\n<p>Le r\u00e9v\u00e9rend Stephen Michael, \u00e9tant un pr\u00e9dicateur fougueux sur le sujet, continuera \u00e0 amener de nombreuses \u00e2mes \u00e0 J\u00e9sus pour la repentance. La confession du p\u00e9ch\u00e9 et la repentance compl\u00e8te du p\u00e9ch\u00e9 proc\u00e8dent du pardon. Nous devons d\u00e9tourner les gens de l&#039;erreur du p\u00e9ch\u00e9. Il n&#039;y a pas de p\u00e9ch\u00e9s que nous devons sauter et laisser sans discussion. Notre roi nous a dit de proclamer toute sa v\u00e9rit\u00e9, peu importe combien de personnes menacent de nous lapider.<\/p>\n<p>TCAWW est ouvert au r\u00e9seautage dans le cadre de s\u00e9minaires de conf\u00e9rence combin\u00e9s, et serait heureux d&#039;apporter ce sujet \u00e0 votre lieu.<\/p>\n<p>GRANDES CONF\u00c9RENCES POUR LE GRAND PUBLIC <a href=\"http:\/\/christsassembly.com\/evangelism\/gods-scientific-law\/gods-law-is-scientific\/\">Cliquez ici<\/a><\/p>","protected":false},"excerpt":{"rendered":"<p>Seminars for your local area on &#8220;Repentance From Sin&#8221;. One of the most under discussed topics of this generation. Reverend Stephen Michael being a fiery preacher on the topic will continue to bring many souls to Jesus for repentance. Confession of sin and complete repentance from the sin proceeds forgiveness. We are to turn people [&hellip;]<\/p>\n","protected":false},"author":1,"featured_media":0,"parent":709,"menu_order":0,"comment_status":"open","ping_status":"closed","template":"","meta":{"seo_booster_metabox":"","footnotes":""},"class_list":["post-761","page","type-page","status-publish","hentry"],"yoast_head":"<!-- This site is optimized with the Yoast SEO plugin v27.2 - https:\/\/yoast.com\/product\/yoast-seo-wordpress\/ -->\n<title>Repentance From Sin - Watchman News<\/title>\n<meta name=\"robots\" content=\"index, follow, max-snippet:-1, max-image-preview:large, max-video-preview:-1\" \/>\n<link rel=\"canonical\" href=\"https:\/\/watchman.news\/fr\/evangelism\/repentance\/\" \/>\n<meta property=\"og:locale\" content=\"fr_FR\" \/>\n<meta property=\"og:type\" content=\"article\" \/>\n<meta property=\"og:title\" content=\"Repentance From Sin - Watchman News\" \/>\n<meta property=\"og:description\" content=\"Seminars for your local area on &#8220;Repentance From Sin&#8221;. One of the most under discussed topics of this generation. Reverend Stephen Michael being a fiery preacher on the topic will continue to bring many souls to Jesus for repentance. Confession of sin and complete repentance from the sin proceeds forgiveness. We are to turn people [&hellip;]\" \/>\n<meta property=\"og:url\" content=\"https:\/\/watchman.news\/fr\/evangelism\/repentance\/\" \/>\n<meta property=\"og:site_name\" content=\"Watchman News\" \/>\n<meta property=\"article:modified_time\" content=\"2022-04-19T08:31:02+00:00\" \/>\n<meta name=\"twitter:card\" content=\"summary_large_image\" \/>\n<meta name=\"twitter:label1\" content=\"Dur\u00e9e de lecture estim\u00e9e\" \/>\n\t<meta name=\"twitter:data1\" content=\"1 minute\" \/>\n<script type=\"application\/ld+json\" class=\"yoast-schema-graph\">{\"@context\":\"https:\/\/schema.org\",\"@graph\":[{\"@type\":\"WebPage\",\"@id\":\"https:\/\/watchman.news\/evangelism\/repentance\/\",\"url\":\"https:\/\/watchman.news\/evangelism\/repentance\/\",\"name\":\"Repentance From Sin - Watchman News\",\"isPartOf\":{\"@id\":\"https:\/\/watchman.news\/#website\"},\"datePublished\":\"2013-02-21T21:18:10+00:00\",\"dateModified\":\"2022-04-19T08:31:02+00:00\",\"breadcrumb\":{\"@id\":\"https:\/\/watchman.news\/evangelism\/repentance\/#breadcrumb\"},\"inLanguage\":\"fr-FR\",\"potentialAction\":[{\"@type\":\"ReadAction\",\"target\":[\"https:\/\/watchman.news\/evangelism\/repentance\/\"]}]},{\"@type\":\"BreadcrumbList\",\"@id\":\"https:\/\/watchman.news\/evangelism\/repentance\/#breadcrumb\",\"itemListElement\":[{\"@type\":\"ListItem\",\"position\":1,\"name\":\"Home\",\"item\":\"https:\/\/watchman.news\/\"},{\"@type\":\"ListItem\",\"position\":2,\"name\":\"Evangelistic Seminars\",\"item\":\"https:\/\/watchman.news\/evangelism\/\"},{\"@type\":\"ListItem\",\"position\":3,\"name\":\"Repentance From Sin\"}]},{\"@type\":\"WebSite\",\"@id\":\"https:\/\/watchman.news\/#website\",\"url\":\"https:\/\/watchman.news\/\",\"name\":\"Watchman News\",\"description\":\"News of Importance for the True Christian Israel\",\"potentialAction\":[{\"@type\":\"SearchAction\",\"target\":{\"@type\":\"EntryPoint\",\"urlTemplate\":\"https:\/\/watchman.news\/?s={search_term_string}\"},\"query-input\":{\"@type\":\"PropertyValueSpecification\",\"valueRequired\":true,\"valueName\":\"search_term_string\"}}],\"inLanguage\":\"fr-FR\"}]}<\/script>\n<!-- \/ Yoast SEO plugin. -->","yoast_head_json":{"title":"Repentance From Sin - Watchman News","robots":{"index":"index","follow":"follow","max-snippet":"max-snippet:-1","max-image-preview":"max-image-preview:large","max-video-preview":"max-video-preview:-1"},"canonical":"https:\/\/watchman.news\/fr\/evangelism\/repentance\/","og_locale":"fr_FR","og_type":"article","og_title":"Repentance From Sin - Watchman News","og_description":"Seminars for your local area on &#8220;Repentance From Sin&#8221;. One of the most under discussed topics of this generation. Reverend Stephen Michael being a fiery preacher on the topic will continue to bring many souls to Jesus for repentance. Confession of sin and complete repentance from the sin proceeds forgiveness. We are to turn people [&hellip;]","og_url":"https:\/\/watchman.news\/fr\/evangelism\/repentance\/","og_site_name":"Watchman News","article_modified_time":"2022-04-19T08:31:02+00:00","twitter_card":"summary_large_image","twitter_misc":{"Dur\u00e9e de lecture estim\u00e9e":"1 minute"},"schema":{"@context":"https:\/\/schema.org","@graph":[{"@type":"WebPage","@id":"https:\/\/watchman.news\/evangelism\/repentance\/","url":"https:\/\/watchman.news\/evangelism\/repentance\/","name":"Repentance From Sin - Watchman News","isPartOf":{"@id":"https:\/\/watchman.news\/#website"},"datePublished":"2013-02-21T21:18:10+00:00","dateModified":"2022-04-19T08:31:02+00:00","breadcrumb":{"@id":"https:\/\/watchman.news\/evangelism\/repentance\/#breadcrumb"},"inLanguage":"fr-FR","potentialAction":[{"@type":"ReadAction","target":["https:\/\/watchman.news\/evangelism\/repentance\/"]}]},{"@type":"BreadcrumbList","@id":"https:\/\/watchman.news\/evangelism\/repentance\/#breadcrumb","itemListElement":[{"@type":"ListItem","position":1,"name":"Home","item":"https:\/\/watchman.news\/"},{"@type":"ListItem","position":2,"name":"Evangelistic Seminars","item":"https:\/\/watchman.news\/evangelism\/"},{"@type":"ListItem","position":3,"name":"Repentance From Sin"}]},{"@type":"WebSite","@id":"https:\/\/watchman.news\/#website","url":"https:\/\/watchman.news\/","name":"Actualit\u00e9s Watchman","description":"News of Importance for the True Christian Israel","potentialAction":[{"@type":"SearchAction","target":{"@type":"EntryPoint","urlTemplate":"https:\/\/watchman.news\/?s={search_term_string}"},"query-input":{"@type":"PropertyValueSpecification","valueRequired":true,"valueName":"search_term_string"}}],"inLanguage":"fr-FR"}]}},"_links":{"self":[{"href":"https:\/\/watchman.news\/fr\/wp-json\/wp\/v2\/pages\/761","targetHints":{"allow":["GET"]}}],"collection":[{"href":"https:\/\/watchman.news\/fr\/wp-json\/wp\/v2\/pages"}],"about":[{"href":"https:\/\/watchman.news\/fr\/wp-json\/wp\/v2\/types\/page"}],"author":[{"embeddable":true,"href":"https:\/\/watchman.news\/fr\/wp-json\/wp\/v2\/users\/1"}],"replies":[{"embeddable":true,"href":"https:\/\/watchman.news\/fr\/wp-json\/wp\/v2\/comments?post=761"}],"version-history":[{"count":0,"href":"https:\/\/watchman.news\/fr\/wp-json\/wp\/v2\/pages\/761\/revisions"}],"up":[{"embeddable":true,"href":"https:\/\/watchman.news\/fr\/wp-json\/wp\/v2\/pages\/709"}],"wp:attachment":[{"href":"https:\/\/watchman.news\/fr\/wp-json\/wp\/v2\/media?parent=761"}],"curies":[{"name":"wp","href":"https:\/\/api.w.org\/{rel}","templated":true}]}}