{"id":763,"date":"2013-02-21T21:18:50","date_gmt":"2013-02-21T21:18:50","guid":{"rendered":"http:\/\/christsassembly.com\/?page_id=763"},"modified":"2022-04-19T15:57:03","modified_gmt":"2022-04-19T15:57:03","slug":"intact-bible","status":"publish","type":"page","link":"https:\/\/watchman.news\/fr\/evangelism\/intact-bible\/","title":{"rendered":"The Divinely Preserved Word of God in KJV"},"content":{"rendered":"<p><strong>Seminars for your local area on &#8220;The Divinely Preserved Word of God in KJV&#8221;.<\/strong><\/p>\n<p>Chaque croyant peut lire la parole de Dieu avec une totale confiance et assurance qu&#039;il d\u00e9tient la parole authentique et parfaite de Dieu.<\/p>\n<p>Dieu tout-puissant dans le ciel a parfaitement pr\u00e9serv\u00e9 sa parole pour le peuple de son alliance dans les textes originaux h\u00e9breux, grecs et aram\u00e9ens. Des centaines d&#039;exemplaires vieux de pr\u00e8s de 2000 ans correspondent \u00e0 tous les exemplaires \u00e0 travers les \u00e2ges jusqu&#039;\u00e0 aujourd&#039;hui. Nous montrons ensuite comment 99% est rest\u00e9 parfaitement intact. Les 1% restants n&#039;\u00e9tant que des signes de ponctuation mineurs, des pluriels et des singuliers, des virgules et des points.<\/p>\n<p>La version King James \u00e9tant bas\u00e9e sur les meilleurs manuscrits h\u00e9breux et grecs est pr\u00e9conis\u00e9e comme \u00e9tant le texte principal qui devrait \u00eatre utilis\u00e9 par chaque croyant. Cependant, pour une compr\u00e9hension approfondie et des d\u00e9finitions de mots, il existe divers outils d&#039;\u00e9tude de mots h\u00e9breux et grecs que nous vous recommandons et vous apprendrons \u00e0 utiliser.<\/p>\n<p>TCAWW est ouvert au r\u00e9seautage dans le cadre de s\u00e9minaires de conf\u00e9rence combin\u00e9s, et serait heureux d&#039;apporter ce sujet \u00e0 votre lieu.<\/p>\n<p>We have hundreds of booklets and tracts available on the topic <a href=\"https:\/\/watchman.news\/fr\/tag\/god-preserves-his-word-in-kjv\/\">KJV is the preserved word of God<\/a>.<\/p>\n<p>We are planning larger conferences from the general public <a href=\"http:\/\/celticorthodoxy.com\/evangelism\/gods-scientific-law\/gods-law-is-scientific\/\">Cliquez ici<\/a><\/p>","protected":false},"excerpt":{"rendered":"<p>Seminars for your local area on &#8220;The Divinely Preserved Word of God in KJV&#8221;. Every believer can read the word of God in total confidence and assurance they hold the authentic and perfect word of God. Almighty God in heaven has perfectly preserved His word for His covenant people in the Hebrew, Greek and Aramaic [&hellip;]<\/p>\n","protected":false},"author":1,"featured_media":0,"parent":709,"menu_order":0,"comment_status":"open","ping_status":"closed","template":"","meta":{"seo_booster_metabox":"","footnotes":""},"class_list":["post-763","page","type-page","status-publish","hentry"],"yoast_head":"<!-- This site is optimized with the Yoast SEO plugin v27.2 - https:\/\/yoast.com\/product\/yoast-seo-wordpress\/ -->\n<title>The Divinely Preserved Word of God in KJV - Watchman News<\/title>\n<meta name=\"robots\" content=\"index, follow, max-snippet:-1, max-image-preview:large, max-video-preview:-1\" \/>\n<link rel=\"canonical\" href=\"https:\/\/watchman.news\/fr\/evangelism\/intact-bible\/\" \/>\n<meta property=\"og:locale\" content=\"fr_FR\" \/>\n<meta property=\"og:type\" content=\"article\" \/>\n<meta property=\"og:title\" content=\"The Divinely Preserved Word of God in KJV - Watchman News\" \/>\n<meta property=\"og:description\" content=\"Seminars for your local area on &#8220;The Divinely Preserved Word of God in KJV&#8221;. Every believer can read the word of God in total confidence and assurance they hold the authentic and perfect word of God. Almighty God in heaven has perfectly preserved His word for His covenant people in the Hebrew, Greek and Aramaic [&hellip;]\" \/>\n<meta property=\"og:url\" content=\"https:\/\/watchman.news\/fr\/evangelism\/intact-bible\/\" \/>\n<meta property=\"og:site_name\" content=\"Watchman News\" \/>\n<meta property=\"article:modified_time\" content=\"2022-04-19T15:57:03+00:00\" \/>\n<meta name=\"twitter:card\" content=\"summary_large_image\" \/>\n<meta name=\"twitter:label1\" content=\"Dur\u00e9e de lecture estim\u00e9e\" \/>\n\t<meta name=\"twitter:data1\" content=\"1 minute\" \/>\n<script type=\"application\/ld+json\" class=\"yoast-schema-graph\">{\"@context\":\"https:\/\/schema.org\",\"@graph\":[{\"@type\":\"WebPage\",\"@id\":\"https:\/\/watchman.news\/evangelism\/intact-bible\/\",\"url\":\"https:\/\/watchman.news\/evangelism\/intact-bible\/\",\"name\":\"The Divinely Preserved Word of God in KJV - Watchman News\",\"isPartOf\":{\"@id\":\"https:\/\/watchman.news\/#website\"},\"datePublished\":\"2013-02-21T21:18:50+00:00\",\"dateModified\":\"2022-04-19T15:57:03+00:00\",\"breadcrumb\":{\"@id\":\"https:\/\/watchman.news\/evangelism\/intact-bible\/#breadcrumb\"},\"inLanguage\":\"fr-FR\",\"potentialAction\":[{\"@type\":\"ReadAction\",\"target\":[\"https:\/\/watchman.news\/evangelism\/intact-bible\/\"]}]},{\"@type\":\"BreadcrumbList\",\"@id\":\"https:\/\/watchman.news\/evangelism\/intact-bible\/#breadcrumb\",\"itemListElement\":[{\"@type\":\"ListItem\",\"position\":1,\"name\":\"Home\",\"item\":\"https:\/\/watchman.news\/\"},{\"@type\":\"ListItem\",\"position\":2,\"name\":\"Evangelistic Seminars\",\"item\":\"https:\/\/watchman.news\/evangelism\/\"},{\"@type\":\"ListItem\",\"position\":3,\"name\":\"The Divinely Preserved Word of God in KJV\"}]},{\"@type\":\"WebSite\",\"@id\":\"https:\/\/watchman.news\/#website\",\"url\":\"https:\/\/watchman.news\/\",\"name\":\"Watchman News\",\"description\":\"News of Importance for the True Christian Israel\",\"potentialAction\":[{\"@type\":\"SearchAction\",\"target\":{\"@type\":\"EntryPoint\",\"urlTemplate\":\"https:\/\/watchman.news\/?s={search_term_string}\"},\"query-input\":{\"@type\":\"PropertyValueSpecification\",\"valueRequired\":true,\"valueName\":\"search_term_string\"}}],\"inLanguage\":\"fr-FR\"}]}<\/script>\n<!-- \/ Yoast SEO plugin. -->","yoast_head_json":{"title":"The Divinely Preserved Word of God in KJV - Watchman News","robots":{"index":"index","follow":"follow","max-snippet":"max-snippet:-1","max-image-preview":"max-image-preview:large","max-video-preview":"max-video-preview:-1"},"canonical":"https:\/\/watchman.news\/fr\/evangelism\/intact-bible\/","og_locale":"fr_FR","og_type":"article","og_title":"The Divinely Preserved Word of God in KJV - Watchman News","og_description":"Seminars for your local area on &#8220;The Divinely Preserved Word of God in KJV&#8221;. Every believer can read the word of God in total confidence and assurance they hold the authentic and perfect word of God. Almighty God in heaven has perfectly preserved His word for His covenant people in the Hebrew, Greek and Aramaic [&hellip;]","og_url":"https:\/\/watchman.news\/fr\/evangelism\/intact-bible\/","og_site_name":"Watchman News","article_modified_time":"2022-04-19T15:57:03+00:00","twitter_card":"summary_large_image","twitter_misc":{"Dur\u00e9e de lecture estim\u00e9e":"1 minute"},"schema":{"@context":"https:\/\/schema.org","@graph":[{"@type":"WebPage","@id":"https:\/\/watchman.news\/evangelism\/intact-bible\/","url":"https:\/\/watchman.news\/evangelism\/intact-bible\/","name":"The Divinely Preserved Word of God in KJV - Watchman News","isPartOf":{"@id":"https:\/\/watchman.news\/#website"},"datePublished":"2013-02-21T21:18:50+00:00","dateModified":"2022-04-19T15:57:03+00:00","breadcrumb":{"@id":"https:\/\/watchman.news\/evangelism\/intact-bible\/#breadcrumb"},"inLanguage":"fr-FR","potentialAction":[{"@type":"ReadAction","target":["https:\/\/watchman.news\/evangelism\/intact-bible\/"]}]},{"@type":"BreadcrumbList","@id":"https:\/\/watchman.news\/evangelism\/intact-bible\/#breadcrumb","itemListElement":[{"@type":"ListItem","position":1,"name":"Home","item":"https:\/\/watchman.news\/"},{"@type":"ListItem","position":2,"name":"Evangelistic Seminars","item":"https:\/\/watchman.news\/evangelism\/"},{"@type":"ListItem","position":3,"name":"The Divinely Preserved Word of God in KJV"}]},{"@type":"WebSite","@id":"https:\/\/watchman.news\/#website","url":"https:\/\/watchman.news\/","name":"Actualit\u00e9s Watchman","description":"News of Importance for the True Christian Israel","potentialAction":[{"@type":"SearchAction","target":{"@type":"EntryPoint","urlTemplate":"https:\/\/watchman.news\/?s={search_term_string}"},"query-input":{"@type":"PropertyValueSpecification","valueRequired":true,"valueName":"search_term_string"}}],"inLanguage":"fr-FR"}]}},"_links":{"self":[{"href":"https:\/\/watchman.news\/fr\/wp-json\/wp\/v2\/pages\/763","targetHints":{"allow":["GET"]}}],"collection":[{"href":"https:\/\/watchman.news\/fr\/wp-json\/wp\/v2\/pages"}],"about":[{"href":"https:\/\/watchman.news\/fr\/wp-json\/wp\/v2\/types\/page"}],"author":[{"embeddable":true,"href":"https:\/\/watchman.news\/fr\/wp-json\/wp\/v2\/users\/1"}],"replies":[{"embeddable":true,"href":"https:\/\/watchman.news\/fr\/wp-json\/wp\/v2\/comments?post=763"}],"version-history":[{"count":0,"href":"https:\/\/watchman.news\/fr\/wp-json\/wp\/v2\/pages\/763\/revisions"}],"up":[{"embeddable":true,"href":"https:\/\/watchman.news\/fr\/wp-json\/wp\/v2\/pages\/709"}],"wp:attachment":[{"href":"https:\/\/watchman.news\/fr\/wp-json\/wp\/v2\/media?parent=763"}],"curies":[{"name":"wp","href":"https:\/\/api.w.org\/{rel}","templated":true}]}}