{"id":671,"date":"2013-02-20T13:13:08","date_gmt":"2013-02-20T13:13:08","guid":{"rendered":"http:\/\/christsassembly.com\/?page_id=671"},"modified":"2025-10-02T05:06:37","modified_gmt":"2025-10-02T05:06:37","slug":"statement-of-fait","status":"publish","type":"page","link":"https:\/\/watchman.news\/nl\/assemblies\/statement-of-fait\/","title":{"rendered":"Overtuigingen"},"content":{"rendered":"<p>Rev Dr Stephen MK Brunswick adopted the following as the standard (simplified version) of our statement of beliefs when he began to lead the Communion services for three assemblies in 2001. You may wish to read more about the <a href=\"https:\/\/celticorthodoxy.com\/2017\/05\/short-history-orthodox-church-of-the-culdees\/\">Korte geschiedenis van de orthodoxe kerk van de Culdees, en ons herstel<\/a><\/p>\r\n<p><a><b>UITSPRAAK<\/b><\/a><b><a> GELOVIG<\/a><\/b><\/p>\r\n<div class=\"diywebMain\">\r\n<div class=\"diywebGutter\">\r\n<div id=\"content_area\">\r\n<div id=\"matrix_1486213204\" class=\"sortable-matrix\" data-matrixid=\"1486213204\">\r\n<div class=\"n diyfeLiveArea\">\r\n<p><strong>GODHEID:<\/strong> Wij geloven in \u00e9\u00e9n echte en eeuwige, zelfbestaande, ongeschapen God wiens naam YAHWEH is, en in de eenheid van Zijn wezen bestaan er drie bestaansvormen van \u00e9\u00e9n essentie: substantie, kracht en eeuwigheid; God de Vader en de Zoon en de Heilige Geest, allemaal \u00e9\u00e9n God, wereld zonder einde.<\/p>\r\n<p><strong>REDDING:<\/strong> Wij geloven in \u00e9\u00e9n Jezus Christus, voor eeuwig verwekt door de Vader, heel God en heel mens, volmaakte God, volmaakte mens, en in deze ene Jezus Christus bestaan twee volmaakte naturen, onafscheidelijk verenigd zonder verdeeldheid, verandering, verwarring of vermenging. Wij geloven dat uitverkiezing is voor het Adamische ras, en redding is door geloof in Jezus Christus. Verlossing is door de verlossende genade van Jezus Christus en niet een beloning voor goede werken. Wij geloven in de maagdelijke geboorte, dood, begrafenis, opstanding, hemelvaart en letterlijke terugkeer van onze Heiland Jezus Christus. Verkiezing was v\u00f3\u00f3r de grondlegging van de wereld door de Vader voorgenomen. Verlossing wordt mogelijk gemaakt door Jezus Christus. Heiliging is door het werk van de Heilige Geest.<\/p>\r\n<p><strong>GOED WERK:<\/strong> Wij geloven dat goede werken het bewijs zijn van onze redding. We houden ons aan de wet, niet om gered te worden, maar omdat we gered zijn. Onze goede werken behoren tot Jezus Christus en worden gemeten in termen van zijn wet. Wij geloven in de tien geboden, in de statuten en oordelen van zijn wet. We houden de Bijbelse sabbat van de zevende dag en de heilige feestdagen, inclusief Pascha, Pinksteren, Trompetten, Grote Verzoendag en Loofhutten. We houden ons aan de dieetwetten, tiendenwetten en alle andere wetten die de Heilige Geest in ons hart en in ons verstand schrijft. Redding is door genade, en goede werken zijn de manier waarop we de race lopen en de kroon winnen.<\/p>\r\n<p><strong>KERK:<\/strong> Wij geloven in de enige ware en levende Kerk van Jezus Christus; de poorten van de hel kunnen de kerk niet overweldigen. Wij zijn van mening dat alle Isra\u00eblieten een kerk moeten zijn en verantwoording af moeten leggen aan de geestelijke regering van de kerk. Wij geloven dat Christus bisschoppen, ouderlingen en diakenen in de kerk heeft geplaatst met een vijfvoudige bediening van apostelen, profeten, evangelisten, voorgangers en leraren.<\/p>\r\n<p><strong>ISRA\u00cbL:<\/strong> Wij geloven dat het bijbelse genetische Isra\u00ebl in Jezus Christus de Kerk is, ge\u00efdentificeerd onder de Angelsaksische, Keltische, Scandinavische, Germaanse en verwante mensen van de wereld. Wij geloven in de letterlijke hergroepering en het herstel van het Huis van Isra\u00ebl in het land dat voor altijd is gedaan aan Vader Abraham en de letterlijke heerschappij en regering van Jezus Christus op de troon van David in een nieuwe hemel en een nieuwe aarde. Wij geloven in alle Verbonden van de Bijbel: deze zijn zowel voorwaardelijk als onvoorwaardelijk en zijn gesloten met Isra\u00ebl.<\/p>\r\n<p><strong>APOSTOLISCHE DOCTRINES:<\/strong> Wij geloven in de christelijke en apostolische doctrines van de kerk zoals deze zijn opgebouwd uit de apostelen en de geloofsbelijdenissen van Nicea.<\/p>\r\n<p><strong>SACRAMENTEN:<\/strong> Wij geloven in de zeven historische sacramenten van de kerk, waaronder: heilige doop, boete, communie, bevestiging, huwelijk, zalving voor de zieken en wijding van predikanten.<\/p>\r\n<p><strong>AANBIDDEN:<\/strong> Wij geloven in wettige aanbidding en een liturgie die teruggevoerd kan worden naar het Keltische christendom door middel van The Book of Common Prayer van 1549.<\/p>\r\n<p><strong>GESCHENKEN VAN DE GEEST:<\/strong> Wij geloven in de motiverende geschenken: profeet, dienaar, leraar, vermaner, organisator, gever en barmhartigheid. Wij geloven in de bedieningsgaven en in de manifestatiegaven.<\/p>\r\n<p><strong>SPIRITUELE RIJPHEID:<\/strong> Wij geloven dat alle christenen moeten groeien in geestelijke volwassenheid en het karakter van Jezus Christus moeten weerspiegelen door te groeien in oorspronkelijk ontwerp, autoriteit, verantwoordelijkheid, lijden, eigendom, morele zuiverheid en succes.<\/p>\r\n<p><strong>MORELE ZUIVERHEID:<\/strong> Wij geloven in de morele zuiverheid van lichaam, ziel en geest en leiden een leven van heiligheid en heiliging voor Jezus Christus.<\/p>\r\n<p><strong>BIJBEL:<\/strong> Wij geloven dat de Bijbel het onfeilbare, onveranderlijke en onfeilbare Woord van God is. Wij geloven dat de hele Schrift, van Genesis tot Openbaring, het ge\u00efnspireerde Woord van God is, en dat de Authorized King James Translation of the Bible de beste van alle vertalingen is die beschikbaar zijn in de Engelse taal.<\/p>\r\n<p><strong>CHRISTELIJKE DOMINION:<\/strong> The Church of the Culdees believes in Godly dominion of the earth, to the glory of Jesus Christ. We believe in Christian occupation and reconstruction of the earth under Jesus Christ. This includes increasing the size and strength of the Christian family, Home Birthing of children, Home Schooling of children, building houses, planting gardens, and gathering God\u2019s people in rural areas. We believe in the planting of churches and in the preaching, teaching, and printing of the Gospel of the Kingdom Message.<\/p>\r\n<p>&nbsp;<\/p>\r\n<p><strong>ONZE FUNDAMENTELE HISTORISCHE CANON<\/strong><\/p>\r\n<\/div>\r\n<div class=\"n diyfeLiveArea\">\u00a0Wij zijn de opvolgers van de orthodoxe Culdee, de kerk uit de eerste eeuw. We hebben dit in stand gehouden <a href=\"http:\/\/celticorthodoxy.com\/category\/apostolic-succession\/\">apostolische opvolging<\/a>, the Sacraments, the teachings of the church fathers, and in teaching holy living.\u00a0<\/div>\r\n<div class=\"n diyfeLiveArea\">\u00a0<\/div>\r\n<div class=\"n diyfeLiveArea\">De eerste eeuw\u00a0<a href=\"http:\/\/celticorthodoxy.com\/2015\/09\/the-didache-accepted-by-tcaww-the-culdee-and-greater-fellowship-of-churches\/\">Didache<\/a>, <a href=\"https:\/\/en.wikipedia.org\/wiki\/Nicene_Creed\">De Nicea<\/a>\u00a0en de <a href=\"http:\/\/en.wikipedia.org\/wiki\/Apostles_Creed\">Apostolische geloofsbelijdenissen<\/a>\u00a0blijven onze canon en het fundament van onze overtuigingen. Onze ultieme autoriteit is de Bijbel (het ge\u00efnspireerde woord van God).<\/div>\r\n<\/div>\r\n<\/div>\r\n<\/div>\r\n<div>\u00a0<\/div>\r\n<\/div>\r\n<p><b>marshalofsalem@yahoo.com<\/b><\/p>\r\n<p>Zie ook:\u00a0<a href=\"http:\/\/celticorthodoxy.com\/assemblies\/ordination\/\">http:\/\/celticorthodoxy.com\/assemblies\/ordination\/<\/a><\/p>\r\n<p>&nbsp;<\/p>\r\n<p>WETTELIJKE DISCLAIMER:\u00a0<\/p>\r\n<h6><strong>ANTI-CHRISTIAN BIAS (Prejudicial Discrimination) IS ACTIONABLE AT LAW:<\/strong><\/h6>\r\n<h6>In het grootste deel van de wereld is elke poging van een agent (of persoon) om onze kerkleden onevenredig te onderscheiden en meer of minder straffeloos te behandelen dan de rest van het publiek, een misdrijf dat discriminatie en vooroordelen inhoudt.<\/h6>\r\n<h6>While we do not discriminate against any specific rights of any person in the whole world, the historic church of God is being maligned, slandered and heavily discriminated against for simply having beliefs. While the Bible text may not condone some sins, we believe this shouldn&#8217;t open all Christians to unequal treatment or injuries. Therefore we are forced to legally preserve and protect our own human and fundamental <strong>rechten van vergadering, vereniging, scheiding en privacy in de rechtbanken van het land<\/strong>. These fundamental rights have been under assault by radical stunt politicians who seek to criminally suppress, conspire, investigate, harass and do other prejudicial damages against Christians solely on the basis of their established belief system.<\/h6>\r\n<h6>(Onderzoek kan ook een misdaad zijn. Het 5e amendement van de Amerikaanse grondwet garandeert dit basisrecht om niet lastig gevallen te worden met enige vorm van opsporing of onderzoek zonder alle dingen te vermelden die moeten worden doorzocht, de tijd, de plaats en de redenen die allemaal aan de partijen in de vorm van een bevel dat is ondertekend door een wettige rechter, in een rechtbank. Er zijn talloze zaken gewonnen waarin dit niet is verstrekt. Onderdrukking van burgerrechten is een misdaad. Samenzwering om deze misdaad te plegen is een misdrijf dat kan tegen elke persoon in elk kantoor, in elke staat van de vakbond worden vervolgd.)<\/h6>\r\n<h6>As Christians we are to preserve these basic human rights to future generations. Therefore if any party is caught discriminating against our church members, we will file human rights and anti-Christian religious bias charges in the appropriate local jurisdictions.<\/h6>\r\n<h6>We conduct ourselves honourably and will not prosecute the perpetrators without proof how the rights were violated against our church member. \u00a0The specific action of the perpetrator should be recorded, or otherwise demonstrated by at least two witnesses. The intent should be clear they (or their co-conspirators) are seeking to unlawfully disrupt a church member&#8217;s specific rights. On discretion of the Bishop we may also give mercy to the perpetrator if his good intent can be shown. Not only malicious intent must be shown but also the example of the actions which suppressed the civil rights of the congregant. That will include any intimidation or fear of having the right of &#8220;assembly&#8221; or of any &#8220;belief&#8221;, or of any &#8220;religious appearance&#8221;, or of any &#8220;adherence to the beliefs&#8221; of the church. The charges are not taken lightly in any court of the world. Documenting the anti-Christian prejudicial actions must be complete with information on the time and place of such attack on the person&#8217;s life, liberty, property, or suppression of any of their human rights to religious free exercise. Any time such crimes to suppress Christian rights are done in conjunction of two conspiring together to suppress or attack such rights of the Christian religion, elevates the offense to the level of a felony in the USA.<\/h6>\r\n<h6>\u00a0<\/h6>\r\n<h6>We thank God that Jesus Christ has maintained the victory for His little flock, delivering His people out of the hands of their enemies that they might serve Him without fear, in holiness and righteousness before Him, all the days of their lives. We are glad and celebrate that He has provided unambiguous laws upheld in all lands of historical Christian heritage, designed to protect Christians against the crimes of Anti-Christian bias and discrimination. These are the Constitutional protections of life, liberty and happiness of every Christian citizen wherever they live.<\/h6>\r\n\r\n<p>&nbsp;<\/p>","protected":false},"excerpt":{"rendered":"<p>Rev Dr Stephen MK Brunswick adopted the following as the standard (simplified version) of our statement of beliefs when he began to lead the Communion services for three assemblies in 2001. You may wish to read more about the Short History of the Orthodox Church of the Culdees, and Our Reestablishment STATEMENT OF FAITH GODHEAD: [&hellip;]<\/p>\n","protected":false},"author":6,"featured_media":0,"parent":665,"menu_order":0,"comment_status":"open","ping_status":"closed","template":"","meta":{"seo_booster_metabox":"","footnotes":""},"class_list":["post-671","page","type-page","status-publish","hentry"],"yoast_head":"<!-- This site is optimized with the Yoast SEO plugin v27.2 - https:\/\/yoast.com\/product\/yoast-seo-wordpress\/ -->\n<title>Beliefs - Watchman News<\/title>\n<meta name=\"robots\" content=\"index, follow, max-snippet:-1, max-image-preview:large, max-video-preview:-1\" \/>\n<link rel=\"canonical\" href=\"https:\/\/watchman.news\/nl\/assemblies\/statement-of-fait\/\" \/>\n<meta property=\"og:locale\" content=\"nl_NL\" \/>\n<meta property=\"og:type\" content=\"article\" \/>\n<meta property=\"og:title\" content=\"Beliefs - Watchman News\" \/>\n<meta property=\"og:description\" content=\"Rev Dr Stephen MK Brunswick adopted the following as the standard (simplified version) of our statement of beliefs when he began to lead the Communion services for three assemblies in 2001. You may wish to read more about the Short History of the Orthodox Church of the Culdees, and Our Reestablishment STATEMENT OF FAITH GODHEAD: [&hellip;]\" \/>\n<meta property=\"og:url\" content=\"https:\/\/watchman.news\/nl\/assemblies\/statement-of-fait\/\" \/>\n<meta property=\"og:site_name\" content=\"Watchman News\" \/>\n<meta property=\"article:modified_time\" content=\"2025-10-02T05:06:37+00:00\" \/>\n<meta name=\"twitter:card\" content=\"summary_large_image\" \/>\n<meta name=\"twitter:label1\" content=\"Geschatte leestijd\" \/>\n\t<meta name=\"twitter:data1\" content=\"7 minuten\" \/>\n<script type=\"application\/ld+json\" class=\"yoast-schema-graph\">{\"@context\":\"https:\/\/schema.org\",\"@graph\":[{\"@type\":\"WebPage\",\"@id\":\"https:\/\/watchman.news\/assemblies\/statement-of-fait\/\",\"url\":\"https:\/\/watchman.news\/assemblies\/statement-of-fait\/\",\"name\":\"Beliefs - Watchman News\",\"isPartOf\":{\"@id\":\"https:\/\/watchman.news\/#website\"},\"datePublished\":\"2013-02-20T13:13:08+00:00\",\"dateModified\":\"2025-10-02T05:06:37+00:00\",\"breadcrumb\":{\"@id\":\"https:\/\/watchman.news\/assemblies\/statement-of-fait\/#breadcrumb\"},\"inLanguage\":\"nl-NL\",\"potentialAction\":[{\"@type\":\"ReadAction\",\"target\":[\"https:\/\/watchman.news\/assemblies\/statement-of-fait\/\"]}]},{\"@type\":\"BreadcrumbList\",\"@id\":\"https:\/\/watchman.news\/assemblies\/statement-of-fait\/#breadcrumb\",\"itemListElement\":[{\"@type\":\"ListItem\",\"position\":1,\"name\":\"Home\",\"item\":\"https:\/\/watchman.news\/\"},{\"@type\":\"ListItem\",\"position\":2,\"name\":\"Assemblies\",\"item\":\"https:\/\/watchman.news\/assemblies\/\"},{\"@type\":\"ListItem\",\"position\":3,\"name\":\"Beliefs\"}]},{\"@type\":\"WebSite\",\"@id\":\"https:\/\/watchman.news\/#website\",\"url\":\"https:\/\/watchman.news\/\",\"name\":\"Watchman News\",\"description\":\"News of Importance for the True Christian Israel\",\"potentialAction\":[{\"@type\":\"SearchAction\",\"target\":{\"@type\":\"EntryPoint\",\"urlTemplate\":\"https:\/\/watchman.news\/?s={search_term_string}\"},\"query-input\":{\"@type\":\"PropertyValueSpecification\",\"valueRequired\":true,\"valueName\":\"search_term_string\"}}],\"inLanguage\":\"nl-NL\"}]}<\/script>\n<!-- \/ Yoast SEO plugin. -->","yoast_head_json":{"title":"Beliefs - Watchman News","robots":{"index":"index","follow":"follow","max-snippet":"max-snippet:-1","max-image-preview":"max-image-preview:large","max-video-preview":"max-video-preview:-1"},"canonical":"https:\/\/watchman.news\/nl\/assemblies\/statement-of-fait\/","og_locale":"nl_NL","og_type":"article","og_title":"Beliefs - Watchman News","og_description":"Rev Dr Stephen MK Brunswick adopted the following as the standard (simplified version) of our statement of beliefs when he began to lead the Communion services for three assemblies in 2001. You may wish to read more about the Short History of the Orthodox Church of the Culdees, and Our Reestablishment STATEMENT OF FAITH GODHEAD: [&hellip;]","og_url":"https:\/\/watchman.news\/nl\/assemblies\/statement-of-fait\/","og_site_name":"Watchman News","article_modified_time":"2025-10-02T05:06:37+00:00","twitter_card":"summary_large_image","twitter_misc":{"Geschatte leestijd":"7 minuten"},"schema":{"@context":"https:\/\/schema.org","@graph":[{"@type":"WebPage","@id":"https:\/\/watchman.news\/assemblies\/statement-of-fait\/","url":"https:\/\/watchman.news\/assemblies\/statement-of-fait\/","name":"Beliefs - Watchman News","isPartOf":{"@id":"https:\/\/watchman.news\/#website"},"datePublished":"2013-02-20T13:13:08+00:00","dateModified":"2025-10-02T05:06:37+00:00","breadcrumb":{"@id":"https:\/\/watchman.news\/assemblies\/statement-of-fait\/#breadcrumb"},"inLanguage":"nl-NL","potentialAction":[{"@type":"ReadAction","target":["https:\/\/watchman.news\/assemblies\/statement-of-fait\/"]}]},{"@type":"BreadcrumbList","@id":"https:\/\/watchman.news\/assemblies\/statement-of-fait\/#breadcrumb","itemListElement":[{"@type":"ListItem","position":1,"name":"Home","item":"https:\/\/watchman.news\/"},{"@type":"ListItem","position":2,"name":"Assemblies","item":"https:\/\/watchman.news\/assemblies\/"},{"@type":"ListItem","position":3,"name":"Beliefs"}]},{"@type":"WebSite","@id":"https:\/\/watchman.news\/#website","url":"https:\/\/watchman.news\/","name":"Watchman Nieuws","description":"News of Importance for the True Christian Israel","potentialAction":[{"@type":"SearchAction","target":{"@type":"EntryPoint","urlTemplate":"https:\/\/watchman.news\/?s={search_term_string}"},"query-input":{"@type":"PropertyValueSpecification","valueRequired":true,"valueName":"search_term_string"}}],"inLanguage":"nl-NL"}]}},"_links":{"self":[{"href":"https:\/\/watchman.news\/nl\/wp-json\/wp\/v2\/pages\/671","targetHints":{"allow":["GET"]}}],"collection":[{"href":"https:\/\/watchman.news\/nl\/wp-json\/wp\/v2\/pages"}],"about":[{"href":"https:\/\/watchman.news\/nl\/wp-json\/wp\/v2\/types\/page"}],"author":[{"embeddable":true,"href":"https:\/\/watchman.news\/nl\/wp-json\/wp\/v2\/users\/6"}],"replies":[{"embeddable":true,"href":"https:\/\/watchman.news\/nl\/wp-json\/wp\/v2\/comments?post=671"}],"version-history":[{"count":0,"href":"https:\/\/watchman.news\/nl\/wp-json\/wp\/v2\/pages\/671\/revisions"}],"up":[{"embeddable":true,"href":"https:\/\/watchman.news\/nl\/wp-json\/wp\/v2\/pages\/665"}],"wp:attachment":[{"href":"https:\/\/watchman.news\/nl\/wp-json\/wp\/v2\/media?parent=671"}],"curies":[{"name":"wp","href":"https:\/\/api.w.org\/{rel}","templated":true}]}}