{"id":11745,"date":"2022-11-02T02:12:43","date_gmt":"2022-11-02T02:12:43","guid":{"rendered":"https:\/\/watchmannews.kinsta.cloud\/?page_id=11745"},"modified":"2022-11-15T22:19:13","modified_gmt":"2022-11-15T22:19:13","slug":"rumormill-daily-news-nationalist-headlines","status":"publish","type":"page","link":"https:\/\/watchman.news\/pl\/rumormill-daily-news-nationalist-headlines\/","title":{"rendered":"Daily Right Wing RumorMill Nationalist News"},"content":{"rendered":"<p><img decoding=\"async\" id=\"thepasted-1\" class=\"alignleft\" src=\"https:\/\/www.rumormillnews.com\/Images\/rumormillnewsTRANS.gif\" width=\"198\" vspace=\"3\" \/><\/p>\n<p>Serving Truth and Freedom<br \/>\nWorldwide since 1996<\/p>\n<p>Politically Incorrect News<br \/>\nStranger than Fiction<br \/>\nUsually True!<\/p>\n<p>&nbsp;<\/p>\n<p>&nbsp;<\/p>\n<p>We are updating 100+ Daily Christian Nationalist News Articles here on <a href=\"http:\/\/insider-news.net\/\">insider-news.net<\/a>. <a href=\"https:\/\/watchman.news\/pl\/daily-nationalistic-news-christian-european\/\">Daily Nationalistic Headlines: US, UK, EU News Pages<\/a><\/p>\n<div class=\"wpra-display align\" data-display-id=\"1\" hx-target=\"this\" hx-swap=\"outerHTML\">    <div class=\"wp-rss-aggregator wpra-list-template\">\n        <ul class=\"rss-aggregator wpra-item-list wpra-item-list--bullets wpra-item-list--default\" start=\"1\">\n                <li class=\"wpra-item feed-item\">\n        <a href=\"https:\/\/watchman.news\/pl\/2026\/05\/study-finds-linoleic-acid-may-directly-influence-cancer-growth\/\" class=\"\" target=\"_blank\" rel=\"noopener noreferrer nofollow\" style=\"\">Study Finds Linoleic Acid May Directly Influence Cancer Growth<\/a>\n\n        <div class=\"wprss-feed-meta\">\n                <span class=\"feed-source\">\n        \u0179r\u00f3d\u0142o: <a href=\"https:\/\/articles.mercola.com\/sites\/articles\/rss.aspx\" class=\"\" target=\"_blank\" rel=\"noopener noreferrer nofollow\" style=\"\">Dr Mercola News Stories Headlines on Health News<\/a>\n    <\/span>\n                <span class=\"feed-date\">\n        Published on: 2026-05-15\n    <\/span>\n            \n        <\/div>\n\n        \n    <\/li>    <li class=\"wpra-item feed-item\">\n        <a href=\"https:\/\/watchman.news\/pl\/2026\/05\/traditional-samurai-movement-improves-knee-strength-and-mobility-for-seniors\/\" class=\"\" target=\"_blank\" rel=\"noopener noreferrer nofollow\" style=\"\">Traditional Samurai Movement Improves Knee Strength and Mobility for Seniors<\/a>\n\n        <div class=\"wprss-feed-meta\">\n                <span class=\"feed-source\">\n        \u0179r\u00f3d\u0142o: <a href=\"https:\/\/articles.mercola.com\/sites\/articles\/rss.aspx\" class=\"\" target=\"_blank\" rel=\"noopener noreferrer nofollow\" style=\"\">Dr Mercola News Stories Headlines on Health News<\/a>\n    <\/span>\n                <span class=\"feed-date\">\n        Published on: 2026-05-15\n    <\/span>\n            \n        <\/div>\n\n        \n    <\/li>    <li class=\"wpra-item feed-item\">\n        <a href=\"https:\/\/watchman.news\/pl\/2026\/05\/a-ministroke-has-major-consequences\/\" class=\"\" target=\"_blank\" rel=\"noopener noreferrer nofollow\" style=\"\">A Ministroke Has Major Consequences<\/a>\n\n        <div class=\"wprss-feed-meta\">\n                <span class=\"feed-source\">\n        \u0179r\u00f3d\u0142o: <a href=\"https:\/\/articles.mercola.com\/sites\/articles\/rss.aspx\" class=\"\" target=\"_blank\" rel=\"noopener noreferrer nofollow\" style=\"\">Dr Mercola News Stories Headlines on Health News<\/a>\n    <\/span>\n                <span class=\"feed-date\">\n        Published on: 2026-05-15\n    <\/span>\n            \n        <\/div>\n\n        \n    <\/li>    <li class=\"wpra-item feed-item\">\n        <a href=\"https:\/\/watchman.news\/pl\/2026\/05\/what-foods-trigger-the-greatest-cravings-leading-to-overeating\/\" class=\"\" target=\"_blank\" rel=\"noopener noreferrer nofollow\" style=\"\">What Foods Trigger the Greatest Cravings, Leading to Overeating?<\/a>\n\n        <div class=\"wprss-feed-meta\">\n                <span class=\"feed-source\">\n        \u0179r\u00f3d\u0142o: <a href=\"https:\/\/articles.mercola.com\/sites\/articles\/rss.aspx\" class=\"\" target=\"_blank\" rel=\"noopener noreferrer nofollow\" style=\"\">Dr Mercola News Stories Headlines on Health News<\/a>\n    <\/span>\n                <span class=\"feed-date\">\n        Published on: 2026-05-14\n    <\/span>\n            \n        <\/div>\n\n        \n    <\/li>    <li class=\"wpra-item feed-item\">\n        <a href=\"https:\/\/watchman.news\/pl\/2026\/05\/high-use-of-anticholinergic-drugs-linked-to-increased-cardiovascular-disease-risk\/\" class=\"\" target=\"_blank\" rel=\"noopener noreferrer nofollow\" style=\"\">High Use of Anticholinergic Drugs Linked to Increased Cardiovascular Disease Risk<\/a>\n\n        <div class=\"wprss-feed-meta\">\n                <span class=\"feed-source\">\n        \u0179r\u00f3d\u0142o: <a href=\"https:\/\/articles.mercola.com\/sites\/articles\/rss.aspx\" class=\"\" target=\"_blank\" rel=\"noopener noreferrer nofollow\" style=\"\">Dr Mercola News Stories Headlines on Health News<\/a>\n    <\/span>\n                <span class=\"feed-date\">\n        Published on: 2026-05-14\n    <\/span>\n            \n        <\/div>\n\n        \n    <\/li>    <li class=\"wpra-item feed-item\">\n        <a href=\"https:\/\/watchman.news\/pl\/2026\/05\/simple-exercises-help-you-recover-from-sciatica-faster\/\" class=\"\" target=\"_blank\" rel=\"noopener noreferrer nofollow\" style=\"\">Simple Exercises Help You Recover from Sciatica Faster<\/a>\n\n        <div class=\"wprss-feed-meta\">\n                <span class=\"feed-source\">\n        \u0179r\u00f3d\u0142o: <a href=\"https:\/\/articles.mercola.com\/sites\/articles\/rss.aspx\" class=\"\" target=\"_blank\" rel=\"noopener noreferrer nofollow\" style=\"\">Dr Mercola News Stories Headlines on Health News<\/a>\n    <\/span>\n                <span class=\"feed-date\">\n        Published on: 2026-05-14\n    <\/span>\n            \n        <\/div>\n\n        \n    <\/li>    <li class=\"wpra-item feed-item\">\n        <a href=\"https:\/\/watchman.news\/pl\/2026\/05\/dipeptides-and-tripeptides-the-emerging-frontier-of-collagen-science\/\" class=\"\" target=\"_blank\" rel=\"noopener noreferrer nofollow\" style=\"\">Dipeptides and Tripeptides: The Emerging Frontier of Collagen Science<\/a>\n\n        <div class=\"wprss-feed-meta\">\n                <span class=\"feed-source\">\n        \u0179r\u00f3d\u0142o: <a href=\"https:\/\/articles.mercola.com\/sites\/articles\/rss.aspx\" class=\"\" target=\"_blank\" rel=\"noopener noreferrer nofollow\" style=\"\">Dr Mercola News Stories Headlines on Health News<\/a>\n    <\/span>\n                <span class=\"feed-date\">\n        Published on: 2026-05-13\n    <\/span>\n            \n        <\/div>\n\n        \n    <\/li>    <li class=\"wpra-item feed-item\">\n        <a href=\"https:\/\/watchman.news\/pl\/2026\/05\/what-phlegm-color-reveals-about-your-respiratory-health\/\" class=\"\" target=\"_blank\" rel=\"noopener noreferrer nofollow\" style=\"\">What Phlegm Color Reveals About Your Respiratory Health<\/a>\n\n        <div class=\"wprss-feed-meta\">\n                <span class=\"feed-source\">\n        \u0179r\u00f3d\u0142o: <a href=\"https:\/\/articles.mercola.com\/sites\/articles\/rss.aspx\" class=\"\" target=\"_blank\" rel=\"noopener noreferrer nofollow\" style=\"\">Dr Mercola News Stories Headlines on Health News<\/a>\n    <\/span>\n                <span class=\"feed-date\">\n        Published on: 2026-05-13\n    <\/span>\n            \n        <\/div>\n\n        \n    <\/li>    <li class=\"wpra-item feed-item\">\n        <a href=\"https:\/\/watchman.news\/pl\/2026\/05\/how-to-fix-hidden-nutrient-gaps-that-trigger-hair-loss\/\" class=\"\" target=\"_blank\" rel=\"noopener noreferrer nofollow\" style=\"\">How to Fix Hidden Nutrient Gaps That Trigger Hair Loss<\/a>\n\n        <div class=\"wprss-feed-meta\">\n                <span class=\"feed-source\">\n        \u0179r\u00f3d\u0142o: <a href=\"https:\/\/articles.mercola.com\/sites\/articles\/rss.aspx\" class=\"\" target=\"_blank\" rel=\"noopener noreferrer nofollow\" style=\"\">Dr Mercola News Stories Headlines on Health News<\/a>\n    <\/span>\n                <span class=\"feed-date\">\n        Published on: 2026-05-13\n    <\/span>\n            \n        <\/div>\n\n        \n    <\/li>    <li class=\"wpra-item feed-item\">\n        <a href=\"https:\/\/watchman.news\/pl\/2026\/05\/sitting-is-silently-straining-your-heart-these-simple-daily-moves-can-protect-it\/\" class=\"\" target=\"_blank\" rel=\"noopener noreferrer nofollow\" style=\"\">Sitting Is Silently Straining Your Heart \u2014 These Simple Daily Moves Can Protect It<\/a>\n\n        <div class=\"wprss-feed-meta\">\n                <span class=\"feed-source\">\n        \u0179r\u00f3d\u0142o: <a href=\"https:\/\/articles.mercola.com\/sites\/articles\/rss.aspx\" class=\"\" target=\"_blank\" rel=\"noopener noreferrer nofollow\" style=\"\">Dr Mercola News Stories Headlines on Health News<\/a>\n    <\/span>\n                <span class=\"feed-date\">\n        Published on: 2026-05-12\n    <\/span>\n            \n        <\/div>\n\n        \n    <\/li>    <li class=\"wpra-item feed-item\">\n        <a href=\"https:\/\/watchman.news\/pl\/2026\/05\/just-like-cigarettes-vaping-likely-causes-cancer-major-study-finds\/\" class=\"\" target=\"_blank\" rel=\"noopener noreferrer nofollow\" style=\"\">Just Like Cigarettes, Vaping Likely Causes Cancer, Major Study Finds<\/a>\n\n        <div class=\"wprss-feed-meta\">\n                <span class=\"feed-source\">\n        \u0179r\u00f3d\u0142o: <a href=\"https:\/\/articles.mercola.com\/sites\/articles\/rss.aspx\" class=\"\" target=\"_blank\" rel=\"noopener noreferrer nofollow\" style=\"\">Dr Mercola News Stories Headlines on Health News<\/a>\n    <\/span>\n                <span class=\"feed-date\">\n        Published on: 2026-05-12\n    <\/span>\n            \n        <\/div>\n\n        \n    <\/li>    <li class=\"wpra-item feed-item\">\n        <a href=\"https:\/\/watchman.news\/pl\/2026\/05\/pelvic-floor-issues-impact-1-in-3-women-what-you-need-to-know\/\" class=\"\" target=\"_blank\" rel=\"noopener noreferrer nofollow\" style=\"\">Pelvic Floor Issues Impact 1 in 3 Women \u2014 What You Need to Know<\/a>\n\n        <div class=\"wprss-feed-meta\">\n                <span class=\"feed-source\">\n        \u0179r\u00f3d\u0142o: <a href=\"https:\/\/articles.mercola.com\/sites\/articles\/rss.aspx\" class=\"\" target=\"_blank\" rel=\"noopener noreferrer nofollow\" style=\"\">Dr Mercola News Stories Headlines on Health News<\/a>\n    <\/span>\n                <span class=\"feed-date\">\n        Published on: 2026-05-12\n    <\/span>\n            \n        <\/div>\n\n        \n    <\/li>    <li class=\"wpra-item feed-item\">\n        <a href=\"https:\/\/watchman.news\/pl\/2026\/05\/try-these-7-herbs-to-protect-your-liver-health\/\" class=\"\" target=\"_blank\" rel=\"noopener noreferrer nofollow\" style=\"\">Try These 7 Herbs to Protect Your Liver Health<\/a>\n\n        <div class=\"wprss-feed-meta\">\n                <span class=\"feed-source\">\n        \u0179r\u00f3d\u0142o: <a href=\"https:\/\/articles.mercola.com\/sites\/articles\/rss.aspx\" class=\"\" target=\"_blank\" rel=\"noopener noreferrer nofollow\" style=\"\">Dr Mercola News Stories Headlines on Health News<\/a>\n    <\/span>\n                <span class=\"feed-date\">\n        Published on: 2026-05-11\n    <\/span>\n            \n        <\/div>\n\n        \n    <\/li>    <li class=\"wpra-item feed-item\">\n        <a href=\"https:\/\/watchman.news\/pl\/2026\/05\/the-alzheimers-gut-brain-link-how-butyrate-curbs-amyloid-beta-buildup-and-inflammation\/\" class=\"\" target=\"_blank\" rel=\"noopener noreferrer nofollow\" style=\"\">The Alzheimer's Gut-Brain Link: How Butyrate Curbs Amyloid-Beta Buildup and Inflammation<\/a>\n\n        <div class=\"wprss-feed-meta\">\n                <span class=\"feed-source\">\n        \u0179r\u00f3d\u0142o: <a href=\"https:\/\/articles.mercola.com\/sites\/articles\/rss.aspx\" class=\"\" target=\"_blank\" rel=\"noopener noreferrer nofollow\" style=\"\">Dr Mercola News Stories Headlines on Health News<\/a>\n    <\/span>\n                <span class=\"feed-date\">\n        Published on: 2026-05-11\n    <\/span>\n            \n        <\/div>\n\n        \n    <\/li>    <li class=\"wpra-item feed-item\">\n        <a href=\"https:\/\/watchman.news\/pl\/2026\/05\/weekly-health-quiz-lessen-fatigue-with-molecular-hydrogen-the-downsides-of-antibiotics-and-caring-for-your-liver\/\" class=\"\" target=\"_blank\" rel=\"noopener noreferrer nofollow\" style=\"\">Weekly Health Quiz: Lessen Fatigue with Molecular Hydrogen, the Downsides of Antibiotics, and Caring for Your Liver<\/a>\n\n        <div class=\"wprss-feed-meta\">\n                <span class=\"feed-source\">\n        \u0179r\u00f3d\u0142o: <a href=\"https:\/\/articles.mercola.com\/sites\/articles\/rss.aspx\" class=\"\" target=\"_blank\" rel=\"noopener noreferrer nofollow\" style=\"\">Dr Mercola News Stories Headlines on Health News<\/a>\n    <\/span>\n                <span class=\"feed-date\">\n        Published on: 2026-05-11\n    <\/span>\n            \n        <\/div>\n\n        \n    <\/li>\n        <\/ul>\n    <\/div> <\/div>\n<p>&nbsp;<\/p>","protected":false},"excerpt":{"rendered":"<p>Serving Truth and Freedom Worldwide since 1996 Politically Incorrect News Stranger than Fiction Usually True! &nbsp; &nbsp; We are updating 100+ Daily Christian Nationalist News Articles here on insider-news.net. Daily Nationalistic Headlines: US, UK, EU News Pages &nbsp;<\/p>","protected":false},"author":6,"featured_media":11772,"parent":0,"menu_order":0,"comment_status":"closed","ping_status":"closed","template":"","meta":{"seo_booster_metabox":"","footnotes":""},"class_list":["post-11745","page","type-page","status-publish","has-post-thumbnail","hentry"],"yoast_head":"<!-- This site is optimized with the Yoast SEO plugin v27.2 - https:\/\/yoast.com\/product\/yoast-seo-wordpress\/ -->\n<title>Daily Right Wing RumorMill Nationalist News - Watchman News<\/title>\n<meta name=\"description\" content=\"Politically incorrect right wing nationalist news daily headlines. Controversial patriotic news for those who wish to find the truth.\" \/>\n<meta name=\"robots\" content=\"index, follow, max-snippet:-1, max-image-preview:large, max-video-preview:-1\" \/>\n<link rel=\"canonical\" href=\"https:\/\/watchman.news\/pl\/rumormill-daily-news-nationalist-headlines\/\" \/>\n<meta property=\"og:locale\" content=\"en_US\" \/>\n<meta property=\"og:type\" content=\"article\" \/>\n<meta property=\"og:title\" content=\"Daily Right Wing RumorMill Nationalist News - Watchman News\" \/>\n<meta property=\"og:description\" content=\"Politically incorrect right wing nationalist news daily headlines. Controversial patriotic news for those who wish to find the truth.\" \/>\n<meta property=\"og:url\" content=\"https:\/\/watchman.news\/pl\/rumormill-daily-news-nationalist-headlines\/\" \/>\n<meta property=\"og:site_name\" content=\"Watchman News\" \/>\n<meta property=\"article:modified_time\" content=\"2022-11-15T22:19:13+00:00\" \/>\n<meta property=\"og:image\" content=\"https:\/\/watchman.news\/wp-content\/uploads\/2022\/11\/rumormillnewsTRANS.gif\" \/>\n\t<meta property=\"og:image:width\" content=\"209\" \/>\n\t<meta property=\"og:image:height\" content=\"206\" \/>\n\t<meta property=\"og:image:type\" content=\"image\/gif\" \/>\n<meta name=\"twitter:card\" content=\"summary_large_image\" \/>\n<meta name=\"twitter:label1\" content=\"Szacowany czas czytania\" \/>\n\t<meta name=\"twitter:data1\" content=\"1 minuta\" \/>\n<script type=\"application\/ld+json\" class=\"yoast-schema-graph\">{\"@context\":\"https:\/\/schema.org\",\"@graph\":[{\"@type\":\"WebPage\",\"@id\":\"https:\/\/watchman.news\/rumormill-daily-news-nationalist-headlines\/\",\"url\":\"https:\/\/watchman.news\/rumormill-daily-news-nationalist-headlines\/\",\"name\":\"Daily Right Wing RumorMill Nationalist News - Watchman News\",\"isPartOf\":{\"@id\":\"https:\/\/watchman.news\/#website\"},\"primaryImageOfPage\":{\"@id\":\"https:\/\/watchman.news\/rumormill-daily-news-nationalist-headlines\/#primaryimage\"},\"image\":{\"@id\":\"https:\/\/watchman.news\/rumormill-daily-news-nationalist-headlines\/#primaryimage\"},\"thumbnailUrl\":\"https:\/\/watchman.news\/wp-content\/uploads\/2022\/11\/rumormillnewsTRANS.gif\",\"datePublished\":\"2022-11-02T02:12:43+00:00\",\"dateModified\":\"2022-11-15T22:19:13+00:00\",\"description\":\"Politically incorrect right wing nationalist news daily headlines. Controversial patriotic news for those who wish to find the truth.\",\"breadcrumb\":{\"@id\":\"https:\/\/watchman.news\/rumormill-daily-news-nationalist-headlines\/#breadcrumb\"},\"inLanguage\":\"pl-PL\",\"potentialAction\":[{\"@type\":\"ReadAction\",\"target\":[\"https:\/\/watchman.news\/rumormill-daily-news-nationalist-headlines\/\"]}]},{\"@type\":\"ImageObject\",\"inLanguage\":\"pl-PL\",\"@id\":\"https:\/\/watchman.news\/rumormill-daily-news-nationalist-headlines\/#primaryimage\",\"url\":\"https:\/\/watchman.news\/wp-content\/uploads\/2022\/11\/rumormillnewsTRANS.gif\",\"contentUrl\":\"https:\/\/watchman.news\/wp-content\/uploads\/2022\/11\/rumormillnewsTRANS.gif\",\"width\":209,\"height\":206},{\"@type\":\"BreadcrumbList\",\"@id\":\"https:\/\/watchman.news\/rumormill-daily-news-nationalist-headlines\/#breadcrumb\",\"itemListElement\":[{\"@type\":\"ListItem\",\"position\":1,\"name\":\"Home\",\"item\":\"https:\/\/watchman.news\/\"},{\"@type\":\"ListItem\",\"position\":2,\"name\":\"Daily Right Wing RumorMill Nationalist News\"}]},{\"@type\":\"WebSite\",\"@id\":\"https:\/\/watchman.news\/#website\",\"url\":\"https:\/\/watchman.news\/\",\"name\":\"Watchman News\",\"description\":\"News of Importance for the True Christian Israel\",\"potentialAction\":[{\"@type\":\"SearchAction\",\"target\":{\"@type\":\"EntryPoint\",\"urlTemplate\":\"https:\/\/watchman.news\/?s={search_term_string}\"},\"query-input\":{\"@type\":\"PropertyValueSpecification\",\"valueRequired\":true,\"valueName\":\"search_term_string\"}}],\"inLanguage\":\"pl-PL\"}]}<\/script>\n<!-- \/ Yoast SEO plugin. -->","yoast_head_json":{"title":"Daily Right Wing RumorMill Nationalist News - Watchman News","description":"Politically incorrect right wing nationalist news daily headlines. Controversial patriotic news for those who wish to find the truth.","robots":{"index":"index","follow":"follow","max-snippet":"max-snippet:-1","max-image-preview":"max-image-preview:large","max-video-preview":"max-video-preview:-1"},"canonical":"https:\/\/watchman.news\/pl\/rumormill-daily-news-nationalist-headlines\/","og_locale":"en_US","og_type":"article","og_title":"Daily Right Wing RumorMill Nationalist News - Watchman News","og_description":"Politically incorrect right wing nationalist news daily headlines. Controversial patriotic news for those who wish to find the truth.","og_url":"https:\/\/watchman.news\/pl\/rumormill-daily-news-nationalist-headlines\/","og_site_name":"Watchman News","article_modified_time":"2022-11-15T22:19:13+00:00","og_image":[{"width":209,"height":206,"url":"https:\/\/watchman.news\/wp-content\/uploads\/2022\/11\/rumormillnewsTRANS.gif","type":"image\/gif"}],"twitter_card":"summary_large_image","twitter_misc":{"Szacowany czas czytania":"1 minuta"},"schema":{"@context":"https:\/\/schema.org","@graph":[{"@type":"WebPage","@id":"https:\/\/watchman.news\/rumormill-daily-news-nationalist-headlines\/","url":"https:\/\/watchman.news\/rumormill-daily-news-nationalist-headlines\/","name":"Daily Right Wing RumorMill Nationalist News - Watchman News","isPartOf":{"@id":"https:\/\/watchman.news\/#website"},"primaryImageOfPage":{"@id":"https:\/\/watchman.news\/rumormill-daily-news-nationalist-headlines\/#primaryimage"},"image":{"@id":"https:\/\/watchman.news\/rumormill-daily-news-nationalist-headlines\/#primaryimage"},"thumbnailUrl":"https:\/\/watchman.news\/wp-content\/uploads\/2022\/11\/rumormillnewsTRANS.gif","datePublished":"2022-11-02T02:12:43+00:00","dateModified":"2022-11-15T22:19:13+00:00","description":"Politically incorrect right wing nationalist news daily headlines. Controversial patriotic news for those who wish to find the truth.","breadcrumb":{"@id":"https:\/\/watchman.news\/rumormill-daily-news-nationalist-headlines\/#breadcrumb"},"inLanguage":"pl-PL","potentialAction":[{"@type":"ReadAction","target":["https:\/\/watchman.news\/rumormill-daily-news-nationalist-headlines\/"]}]},{"@type":"ImageObject","inLanguage":"pl-PL","@id":"https:\/\/watchman.news\/rumormill-daily-news-nationalist-headlines\/#primaryimage","url":"https:\/\/watchman.news\/wp-content\/uploads\/2022\/11\/rumormillnewsTRANS.gif","contentUrl":"https:\/\/watchman.news\/wp-content\/uploads\/2022\/11\/rumormillnewsTRANS.gif","width":209,"height":206},{"@type":"BreadcrumbList","@id":"https:\/\/watchman.news\/rumormill-daily-news-nationalist-headlines\/#breadcrumb","itemListElement":[{"@type":"ListItem","position":1,"name":"Home","item":"https:\/\/watchman.news\/"},{"@type":"ListItem","position":2,"name":"Daily Right Wing RumorMill Nationalist News"}]},{"@type":"WebSite","@id":"https:\/\/watchman.news\/#website","url":"https:\/\/watchman.news\/","name":"Watchman News","description":"News of Importance for the True Christian Israel","potentialAction":[{"@type":"SearchAction","target":{"@type":"EntryPoint","urlTemplate":"https:\/\/watchman.news\/?s={search_term_string}"},"query-input":{"@type":"PropertyValueSpecification","valueRequired":true,"valueName":"search_term_string"}}],"inLanguage":"pl-PL"}]}},"_links":{"self":[{"href":"https:\/\/watchman.news\/pl\/wp-json\/wp\/v2\/pages\/11745","targetHints":{"allow":["GET"]}}],"collection":[{"href":"https:\/\/watchman.news\/pl\/wp-json\/wp\/v2\/pages"}],"about":[{"href":"https:\/\/watchman.news\/pl\/wp-json\/wp\/v2\/types\/page"}],"author":[{"embeddable":true,"href":"https:\/\/watchman.news\/pl\/wp-json\/wp\/v2\/users\/6"}],"replies":[{"embeddable":true,"href":"https:\/\/watchman.news\/pl\/wp-json\/wp\/v2\/comments?post=11745"}],"version-history":[{"count":0,"href":"https:\/\/watchman.news\/pl\/wp-json\/wp\/v2\/pages\/11745\/revisions"}],"wp:featuredmedia":[{"embeddable":true,"href":"https:\/\/watchman.news\/pl\/wp-json\/wp\/v2\/media\/11772"}],"wp:attachment":[{"href":"https:\/\/watchman.news\/pl\/wp-json\/wp\/v2\/media?parent=11745"}],"curies":[{"name":"wp","href":"https:\/\/api.w.org\/{rel}","templated":true}]}}