{"id":11854,"date":"2022-11-02T03:51:47","date_gmt":"2022-11-02T03:51:47","guid":{"rendered":"https:\/\/watchmannews.kinsta.cloud\/?page_id=11854"},"modified":"2022-11-15T22:34:55","modified_gmt":"2022-11-15T22:34:55","slug":"deutsche-alternative-nationalistische-nachrichten","status":"publish","type":"page","link":"https:\/\/watchman.news\/pl\/deutsche-alternative-nationalistische-nachrichten\/","title":{"rendered":"Deutsche alternative nationalistische Nachrichten"},"content":{"rendered":"<h3><img decoding=\"async\" class=\"alignnone size-full wp-image-11905\" src=\"https:\/\/watchman.news\/wp-content\/uploads\/2022\/11\/Pasted.png\" alt=\"\" width=\"378\" height=\"133\" srcset=\"https:\/\/watchman.news\/wp-content\/uploads\/2022\/11\/Pasted.png 378w, https:\/\/watchman.news\/wp-content\/uploads\/2022\/11\/Pasted-300x106.png 300w, https:\/\/watchman.news\/wp-content\/uploads\/2022\/11\/Pasted-18x6.png 18w\" sizes=\"(max-width: 378px) 100vw, 378px\" \/><\/h3>\n<h3 class=\"elementor-heading-title elementor-size-medium\">Deutsche alternative nationalistische Nachrichten<\/h3>\n<p class=\"elementor-heading-title elementor-size-medium\">Nationalistische deutsche Tagesnachrichten, alternativer patriotischer demokratischer Journalismus Compact-Online <a href=\"https:\/\/www.compact-online.de\/wir\/\">mehr<\/a><\/p>\n<p>We are updating 100+ Daily Christian Nationalist News Articles here on <a href=\"http:\/\/insider-news.net\/\">insider-news.net<\/a>. <a href=\"https:\/\/watchman.news\/pl\/daily-nationalistic-news-christian-european\/\">Daily Nationalistic Headlines: US, UK, EU News Pages<\/a><\/p>\n<script src=\"https:\/\/widget.rss.app\/v1\/wall.js\" type=\"text\/javascript\" async><\/script>\n<div class=\"wpra-display align\" data-display-id=\"1\" hx-target=\"this\" hx-swap=\"outerHTML\">    <div class=\"wp-rss-aggregator wpra-list-template\">\n        <ul class=\"rss-aggregator wpra-item-list wpra-item-list--bullets wpra-item-list--default\" start=\"1\">\n                <li class=\"wpra-item feed-item\">\n        <a href=\"https:\/\/watchman.news\/pl\/2024\/06\/wieder-mannheim-blutige-messer-attacke-auf-afd-politiker\/\" class=\"\" target=\"_blank\" rel=\"noopener noreferrer nofollow\" style=\"\">Wieder Mannheim: Blutige Messer-Attacke auf AfD-Politiker!<\/a>\n\n        <div class=\"wprss-feed-meta\">\n                <span class=\"feed-source\">\n        \u0179r\u00f3d\u0142o: <a href=\"https:\/\/rss.app\/feeds\/7hcAJJ95bZdHZVmr.xml\" class=\"\" target=\"_blank\" rel=\"noopener noreferrer nofollow\" style=\"\">Compact Online German Daily News<\/a>\n    <\/span>\n                <span class=\"feed-date\">\n        Published on: 2024-06-05\n    <\/span>\n            \n        <\/div>\n\n        \n    <\/li>    <li class=\"wpra-item feed-item\">\n        <a href=\"https:\/\/watchman.news\/pl\/2024\/06\/rki-leaking-impfung-war-ein-menschenversuch\/\" class=\"\" target=\"_blank\" rel=\"noopener noreferrer nofollow\" style=\"\">RKI-Leaking: Impfung war ein Menschenversuch<\/a>\n\n        <div class=\"wprss-feed-meta\">\n                <span class=\"feed-source\">\n        \u0179r\u00f3d\u0142o: <a href=\"https:\/\/rss.app\/feeds\/7hcAJJ95bZdHZVmr.xml\" class=\"\" target=\"_blank\" rel=\"noopener noreferrer nofollow\" style=\"\">Compact Online German Daily News<\/a>\n    <\/span>\n                <span class=\"feed-date\">\n        Published on: 2024-06-05\n    <\/span>\n            \n        <\/div>\n\n        \n    <\/li>    <li class=\"wpra-item feed-item\">\n        <a href=\"https:\/\/watchman.news\/pl\/2024\/06\/schlesien-schatzkastlein-des-reiches\/\" class=\"\" target=\"_blank\" rel=\"noopener noreferrer nofollow\" style=\"\">Schlesien: Schatzk\u00e4stlein des Reiches<\/a>\n\n        <div class=\"wprss-feed-meta\">\n                <span class=\"feed-source\">\n        \u0179r\u00f3d\u0142o: <a href=\"https:\/\/rss.app\/feeds\/7hcAJJ95bZdHZVmr.xml\" class=\"\" target=\"_blank\" rel=\"noopener noreferrer nofollow\" style=\"\">Compact Online German Daily News<\/a>\n    <\/span>\n                <span class=\"feed-date\">\n        Published on: 2024-06-05\n    <\/span>\n            \n        <\/div>\n\n        \n    <\/li>    <li class=\"wpra-item feed-item\">\n        <a href=\"https:\/\/watchman.news\/pl\/2024\/06\/offener-messerkrieg-gegen-afd-und-patrioten\/\" class=\"\" target=\"_blank\" rel=\"noopener noreferrer nofollow\" style=\"\">Offener Messerkrieg gegen AfD und Patrioten<\/a>\n\n        <div class=\"wprss-feed-meta\">\n                <span class=\"feed-source\">\n        \u0179r\u00f3d\u0142o: <a href=\"https:\/\/rss.app\/feeds\/7hcAJJ95bZdHZVmr.xml\" class=\"\" target=\"_blank\" rel=\"noopener noreferrer nofollow\" style=\"\">Compact Online German Daily News<\/a>\n    <\/span>\n                <span class=\"feed-date\">\n        Published on: 2024-06-05\n    <\/span>\n            \n        <\/div>\n\n        \n    <\/li>    <li class=\"wpra-item feed-item\">\n        <a href=\"https:\/\/watchman.news\/pl\/2024\/06\/new-york-im-fadenkreuz\/\" class=\"\" target=\"_blank\" rel=\"noopener noreferrer nofollow\" style=\"\">New York im Fadenkreuz<\/a>\n\n        <div class=\"wprss-feed-meta\">\n                <span class=\"feed-source\">\n        \u0179r\u00f3d\u0142o: <a href=\"https:\/\/rss.app\/feeds\/7hcAJJ95bZdHZVmr.xml\" class=\"\" target=\"_blank\" rel=\"noopener noreferrer nofollow\" style=\"\">Compact Online German Daily News<\/a>\n    <\/span>\n                <span class=\"feed-date\">\n        Published on: 2024-06-05\n    <\/span>\n            \n        <\/div>\n\n        \n    <\/li>    <li class=\"wpra-item feed-item\">\n        <a href=\"https:\/\/watchman.news\/pl\/2024\/06\/freie-sachsen-wir-wollen-raus-aus-der-brd\/\" class=\"\" target=\"_blank\" rel=\"noopener noreferrer nofollow\" style=\"\">Freie Sachsen: Wir wollen raus aus der BRD!<\/a>\n\n        <div class=\"wprss-feed-meta\">\n                <span class=\"feed-source\">\n        \u0179r\u00f3d\u0142o: <a href=\"https:\/\/rss.app\/feeds\/7hcAJJ95bZdHZVmr.xml\" class=\"\" target=\"_blank\" rel=\"noopener noreferrer nofollow\" style=\"\">Compact Online German Daily News<\/a>\n    <\/span>\n                <span class=\"feed-date\">\n        Published on: 2024-06-05\n    <\/span>\n            \n        <\/div>\n\n        \n    <\/li>    <li class=\"wpra-item feed-item\">\n        <a href=\"https:\/\/watchman.news\/pl\/2024\/06\/freie-sachsen-mordanschlag-auf-max-schreiber\/\" class=\"\" target=\"_blank\" rel=\"noopener noreferrer nofollow\" style=\"\">Freie Sachsen: Mordanschlag auf Max Schreiber<\/a>\n\n        <div class=\"wprss-feed-meta\">\n                <span class=\"feed-source\">\n        \u0179r\u00f3d\u0142o: <a href=\"https:\/\/rss.app\/feeds\/7hcAJJ95bZdHZVmr.xml\" class=\"\" target=\"_blank\" rel=\"noopener noreferrer nofollow\" style=\"\">Compact Online German Daily News<\/a>\n    <\/span>\n                <span class=\"feed-date\">\n        Published on: 2024-06-05\n    <\/span>\n            \n        <\/div>\n\n        \n    <\/li>    <li class=\"wpra-item feed-item\">\n        <a href=\"https:\/\/watchman.news\/pl\/2024\/06\/fusball-die-nachste-rassismus-debatte\/\" class=\"\" target=\"_blank\" rel=\"noopener noreferrer nofollow\" style=\"\">Fu\u00dfball: Die n\u00e4chste Rassismus-Debatte<\/a>\n\n        <div class=\"wprss-feed-meta\">\n                <span class=\"feed-source\">\n        \u0179r\u00f3d\u0142o: <a href=\"https:\/\/rss.app\/feeds\/7hcAJJ95bZdHZVmr.xml\" class=\"\" target=\"_blank\" rel=\"noopener noreferrer nofollow\" style=\"\">Compact Online German Daily News<\/a>\n    <\/span>\n                <span class=\"feed-date\">\n        Published on: 2024-06-05\n    <\/span>\n            \n        <\/div>\n\n        \n    <\/li>    <li class=\"wpra-item feed-item\">\n        <a href=\"https:\/\/watchman.news\/pl\/2024\/06\/brisant-als-russen-und-deutsche-gemeinsam-spionierten\/\" class=\"\" target=\"_blank\" rel=\"noopener noreferrer nofollow\" style=\"\">Brisant: Als Russen und Deutsche gemeinsam spionierten<\/a>\n\n        <div class=\"wprss-feed-meta\">\n                <span class=\"feed-source\">\n        \u0179r\u00f3d\u0142o: <a href=\"https:\/\/rss.app\/feeds\/7hcAJJ95bZdHZVmr.xml\" class=\"\" target=\"_blank\" rel=\"noopener noreferrer nofollow\" style=\"\">Compact Online German Daily News<\/a>\n    <\/span>\n                <span class=\"feed-date\">\n        Published on: 2024-06-05\n    <\/span>\n            \n        <\/div>\n\n        \n    <\/li>    <li class=\"wpra-item feed-item\">\n        <a href=\"https:\/\/watchman.news\/pl\/2024\/06\/wieder-mannheim-messerattacke-auf-afd-politiker\/\" class=\"\" target=\"_blank\" rel=\"noopener noreferrer nofollow\" style=\"\">Wieder Mannheim: Messerattacke auf AfD-Politiker<\/a>\n\n        <div class=\"wprss-feed-meta\">\n                <span class=\"feed-source\">\n        \u0179r\u00f3d\u0142o: <a href=\"https:\/\/rss.app\/feeds\/7hcAJJ95bZdHZVmr.xml\" class=\"\" target=\"_blank\" rel=\"noopener noreferrer nofollow\" style=\"\">Compact Online German Daily News<\/a>\n    <\/span>\n                <span class=\"feed-date\">\n        Published on: 2024-06-05\n    <\/span>\n            \n        <\/div>\n\n        \n    <\/li>    <li class=\"wpra-item feed-item\">\n        <a href=\"https:\/\/watchman.news\/pl\/2024\/06\/wieder-lieferbar-als-16-jahriger-bei-der-waffen-ss\/\" class=\"\" target=\"_blank\" rel=\"noopener noreferrer nofollow\" style=\"\">Wieder lieferbar: Als 16-J\u00e4hriger bei der Waffen-SS<\/a>\n\n        <div class=\"wprss-feed-meta\">\n                <span class=\"feed-source\">\n        \u0179r\u00f3d\u0142o: <a href=\"https:\/\/rss.app\/feeds\/7hcAJJ95bZdHZVmr.xml\" class=\"\" target=\"_blank\" rel=\"noopener noreferrer nofollow\" style=\"\">Compact Online German Daily News<\/a>\n    <\/span>\n                <span class=\"feed-date\">\n        Published on: 2024-06-05\n    <\/span>\n            \n        <\/div>\n\n        \n    <\/li>    <li class=\"wpra-item feed-item\">\n        <a href=\"https:\/\/watchman.news\/pl\/2024\/06\/mainstream-alternative-medien-waren-schnell\/\" class=\"\" target=\"_blank\" rel=\"noopener noreferrer nofollow\" style=\"\">Mainstream: Alternative Medien waren schnell<\/a>\n\n        <div class=\"wprss-feed-meta\">\n                <span class=\"feed-source\">\n        \u0179r\u00f3d\u0142o: <a href=\"https:\/\/rss.app\/feeds\/7hcAJJ95bZdHZVmr.xml\" class=\"\" target=\"_blank\" rel=\"noopener noreferrer nofollow\" style=\"\">Compact Online German Daily News<\/a>\n    <\/span>\n                <span class=\"feed-date\">\n        Published on: 2024-06-05\n    <\/span>\n            \n        <\/div>\n\n        \n    <\/li>    <li class=\"wpra-item feed-item\">\n        <a href=\"https:\/\/watchman.news\/pl\/2024\/06\/nach-mannheim-ampel-will-noch-mehr-asylanten\/\" class=\"\" target=\"_blank\" rel=\"noopener noreferrer nofollow\" style=\"\">Nach Mannheim: Ampel will noch mehr Asylanten!<\/a>\n\n        <div class=\"wprss-feed-meta\">\n                <span class=\"feed-source\">\n        \u0179r\u00f3d\u0142o: <a href=\"https:\/\/rss.app\/feeds\/7hcAJJ95bZdHZVmr.xml\" class=\"\" target=\"_blank\" rel=\"noopener noreferrer nofollow\" style=\"\">Compact Online German Daily News<\/a>\n    <\/span>\n                <span class=\"feed-date\">\n        Published on: 2024-06-04\n    <\/span>\n            \n        <\/div>\n\n        \n    <\/li>    <li class=\"wpra-item feed-item\">\n        <a href=\"https:\/\/watchman.news\/pl\/2024\/06\/volksverhetzung-kiesewetter-zeigt-wagenknecht-an\/\" class=\"\" target=\"_blank\" rel=\"noopener noreferrer nofollow\" style=\"\">\u201eVolksverhetzung\u201c: Kiesewetter zeigt Wagenknecht an<\/a>\n\n        <div class=\"wprss-feed-meta\">\n                <span class=\"feed-source\">\n        \u0179r\u00f3d\u0142o: <a href=\"https:\/\/rss.app\/feeds\/7hcAJJ95bZdHZVmr.xml\" class=\"\" target=\"_blank\" rel=\"noopener noreferrer nofollow\" style=\"\">Compact Online German Daily News<\/a>\n    <\/span>\n                <span class=\"feed-date\">\n        Published on: 2024-06-04\n    <\/span>\n            \n        <\/div>\n\n        \n    <\/li>    <li class=\"wpra-item feed-item\">\n        <a href=\"https:\/\/watchman.news\/pl\/2024\/06\/zum-tode-von-manfred-wolke\/\" class=\"\" target=\"_blank\" rel=\"noopener noreferrer nofollow\" style=\"\">Zum Tode von Manfred Wolke<\/a>\n\n        <div class=\"wprss-feed-meta\">\n                <span class=\"feed-source\">\n        \u0179r\u00f3d\u0142o: <a href=\"https:\/\/rss.app\/feeds\/7hcAJJ95bZdHZVmr.xml\" class=\"\" target=\"_blank\" rel=\"noopener noreferrer nofollow\" style=\"\">Compact Online German Daily News<\/a>\n    <\/span>\n                <span class=\"feed-date\">\n        Published on: 2024-06-04\n    <\/span>\n            \n        <\/div>\n\n        \n    <\/li>\n        <\/ul>\n    <\/div> <\/div>","protected":false},"excerpt":{"rendered":"<p>Deutsche alternative nationalistische Nachrichten Nationalistische deutsche Tagesnachrichten, alternativer patriotischer demokratischer Journalismus Compact-Online mehr We are updating 100+ Daily Christian Nationalist News Articles here on insider-news.net. Daily Nationalistic Headlines: US, UK, EU News Pages<\/p>","protected":false},"author":6,"featured_media":0,"parent":0,"menu_order":0,"comment_status":"closed","ping_status":"closed","template":"","meta":{"seo_booster_metabox":"","footnotes":""},"class_list":["post-11854","page","type-page","status-publish","hentry"],"yoast_head":"<!-- This site is optimized with the Yoast SEO plugin v27.2 - https:\/\/yoast.com\/product\/yoast-seo-wordpress\/ -->\n<title>Deutsche alternative nationalistische Nachrichten - Watchman News<\/title>\n<meta name=\"description\" content=\"Nationalistische deutsche Tagesnachrichten, alternativer patriotischer demokratischer Journalismus\u00a0 Deutsche alternative nationalistisc Nachrichten\" \/>\n<meta name=\"robots\" content=\"index, follow, max-snippet:-1, max-image-preview:large, max-video-preview:-1\" \/>\n<link rel=\"canonical\" href=\"https:\/\/watchman.news\/pl\/deutsche-alternative-nationalistische-nachrichten\/\" \/>\n<meta property=\"og:locale\" content=\"en_US\" \/>\n<meta property=\"og:type\" content=\"article\" \/>\n<meta property=\"og:title\" content=\"Deutsche alternative nationalistische Nachrichten - Watchman News\" \/>\n<meta property=\"og:description\" content=\"Nationalistische deutsche Tagesnachrichten, alternativer patriotischer demokratischer Journalismus\u00a0 Deutsche alternative nationalistisc Nachrichten\" \/>\n<meta property=\"og:url\" content=\"https:\/\/watchman.news\/pl\/deutsche-alternative-nationalistische-nachrichten\/\" \/>\n<meta property=\"og:site_name\" content=\"Watchman News\" \/>\n<meta property=\"article:modified_time\" content=\"2022-11-15T22:34:55+00:00\" \/>\n<meta property=\"og:image\" content=\"https:\/\/watchmannews.kinsta.cloud\/wp-content\/uploads\/2022\/11\/Pasted.png\" \/>\n<meta name=\"twitter:card\" content=\"summary_large_image\" \/>\n<meta name=\"twitter:label1\" content=\"Szacowany czas czytania\" \/>\n\t<meta name=\"twitter:data1\" content=\"1 minuta\" \/>\n<script type=\"application\/ld+json\" class=\"yoast-schema-graph\">{\"@context\":\"https:\/\/schema.org\",\"@graph\":[{\"@type\":\"WebPage\",\"@id\":\"https:\/\/watchman.news\/deutsche-alternative-nationalistische-nachrichten\/\",\"url\":\"https:\/\/watchman.news\/deutsche-alternative-nationalistische-nachrichten\/\",\"name\":\"Deutsche alternative nationalistische Nachrichten - Watchman News\",\"isPartOf\":{\"@id\":\"https:\/\/watchman.news\/#website\"},\"primaryImageOfPage\":{\"@id\":\"https:\/\/watchman.news\/deutsche-alternative-nationalistische-nachrichten\/#primaryimage\"},\"image\":{\"@id\":\"https:\/\/watchman.news\/deutsche-alternative-nationalistische-nachrichten\/#primaryimage\"},\"thumbnailUrl\":\"https:\/\/watchman.news\/wp-content\/uploads\/2022\/11\/Pasted.png\",\"datePublished\":\"2022-11-02T03:51:47+00:00\",\"dateModified\":\"2022-11-15T22:34:55+00:00\",\"description\":\"Nationalistische deutsche Tagesnachrichten, alternativer patriotischer demokratischer Journalismus\u00a0 Deutsche alternative nationalistisc Nachrichten\",\"breadcrumb\":{\"@id\":\"https:\/\/watchman.news\/deutsche-alternative-nationalistische-nachrichten\/#breadcrumb\"},\"inLanguage\":\"pl-PL\",\"potentialAction\":[{\"@type\":\"ReadAction\",\"target\":[\"https:\/\/watchman.news\/deutsche-alternative-nationalistische-nachrichten\/\"]}]},{\"@type\":\"ImageObject\",\"inLanguage\":\"pl-PL\",\"@id\":\"https:\/\/watchman.news\/deutsche-alternative-nationalistische-nachrichten\/#primaryimage\",\"url\":\"https:\/\/watchman.news\/wp-content\/uploads\/2022\/11\/Pasted.png\",\"contentUrl\":\"https:\/\/watchman.news\/wp-content\/uploads\/2022\/11\/Pasted.png\"},{\"@type\":\"BreadcrumbList\",\"@id\":\"https:\/\/watchman.news\/deutsche-alternative-nationalistische-nachrichten\/#breadcrumb\",\"itemListElement\":[{\"@type\":\"ListItem\",\"position\":1,\"name\":\"Home\",\"item\":\"https:\/\/watchman.news\/\"},{\"@type\":\"ListItem\",\"position\":2,\"name\":\"Deutsche alternative nationalistische Nachrichten\"}]},{\"@type\":\"WebSite\",\"@id\":\"https:\/\/watchman.news\/#website\",\"url\":\"https:\/\/watchman.news\/\",\"name\":\"Watchman News\",\"description\":\"News of Importance for the True Christian Israel\",\"potentialAction\":[{\"@type\":\"SearchAction\",\"target\":{\"@type\":\"EntryPoint\",\"urlTemplate\":\"https:\/\/watchman.news\/?s={search_term_string}\"},\"query-input\":{\"@type\":\"PropertyValueSpecification\",\"valueRequired\":true,\"valueName\":\"search_term_string\"}}],\"inLanguage\":\"pl-PL\"}]}<\/script>\n<!-- \/ Yoast SEO plugin. -->","yoast_head_json":{"title":"Deutsche alternative nationalistische Nachrichten - Watchman News","description":"Nationalistische deutsche Tagesnachrichten, alternativer patriotischer demokratischer Journalismus\u00a0 Deutsche alternative nationalistisc Nachrichten","robots":{"index":"index","follow":"follow","max-snippet":"max-snippet:-1","max-image-preview":"max-image-preview:large","max-video-preview":"max-video-preview:-1"},"canonical":"https:\/\/watchman.news\/pl\/deutsche-alternative-nationalistische-nachrichten\/","og_locale":"en_US","og_type":"article","og_title":"Deutsche alternative nationalistische Nachrichten - Watchman News","og_description":"Nationalistische deutsche Tagesnachrichten, alternativer patriotischer demokratischer Journalismus\u00a0 Deutsche alternative nationalistisc Nachrichten","og_url":"https:\/\/watchman.news\/pl\/deutsche-alternative-nationalistische-nachrichten\/","og_site_name":"Watchman News","article_modified_time":"2022-11-15T22:34:55+00:00","og_image":[{"url":"https:\/\/watchmannews.kinsta.cloud\/wp-content\/uploads\/2022\/11\/Pasted.png","type":"","width":"","height":""}],"twitter_card":"summary_large_image","twitter_misc":{"Szacowany czas czytania":"1 minuta"},"schema":{"@context":"https:\/\/schema.org","@graph":[{"@type":"WebPage","@id":"https:\/\/watchman.news\/deutsche-alternative-nationalistische-nachrichten\/","url":"https:\/\/watchman.news\/deutsche-alternative-nationalistische-nachrichten\/","name":"Deutsche alternative nationalistische Nachrichten - Watchman News","isPartOf":{"@id":"https:\/\/watchman.news\/#website"},"primaryImageOfPage":{"@id":"https:\/\/watchman.news\/deutsche-alternative-nationalistische-nachrichten\/#primaryimage"},"image":{"@id":"https:\/\/watchman.news\/deutsche-alternative-nationalistische-nachrichten\/#primaryimage"},"thumbnailUrl":"https:\/\/watchman.news\/wp-content\/uploads\/2022\/11\/Pasted.png","datePublished":"2022-11-02T03:51:47+00:00","dateModified":"2022-11-15T22:34:55+00:00","description":"Nationalistische deutsche Tagesnachrichten, alternativer patriotischer demokratischer Journalismus\u00a0 Deutsche alternative nationalistisc Nachrichten","breadcrumb":{"@id":"https:\/\/watchman.news\/deutsche-alternative-nationalistische-nachrichten\/#breadcrumb"},"inLanguage":"pl-PL","potentialAction":[{"@type":"ReadAction","target":["https:\/\/watchman.news\/deutsche-alternative-nationalistische-nachrichten\/"]}]},{"@type":"ImageObject","inLanguage":"pl-PL","@id":"https:\/\/watchman.news\/deutsche-alternative-nationalistische-nachrichten\/#primaryimage","url":"https:\/\/watchman.news\/wp-content\/uploads\/2022\/11\/Pasted.png","contentUrl":"https:\/\/watchman.news\/wp-content\/uploads\/2022\/11\/Pasted.png"},{"@type":"BreadcrumbList","@id":"https:\/\/watchman.news\/deutsche-alternative-nationalistische-nachrichten\/#breadcrumb","itemListElement":[{"@type":"ListItem","position":1,"name":"Home","item":"https:\/\/watchman.news\/"},{"@type":"ListItem","position":2,"name":"Deutsche alternative nationalistische Nachrichten"}]},{"@type":"WebSite","@id":"https:\/\/watchman.news\/#website","url":"https:\/\/watchman.news\/","name":"Watchman News","description":"News of Importance for the True Christian Israel","potentialAction":[{"@type":"SearchAction","target":{"@type":"EntryPoint","urlTemplate":"https:\/\/watchman.news\/?s={search_term_string}"},"query-input":{"@type":"PropertyValueSpecification","valueRequired":true,"valueName":"search_term_string"}}],"inLanguage":"pl-PL"}]}},"_links":{"self":[{"href":"https:\/\/watchman.news\/pl\/wp-json\/wp\/v2\/pages\/11854","targetHints":{"allow":["GET"]}}],"collection":[{"href":"https:\/\/watchman.news\/pl\/wp-json\/wp\/v2\/pages"}],"about":[{"href":"https:\/\/watchman.news\/pl\/wp-json\/wp\/v2\/types\/page"}],"author":[{"embeddable":true,"href":"https:\/\/watchman.news\/pl\/wp-json\/wp\/v2\/users\/6"}],"replies":[{"embeddable":true,"href":"https:\/\/watchman.news\/pl\/wp-json\/wp\/v2\/comments?post=11854"}],"version-history":[{"count":0,"href":"https:\/\/watchman.news\/pl\/wp-json\/wp\/v2\/pages\/11854\/revisions"}],"wp:attachment":[{"href":"https:\/\/watchman.news\/pl\/wp-json\/wp\/v2\/media?parent=11854"}],"curies":[{"name":"wp","href":"https:\/\/api.w.org\/{rel}","templated":true}]}}