{"id":16323,"date":"2022-11-27T00:56:05","date_gmt":"2022-11-27T00:56:05","guid":{"rendered":"https:\/\/watchmannews.kinsta.cloud\/?page_id=16323"},"modified":"2022-11-27T01:40:42","modified_gmt":"2022-11-27T01:40:42","slug":"political-cesspool-news","status":"publish","type":"page","link":"https:\/\/watchman.news\/pl\/political-cesspool-news\/","title":{"rendered":"Political Cesspool News"},"content":{"rendered":"<p><a href=\"https:\/\/www.thepoliticalcesspool.org\/\"><img decoding=\"async\" class=\"wp-image-44519 avia-img-lazy-loading-not-44519 avia_image\" title=\"TPC 18-Years Logo Circle\" src=\"https:\/\/www.thepoliticalcesspool.org\/wp-content\/uploads\/tcp-18-year-logo-circle-300x300-1.png\" sizes=\"(max-width: 300px) 100vw, 300px\" srcset=\"https:\/\/www.thepoliticalcesspool.org\/wp-content\/uploads\/tcp-18-year-logo-circle-300x300-1.png 300w, https:\/\/www.thepoliticalcesspool.org\/wp-content\/uploads\/tcp-18-year-logo-circle-300x300-1-80x80.png 80w, https:\/\/www.thepoliticalcesspool.org\/wp-content\/uploads\/tcp-18-year-logo-circle-300x300-1-36x36.png 36w, https:\/\/www.thepoliticalcesspool.org\/wp-content\/uploads\/tcp-18-year-logo-circle-300x300-1-180x180.png 180w\" alt=\"\" width=\"300\" height=\"300\" \/><\/a><\/p>\n<div class=\"hr av-jqmz3f7u-c3a5548491d7ebeaf63f5f471d5f44bf hr-invisible avia-builder-el-6 el_after_av_image el_before_av_textblock\"><\/div>\n<section class=\"av_textblock_section av-640tc-e8e0a79ebcb7340e4dffdb588a9d7bb3\">\n<div class=\"avia_textblock\">\n<p>By January 1, 2008,\u00a0<em>The Political Cesspool Radio Program<\/em> had long-since skyrocketed to stardom and become the most courageous political talk show in America. How did that happen? You ask five guys and you\u2019ll get five different answers, but they all start in Memphis, Tennessee, during the summer of 2004\u2026 <a href=\"https:\/\/www.thepoliticalcesspool.org\/about\/\">more about the Political Cesspool<\/a><\/p>\n<\/div>\n<\/section>\n<h3>Latest News at the Political Cesspool<\/h3>\n<div class=\"wpra-display align\" data-display-id=\"1\" hx-target=\"this\" hx-swap=\"outerHTML\">    <div class=\"wp-rss-aggregator wpra-list-template\">\n        <ul class=\"rss-aggregator wpra-item-list wpra-item-list--bullets wpra-item-list--default\" start=\"1\">\n                <li class=\"wpra-item feed-item\">\n        <a href=\"https:\/\/watchman.news\/pl\/2026\/05\/maintain-balance-with-these-hip-and-knee-exercises\/\" class=\"\" target=\"_blank\" rel=\"noopener noreferrer nofollow\" style=\"\">Maintain Balance with These Hip and Knee Exercises<\/a>\n\n        <div class=\"wprss-feed-meta\">\n                <span class=\"feed-source\">\n        \u0179r\u00f3d\u0142o: <a href=\"https:\/\/articles.mercola.com\/sites\/articles\/rss.aspx\" class=\"\" target=\"_blank\" rel=\"noopener noreferrer nofollow\" style=\"\">Dr Mercola News Stories Headlines on Health News<\/a>\n    <\/span>\n                <span class=\"feed-date\">\n        Published on: 2026-05-01\n    <\/span>\n            \n        <\/div>\n\n        \n    <\/li>    <li class=\"wpra-item feed-item\">\n        <a href=\"https:\/\/watchman.news\/pl\/2026\/05\/28-of-breast-cancer-cases-linked-to-6-modifiable-risk-factors\/\" class=\"\" target=\"_blank\" rel=\"noopener noreferrer nofollow\" style=\"\">28% of Breast Cancer Cases Linked to 6 Modifiable Risk Factors<\/a>\n\n        <div class=\"wprss-feed-meta\">\n                <span class=\"feed-source\">\n        \u0179r\u00f3d\u0142o: <a href=\"https:\/\/articles.mercola.com\/sites\/articles\/rss.aspx\" class=\"\" target=\"_blank\" rel=\"noopener noreferrer nofollow\" style=\"\">Dr Mercola News Stories Headlines on Health News<\/a>\n    <\/span>\n                <span class=\"feed-date\">\n        Published on: 2026-05-01\n    <\/span>\n            \n        <\/div>\n\n        \n    <\/li>    <li class=\"wpra-item feed-item\">\n        <a href=\"https:\/\/watchman.news\/pl\/2026\/05\/okra-and-fenugreek-extracts-remove-most-microplastics-from-water\/\" class=\"\" target=\"_blank\" rel=\"noopener noreferrer nofollow\" style=\"\">Okra and Fenugreek Extracts Remove Most Microplastics from Water<\/a>\n\n        <div class=\"wprss-feed-meta\">\n                <span class=\"feed-source\">\n        \u0179r\u00f3d\u0142o: <a href=\"https:\/\/articles.mercola.com\/sites\/articles\/rss.aspx\" class=\"\" target=\"_blank\" rel=\"noopener noreferrer nofollow\" style=\"\">Dr Mercola News Stories Headlines on Health News<\/a>\n    <\/span>\n                <span class=\"feed-date\">\n        Published on: 2026-05-01\n    <\/span>\n            \n        <\/div>\n\n        \n    <\/li>    <li class=\"wpra-item feed-item\">\n        <a href=\"https:\/\/watchman.news\/pl\/2026\/04\/organic-food-safety-navigating-labels-and-finding-local-sources\/\" class=\"\" target=\"_blank\" rel=\"noopener noreferrer nofollow\" style=\"\">Organic Food Safety \u2014 Navigating Labels and Finding Local Sources<\/a>\n\n        <div class=\"wprss-feed-meta\">\n                <span class=\"feed-source\">\n        \u0179r\u00f3d\u0142o: <a href=\"https:\/\/articles.mercola.com\/sites\/articles\/rss.aspx\" class=\"\" target=\"_blank\" rel=\"noopener noreferrer nofollow\" style=\"\">Dr Mercola News Stories Headlines on Health News<\/a>\n    <\/span>\n                <span class=\"feed-date\">\n        Published on: 2026-04-30\n    <\/span>\n            \n        <\/div>\n\n        \n    <\/li>    <li class=\"wpra-item feed-item\">\n        <a href=\"https:\/\/watchman.news\/pl\/2026\/04\/low-fiber-diets-quickly-impair-emotional-memory-in-aging-brains\/\" class=\"\" target=\"_blank\" rel=\"noopener noreferrer nofollow\" style=\"\">Low-Fiber Diets Quickly Impair Emotional Memory in Aging Brains<\/a>\n\n        <div class=\"wprss-feed-meta\">\n                <span class=\"feed-source\">\n        \u0179r\u00f3d\u0142o: <a href=\"https:\/\/articles.mercola.com\/sites\/articles\/rss.aspx\" class=\"\" target=\"_blank\" rel=\"noopener noreferrer nofollow\" style=\"\">Dr Mercola News Stories Headlines on Health News<\/a>\n    <\/span>\n                <span class=\"feed-date\">\n        Published on: 2026-04-30\n    <\/span>\n            \n        <\/div>\n\n        \n    <\/li>    <li class=\"wpra-item feed-item\">\n        <a href=\"https:\/\/watchman.news\/pl\/2026\/04\/your-complete-guide-to-detoxing-heavy-metals-naturally-and-boosting-vitality\/\" class=\"\" target=\"_blank\" rel=\"noopener noreferrer nofollow\" style=\"\">Your Complete Guide to Detoxing Heavy Metals Naturally and Boosting Vitality<\/a>\n\n        <div class=\"wprss-feed-meta\">\n                <span class=\"feed-source\">\n        \u0179r\u00f3d\u0142o: <a href=\"https:\/\/articles.mercola.com\/sites\/articles\/rss.aspx\" class=\"\" target=\"_blank\" rel=\"noopener noreferrer nofollow\" style=\"\">Dr Mercola News Stories Headlines on Health News<\/a>\n    <\/span>\n                <span class=\"feed-date\">\n        Published on: 2026-04-30\n    <\/span>\n            \n        <\/div>\n\n        \n    <\/li>    <li class=\"wpra-item feed-item\">\n        <a href=\"https:\/\/watchman.news\/pl\/2026\/04\/why-rapid-fat-loss-causes-diabetes-and-liver-disease\/\" class=\"\" target=\"_blank\" rel=\"noopener noreferrer nofollow\" style=\"\">Why Rapid Fat Loss Causes Diabetes and Liver Disease<\/a>\n\n        <div class=\"wprss-feed-meta\">\n                <span class=\"feed-source\">\n        \u0179r\u00f3d\u0142o: <a href=\"https:\/\/articles.mercola.com\/sites\/articles\/rss.aspx\" class=\"\" target=\"_blank\" rel=\"noopener noreferrer nofollow\" style=\"\">Dr Mercola News Stories Headlines on Health News<\/a>\n    <\/span>\n                <span class=\"feed-date\">\n        Published on: 2026-04-29\n    <\/span>\n            \n        <\/div>\n\n        \n    <\/li>    <li class=\"wpra-item feed-item\">\n        <a href=\"https:\/\/watchman.news\/pl\/2026\/04\/massaging-yourself-helps-boost-lymphatic-function\/\" class=\"\" target=\"_blank\" rel=\"noopener noreferrer nofollow\" style=\"\">Massaging Yourself Helps Boost Lymphatic Function<\/a>\n\n        <div class=\"wprss-feed-meta\">\n                <span class=\"feed-source\">\n        \u0179r\u00f3d\u0142o: <a href=\"https:\/\/articles.mercola.com\/sites\/articles\/rss.aspx\" class=\"\" target=\"_blank\" rel=\"noopener noreferrer nofollow\" style=\"\">Dr Mercola News Stories Headlines on Health News<\/a>\n    <\/span>\n                <span class=\"feed-date\">\n        Published on: 2026-04-29\n    <\/span>\n            \n        <\/div>\n\n        \n    <\/li>    <li class=\"wpra-item feed-item\">\n        <a href=\"https:\/\/watchman.news\/pl\/2026\/04\/this-ingredient-in-ice-cream-keeps-it-from-melting-but-harms-your-gut-and-overall-health\/\" class=\"\" target=\"_blank\" rel=\"noopener noreferrer nofollow\" style=\"\">This Ingredient in Ice Cream Keeps It from Melting but Harms Your Gut (and Overall) Health<\/a>\n\n        <div class=\"wprss-feed-meta\">\n                <span class=\"feed-source\">\n        \u0179r\u00f3d\u0142o: <a href=\"https:\/\/articles.mercola.com\/sites\/articles\/rss.aspx\" class=\"\" target=\"_blank\" rel=\"noopener noreferrer nofollow\" style=\"\">Dr Mercola News Stories Headlines on Health News<\/a>\n    <\/span>\n                <span class=\"feed-date\">\n        Published on: 2026-04-29\n    <\/span>\n            \n        <\/div>\n\n        \n    <\/li>    <li class=\"wpra-item feed-item\">\n        <a href=\"https:\/\/watchman.news\/pl\/2026\/04\/unique-protein-provides-clues-on-how-to-extend-lifespan-through-diet\/\" class=\"\" target=\"_blank\" rel=\"noopener noreferrer nofollow\" style=\"\">Unique Protein Provides Clues on How to Extend Lifespan Through Diet<\/a>\n\n        <div class=\"wprss-feed-meta\">\n                <span class=\"feed-source\">\n        \u0179r\u00f3d\u0142o: <a href=\"https:\/\/articles.mercola.com\/sites\/articles\/rss.aspx\" class=\"\" target=\"_blank\" rel=\"noopener noreferrer nofollow\" style=\"\">Dr Mercola News Stories Headlines on Health News<\/a>\n    <\/span>\n                <span class=\"feed-date\">\n        Published on: 2026-04-28\n    <\/span>\n            \n        <\/div>\n\n        \n    <\/li>    <li class=\"wpra-item feed-item\">\n        <a href=\"https:\/\/watchman.news\/pl\/2026\/04\/how-personalizing-nutrition-can-manage-inflammatory-bowel-disease\/\" class=\"\" target=\"_blank\" rel=\"noopener noreferrer nofollow\" style=\"\">How Personalizing Nutrition Can Manage Inflammatory Bowel Disease<\/a>\n\n        <div class=\"wprss-feed-meta\">\n                <span class=\"feed-source\">\n        \u0179r\u00f3d\u0142o: <a href=\"https:\/\/articles.mercola.com\/sites\/articles\/rss.aspx\" class=\"\" target=\"_blank\" rel=\"noopener noreferrer nofollow\" style=\"\">Dr Mercola News Stories Headlines on Health News<\/a>\n    <\/span>\n                <span class=\"feed-date\">\n        Published on: 2026-04-28\n    <\/span>\n            \n        <\/div>\n\n        \n    <\/li>    <li class=\"wpra-item feed-item\">\n        <a href=\"https:\/\/watchman.news\/pl\/2026\/04\/the-surprising-health-benefits-of-baking-soda\/\" class=\"\" target=\"_blank\" rel=\"noopener noreferrer nofollow\" style=\"\">The Surprising Health Benefits of Baking Soda<\/a>\n\n        <div class=\"wprss-feed-meta\">\n                <span class=\"feed-source\">\n        \u0179r\u00f3d\u0142o: <a href=\"https:\/\/articles.mercola.com\/sites\/articles\/rss.aspx\" class=\"\" target=\"_blank\" rel=\"noopener noreferrer nofollow\" style=\"\">Dr Mercola News Stories Headlines on Health News<\/a>\n    <\/span>\n                <span class=\"feed-date\">\n        Published on: 2026-04-28\n    <\/span>\n            \n        <\/div>\n\n        \n    <\/li>    <li class=\"wpra-item feed-item\">\n        <a href=\"https:\/\/watchman.news\/pl\/2026\/04\/lower-cholesterol-naturally-and-safely-no-statins-required\/\" class=\"\" target=\"_blank\" rel=\"noopener noreferrer nofollow\" style=\"\">Lower Cholesterol, Naturally and Safely \u2014 No Statins Required<\/a>\n\n        <div class=\"wprss-feed-meta\">\n                <span class=\"feed-source\">\n        \u0179r\u00f3d\u0142o: <a href=\"https:\/\/articles.mercola.com\/sites\/articles\/rss.aspx\" class=\"\" target=\"_blank\" rel=\"noopener noreferrer nofollow\" style=\"\">Dr Mercola News Stories Headlines on Health News<\/a>\n    <\/span>\n                <span class=\"feed-date\">\n        Published on: 2026-04-27\n    <\/span>\n            \n        <\/div>\n\n        \n    <\/li>    <li class=\"wpra-item feed-item\">\n        <a href=\"https:\/\/watchman.news\/pl\/2026\/04\/weight-loss-drugs-draw-thousands-of-lawsuits-alleging-serious-harm\/\" class=\"\" target=\"_blank\" rel=\"noopener noreferrer nofollow\" style=\"\">Weight-Loss Drugs Draw Thousands of Lawsuits Alleging Serious Harm<\/a>\n\n        <div class=\"wprss-feed-meta\">\n                <span class=\"feed-source\">\n        \u0179r\u00f3d\u0142o: <a href=\"https:\/\/articles.mercola.com\/sites\/articles\/rss.aspx\" class=\"\" target=\"_blank\" rel=\"noopener noreferrer nofollow\" style=\"\">Dr Mercola News Stories Headlines on Health News<\/a>\n    <\/span>\n                <span class=\"feed-date\">\n        Published on: 2026-04-27\n    <\/span>\n            \n        <\/div>\n\n        \n    <\/li>    <li class=\"wpra-item feed-item\">\n        <a href=\"https:\/\/watchman.news\/pl\/2026\/04\/weekly-health-quiz-more-sleep-may-curb-hunger-protecting-your-prostate-and-why-vitamin-b1-matters\/\" class=\"\" target=\"_blank\" rel=\"noopener noreferrer nofollow\" style=\"\">Weekly Health Quiz: More Sleep May Curb Hunger, Protecting Your Prostate, and Why Vitamin B1 Matters<\/a>\n\n        <div class=\"wprss-feed-meta\">\n                <span class=\"feed-source\">\n        \u0179r\u00f3d\u0142o: <a href=\"https:\/\/articles.mercola.com\/sites\/articles\/rss.aspx\" class=\"\" target=\"_blank\" rel=\"noopener noreferrer nofollow\" style=\"\">Dr Mercola News Stories Headlines on Health News<\/a>\n    <\/span>\n                <span class=\"feed-date\">\n        Published on: 2026-04-27\n    <\/span>\n            \n        <\/div>\n\n        \n    <\/li>\n        <\/ul>\n    <\/div> <\/div>","protected":false},"excerpt":{"rendered":"<p>By January 1, 2008,\u00a0The Political Cesspool Radio Program had long-since skyrocketed to stardom and become the most courageous political talk show in America. How did that happen? You ask five guys and you\u2019ll get five different answers, but they all start in Memphis, Tennessee, during the summer of 2004\u2026 more about the Political Cesspool Latest [&hellip;]<\/p>\n","protected":false},"author":6,"featured_media":0,"parent":0,"menu_order":0,"comment_status":"closed","ping_status":"closed","template":"","meta":{"seo_booster_metabox":"","footnotes":""},"class_list":["post-16323","page","type-page","status-publish","hentry"],"yoast_head":"<!-- This site is optimized with the Yoast SEO plugin v27.2 - https:\/\/yoast.com\/product\/yoast-seo-wordpress\/ -->\n<title>Political Cesspool News - Watchman News<\/title>\n<meta name=\"description\" content=\"The Political cesspool news updates, and excellent radio program of James Edwards.\" \/>\n<meta name=\"robots\" content=\"index, follow, max-snippet:-1, max-image-preview:large, max-video-preview:-1\" \/>\n<link rel=\"canonical\" href=\"https:\/\/watchman.news\/pl\/political-cesspool-news\/\" \/>\n<meta property=\"og:locale\" content=\"en_US\" \/>\n<meta property=\"og:type\" content=\"article\" \/>\n<meta property=\"og:title\" content=\"Political Cesspool News - Watchman News\" \/>\n<meta property=\"og:description\" content=\"The Political cesspool news updates, and excellent radio program of James Edwards.\" \/>\n<meta property=\"og:url\" content=\"https:\/\/watchman.news\/pl\/political-cesspool-news\/\" \/>\n<meta property=\"og:site_name\" content=\"Watchman News\" \/>\n<meta property=\"article:modified_time\" content=\"2022-11-27T01:40:42+00:00\" \/>\n<meta property=\"og:image\" content=\"https:\/\/www.thepoliticalcesspool.org\/wp-content\/uploads\/tcp-18-year-logo-circle-300x300-1.png\" \/>\n<meta name=\"twitter:card\" content=\"summary_large_image\" \/>\n<meta name=\"twitter:label1\" content=\"Szacowany czas czytania\" \/>\n\t<meta name=\"twitter:data1\" content=\"1 minuta\" \/>\n<script type=\"application\/ld+json\" class=\"yoast-schema-graph\">{\"@context\":\"https:\/\/schema.org\",\"@graph\":[{\"@type\":\"WebPage\",\"@id\":\"https:\/\/watchman.news\/political-cesspool-news\/\",\"url\":\"https:\/\/watchman.news\/political-cesspool-news\/\",\"name\":\"Political Cesspool News - Watchman News\",\"isPartOf\":{\"@id\":\"https:\/\/watchman.news\/#website\"},\"primaryImageOfPage\":{\"@id\":\"https:\/\/watchman.news\/political-cesspool-news\/#primaryimage\"},\"image\":{\"@id\":\"https:\/\/watchman.news\/political-cesspool-news\/#primaryimage\"},\"thumbnailUrl\":\"https:\/\/www.thepoliticalcesspool.org\/wp-content\/uploads\/tcp-18-year-logo-circle-300x300-1.png\",\"datePublished\":\"2022-11-27T00:56:05+00:00\",\"dateModified\":\"2022-11-27T01:40:42+00:00\",\"description\":\"The Political cesspool news updates, and excellent radio program of James Edwards.\",\"breadcrumb\":{\"@id\":\"https:\/\/watchman.news\/political-cesspool-news\/#breadcrumb\"},\"inLanguage\":\"pl-PL\",\"potentialAction\":[{\"@type\":\"ReadAction\",\"target\":[\"https:\/\/watchman.news\/political-cesspool-news\/\"]}]},{\"@type\":\"ImageObject\",\"inLanguage\":\"pl-PL\",\"@id\":\"https:\/\/watchman.news\/political-cesspool-news\/#primaryimage\",\"url\":\"https:\/\/www.thepoliticalcesspool.org\/wp-content\/uploads\/tcp-18-year-logo-circle-300x300-1.png\",\"contentUrl\":\"https:\/\/www.thepoliticalcesspool.org\/wp-content\/uploads\/tcp-18-year-logo-circle-300x300-1.png\"},{\"@type\":\"BreadcrumbList\",\"@id\":\"https:\/\/watchman.news\/political-cesspool-news\/#breadcrumb\",\"itemListElement\":[{\"@type\":\"ListItem\",\"position\":1,\"name\":\"Home\",\"item\":\"https:\/\/watchman.news\/\"},{\"@type\":\"ListItem\",\"position\":2,\"name\":\"Political Cesspool News\"}]},{\"@type\":\"WebSite\",\"@id\":\"https:\/\/watchman.news\/#website\",\"url\":\"https:\/\/watchman.news\/\",\"name\":\"Watchman News\",\"description\":\"News of Importance for the True Christian Israel\",\"potentialAction\":[{\"@type\":\"SearchAction\",\"target\":{\"@type\":\"EntryPoint\",\"urlTemplate\":\"https:\/\/watchman.news\/?s={search_term_string}\"},\"query-input\":{\"@type\":\"PropertyValueSpecification\",\"valueRequired\":true,\"valueName\":\"search_term_string\"}}],\"inLanguage\":\"pl-PL\"}]}<\/script>\n<!-- \/ Yoast SEO plugin. -->","yoast_head_json":{"title":"Political Cesspool News - Watchman News","description":"The Political cesspool news updates, and excellent radio program of James Edwards.","robots":{"index":"index","follow":"follow","max-snippet":"max-snippet:-1","max-image-preview":"max-image-preview:large","max-video-preview":"max-video-preview:-1"},"canonical":"https:\/\/watchman.news\/pl\/political-cesspool-news\/","og_locale":"en_US","og_type":"article","og_title":"Political Cesspool News - Watchman News","og_description":"The Political cesspool news updates, and excellent radio program of James Edwards.","og_url":"https:\/\/watchman.news\/pl\/political-cesspool-news\/","og_site_name":"Watchman News","article_modified_time":"2022-11-27T01:40:42+00:00","og_image":[{"url":"https:\/\/www.thepoliticalcesspool.org\/wp-content\/uploads\/tcp-18-year-logo-circle-300x300-1.png","type":"","width":"","height":""}],"twitter_card":"summary_large_image","twitter_misc":{"Szacowany czas czytania":"1 minuta"},"schema":{"@context":"https:\/\/schema.org","@graph":[{"@type":"WebPage","@id":"https:\/\/watchman.news\/political-cesspool-news\/","url":"https:\/\/watchman.news\/political-cesspool-news\/","name":"Political Cesspool News - Watchman News","isPartOf":{"@id":"https:\/\/watchman.news\/#website"},"primaryImageOfPage":{"@id":"https:\/\/watchman.news\/political-cesspool-news\/#primaryimage"},"image":{"@id":"https:\/\/watchman.news\/political-cesspool-news\/#primaryimage"},"thumbnailUrl":"https:\/\/www.thepoliticalcesspool.org\/wp-content\/uploads\/tcp-18-year-logo-circle-300x300-1.png","datePublished":"2022-11-27T00:56:05+00:00","dateModified":"2022-11-27T01:40:42+00:00","description":"The Political cesspool news updates, and excellent radio program of James Edwards.","breadcrumb":{"@id":"https:\/\/watchman.news\/political-cesspool-news\/#breadcrumb"},"inLanguage":"pl-PL","potentialAction":[{"@type":"ReadAction","target":["https:\/\/watchman.news\/political-cesspool-news\/"]}]},{"@type":"ImageObject","inLanguage":"pl-PL","@id":"https:\/\/watchman.news\/political-cesspool-news\/#primaryimage","url":"https:\/\/www.thepoliticalcesspool.org\/wp-content\/uploads\/tcp-18-year-logo-circle-300x300-1.png","contentUrl":"https:\/\/www.thepoliticalcesspool.org\/wp-content\/uploads\/tcp-18-year-logo-circle-300x300-1.png"},{"@type":"BreadcrumbList","@id":"https:\/\/watchman.news\/political-cesspool-news\/#breadcrumb","itemListElement":[{"@type":"ListItem","position":1,"name":"Home","item":"https:\/\/watchman.news\/"},{"@type":"ListItem","position":2,"name":"Political Cesspool News"}]},{"@type":"WebSite","@id":"https:\/\/watchman.news\/#website","url":"https:\/\/watchman.news\/","name":"Watchman News","description":"News of Importance for the True Christian Israel","potentialAction":[{"@type":"SearchAction","target":{"@type":"EntryPoint","urlTemplate":"https:\/\/watchman.news\/?s={search_term_string}"},"query-input":{"@type":"PropertyValueSpecification","valueRequired":true,"valueName":"search_term_string"}}],"inLanguage":"pl-PL"}]}},"_links":{"self":[{"href":"https:\/\/watchman.news\/pl\/wp-json\/wp\/v2\/pages\/16323","targetHints":{"allow":["GET"]}}],"collection":[{"href":"https:\/\/watchman.news\/pl\/wp-json\/wp\/v2\/pages"}],"about":[{"href":"https:\/\/watchman.news\/pl\/wp-json\/wp\/v2\/types\/page"}],"author":[{"embeddable":true,"href":"https:\/\/watchman.news\/pl\/wp-json\/wp\/v2\/users\/6"}],"replies":[{"embeddable":true,"href":"https:\/\/watchman.news\/pl\/wp-json\/wp\/v2\/comments?post=16323"}],"version-history":[{"count":0,"href":"https:\/\/watchman.news\/pl\/wp-json\/wp\/v2\/pages\/16323\/revisions"}],"wp:attachment":[{"href":"https:\/\/watchman.news\/pl\/wp-json\/wp\/v2\/media?parent=16323"}],"curies":[{"name":"wp","href":"https:\/\/api.w.org\/{rel}","templated":true}]}}