{"id":671,"date":"2013-02-20T13:13:08","date_gmt":"2013-02-20T13:13:08","guid":{"rendered":"http:\/\/christsassembly.com\/?page_id=671"},"modified":"2025-10-02T05:06:37","modified_gmt":"2025-10-02T05:06:37","slug":"statement-of-fait","status":"publish","type":"page","link":"https:\/\/watchman.news\/pl\/assemblies\/statement-of-fait\/","title":{"rendered":"Wierzenia"},"content":{"rendered":"<p>Rev Dr Stephen MK Brunswick adopted the following as the standard (simplified version) of our statement of beliefs when he began to lead the Communion services for three assemblies in 2001. You may wish to read more about the <a href=\"https:\/\/celticorthodoxy.com\/2017\/05\/short-history-orthodox-church-of-the-culdees\/\">Kr\u00f3tka historia ko\u015bcio\u0142a prawos\u0142awnego Culdees i naszego odrodzenia<\/a><\/p>\r\n<p><a><b>KOMUNIKAT<\/b><\/a><b><a> WIARY<\/a><\/b><\/p>\r\n<div class=\"diywebMain\">\r\n<div class=\"diywebGutter\">\r\n<div id=\"content_area\">\r\n<div id=\"matrix_1486213204\" class=\"sortable-matrix\" data-matrixid=\"1486213204\">\r\n<div class=\"n diyfeLiveArea\">\r\n<p><strong>B\u00d3STWO:<\/strong> Wierzymy w jednego prawdziwego i wiecznie \u017cyj\u0105cego, samoistnego, niestworzonego Boga, kt\u00f3rego imi\u0119 brzmi JAHWEH, aw jedno\u015bci Jego istoty istniej\u0105 trzy istoty jednej istoty: substancja, moc i wieczno\u015b\u0107; B\u00f3g Ojciec i Syn i Duch \u015awi\u0119ty, wszyscy jeden B\u00f3g, na wieki wiek\u00f3w.<\/p>\r\n<p><strong>ZBAWIENIE:<\/strong> Wierzymy w jednego Jezusa Chrystusa, wiecznie zrodzonego z Ojca, samego Boga i samego cz\u0142owieka, doskona\u0142ego Boga, doskona\u0142ego cz\u0142owieka, aw tym jednym Jezusie Chrystusie istniej\u0105 dwie doskona\u0142e natury, nierozerwalnie zjednoczone bez podzia\u0142\u00f3w, zmian, zam\u0119tu i pomieszania. Wierzymy, \u017ce wybranie jest dla rasy Adamowej, a zbawienie jest przez wiar\u0119 w Jezusa Chrystusa. Zbawienie jest dzi\u0119ki odkupie\u0144czej \u0142asce Jezusa Chrystusa, a nie nagrod\u0105 za dobre uczynki. Wierzymy w narodziny z dziewicy, \u015bmier\u0107, pogrzeb, zmartwychwstanie, wniebowst\u0105pienie i dos\u0142owny powr\u00f3t naszego Zbawiciela Jezusa Chrystusa. Wybranie zosta\u0142o zamierzone przez Ojca przed za\u0142o\u017ceniem \u015bwiata. Odkupienie jest mo\u017cliwe dzi\u0119ki Jezusowi Chrystusowi. U\u015bwi\u0119cenie jest dzie\u0142em Ducha \u015awi\u0119tego.<\/p>\r\n<p><strong>DOBRA ROBOTA:<\/strong> Wierzymy, \u017ce dobre uczynki s\u0105 dowodem naszego zbawienia. Przestrzegamy Prawa nie po to, by by\u0107 zbawionym, ale dlatego, \u017ce jeste\u015bmy zbawieni. Nasze dobre uczynki nale\u017c\u0105 do Jezusa Chrystusa i s\u0105 mierzone wed\u0142ug Jego prawa. Wierzymy w Dziesi\u0119\u0107 Przykaza\u0144, ustawy i orzeczenia Jego Prawa. Przestrzegamy biblijnego szabatu si\u00f3dmego dnia i \u015bwi\u0119tych dni \u015bwi\u0105tecznych, w tym Paschy, Pi\u0119\u0107dziesi\u0105tnicy, Tr\u0105bek, Dnia Pojednania i Namiot\u00f3w. Przestrzegamy praw \u017cywieniowych, przepis\u00f3w dotycz\u0105cych dziesi\u0119ciny i wszystkich innych praw, kt\u00f3re Duch \u015awi\u0119ty wypisuje w naszych sercach i umys\u0142ach. Zbawienie jest z \u0142aski, a dobre uczynki to spos\u00f3b, w jaki prowadzimy wy\u015bcig i zdobywamy koron\u0119.<\/p>\r\n<p><strong>KO\u015aCI\u00d3\u0141:<\/strong> Wierzymy w jedyny prawdziwy i \u017bywy Ko\u015bci\u00f3\u0142 Jezusa Chrystusa; Bramy piekie\u0142 nie mog\u0105 zwyci\u0119\u017cy\u0107 Ko\u015bcio\u0142a. Wierzymy, \u017ce wszyscy Izraelici powinni by\u0107 otoczeni i odpowiedzialni przed duchowym rz\u0105dem Ko\u015bcio\u0142a. Wierzymy, \u017ce Chrystus umie\u015bci\u0142 w Ko\u015bciele biskup\u00f3w, starszych i diakon\u00f3w z pi\u0119ciokrotn\u0105 pos\u0142ug\u0105 aposto\u0142\u00f3w, prorok\u00f3w, ewangelist\u00f3w, pastor\u00f3w i nauczycieli.<\/p>\r\n<p><strong>IZRAEL:<\/strong> Wierzymy, \u017ce biblijny genetyczny Izrael w Jezusie Chrystusie jest Ko\u015bcio\u0142em, identyfikowanym w\u015br\u00f3d anglosaskich, celtyckich, skandynawskich, germa\u0144skich i pokrewnych ludzi na \u015bwiecie. Wierzymy w dos\u0142owne zgromadzenie i przywr\u00f3cenie Domu Izraela do ziemi, na mocy kt\u00f3rej Ojciec Abraham zosta\u0142 na zawsze oddany Ojcu Abrahamowi oraz w dos\u0142owne rz\u0105dy i panowanie Jezusa Chrystusa na tronie Dawida w nowym niebie i nowej ziemi. Wierzymy we wszystkie Przymierza Biblii: s\u0105 one zar\u00f3wno warunkowe, jak i bezwarunkowe, i zosta\u0142y zawarte z Izraelem.<\/p>\r\n<p><strong>DOKTRYNY APOSTOLSKIE:<\/strong> Wierzymy w chrze\u015bcija\u0144skie i apostolskie doktryny Ko\u015bcio\u0142a zbudowane na podstawie aposto\u0142\u00f3w i nicejskich wyzna\u0144 wiary.<\/p>\r\n<p><strong>SAKRAMENTY:<\/strong> Wierzymy w siedem historycznych sakrament\u00f3w Ko\u015bcio\u0142a, w tym: chrzest \u015bwi\u0119ty, pokut\u0119, komuni\u0119, bierzmowanie, ma\u0142\u017ce\u0144stwo, namaszczenie chorych i \u015bwi\u0119cenia duchownych.<\/p>\r\n<p><strong>KULT:<\/strong> Wierzymy w legalny kult i liturgi\u0119, kt\u00f3rej korzenie si\u0119gaj\u0105 celtyckiego chrze\u015bcija\u0144stwa poprzez Ksi\u0119g\u0119 Wsp\u00f3lnych Modlitw z 1549 roku.<\/p>\r\n<p><strong>DARY DUCHA:<\/strong> Wierzymy w Motywacyjne Prezenty: Proroka, Serwera, Nauczyciela, Wydawcy, Organizatora, Dawcy i Mi\u0142osierdzia. Wierzymy w Dary S\u0142u\u017cby i Dary Manifestacji.<\/p>\r\n<p><strong>DOJRZA\u0141O\u015a\u0106 DUCHOWA:<\/strong> Wierzymy, \u017ce wszyscy chrze\u015bcijanie powinni wzrasta\u0107 w duchowej dojrza\u0142o\u015bci i odzwierciedla\u0107 charakter Jezusa Chrystusa poprzez wzrastanie w oryginalnym planie, autorytecie, odpowiedzialno\u015bci, cierpieniu, w\u0142asno\u015bci, czysto\u015bci moralnej i sukcesie.<\/p>\r\n<p><strong>CZYSTO\u015a\u0106 MORALNA:<\/strong> Wierzymy w moraln\u0105 czysto\u015b\u0107 cia\u0142a, duszy i ducha oraz prowadzimy \u017cycie w \u015bwi\u0119to\u015bci i u\u015bwi\u0119ceniu dla Jezusa Chrystusa.<\/p>\r\n<p><strong>BIBLIA:<\/strong> Wierzymy, \u017ce Biblia jest nieomylnym, niezmiennym i nieomylnym S\u0142owem Bo\u017cym. Wierzymy, \u017ce ca\u0142e Pismo, od Ksi\u0119gi Rodzaju do Objawienia, jest natchnionym S\u0142owem Bo\u017cym, a Autoryzowane t\u0142umaczenie Biblii Kr\u00f3la Jakuba jest najlepszym ze wszystkich dost\u0119pnych t\u0142umacze\u0144 na j\u0119zyk angielski.<\/p>\r\n<p><strong>DOMINACJA CHRZE\u015aCIJA\u0143SKA:<\/strong> The Church of the Culdees believes in Godly dominion of the earth, to the glory of Jesus Christ. We believe in Christian occupation and reconstruction of the earth under Jesus Christ. This includes increasing the size and strength of the Christian family, Home Birthing of children, Home Schooling of children, building houses, planting gardens, and gathering God\u2019s people in rural areas. We believe in the planting of churches and in the preaching, teaching, and printing of the Gospel of the Kingdom Message.<\/p>\r\n<p>&nbsp;<\/p>\r\n<p><strong>NASZ PODSTAWOWY HISTORYCZNY KANON<\/strong><\/p>\r\n<\/div>\r\n<div class=\"n diyfeLiveArea\">\u00a0Jeste\u015bmy nast\u0119pcami prawos\u0142awnego Culdee, ko\u015bcio\u0142a z I wieku. Utrzymali\u015bmy to w <a href=\"http:\/\/celticorthodoxy.com\/category\/apostolic-succession\/\">sukcesja apostolska<\/a>, the Sacraments, the teachings of the church fathers, and in teaching holy living.\u00a0<\/div>\r\n<div class=\"n diyfeLiveArea\">\u00a0<\/div>\r\n<div class=\"n diyfeLiveArea\">Pierwszy wiek\u00a0<a href=\"http:\/\/celticorthodoxy.com\/2015\/09\/the-didache-accepted-by-tcaww-the-culdee-and-greater-fellowship-of-churches\/\">Didache<\/a>, <a href=\"https:\/\/en.wikipedia.org\/wiki\/Nicene_Creed\">Nicejsko<\/a>\u00a0i <a href=\"http:\/\/en.wikipedia.org\/wiki\/Apostles_Creed\">Aposto\u0142owie wyznania wiary<\/a>\u00a0pozostaje naszym kanonem i podstaw\u0105 naszych przekona\u0144. Naszym najwy\u017cszym autorytetem jest Pismo \u015awi\u0119te (natchnione s\u0142owo Bo\u017ce).<\/div>\r\n<\/div>\r\n<\/div>\r\n<\/div>\r\n<div>\u00a0<\/div>\r\n<\/div>\r\n<p><b>marshalofsalem@yahoo.com<\/b><\/p>\r\n<p>Zobacz tak\u017ce:\u00a0<a href=\"http:\/\/celticorthodoxy.com\/assemblies\/ordination\/\">http:\/\/celticorthodoxy.com\/assemblies\/ordination\/<\/a><\/p>\r\n<p>&nbsp;<\/p>\r\n<p>ZASTRZE\u017bENIA PRAWNE:\u00a0<\/p>\r\n<h6><strong>ANTI-CHRISTIAN BIAS (Prejudicial Discrimination) IS ACTIONABLE AT LAW:<\/strong><\/h6>\r\n<h6>W wi\u0119kszo\u015bci kraj\u00f3w na \u015bwiecie ka\u017cda pr\u00f3ba jakiegokolwiek agenta (lub osoby), aby nieproporcjonalnie wyr\u00f3\u017cni\u0107 i traktowa\u0107 cz\u0142onk\u00f3w naszego ko\u015bcio\u0142a mniej lub bardziej bezkarnie ni\u017c reszta spo\u0142ecze\u0144stwa, jest przest\u0119pstwem obejmuj\u0105cym dyskryminacj\u0119 i uprzedzenia.<\/h6>\r\n<h6>While we do not discriminate against any specific rights of any person in the whole world, the historic church of God is being maligned, slandered and heavily discriminated against for simply having beliefs. While the Bible text may not condone some sins, we believe this shouldn&#8217;t open all Christians to unequal treatment or injuries. Therefore we are forced to legally preserve and protect our own human and fundamental <strong>prawo do zgromadzania si\u0119, zrzeszania si\u0119, od\u0142\u0105czenia i prywatno\u015bci w s\u0105dach danego kraju<\/strong>. These fundamental rights have been under assault by radical stunt politicians who seek to criminally suppress, conspire, investigate, harass and do other prejudicial damages against Christians solely on the basis of their established belief system.<\/h6>\r\n<h6>(Dochodzenie mo\u017ce by\u0107 r\u00f3wnie\u017c przest\u0119pstwem. Pi\u0105ta poprawka do Konstytucji Stan\u00f3w Zjednoczonych gwarantuje to podstawowe prawo, aby nie by\u0107 n\u0119kanym \u017cadnym rodzajem przeszukania lub \u015bledztwa bez wskazania wszystkich rzeczy do przeszukania, czasu, miejsca i powod\u00f3w, kt\u00f3re zosta\u0142y przekazane stronami w formie nakazu, kt\u00f3ry jest podpisywany przez prawowitego s\u0119dziego w s\u0105dzie. W przypadku braku takiego orzeczenia wygrano wiele spraw. T\u0142umienie praw obywatelskich jest przest\u0119pstwem. Spisek w celu pope\u0142nienia tego przest\u0119pstwa jest przest\u0119pstwem, kt\u00f3re mo\u017ce by\u0107 \u015bcigany przeciwko ka\u017cdej osobie w jakimkolwiek urz\u0119dzie, w ka\u017cdym stanie zwi\u0105zku).<\/h6>\r\n<h6>As Christians we are to preserve these basic human rights to future generations. Therefore if any party is caught discriminating against our church members, we will file human rights and anti-Christian religious bias charges in the appropriate local jurisdictions.<\/h6>\r\n<h6>We conduct ourselves honourably and will not prosecute the perpetrators without proof how the rights were violated against our church member. \u00a0The specific action of the perpetrator should be recorded, or otherwise demonstrated by at least two witnesses. The intent should be clear they (or their co-conspirators) are seeking to unlawfully disrupt a church member&#8217;s specific rights. On discretion of the Bishop we may also give mercy to the perpetrator if his good intent can be shown. Not only malicious intent must be shown but also the example of the actions which suppressed the civil rights of the congregant. That will include any intimidation or fear of having the right of &#8220;assembly&#8221; or of any &#8220;belief&#8221;, or of any &#8220;religious appearance&#8221;, or of any &#8220;adherence to the beliefs&#8221; of the church. The charges are not taken lightly in any court of the world. Documenting the anti-Christian prejudicial actions must be complete with information on the time and place of such attack on the person&#8217;s life, liberty, property, or suppression of any of their human rights to religious free exercise. Any time such crimes to suppress Christian rights are done in conjunction of two conspiring together to suppress or attack such rights of the Christian religion, elevates the offense to the level of a felony in the USA.<\/h6>\r\n<h6>\u00a0<\/h6>\r\n<h6>We thank God that Jesus Christ has maintained the victory for His little flock, delivering His people out of the hands of their enemies that they might serve Him without fear, in holiness and righteousness before Him, all the days of their lives. We are glad and celebrate that He has provided unambiguous laws upheld in all lands of historical Christian heritage, designed to protect Christians against the crimes of Anti-Christian bias and discrimination. These are the Constitutional protections of life, liberty and happiness of every Christian citizen wherever they live.<\/h6>\r\n\r\n<p>&nbsp;<\/p>","protected":false},"excerpt":{"rendered":"<p>Rev Dr Stephen MK Brunswick adopted the following as the standard (simplified version) of our statement of beliefs when he began to lead the Communion services for three assemblies in 2001. You may wish to read more about the Short History of the Orthodox Church of the Culdees, and Our Reestablishment STATEMENT OF FAITH GODHEAD: [&hellip;]<\/p>\n","protected":false},"author":6,"featured_media":0,"parent":665,"menu_order":0,"comment_status":"open","ping_status":"closed","template":"","meta":{"seo_booster_metabox":"","footnotes":""},"class_list":["post-671","page","type-page","status-publish","hentry"],"yoast_head":"<!-- This site is optimized with the Yoast SEO plugin v27.2 - https:\/\/yoast.com\/product\/yoast-seo-wordpress\/ -->\n<title>Beliefs - Watchman News<\/title>\n<meta name=\"robots\" content=\"index, follow, max-snippet:-1, max-image-preview:large, max-video-preview:-1\" \/>\n<link rel=\"canonical\" href=\"https:\/\/watchman.news\/pl\/assemblies\/statement-of-fait\/\" \/>\n<meta property=\"og:locale\" content=\"pl_PL\" \/>\n<meta property=\"og:type\" content=\"article\" \/>\n<meta property=\"og:title\" content=\"Beliefs - Watchman News\" \/>\n<meta property=\"og:description\" content=\"Rev Dr Stephen MK Brunswick adopted the following as the standard (simplified version) of our statement of beliefs when he began to lead the Communion services for three assemblies in 2001. You may wish to read more about the Short History of the Orthodox Church of the Culdees, and Our Reestablishment STATEMENT OF FAITH GODHEAD: [&hellip;]\" \/>\n<meta property=\"og:url\" content=\"https:\/\/watchman.news\/pl\/assemblies\/statement-of-fait\/\" \/>\n<meta property=\"og:site_name\" content=\"Watchman News\" \/>\n<meta property=\"article:modified_time\" content=\"2025-10-02T05:06:37+00:00\" \/>\n<meta name=\"twitter:card\" content=\"summary_large_image\" \/>\n<meta name=\"twitter:label1\" content=\"Szacowany czas czytania\" \/>\n\t<meta name=\"twitter:data1\" content=\"7 minut\" \/>\n<script type=\"application\/ld+json\" class=\"yoast-schema-graph\">{\"@context\":\"https:\/\/schema.org\",\"@graph\":[{\"@type\":\"WebPage\",\"@id\":\"https:\/\/watchman.news\/assemblies\/statement-of-fait\/\",\"url\":\"https:\/\/watchman.news\/assemblies\/statement-of-fait\/\",\"name\":\"Beliefs - Watchman News\",\"isPartOf\":{\"@id\":\"https:\/\/watchman.news\/#website\"},\"datePublished\":\"2013-02-20T13:13:08+00:00\",\"dateModified\":\"2025-10-02T05:06:37+00:00\",\"breadcrumb\":{\"@id\":\"https:\/\/watchman.news\/assemblies\/statement-of-fait\/#breadcrumb\"},\"inLanguage\":\"pl-PL\",\"potentialAction\":[{\"@type\":\"ReadAction\",\"target\":[\"https:\/\/watchman.news\/assemblies\/statement-of-fait\/\"]}]},{\"@type\":\"BreadcrumbList\",\"@id\":\"https:\/\/watchman.news\/assemblies\/statement-of-fait\/#breadcrumb\",\"itemListElement\":[{\"@type\":\"ListItem\",\"position\":1,\"name\":\"Home\",\"item\":\"https:\/\/watchman.news\/\"},{\"@type\":\"ListItem\",\"position\":2,\"name\":\"Assemblies\",\"item\":\"https:\/\/watchman.news\/assemblies\/\"},{\"@type\":\"ListItem\",\"position\":3,\"name\":\"Beliefs\"}]},{\"@type\":\"WebSite\",\"@id\":\"https:\/\/watchman.news\/#website\",\"url\":\"https:\/\/watchman.news\/\",\"name\":\"Watchman News\",\"description\":\"News of Importance for the True Christian Israel\",\"potentialAction\":[{\"@type\":\"SearchAction\",\"target\":{\"@type\":\"EntryPoint\",\"urlTemplate\":\"https:\/\/watchman.news\/?s={search_term_string}\"},\"query-input\":{\"@type\":\"PropertyValueSpecification\",\"valueRequired\":true,\"valueName\":\"search_term_string\"}}],\"inLanguage\":\"pl-PL\"}]}<\/script>\n<!-- \/ Yoast SEO plugin. -->","yoast_head_json":{"title":"Beliefs - Watchman News","robots":{"index":"index","follow":"follow","max-snippet":"max-snippet:-1","max-image-preview":"max-image-preview:large","max-video-preview":"max-video-preview:-1"},"canonical":"https:\/\/watchman.news\/pl\/assemblies\/statement-of-fait\/","og_locale":"pl_PL","og_type":"article","og_title":"Beliefs - Watchman News","og_description":"Rev Dr Stephen MK Brunswick adopted the following as the standard (simplified version) of our statement of beliefs when he began to lead the Communion services for three assemblies in 2001. You may wish to read more about the Short History of the Orthodox Church of the Culdees, and Our Reestablishment STATEMENT OF FAITH GODHEAD: [&hellip;]","og_url":"https:\/\/watchman.news\/pl\/assemblies\/statement-of-fait\/","og_site_name":"Watchman News","article_modified_time":"2025-10-02T05:06:37+00:00","twitter_card":"summary_large_image","twitter_misc":{"Szacowany czas czytania":"7 minut"},"schema":{"@context":"https:\/\/schema.org","@graph":[{"@type":"WebPage","@id":"https:\/\/watchman.news\/assemblies\/statement-of-fait\/","url":"https:\/\/watchman.news\/assemblies\/statement-of-fait\/","name":"Beliefs - Watchman News","isPartOf":{"@id":"https:\/\/watchman.news\/#website"},"datePublished":"2013-02-20T13:13:08+00:00","dateModified":"2025-10-02T05:06:37+00:00","breadcrumb":{"@id":"https:\/\/watchman.news\/assemblies\/statement-of-fait\/#breadcrumb"},"inLanguage":"pl-PL","potentialAction":[{"@type":"ReadAction","target":["https:\/\/watchman.news\/assemblies\/statement-of-fait\/"]}]},{"@type":"BreadcrumbList","@id":"https:\/\/watchman.news\/assemblies\/statement-of-fait\/#breadcrumb","itemListElement":[{"@type":"ListItem","position":1,"name":"Home","item":"https:\/\/watchman.news\/"},{"@type":"ListItem","position":2,"name":"Assemblies","item":"https:\/\/watchman.news\/assemblies\/"},{"@type":"ListItem","position":3,"name":"Beliefs"}]},{"@type":"WebSite","@id":"https:\/\/watchman.news\/#website","url":"https:\/\/watchman.news\/","name":"Watchman News","description":"News of Importance for the True Christian Israel","potentialAction":[{"@type":"SearchAction","target":{"@type":"EntryPoint","urlTemplate":"https:\/\/watchman.news\/?s={search_term_string}"},"query-input":{"@type":"PropertyValueSpecification","valueRequired":true,"valueName":"search_term_string"}}],"inLanguage":"pl-PL"}]}},"_links":{"self":[{"href":"https:\/\/watchman.news\/pl\/wp-json\/wp\/v2\/pages\/671","targetHints":{"allow":["GET"]}}],"collection":[{"href":"https:\/\/watchman.news\/pl\/wp-json\/wp\/v2\/pages"}],"about":[{"href":"https:\/\/watchman.news\/pl\/wp-json\/wp\/v2\/types\/page"}],"author":[{"embeddable":true,"href":"https:\/\/watchman.news\/pl\/wp-json\/wp\/v2\/users\/6"}],"replies":[{"embeddable":true,"href":"https:\/\/watchman.news\/pl\/wp-json\/wp\/v2\/comments?post=671"}],"version-history":[{"count":0,"href":"https:\/\/watchman.news\/pl\/wp-json\/wp\/v2\/pages\/671\/revisions"}],"up":[{"embeddable":true,"href":"https:\/\/watchman.news\/pl\/wp-json\/wp\/v2\/pages\/665"}],"wp:attachment":[{"href":"https:\/\/watchman.news\/pl\/wp-json\/wp\/v2\/media?parent=671"}],"curies":[{"name":"wp","href":"https:\/\/api.w.org\/{rel}","templated":true}]}}