{"id":675,"date":"2013-02-20T13:15:28","date_gmt":"2013-02-20T13:15:28","guid":{"rendered":"http:\/\/christsassembly.com\/?page_id=675"},"modified":"2022-04-19T19:36:04","modified_gmt":"2022-04-19T19:36:04","slug":"ordination","status":"publish","type":"page","link":"https:\/\/watchman.news\/pl\/assemblies\/ordination\/","title":{"rendered":"Ordination and Orthodox Re-integration"},"content":{"rendered":"<p>The O.C.C. is an authority with ecclesiastical responsibilities and obligations to re-correct rightly and canonically all debatable ordinations of the wider Orthodox Celtic Church(Culdees) descended congregations. After doing some research on our site you will find many of the first Century Apostles (and their direct assistants) officially were Culdees. Any church tracing back to the Celts and keeping an Orthodox liturgy (like the Book of Common Prayer) may be a candidate. We must return to the purity, re-establish, re-integrate and align to the Orthodox faith of our fathers.<\/p>\n<p>A confederation of larger Orthodox bodies recognize, accept and defend our acts. The Primace of the Orthodox Church of the Culdees (Stephen MK Brunswick) represents (by Synodal decision) in office in defense(diplomatic) assistance of Christians in cases where they have been victims of damaging and intolerant acts of prejudicial discrimination against their freedom of beliefs, which may even be committed by renegade agents of government and society. He may circle the affairs of any branch, whether political, religious, or social organizations towards their suspected incompetence, and issue specific instructions towards the broader reintegration.<\/p>\n<p>Bishops, Priests and other Clergy may inquire to join our growing communion as Apostolic Successors of the ancient Orthodox Church of the Culdees. We are the literal canonical Orthodox Celtic church with succession lines from the Apostles&#8217; First Century ministries in Great Britain. We assist you in delivering the daily, weekly and monthly and annual Divine services. We must restore God&#8217;s pure Sacraments to our local communities.<\/p>\n<p>We also hold succession lines from Russian True Orthodox (Catacomb Church) Bishops, who survived the major Bolshevik persecutions and kept themselves pure from the new state church.<\/p>\n<p><a><b>\u015aWI\u0118TO\u015aCI KAP\u0141A\u0143SKIE, RE-INTEGRACJE, KANONICZNE DECYZJE Z SYNOD\u00d3W \u015aWI\u0118TYCH, INKARDYNACJE I KONSEKRACJE<\/b><\/a><\/p>\n<p>Istnieje wiele ko\u015bcielnych rozwi\u0105za\u0144 problem\u00f3w czas\u00f3w, w kt\u00f3rych \u017cyjemy. Wielu zgadza si\u0119, \u017ce istnieje kilka jurysdykcji ko\u015bcio\u0142\u00f3w, kt\u00f3re opu\u015bci\u0142y i zaprzeczy\u0142y wierze, zesz\u0142y z drogi \u017cycia na drog\u0119 zniszczenia. Nie wiedz\u0105, co robi\u0107 ani dok\u0105d si\u0119 zwr\u00f3ci\u0107. Jednak wiedz\u0105, \u017ce bardzo nowe blu\u017anierstwa w\u0142a\u015bnie zosta\u0142y poparte przez ich ukochany ko\u015bci\u00f3\u0142. Jak jest napisane w proroctwach, w czasach ostatecznych ko\u015bci\u00f3\u0142 b\u0119dzie mia\u0142 \u201ewielki upadek\u201d, czyli APOSTAT.<\/p>\n<p>Our English Orthodox liturgy (and others) require a full confession of any sin and requires our communicants to do the works necessary to show a full conversion has occurred and is maintained. Some may still give lip service in following a perfect liturgy, however they must remember that includes the confession and a full turning away from all sin. In many communities it can be a challenge to have enough Pastors or Biblical counsellors to admonish their flocks. God gives us a safeguard in requiring a full conversion. We praise the congregations who have held onto the liturgy. However if their ministry is represented by a centralized apostate who recently has made new covenants that throw away the very foundations of our faith, then the whole is doomed. Our communion offers a solution to come together in re-establishing the original faith once delivered to the Saints.<\/p>\n<p>However if they then turn to &#8220;bless&#8221; any abominations, sins or wickedness, or even promote &#8220;pride&#8221; in various sins then they for sure have left the faith. Some even go as far as to promote &#8220;pride parades&#8221; who dance around naked, promoting an atheist philosophy and even doing pornographic acts in the parades that include children! Some have even taught a new form of families that have never been part of any Orthodox church.<\/p>\n<p>Jednak ka\u017cda denominacja na \u015bwiecie zgodzi si\u0119, \u017ce nie mo\u017cemy rozdawa\u0107 komunii \u015bwi\u0119tej nikomu, kto \u017cyje w umy\u015blnym grzechu bez ca\u0142kowitej pokuty i wyrzeczenia si\u0119 wszystkich grzech\u00f3w. Ci, kt\u00f3rzy teraz zacz\u0119li odwraca\u0107 si\u0119 od tej solidnej drogi naszej wiary, wszyscy zaprzeczyli zar\u00f3wno liturgii, jak i wierze.<\/p>\n<p>Nasza pos\u0142uga jest rozwi\u0105zaniem, kt\u00f3re pozwoli ministrom na powr\u00f3t do wiary prawos\u0142awnej naszych przodk\u00f3w.<\/p>\n<p>Kontynuujemy liturgi\u0119 angielsk\u0105, kt\u00f3ra jest przekazywana od I wieku. Ta liturgia by\u0142a jednakowo u\u017cywana zar\u00f3wno przez protestant\u00f3w, jak i katolik\u00f3w. Nawet w najbardziej nonkonformistycznych denominacjach ameryka\u0144skich \u201ekongregacjonali\u015bci\u201d przez kilka pierwszych stuleci w Ameryce u\u017cywali zgodnej z prawos\u0142awnymi \u201eKsi\u0119gi Modlitewnej\u201d angielskiej liturgii.<\/p>\n<p>Je\u015bli jeste\u015b gotowy, aby rozpocz\u0105\u0107 reintegracj\u0119, wy\u015bwi\u0119cenie, inkardynacj\u0119 lub konsekracj\u0119, <b>po prostu wy\u015blij swoje CV na adres <a href=\"mailto:marshalofsalem@yahoo.com\">marshalofsalem@yahoo.com<\/a> .<\/b><\/p>\n<p>Ko\u015bci\u00f3\u0142 jest \u015bwiadkiem \u201eWIELKICH obrzydliwo\u015bci, kt\u00f3re pustosz\u0105\u201d. Nasz Kr\u00f3l powiedzia\u0142 nam, kiedy widzimy, jak te rzeczy dziej\u0105 si\u0119 w \u015bwi\u0119tych miejscach, \u017ce musimy \u201eucieka\u0107 w g\u00f3ry\u201d, a w\u0142a\u015bciwie \u201eucieka\u0107 spod jurysdykcji\u201d. Inkardynacja do innego ko\u015bcio\u0142a lub reintegracja z cerkwi\u0105 naszych przodk\u00f3w.<\/p>\n<p>Kilku z tych \u201ewielkich odchodz\u0105cych\u201d apostat\u00f3w pr\u00f3bowa\u0142o legitymizowa\u0107 swoj\u0105 nieortodoksj\u0119 poprzez rejestracj\u0119 pa\u0144stwowej organizacji \u015bwieckiej. Chocia\u017c ko\u015bcio\u0142y mog\u0105 swobodnie korzysta\u0107 z takich form, nigdy nie jest to tym, co sprawia, \u017ce ko\u015bci\u00f3\u0142 jest wa\u017cny. Wi\u0119kszo\u015b\u0107 kraj\u00f3w na \u015bwiecie zgadza si\u0119, \u017ce jakikolwiek ko\u015bci\u00f3\u0142 mo\u017ce dzia\u0142a\u0107 w ich krajach. To nie jest to, co tworzy ko\u015bci\u00f3\u0142, to tylko narz\u0119dzie. Ko\u015bci\u00f3\u0142 jest uwielbieniem, uwielbieniem i post\u0119pem Jego religii, czyst\u0105 i prost\u0105.<\/p>\n<p>Ci, kt\u00f3rzy my\u015bl\u0105, \u017ce B\u00f3g nie musi by\u0107 pierwszym w ko\u015bciele, ale najpierw powinien wyda\u0107 \u201epozwolenie\u201d lokalnego samorz\u0105du, co mo\u017ce by\u0107 sprzeczne z pierwszym przykazaniem \u201enie maj\u0105 innych w\u0142adc\u00f3w przede Mn\u0105\u201d. Wiele roz\u0142am\u00f3w mia\u0142o miejsce w tych typach wyzna\u0144 rz\u0105dowych \/ \u015bwieckich ko\u015bcio\u0142\u00f3w, kt\u00f3re wsp\u00f3\u0142pracuj\u0105 przy \u201eprzedefiniowaniu rodziny\u201d, a nawet b\u0142ogos\u0142awi\u0105 grzechy, kt\u00f3rych nie mo\u017cna sobie wyobrazi\u0107 w \u017cadnym ko\u015bciele. Je\u015bli to jest ich podstawa do dzia\u0142ania, wystarczy lokalna rejestracja \u201enon-profit\u201d, za ka\u017cdym razem, gdy odejd\u0105 od pierwotnego statutu, mog\u0105 straci\u0107 status non-profit.<\/p>\n<p>Ko\u015bci\u00f3\u0142 Prawos\u0142awny Culdees (OCC) dzia\u0142a jako organizacja non-profit i jest legalnie zarejestrowany w nast\u0119puj\u0105cych celach:<\/p>\n<p>+ Rozw\u00f3j ortodoksyjnej (chrze\u015bcija\u0144skiej) religii kulda\u0144skiej, kt\u00f3ra jest zakorzeniona w hebrajskiej wierze i to\u017csamo\u015bci przyniesionej do Glastonbury przez aposto\u0142\u00f3w w I wieku.<\/p>\n<p>+ Przywracanie i konserwacja bibliotek po\u015bwi\u0119conych brytyjskiemu izraelizmowi.<\/p>\n<p>+ Popieranie r\u00f3wno\u015bci w celu ochrony prze\u015bladowanych mniejszo\u015bci pochodzenia kulda\u0144skiego przed jak\u0105kolwiek dyskryminacj\u0105 ich etnicznych lub ortodoksyjnych praktyk religijnych.<\/p>\n<p>+ Polityczne poparcie dla przywr\u00f3cenia w\u0142adzy Glastonbury Culdees do os\u0105dzania w kr\u00f3lewskich sprawach, kt\u00f3re wykraczaj\u0105 poza duchowo\u015b\u0107, do sfer prawa cywilnego, karnego i mi\u0119dzynarodowego.<\/p>\n<p>+ Mi\u0119dzynarodowe stowarzyszenia na rzecz pokojowego dialogu mi\u0119dzykulturowego i mi\u0119dzyreligijnego.<\/p>\n<p>\u015awi\u0119cenia kap\u0142a\u0144skie s\u0105 sprawami wielkiej wagi. Ten, kto s\u0142u\u017cy \u015awi\u0119temu S\u0142owu Bo\u017cemu, pe\u0142ni najwy\u017cszy urz\u0105d na tym \u015bwiecie. M\u0119\u017cczy\u017ani wybierani do procesu aplikacyjnego maj\u0105 dobry charakter etyczny i moralny. Taki, kt\u00f3ry jest uprawniony, b\u0119dzie znany z silnego wyznawania wiary w pisma \u015bwi\u0119te jako s\u0142owo Bo\u017ce i nieomyln\u0105 regu\u0142\u0119 (2 Tym 3:16, Ef 2:20) wiary i praktyki; przyj\u0105\u0107 nasze wyznanie wiary jako systemu doktryny nauczanego w \u015bwi\u0119tych pismach; zatwierdzi\u0107 form\u0119 rz\u0105d\u00f3w ko\u015bcielnych i obieca\u0107 poddanie si\u0119 swoim braciom, gorliwym i wiernym w zachowaniu prawd ewangelii oraz pokoju i czysto\u015bci ko\u015bcio\u0142a po\u015br\u00f3d wszelkich przeciwno\u015bci i prze\u015bladowa\u0144, a tak\u017ce powiedzie\u0107, czy \u201ezosta\u0142 sk\u0142oni\u0142, o ile zna swoje serce, do ujrzenia urz\u0119du \u015bwi\u0119tej s\u0142u\u017cby z mi\u0142o\u015bci do Boga i szczere pragnienie promowania Jego chwa\u0142y w ewangelii Jego Syna \u201d(1Kor 2: 2, 2 Kor 4: 5). Tylko ludzie o takiej wytrwa\u0142o\u015bci mog\u0105 wyst\u0105pi\u0107 o podanie. Po przyj\u0119ciu i wykorzystaniu naszej liturgii i po spe\u0142nieniu przez niego zatwierdzonych i wymaganych kierunk\u00f3w studi\u00f3w oraz po udzieleniu mu przez biskupa licencji na okres pr\u00f3bny do g\u0142oszenia Ewangelii, tak aby po kompetentnej pr\u00f3bie jego talent\u00f3w i otrzymaniu dobrego raport, mo\u017ce w stosownym czasie zosta\u0107 wy\u015bwi\u0119cony na urz\u0105d duszpasterski. (2 Tym 3: 7,9 i 3 Jana 12). Pismo \u015awi\u0119te wymaga, aby by\u0142a pr\u00f3ba tych, kt\u00f3rzy maj\u0105 zosta\u0107 wy\u015bwi\u0119ceni do s\u0142u\u017cby ewangelii, aby ten \u015bwi\u0119ty urz\u0105d nie zosta\u0142 zdegradowany przez oddanie go s\u0142abym lub niegodnym ludziom (1 Tm 3: 6 i 2 Tm 2, 2).<\/p>\n<p><span style=\"color: #000080\">Wy\u015blij swoje CV (CV) na adres <a href=\"mailto:marshalofsalem@yahoo.com\">marshalofsalem@yahoo.com<\/a> <strong>aby uzyska\u0107 proces<\/strong><b>s rozpocz\u0119te.<\/b><\/span><\/p>\n<p>Istniej\u0105 wymagania dotycz\u0105ce cotygodniowych sabat\u00f3w i corocznych zgromadze\u0144. Wspieramy Ci\u0119 w rozpocz\u0119ciu pi\u0105tkowych \u015bwi\u0105t Agape, kt\u00f3re pomagaj\u0105 aktywizowa\u0107 ludzi w Twojej diecezji. Odk\u0142adanie biblijnej \u201edrugiej dziesi\u0119ciny\u201d, kt\u00f3r\u0105 co roku wydaje si\u0119 na podr\u00f3\u017c na Festiwale Pielgrzymkowe, jest normaln\u0105 praktyk\u0105. Wszystkie te wydarzenia mog\u0105 by\u0107 wspierane przez \u015awi\u0119ty Synod OCC.<\/p>\n<p><b>\u015aWI\u0118TE ZAM\u00d3WIENIA ZGROMADZENIA CHRYSTUSA<\/b><\/p>\n<p>Ci, kt\u00f3rzy s\u0105 ochrzczeni, bierzmowani i powo\u0142ani do zakon\u00f3w OCC mog\u0105 by\u0107 najpierw wprowadzani do urz\u0119du diakon\u00f3w, a nast\u0119pnie kap\u0142an\u00f3w, biskup\u00f3w, arcybiskup\u00f3w i pra\u0142at\u00f3w ewangelizacyjnych. Mamy prymas (arcybiskupa), kt\u00f3ry nadzoruje innych biskup\u00f3w na \u015awi\u0119tym Synodzie OCC. Dla ka\u017cdej jurysdykcji lokalnej zwykle jest nie wi\u0119cej ni\u017c biskup lokalnego miasta, a na niekt\u00f3rych etapach wymaganego wzrostu i licznych zgromadzeniach jest miejsce dla arcybiskup\u00f3w.<\/p>\n<p>Przekazujemy naszym cz\u0142onkom wa\u017cne wiersze <a href=\"http:\/\/celticorthodoxy.com\/category\/apostolic-succession\/\">Sukcesja apostolska<\/a> od prawos\u0142awnych biskup\u00f3w Culdee.<\/p>\n<p>Mo\u017cesz napisa\u0107 do nas, aby uzyska\u0107 wi\u0119cej informacji. W przeciwnym razie mo\u017cesz znale\u017a\u0107 t\u0119 kategori\u0119 online pod adresem <a href=\"http:\/\/celticorthodoxy.com\/category\/assemblies\/ordination\/\">wy\u015bwi\u0119cenie<\/a> z naszej strony internetowej.<\/p>","protected":false},"excerpt":{"rendered":"<p>The O.C.C. is an authority with ecclesiastical responsibilities and obligations to re-correct rightly and canonically all debatable ordinations of the wider Orthodox Celtic Church(Culdees) descended congregations. After doing some research on our site you will find many of the first Century Apostles (and their direct assistants) officially were Culdees. Any church tracing back to the [&hellip;]<\/p>\n","protected":false},"author":1,"featured_media":0,"parent":665,"menu_order":0,"comment_status":"open","ping_status":"closed","template":"","meta":{"seo_booster_metabox":"","footnotes":""},"class_list":["post-675","page","type-page","status-publish","hentry"],"yoast_head":"<!-- This site is optimized with the Yoast SEO plugin v27.2 - https:\/\/yoast.com\/product\/yoast-seo-wordpress\/ -->\n<title>Ordination and Orthodox Re-integration - Watchman News<\/title>\n<meta name=\"robots\" content=\"index, follow, max-snippet:-1, max-image-preview:large, max-video-preview:-1\" \/>\n<link rel=\"canonical\" href=\"https:\/\/watchman.news\/pl\/assemblies\/ordination\/\" \/>\n<meta property=\"og:locale\" content=\"pl_PL\" \/>\n<meta property=\"og:type\" content=\"article\" \/>\n<meta property=\"og:title\" content=\"Ordination and Orthodox Re-integration - Watchman News\" \/>\n<meta property=\"og:description\" content=\"The O.C.C. is an authority with ecclesiastical responsibilities and obligations to re-correct rightly and canonically all debatable ordinations of the wider Orthodox Celtic Church(Culdees) descended congregations. After doing some research on our site you will find many of the first Century Apostles (and their direct assistants) officially were Culdees. Any church tracing back to the [&hellip;]\" \/>\n<meta property=\"og:url\" content=\"https:\/\/watchman.news\/pl\/assemblies\/ordination\/\" \/>\n<meta property=\"og:site_name\" content=\"Watchman News\" \/>\n<meta property=\"article:modified_time\" content=\"2022-04-19T19:36:04+00:00\" \/>\n<meta name=\"twitter:card\" content=\"summary_large_image\" \/>\n<meta name=\"twitter:label1\" content=\"Szacowany czas czytania\" \/>\n\t<meta name=\"twitter:data1\" content=\"8 minut\" \/>\n<script type=\"application\/ld+json\" class=\"yoast-schema-graph\">{\"@context\":\"https:\/\/schema.org\",\"@graph\":[{\"@type\":\"WebPage\",\"@id\":\"https:\/\/watchman.news\/assemblies\/ordination\/\",\"url\":\"https:\/\/watchman.news\/assemblies\/ordination\/\",\"name\":\"Ordination and Orthodox Re-integration - Watchman News\",\"isPartOf\":{\"@id\":\"https:\/\/watchman.news\/#website\"},\"datePublished\":\"2013-02-20T13:15:28+00:00\",\"dateModified\":\"2022-04-19T19:36:04+00:00\",\"breadcrumb\":{\"@id\":\"https:\/\/watchman.news\/assemblies\/ordination\/#breadcrumb\"},\"inLanguage\":\"pl-PL\",\"potentialAction\":[{\"@type\":\"ReadAction\",\"target\":[\"https:\/\/watchman.news\/assemblies\/ordination\/\"]}]},{\"@type\":\"BreadcrumbList\",\"@id\":\"https:\/\/watchman.news\/assemblies\/ordination\/#breadcrumb\",\"itemListElement\":[{\"@type\":\"ListItem\",\"position\":1,\"name\":\"Home\",\"item\":\"https:\/\/watchman.news\/\"},{\"@type\":\"ListItem\",\"position\":2,\"name\":\"Assemblies\",\"item\":\"https:\/\/watchman.news\/assemblies\/\"},{\"@type\":\"ListItem\",\"position\":3,\"name\":\"Ordination and Orthodox Re-integration\"}]},{\"@type\":\"WebSite\",\"@id\":\"https:\/\/watchman.news\/#website\",\"url\":\"https:\/\/watchman.news\/\",\"name\":\"Watchman News\",\"description\":\"News of Importance for the True Christian Israel\",\"potentialAction\":[{\"@type\":\"SearchAction\",\"target\":{\"@type\":\"EntryPoint\",\"urlTemplate\":\"https:\/\/watchman.news\/?s={search_term_string}\"},\"query-input\":{\"@type\":\"PropertyValueSpecification\",\"valueRequired\":true,\"valueName\":\"search_term_string\"}}],\"inLanguage\":\"pl-PL\"}]}<\/script>\n<!-- \/ Yoast SEO plugin. -->","yoast_head_json":{"title":"Ordination and Orthodox Re-integration - Watchman News","robots":{"index":"index","follow":"follow","max-snippet":"max-snippet:-1","max-image-preview":"max-image-preview:large","max-video-preview":"max-video-preview:-1"},"canonical":"https:\/\/watchman.news\/pl\/assemblies\/ordination\/","og_locale":"pl_PL","og_type":"article","og_title":"Ordination and Orthodox Re-integration - Watchman News","og_description":"The O.C.C. is an authority with ecclesiastical responsibilities and obligations to re-correct rightly and canonically all debatable ordinations of the wider Orthodox Celtic Church(Culdees) descended congregations. After doing some research on our site you will find many of the first Century Apostles (and their direct assistants) officially were Culdees. Any church tracing back to the [&hellip;]","og_url":"https:\/\/watchman.news\/pl\/assemblies\/ordination\/","og_site_name":"Watchman News","article_modified_time":"2022-04-19T19:36:04+00:00","twitter_card":"summary_large_image","twitter_misc":{"Szacowany czas czytania":"8 minut"},"schema":{"@context":"https:\/\/schema.org","@graph":[{"@type":"WebPage","@id":"https:\/\/watchman.news\/assemblies\/ordination\/","url":"https:\/\/watchman.news\/assemblies\/ordination\/","name":"Ordination and Orthodox Re-integration - Watchman News","isPartOf":{"@id":"https:\/\/watchman.news\/#website"},"datePublished":"2013-02-20T13:15:28+00:00","dateModified":"2022-04-19T19:36:04+00:00","breadcrumb":{"@id":"https:\/\/watchman.news\/assemblies\/ordination\/#breadcrumb"},"inLanguage":"pl-PL","potentialAction":[{"@type":"ReadAction","target":["https:\/\/watchman.news\/assemblies\/ordination\/"]}]},{"@type":"BreadcrumbList","@id":"https:\/\/watchman.news\/assemblies\/ordination\/#breadcrumb","itemListElement":[{"@type":"ListItem","position":1,"name":"Home","item":"https:\/\/watchman.news\/"},{"@type":"ListItem","position":2,"name":"Assemblies","item":"https:\/\/watchman.news\/assemblies\/"},{"@type":"ListItem","position":3,"name":"Ordination and Orthodox Re-integration"}]},{"@type":"WebSite","@id":"https:\/\/watchman.news\/#website","url":"https:\/\/watchman.news\/","name":"Watchman News","description":"News of Importance for the True Christian Israel","potentialAction":[{"@type":"SearchAction","target":{"@type":"EntryPoint","urlTemplate":"https:\/\/watchman.news\/?s={search_term_string}"},"query-input":{"@type":"PropertyValueSpecification","valueRequired":true,"valueName":"search_term_string"}}],"inLanguage":"pl-PL"}]}},"_links":{"self":[{"href":"https:\/\/watchman.news\/pl\/wp-json\/wp\/v2\/pages\/675","targetHints":{"allow":["GET"]}}],"collection":[{"href":"https:\/\/watchman.news\/pl\/wp-json\/wp\/v2\/pages"}],"about":[{"href":"https:\/\/watchman.news\/pl\/wp-json\/wp\/v2\/types\/page"}],"author":[{"embeddable":true,"href":"https:\/\/watchman.news\/pl\/wp-json\/wp\/v2\/users\/1"}],"replies":[{"embeddable":true,"href":"https:\/\/watchman.news\/pl\/wp-json\/wp\/v2\/comments?post=675"}],"version-history":[{"count":0,"href":"https:\/\/watchman.news\/pl\/wp-json\/wp\/v2\/pages\/675\/revisions"}],"up":[{"embeddable":true,"href":"https:\/\/watchman.news\/pl\/wp-json\/wp\/v2\/pages\/665"}],"wp:attachment":[{"href":"https:\/\/watchman.news\/pl\/wp-json\/wp\/v2\/media?parent=675"}],"curies":[{"name":"wp","href":"https:\/\/api.w.org\/{rel}","templated":true}]}}