{"id":682,"date":"2013-02-20T21:53:45","date_gmt":"2013-02-20T21:53:45","guid":{"rendered":"http:\/\/christsassembly.com\/?page_id=682"},"modified":"2022-04-19T10:17:44","modified_gmt":"2022-04-19T10:17:44","slug":"gods-law-is-scientific","status":"publish","type":"page","link":"https:\/\/watchman.news\/pl\/evangelism\/gods-scientific-law\/gods-law-is-scientific\/","title":{"rendered":"Prawo Bo\u017ce jest naukowe"},"content":{"rendered":"<p>&nbsp;<\/p>\n<p><strong>DU\u017bE KONFERENCJE DLA SPO\u0141ECZE\u0143STWA ODBYWAJ\u0104 SI\u0118 W TWOJEJ OKOLICY<\/strong><\/p>\n<div><\/div>\n<div>TEMAT \u201ePrawo Bo\u017ce jest naukowe\u201d i dlaczego potrzebujemy Jezusa (<a title=\"zablokowane::http:\/\/t.ymlp24.net\/mewadajshaxaebeeaxahsem\/click.php\" href=\"http:\/\/t.ymlp24.net\/mewadajshaxaebeeaxahsem\/click.php\" target=\"_blank\" rel=\"nofollow noopener\">pos\u0142uchaj intro mp3<\/a>)<\/div>\n<div><\/div>\n<div><\/div>\n<div><i><b>Planowane s\u0105 konferencje w ka\u017cdym regionie postchrze\u015bcija\u0144skiego \u015bwiata w celu przygotowania resztek narodowych kar za masowy bunt ich narodu przeciwko naszemu wiecznemu Bogu i W\u0142adcy (JAHWEH) Jezusowi Chrystusowi. Na konferencjach uczymy wielu aspekt\u00f3w prawa Bo\u017cego jako naukowego i jak \u0142amanie kilku z nich ju\u017c powoduje plagi i wielkie nieszcz\u0119\u015bcia na ca\u0142ym \u015bwiecie. Jego prawo\/s\u0142owo, kt\u00f3re jest \u015bwiat\u0142em na naszej \u015bcie\u017cce, pomo\u017ce nam przygotowa\u0107 si\u0119 na unikni\u0119cie wielkich kar, kt\u00f3re wkr\u00f3tce spadn\u0105 na nasze postchrze\u015bcija\u0144skie narody, poniewa\u017c s\u0142owo Bo\u017ce obiecane zostanie nawiedzone na ca\u0142y \u015bwiat. Przede wszystkim ma to by\u0107 wezwanie do przyj\u0119cia Jezusa, kt\u00f3ry daje nam pocz\u0105tkowe prawa nie tylko do ucieczki przed plagami, ale do zwyci\u0119\u017cania i zwyci\u0119\u017cania jako Jego zwyci\u0119skie Zgromadzenie, kt\u00f3re b\u0119dzie \u201e\u015bwiadkiem Kr\u00f3lestwa, zanim nadejdzie koniec \u201d. (Mateusza 24:14)<\/b><\/i><\/div>\n<p>Podstawowym wymogiem jest ostrzeganie wszystkich przed pokut\u0105. Jednak wi\u0119kszo\u015b\u0107 ludzi nie zdaje sobie sprawy, jak bardzo Bo\u017ce prawo pomaga nam przetrwa\u0107 teraz na ziemi. Na przyk\u0142ad wieprzowina jest 30 razy bardziej toksyczna, paso\u017cytnicza i kwa\u015bna ni\u017c jakiekolwiek inne mi\u0119so!<\/p>\n<p>Konieczno\u015b\u0107 wykazania fakt\u00f3w naukowych powinna by\u0107 cz\u0119\u015bci\u0105 ostrze\u017cenia bezbo\u017cnych. Obejmuje fizyczne, emocjonalne i inne skutki prawie ka\u017cdego grzechu.<\/p>\n<p>Wszyscy, kiedy przychodz\u0105 do Jezusa i nawracaj\u0105 si\u0119, odmawiaj\u0105 modlitw\u0119 grzesznik\u00f3w, pokutuj\u0105 i odwracaj\u0105 si\u0119 od wszelkiego grzechu. Jednak wielu ludzi zasypia po tym punkcie i zapomina o swojej modlitwie przysi\u0119g\u0142ej, kt\u00f3ra by\u0142a cz\u0119\u015bci\u0105 ich nowego narodzenia i \u017cycia w Chrystusie. Pozostaj\u0105 niemowl\u0119ciem lub \u015bpi\u0105cym chrze\u015bcijaninem przez reszt\u0119 \u017cycia i pozostaj\u0105 podbici przez szatana. Jednak te inspiruj\u0105ce prawdy pozwol\u0105 ci trwa\u0107 w Jego s\u0142owie i rozkoszowa\u0107 si\u0119 Jego prawami, tak jak Dawid. Nie ma upodobania w grzechu, a w 1J 3:4 jest napisane: <strong>\u201egrzech jest przekroczeniem prawa\u201d.<\/strong><\/p>\n<p>Wszyscy wiemy, \u017ce dobre uczynki nie zapewniaj\u0105 naszego duchowego zbawienia. Dobre uczynki dopiero p\u00f3\u017aniej przychodz\u0105 na dow\u00f3d, \u017ce jeste\u015bmy zbawieni. Dwukrotnie w ksi\u0119dze Dziej\u00f3w Apostolskich Pawe\u0142 ostrzega\u0142 nowo nawr\u00f3conych pogan, aby przestrzegali praw lewit\u00f3w dotycz\u0105cych krwi i jedli czyste mi\u0119so zamiast \u201erzeczy uduszonych\u201d. Powiedzia\u0142, zr\u00f3b to, a prze\u017cyjesz. Wci\u0105\u017c jednak wskazywa\u0142, aby w ka\u017cdy szabat uczyli si\u0119 tego prawa, tak jak Moj\u017cesz jest g\u0142oszony w synagogach w ka\u017cdym mie\u015bcie.<\/p>\n<p>Te lewickie prawa \u017cywieniowe i zwi\u0105zane z krwi\u0105 s\u0105 wyra\u017anie wskazane przez Paw\u0142a do przestrzegania przez pogan. Z drobnymi szczeg\u00f3\u0142ami powtarza te \u201ekonieczno\u015b\u0107 fizycznego przetrwania\u201d w Dziejach Apostolskich 15:20, 15:29 i 21:25!<\/p>\n<div>\n<p>Kliknij tutaj, aby uzyska\u0107 wiadomo\u015b\u0107 wprowadzaj\u0105c\u0105 na ten temat <i><b>\u201ePrawo Bo\u017ce jest naukowe\u201d<\/b><\/i>: <b><a title=\"zablokowane::http:\/\/t.ymlp24.net\/mewadajshaxaebeeaxahsem\/click.php\" href=\"http:\/\/t.ymlp24.net\/mewadajshaxaebeeaxahsem\/click.php\" target=\"_blank\" rel=\"nofollow noopener\">http:\/\/recordings.talkshoe.com\/TC-73940\/TS-451997.mp3<\/a><\/b><\/p>\n<\/div>\n<div><\/div>\n<div><i><b>Poniewa\u017c nasze narody masowo odrzuci\u0142y i zbuntowa\u0142y si\u0119 przed Jezusem Chrystusem jako naszym Zbawicielem, w wi\u0119kszej liczbie ni\u017c kiedykolwiek zanotowano, udowadniamy na podstawie Pisma \u015awi\u0119tego, \u017ce powr\u00f3ci\u0142y pod przekle\u0144stwa Prawa Moj\u017ceszowego i nie maj\u0105 nic, co mog\u0142oby ich chroni\u0107. Poprzez odrzucenie Jezusa ca\u0142e obszary znajduj\u0105 si\u0119 pod panowaniem szatana. Szatan ma teraz wszelkie prawa, by ich zaatakowa\u0107 i pozwoli\u0107 naszym ludziom umrze\u0107 w straszliwy spos\u00f3b, bardziej ni\u017c kiedykolwiek wcze\u015bniej. Teraz mo\u017cemy si\u0119 tylko spodziewa\u0107, \u017ce plagi i kary uderz\u0105 na nies\u0142ychan\u0105 skal\u0119, a odczuwamy skutki tylko dlatego, \u017ce mieszkamy w ich pobli\u017cu.<\/b><\/i><\/div>\n<div><\/div>\n<div><b>W Ewangelii \u0141ukasza 19:40 Jezus powiedzia\u0142, \u017ce je\u015bli nie b\u0119dziemy Go chwali\u0107, wtedy nawet ska\u0142y b\u0119d\u0105 krzycze\u0107! W czasach Moj\u017cesza cz\u0119\u015b\u0107 zbuntowanych wiosek zosta\u0142a ca\u0142kowicie poch\u0142oni\u0119ta przez ziemi\u0119. To w\u0142a\u015bnie pod wp\u0142ywem odrzucenia Syna Bo\u017cego, Jezusa Chrystusa, uleg\u0142y z powrotem ca\u0142e obszary.<\/b><\/div>\n<div><\/div>\n<div>Skontaktuj si\u0119 ze mn\u0105, je\u015bli b\u0119dziesz pos\u0142uszny s\u0142owu Bo\u017cemu, aby <a title=\"zablokowane::http:\/\/t.ymlp24.net\/meqaiajshaiaebeeazahsem\/click.php\" href=\"http:\/\/t.ymlp24.net\/meqaiajshaiaebeeazahsem\/click.php\" target=\"_blank\" rel=\"nofollow noopener\">ostrzegaj bezbo\u017cnych jak str\u00f3\u017c,<\/a>. Skontaktuj si\u0119 ze mn\u0105, je\u015bli chcesz to zrobi\u0107 w Twojej okolicy lub w strategicznych obszarach, kt\u00f3re zaplanowali\u015bmy. Jego s\u0142owo jest boskie i wykona je tak, jak zawsze, i nigdy nie mo\u017ce powr\u00f3ci\u0107 do pustki. Krew b\u0119dzie na twoich r\u0119kach, je\u015bli nie ostrze\u017cesz swojej okolicy, m\u00f3wi s\u0142owo JAHWEH. Nie mo\u017cemy ponie\u015b\u0107 pora\u017cki, ale do\u0142o\u017cy\u0107 wszelkich stara\u0144, aby to zrobi\u0107. Mamy teraz dost\u0119pn\u0105 platform\u0119 i program, aby\u015b m\u00f3g\u0142 dyskretnie uruchomi\u0107 to, b\u0119d\u0105c m\u0105drymi jak w\u0119\u017ce i \u0142agodnymi jak go\u0142\u0119bie w niebezpiecznych czasach, w kt\u00f3rych \u017cyjemy. Wymaga to minimalnego po\u015bwi\u0119cenia i ofiarowania, znacznie mniej ni\u017c wymagana dziesi\u0119cina 10% . Jednak wszyscy musimy co\u015b ofiarowa\u0107, poniewa\u017c Jego Ko\u015bci\u00f3\u0142 to nie tylko jedna osoba czy kilka, ale my wszyscy jako \u017cywe kamienie Jego \u015bwi\u0105tyni.<\/div>\n<div><\/div>\n<div>Prowadzimy r\u00f3wnie\u017c aktywn\u0105 rekrutacj\u0119 prelegent\u00f3w na te konferencje, reklamujemy si\u0119 dla wszystkich, kt\u00f3rzy chcieliby wypowiada\u0107 si\u0119 na temat \u201e<b>Prawo Bo\u017ce jest naukowe<\/b>\u201d i dlaczego nasze narody potrzebuj\u0105 Jezusa. Ka\u017cda konferencja ma si\u0119 odby\u0107 w miejscach, kt\u00f3re mog\u0105 pomie\u015bci\u0107 ponad 1000 os\u00f3b, kt\u00f3re chc\u0105 us\u0142ysze\u0107 o tych naukowych dowodach prawa Bo\u017cego i dlaczego musimy promowa\u0107 Jezusa, aby ponownie by\u0142 zbiorowo naszym Suwerennym Panem.<\/div>\n<div><\/div>\n<div>Jego wieczne przykazania, jako wiecznego Boga, nigdy nie mog\u0105 by\u0107 niepos\u0142uszne, a wszelkie przekroczenie ca\u0142ego prawa JAHWEH Yahshua (Jezusa) jest zdefiniowane jako grzech, patrz 1J 3:4, aby pozna\u0107 definicj\u0119 grzechu. Musimy promowa\u0107 pokut\u0119 za grzech i mie\u0107 mniej przymierzy zniszczenia.<\/div>\n<div><\/div>\n<div>Powt\u00f3rzonego Prawa 30:16<\/div>\n<div>&#8220;<i><b>\u2026trzyma\u0107<\/b><\/i> <i><b>Jego przykazania, jego ustawy i jego nakazy,<\/b><\/i> <i><b>aby\u015b \u017cy\u0142 i rozmna\u017ca\u0142 si\u0119, a Pan, B\u00f3g tw\u00f3j, b\u0119dzie ci b\u0142ogos\u0142awi\u0142 na ziemi, do kt\u00f3rej idziesz, aby j\u0105 posi\u0105\u015b\u0107<\/b><\/i>.&#8221;<\/div>\n<div><\/div>\n<div id=\"yui_3_7_2_1_1361343892382_639\">Aby uzyska\u0107 wi\u0119cej informacji na temat frekwencji lub je\u015bli chcia\u0142by\u015b przemawia\u0107 na jednej z tych konferencji, napisz na adres minister@christsassembly.com po wi\u0119cej szczeg\u00f3\u0142\u00f3w. Je\u015bli w Twojej okolicy nie jest planowana \u017cadna konferencja, mo\u017cemy rozpocz\u0105\u0107 tak\u0105 na tak\u0105 skal\u0119, za co najmniej $2.000,00 na pierwsz\u0105 konferencj\u0119 i $1000,00 za ka\u017cd\u0105 kolejn\u0105. Istniej\u0105 inne kreatywne sposoby promowania tych, kt\u00f3re w\u0142a\u015bciwie nic nie kosztuj\u0105, je\u015bli jeste\u015b emerytem i nie masz nic przeciwko rozg\u0142osowi, kt\u00f3ry normalnie m\u00f3g\u0142by kosztowa\u0107 ci\u0119 utrat\u0119 pracy. Wszyscy jeste\u015bmy cz\u0119\u015bci\u0105 Jego cia\u0142a ko\u015bcielnego i wszyscy jednakowo potrzebujemy darowizny, aby tak si\u0119 sta\u0142o. Wszyscy darczy\u0144cy b\u0119d\u0105 uwa\u017cani za wsp\u00f3\u0142ministr\u00f3w i b\u0119d\u0105 mogli otrzyma\u0107 procent darowizn na wydarzeniach, je\u015bli do\u0142\u0105czysz do nas w <i><b>\u201eszukaj\u0105c najpierw Jego kr\u00f3lestwa i Jego sprawiedliwo\u015bci\u201d<\/b><\/i>, modl\u0105c si\u0119 <i><b>\u201e\u017ce nadejdzie Jego Kr\u00f3lestwo i Jego wola b\u0119dzie wykonywana na ziemi, tak jak w niebie\u201d<\/b><\/i>. Jeste\u015bmy nazywani Ambasadorami, a wi\u0119cej ni\u017c zdobywcami przez Tego, kt\u00f3ry nas umi\u0142owa\u0142, i mamy wiele obietnic zwyci\u0119stwa, zanim nadejdzie koniec.<\/div>\n<div><\/div>\n<div>Og\u0142oszenia w lokalnych gazetach dotycz\u0105ce ka\u017cdego wydarzenia maj\u0105 dwutygodniowy okres wyprzedzenia dla Twojej okolicy. Inne materia\u0142y promocyjne s\u0105 dost\u0119pne po niskich kosztach. Na przyk\u0142ad ulotki na ka\u017cde wydarzenie kosztuj\u0105 oko\u0142o $50,00 za 2000. Dystrybucj\u0119 nale\u017cy zaplanowa\u0107 i przeprowadzi\u0107 z du\u017cym wyprzedzeniem.<\/div>\n<div><\/div>\n<div>Wype\u0142nijmy sale Twojego ko\u015bcio\u0142a lub domu kultury!<\/div>\n<div><\/div>\n<p>Zgromadzenie Chrystusa w twojej okolicy posuwa si\u0119 naprz\u00f3d, a\u017c przez obmycie wod\u0105 Jego s\u0142owa staniemy si\u0119 tym ko\u015bcio\u0142em<i><b>(ZGROMADZENIE W\u0141ADZY po grecku)<\/b><\/i> czyli bez plam i zmarszczek. (Efezjan 5:26-27).<\/p>\n<p>Zadzwo\u0144 lub napisz do nas, aby um\u00f3wi\u0107 si\u0119 na spotkanie lub wyst\u0105pienie. Z przyjemno\u015bci\u0105 stan\u0119 z tob\u0105 rami\u0119 w rami\u0119, pomagaj\u0105c doprowadzi\u0107 grzesznik\u00f3w do pokuty iw zbawczej wiedzy naszego Kr\u00f3la Jezusa Chrystusa!<\/p>\n<p>Wielebny Stephen Michael K<\/p>","protected":false},"excerpt":{"rendered":"<p>&nbsp; LARGE CONFERENCES FOR THE GENERAL PUBLIC ARE TO BE HELD IN YOUR LOCAL AREA TOPIC &#8220;God&#8217;s Law is Scientific&#8221; and Why We Need Jesus (hear intro mp3) Conferences in every region of the Post-Christian world are being scheduled for preparing the remnant for the national punishments for their nation&#8217;s mass rebellion against our eternal [&hellip;]<\/p>\n","protected":false},"author":1,"featured_media":0,"parent":753,"menu_order":0,"comment_status":"open","ping_status":"closed","template":"","meta":{"seo_booster_metabox":"","footnotes":""},"class_list":["post-682","page","type-page","status-publish","hentry"],"yoast_head":"<!-- This site is optimized with the Yoast SEO plugin v27.2 - https:\/\/yoast.com\/product\/yoast-seo-wordpress\/ -->\n<title>God&#039;s Law is Scientific - Watchman News<\/title>\n<meta name=\"robots\" content=\"index, follow, max-snippet:-1, max-image-preview:large, max-video-preview:-1\" \/>\n<link rel=\"canonical\" href=\"https:\/\/watchman.news\/pl\/evangelism\/gods-scientific-law\/gods-law-is-scientific\/\" \/>\n<meta property=\"og:locale\" content=\"pl_PL\" \/>\n<meta property=\"og:type\" content=\"article\" \/>\n<meta property=\"og:title\" content=\"God&#039;s Law is Scientific - Watchman News\" \/>\n<meta property=\"og:description\" content=\"&nbsp; LARGE CONFERENCES FOR THE GENERAL PUBLIC ARE TO BE HELD IN YOUR LOCAL AREA TOPIC &#8220;God&#8217;s Law is Scientific&#8221; and Why We Need Jesus (hear intro mp3) Conferences in every region of the Post-Christian world are being scheduled for preparing the remnant for the national punishments for their nation&#8217;s mass rebellion against our eternal [&hellip;]\" \/>\n<meta property=\"og:url\" content=\"https:\/\/watchman.news\/pl\/evangelism\/gods-scientific-law\/gods-law-is-scientific\/\" \/>\n<meta property=\"og:site_name\" content=\"Watchman News\" \/>\n<meta property=\"article:modified_time\" content=\"2022-04-19T10:17:44+00:00\" \/>\n<meta name=\"twitter:card\" content=\"summary_large_image\" \/>\n<meta name=\"twitter:label1\" content=\"Szacowany czas czytania\" \/>\n\t<meta name=\"twitter:data1\" content=\"6 minut\" \/>\n<script type=\"application\/ld+json\" class=\"yoast-schema-graph\">{\"@context\":\"https:\/\/schema.org\",\"@graph\":[{\"@type\":\"WebPage\",\"@id\":\"https:\/\/watchman.news\/evangelism\/gods-scientific-law\/gods-law-is-scientific\/\",\"url\":\"https:\/\/watchman.news\/evangelism\/gods-scientific-law\/gods-law-is-scientific\/\",\"name\":\"God's Law is Scientific - Watchman News\",\"isPartOf\":{\"@id\":\"https:\/\/watchman.news\/#website\"},\"datePublished\":\"2013-02-20T21:53:45+00:00\",\"dateModified\":\"2022-04-19T10:17:44+00:00\",\"breadcrumb\":{\"@id\":\"https:\/\/watchman.news\/evangelism\/gods-scientific-law\/gods-law-is-scientific\/#breadcrumb\"},\"inLanguage\":\"pl-PL\",\"potentialAction\":[{\"@type\":\"ReadAction\",\"target\":[\"https:\/\/watchman.news\/evangelism\/gods-scientific-law\/gods-law-is-scientific\/\"]}]},{\"@type\":\"BreadcrumbList\",\"@id\":\"https:\/\/watchman.news\/evangelism\/gods-scientific-law\/gods-law-is-scientific\/#breadcrumb\",\"itemListElement\":[{\"@type\":\"ListItem\",\"position\":1,\"name\":\"Home\",\"item\":\"https:\/\/watchman.news\/\"},{\"@type\":\"ListItem\",\"position\":2,\"name\":\"Evangelistic Seminars\",\"item\":\"https:\/\/watchman.news\/evangelism\/\"},{\"@type\":\"ListItem\",\"position\":3,\"name\":\"God&#8217;s Scientific Law\",\"item\":\"https:\/\/watchman.news\/evangelism\/gods-scientific-law\/\"},{\"@type\":\"ListItem\",\"position\":4,\"name\":\"God&#8217;s Law is Scientific\"}]},{\"@type\":\"WebSite\",\"@id\":\"https:\/\/watchman.news\/#website\",\"url\":\"https:\/\/watchman.news\/\",\"name\":\"Watchman News\",\"description\":\"News of Importance for the True Christian Israel\",\"potentialAction\":[{\"@type\":\"SearchAction\",\"target\":{\"@type\":\"EntryPoint\",\"urlTemplate\":\"https:\/\/watchman.news\/?s={search_term_string}\"},\"query-input\":{\"@type\":\"PropertyValueSpecification\",\"valueRequired\":true,\"valueName\":\"search_term_string\"}}],\"inLanguage\":\"pl-PL\"}]}<\/script>\n<!-- \/ Yoast SEO plugin. -->","yoast_head_json":{"title":"God's Law is Scientific - Watchman News","robots":{"index":"index","follow":"follow","max-snippet":"max-snippet:-1","max-image-preview":"max-image-preview:large","max-video-preview":"max-video-preview:-1"},"canonical":"https:\/\/watchman.news\/pl\/evangelism\/gods-scientific-law\/gods-law-is-scientific\/","og_locale":"pl_PL","og_type":"article","og_title":"God's Law is Scientific - Watchman News","og_description":"&nbsp; LARGE CONFERENCES FOR THE GENERAL PUBLIC ARE TO BE HELD IN YOUR LOCAL AREA TOPIC &#8220;God&#8217;s Law is Scientific&#8221; and Why We Need Jesus (hear intro mp3) Conferences in every region of the Post-Christian world are being scheduled for preparing the remnant for the national punishments for their nation&#8217;s mass rebellion against our eternal [&hellip;]","og_url":"https:\/\/watchman.news\/pl\/evangelism\/gods-scientific-law\/gods-law-is-scientific\/","og_site_name":"Watchman News","article_modified_time":"2022-04-19T10:17:44+00:00","twitter_card":"summary_large_image","twitter_misc":{"Szacowany czas czytania":"6 minut"},"schema":{"@context":"https:\/\/schema.org","@graph":[{"@type":"WebPage","@id":"https:\/\/watchman.news\/evangelism\/gods-scientific-law\/gods-law-is-scientific\/","url":"https:\/\/watchman.news\/evangelism\/gods-scientific-law\/gods-law-is-scientific\/","name":"God's Law is Scientific - Watchman News","isPartOf":{"@id":"https:\/\/watchman.news\/#website"},"datePublished":"2013-02-20T21:53:45+00:00","dateModified":"2022-04-19T10:17:44+00:00","breadcrumb":{"@id":"https:\/\/watchman.news\/evangelism\/gods-scientific-law\/gods-law-is-scientific\/#breadcrumb"},"inLanguage":"pl-PL","potentialAction":[{"@type":"ReadAction","target":["https:\/\/watchman.news\/evangelism\/gods-scientific-law\/gods-law-is-scientific\/"]}]},{"@type":"BreadcrumbList","@id":"https:\/\/watchman.news\/evangelism\/gods-scientific-law\/gods-law-is-scientific\/#breadcrumb","itemListElement":[{"@type":"ListItem","position":1,"name":"Home","item":"https:\/\/watchman.news\/"},{"@type":"ListItem","position":2,"name":"Evangelistic Seminars","item":"https:\/\/watchman.news\/evangelism\/"},{"@type":"ListItem","position":3,"name":"God&#8217;s Scientific Law","item":"https:\/\/watchman.news\/evangelism\/gods-scientific-law\/"},{"@type":"ListItem","position":4,"name":"God&#8217;s Law is Scientific"}]},{"@type":"WebSite","@id":"https:\/\/watchman.news\/#website","url":"https:\/\/watchman.news\/","name":"Watchman News","description":"News of Importance for the True Christian Israel","potentialAction":[{"@type":"SearchAction","target":{"@type":"EntryPoint","urlTemplate":"https:\/\/watchman.news\/?s={search_term_string}"},"query-input":{"@type":"PropertyValueSpecification","valueRequired":true,"valueName":"search_term_string"}}],"inLanguage":"pl-PL"}]}},"_links":{"self":[{"href":"https:\/\/watchman.news\/pl\/wp-json\/wp\/v2\/pages\/682","targetHints":{"allow":["GET"]}}],"collection":[{"href":"https:\/\/watchman.news\/pl\/wp-json\/wp\/v2\/pages"}],"about":[{"href":"https:\/\/watchman.news\/pl\/wp-json\/wp\/v2\/types\/page"}],"author":[{"embeddable":true,"href":"https:\/\/watchman.news\/pl\/wp-json\/wp\/v2\/users\/1"}],"replies":[{"embeddable":true,"href":"https:\/\/watchman.news\/pl\/wp-json\/wp\/v2\/comments?post=682"}],"version-history":[{"count":0,"href":"https:\/\/watchman.news\/pl\/wp-json\/wp\/v2\/pages\/682\/revisions"}],"up":[{"embeddable":true,"href":"https:\/\/watchman.news\/pl\/wp-json\/wp\/v2\/pages\/753"}],"wp:attachment":[{"href":"https:\/\/watchman.news\/pl\/wp-json\/wp\/v2\/media?parent=682"}],"curies":[{"name":"wp","href":"https:\/\/api.w.org\/{rel}","templated":true}]}}