{"id":709,"date":"2013-02-21T15:29:30","date_gmt":"2013-02-21T15:29:30","guid":{"rendered":"http:\/\/christsassembly.com\/?page_id=709"},"modified":"2022-04-19T11:45:05","modified_gmt":"2022-04-19T11:45:05","slug":"evangelism","status":"publish","type":"page","link":"https:\/\/watchman.news\/pl\/evangelism\/","title":{"rendered":"Seminaria ewangelizacyjne"},"content":{"rendered":"<p>Seminaria ewangelizacyjne Zgromadzenia Chrystusowego maj\u0105 form\u0119 docierania do nowych wierz\u0105cych na tych, kt\u00f3rzy pytaj\u0105, aby znale\u017a\u0107 zbawcze dzie\u0142o Jezusa Chrystusa w ich \u017cyciu. Mog\u0105 by\u0107 dostosowane do konkretnego tematu, obszaru, regionu lub celu. Zapraszamy wszelkiego rodzaju platformy m\u00f3wi\u0105ce, od miejsc na \u015bwie\u017cym powietrzu, przez sale koncertowe, po ko\u015bcio\u0142y, po hotelowe sale konferencyjne.<\/p>\n<p>Niekt\u00f3re z naszych przyk\u0142adowych seminari\u00f3w to \u201ePrawo Bo\u017ce jest naukowe\u201d, \u201ePokuta za grzech\u201d i \u201eDoskona\u0142e S\u0142owo Bo\u017ce\u201d. Dost\u0119pnych jest znacznie wi\u0119cej.<\/p>\n<p>W tej chwili nasze seminaria ewangelizacyjne odbywaj\u0105 si\u0119 g\u0142\u00f3wnie online za po\u015brednictwem Watchman Reporters (wideo) i cotygodniowych audycji Kingdom Message (audio). Mo\u017cesz do\u0142\u0105czy\u0107 do nas i prze\u017cywa\u0107 ka\u017cdy szabat na przes\u0142aniu Kr\u00f3lestwa. Nie wszystkie przes\u0142ania na tych kana\u0142ach s\u0105 w formie seminari\u00f3w ewangelizacyjnych, ale s\u0105 bardziej dostosowane do nawr\u00f3conych i wiernych.<\/p>\n<p>Jeste\u015bmy dost\u0119pni do prowadzenia seminari\u00f3w lokalnie w Twoim regionie. Po prostu zadzwo\u0144 do nas, aby um\u00f3wi\u0107 si\u0119 na konsultacj\u0119. Nie kr\u0119puj si\u0119 zg\u0142asza\u0107 wszelkich pr\u00f3\u015bb o wysi\u0142ek ewangelizacyjny w Twojej okolicy, we\u017amiemy to pod uwag\u0119 z modlitw\u0105.<\/p>\n<p>\u0141\u0104CZYMY CA\u0141E CIA\u0141O CHRYSTUSA. NAUCZANIE PRZYKAZANIA JEST BARDZO PODSTAWOWYM WYMOGIEM WE WSZYSTKICH KOLEJACH CHRZE\u015aCIJA\u0143SKICH. BEZ CODZIENNEJ POKUTY ZA GRZECH NIE MO\u017bEMY PRZYJMOWA\u0106 KOMUNII \u015aWI\u0118TEJ ANI SAKRAMENT\u00d3W BIERZMOWANIA ANI CHRZTU. WSZECHSTRONNIE DOKONANO, \u017bE MUSIMY CA\u0141KOWICIE ODWR\u00d3CI\u0106 SI\u0118 OD WSZYSTKIEGO GRZECHU W przeciwnym razie NIE MO\u017bESZ UCZESTNICZY\u0106 W KOMUNII \u015aWI\u0118TEJ.<\/p>\n<p style=\"line-height: 18.0pt\"><span style=\"font-family: 'Georgia',serif;color: #333333\">NIE S\u0141YSZY\u015aCIE PROMOCJI OBRAD\u00d3W I BLASFEMII Z NASZEGO KO\u015aCIO\u0141A. NIEKT\u00d3RZY LUDZIE M\u00d3WI\u0104, \u017bE NASZE WIERZENIA ORTODOKSYJNE rozprosz\u0105 stado. LUDZKIE TRADYCJE MOG\u0104 TO ZROBI\u0106, ALE S\u0141OWO BO\u017bE MAMY TYLKO NA NASZYM ZGROMADZENIU. MAMY NADZIEJ\u0118, \u017bE OTWORZYMY OCZY LUDZI NA WI\u0118ZI ZA GRZECH, W KT\u00d3RYCH ZOSTA\u0141Y. WIDZIMY, \u017bE BO\u017bE PRAWO ZAWSZE OKA\u017bE SI\u0118 NAJLEPSZY I NAJBARDZIEJ PRZYJEMNY SPOS\u00d3B \u017bYCIA W PE\u0141NI. UCZ\u0104C SI\u0118 SWOJEGO PRAWA, WCZE\u015aNIEJ PRZEPROWADZI SWOJE PRAWDZIWE OWCE, ABY NIE BY\u0106 ROZPROSZONE, ALE POWR\u00d3CI\u0106 DO ZAK\u0141ADU.<\/span><\/p>\n<p>ZRZECZENIE SI\u0118: Ta strona internetowa nie jest przeznaczona dla niewierz\u0105cych. Jeste\u015bmy stowarzyszeniem prywatnym, a tre\u015b\u0107 jest przeznaczona tylko dla cz\u0142onk\u00f3w. Dla pozosta\u0142ych, kt\u00f3rzy nie s\u0105 nawr\u00f3ceni, bierzmowani i ochrzczeni, nie zrozumiej\u0105 naszych duchowych punkt\u00f3w i intencji. Niewierz\u0105cy tylko przez przypadek uzyskaliby nieistotn\u0105 wiedz\u0119 na temat czytania tego miejsca, ca\u0142kowicie nieobecn\u0105 w naszych duchowych intencjach. W wi\u0119kszo\u015bci by\u0142oby to ca\u0142kowicie niezrozumiane we wszystkich punktach i intencjach. Wszystkie punkty i intencje s\u0105 \u015bci\u015ble duchowe. Podczas walki duchowej b\u0119dziesz potrzebowa\u0107 aktywowanych duchowych oczu i uszu, aby przetwarza\u0107 s\u0142owo Bo\u017ce (r\u00f3wnie\u017c zachowane w Wersji Kr\u00f3la Jakuba). Zw\u0142aszcza uszy jak\u00a0<strong><em>\u201eWiara przychodzi przez S\u0141UCHANIE M\u00d3WIONEGO S\u0141OWA\u201d<\/em><\/strong> (Rzymian 10:17). Wi\u0119c lepiej zacz\u0105\u0107 od<a href=\"http:\/\/christsassembly.com\/category\/assemblies\/talkshoe-sabbaths\/\">\u00a0pos\u0142uchaj naszych plik\u00f3w mp3<\/a>. B\u0119dziesz musia\u0142 za\u0142o\u017cy\u0107 swoj\u0105 duchow\u0105 zbroj\u0119 i w\u0142ada\u0107 duchow\u0105 broni\u0105 przeciwko duchowym diab\u0142om, kt\u00f3re kontroluj\u0105 \u201educhowe z\u0142o na wy\u017cynach\u201d i maj\u0105 \u201ewznios\u0142e rzeczy, kt\u00f3re wywy\u017cszaj\u0105 si\u0119 przeciw poznaniu Boga\u201d. Jak m\u00f3wi Apokalipsa, atakuj\u0105 tylko tych, kt\u00f3rzy maj\u0105 \u015bwiadectwo Jezusa (<a href=\"http:\/\/christsassembly.com\/2013\/02\/joshua-jesus-yahshua-hosanna-yahoshua-are-all-greekbabylonian-corruptions-of-our-saviours-name\/\">YAHWEH Yasha<\/a>) i Jego przykazania. Oba te elementy (Jezus i przykazania) s\u0105 kryteriami zaanga\u017cowania si\u0119 w walk\u0119 (Obj 12: 7). Tak, Wieczny B\u00d3G JAHWEH i wszystkie Jego niezmienne S\u0142owo maj\u0105 by\u0107 zaszczycone. Artyku\u0142y na Zgromadzeniu Chrystusowym i Wiadomo\u015bciach Watchman, a nawet w ca\u0142ej naszej bibliotece, s\u0105 przeznaczone dla w pe\u0142ni nawr\u00f3conych i dojrza\u0142ych chrze\u015bcijan, kt\u00f3rzy potrafi\u0105 wielbi\u0107 Boga w r\u00f3wnowadze ducha i prawdy. To jest dla tych, kt\u00f3rzy ju\u017c odm\u00f3wili modlitw\u0119 grzesznik\u00f3w (odwr\u00f3cili si\u0119 i odpokutowali za wszelki grzech) i otrzymali swego narodzonego na nowo Ducha, kt\u00f3ry zosta\u0142 dla nich zakupiony przez krew Baranka. Wszystko, z czym mamy do czynienia, jest duchowe. Zatem nasze intencje mog\u0105 by\u0107 w\u0142a\u015bciwie zrozumiane dopiero po tym, jak zostaniesz duchowo \u201enarodzony na nowo\u201d (chyba \u017ce B\u00f3g w jaki\u015b spos\u00f3b naprawd\u0119 wzywa ci\u0119 do tych prawd i zbawczej wiedzy Jezusa i Jego praw. Ca\u0142e stworzenie zgadza si\u0119, \u017ce Jego prawo jest dobre). Wszystkim, kt\u00f3rzy nie s\u0105 wierz\u0105cymi, radzimy, aby nawr\u00f3cili si\u0119 w najbli\u017cszym lokalnym ko\u015bciele chrze\u015bcija\u0144skim (kt\u00f3ry naucza Biblii) przed dalszym czytaniem. Mo\u017cesz r\u00f3wnie\u017c przej\u015b\u0107 do naszej sekcji \u201enowi wierz\u0105cy\u201d, aby uzyska\u0107 wi\u0119cej informacji na temat oddania \u017cycia Chrystusowi. Odm\u00f3w dzi\u015b modlitw\u0119 grzesznik\u00f3w i odwr\u00f3\u0107 si\u0119 od wszelkiego grzechu ca\u0142ym swoim sercem, aby powr\u00f3ci\u0107 do Jego wspania\u0142ych praw wolno\u015bci dla ca\u0142ej ludzko\u015bci.<\/p>\n<p>Je\u015bli jeste\u015b nowym wierz\u0105cym, zadzwo\u0144 pod numer 714-983-6968, aby modli\u0107 si\u0119 razem z ministrem. Lub skorzystaj z naszego \u201e<a href=\"http:\/\/christsassembly.com\/assemblies\/contact\/\">strona kontaktowa<\/a>&quot; Zaplanowa\u0107 spotkanie. Tam s\u0105<a href=\"http:\/\/christsassembly.com\/2016\/02\/categories-of-church-members\/\"> kilku m\u0119drc\u00f3w cz\u0142onkostwa<\/a>. Je\u015bli nie mo\u017cesz znale\u017a\u0107 zgromadzenia, kt\u00f3re czci w szabat i naucza przykaza\u0144, s\u0142uchaj naszych plik\u00f3w MP3, a\u017c znajdziesz jakie\u015b. Pami\u0119taj te\u017c, \u017ce pomagamy <a href=\"http:\/\/christsassembly.com\/2015\/09\/assemblies\/\">ca\u0142y czas rozpoczyna\u0107 nowe z\u0142o\u017cenia<\/a>.<\/p>\n<p>&nbsp;<\/p>","protected":false},"excerpt":{"rendered":"<p>Evangelistic Seminars of the Christ&#8217;s Assembly are made in a format for reaching new believers on inquirers to find the saving work of Jesus Christ in their lives. These can be tailored to a specific topic, area, region or purpose. We welcome all sorts of speaking platforms, from open air venues, to concert halls, to [&hellip;]<\/p>\n","protected":false},"author":1,"featured_media":0,"parent":0,"menu_order":0,"comment_status":"open","ping_status":"closed","template":"","meta":{"seo_booster_metabox":"","footnotes":""},"class_list":["post-709","page","type-page","status-publish","hentry"],"yoast_head":"<!-- This site is optimized with the Yoast SEO plugin v27.2 - https:\/\/yoast.com\/product\/yoast-seo-wordpress\/ -->\n<title>Evangelistic Seminars - Watchman News<\/title>\n<meta name=\"robots\" content=\"index, follow, max-snippet:-1, max-image-preview:large, max-video-preview:-1\" \/>\n<link rel=\"canonical\" href=\"https:\/\/watchman.news\/pl\/evangelism\/\" \/>\n<meta property=\"og:locale\" content=\"pl_PL\" \/>\n<meta property=\"og:type\" content=\"article\" \/>\n<meta property=\"og:title\" content=\"Evangelistic Seminars - Watchman News\" \/>\n<meta property=\"og:description\" content=\"Evangelistic Seminars of the Christ&#8217;s Assembly are made in a format for reaching new believers on inquirers to find the saving work of Jesus Christ in their lives. These can be tailored to a specific topic, area, region or purpose. We welcome all sorts of speaking platforms, from open air venues, to concert halls, to [&hellip;]\" \/>\n<meta property=\"og:url\" content=\"https:\/\/watchman.news\/pl\/evangelism\/\" \/>\n<meta property=\"og:site_name\" content=\"Watchman News\" \/>\n<meta property=\"article:modified_time\" content=\"2022-04-19T11:45:05+00:00\" \/>\n<meta name=\"twitter:card\" content=\"summary_large_image\" \/>\n<meta name=\"twitter:label1\" content=\"Szacowany czas czytania\" \/>\n\t<meta name=\"twitter:data1\" content=\"4 minuty\" \/>\n<script type=\"application\/ld+json\" class=\"yoast-schema-graph\">{\"@context\":\"https:\/\/schema.org\",\"@graph\":[{\"@type\":\"WebPage\",\"@id\":\"https:\/\/watchman.news\/evangelism\/\",\"url\":\"https:\/\/watchman.news\/evangelism\/\",\"name\":\"Evangelistic Seminars - Watchman News\",\"isPartOf\":{\"@id\":\"https:\/\/watchman.news\/#website\"},\"datePublished\":\"2013-02-21T15:29:30+00:00\",\"dateModified\":\"2022-04-19T11:45:05+00:00\",\"breadcrumb\":{\"@id\":\"https:\/\/watchman.news\/evangelism\/#breadcrumb\"},\"inLanguage\":\"pl-PL\",\"potentialAction\":[{\"@type\":\"ReadAction\",\"target\":[\"https:\/\/watchman.news\/evangelism\/\"]}]},{\"@type\":\"BreadcrumbList\",\"@id\":\"https:\/\/watchman.news\/evangelism\/#breadcrumb\",\"itemListElement\":[{\"@type\":\"ListItem\",\"position\":1,\"name\":\"Home\",\"item\":\"https:\/\/watchman.news\/\"},{\"@type\":\"ListItem\",\"position\":2,\"name\":\"Evangelistic Seminars\"}]},{\"@type\":\"WebSite\",\"@id\":\"https:\/\/watchman.news\/#website\",\"url\":\"https:\/\/watchman.news\/\",\"name\":\"Watchman News\",\"description\":\"News of Importance for the True Christian Israel\",\"potentialAction\":[{\"@type\":\"SearchAction\",\"target\":{\"@type\":\"EntryPoint\",\"urlTemplate\":\"https:\/\/watchman.news\/?s={search_term_string}\"},\"query-input\":{\"@type\":\"PropertyValueSpecification\",\"valueRequired\":true,\"valueName\":\"search_term_string\"}}],\"inLanguage\":\"pl-PL\"}]}<\/script>\n<!-- \/ Yoast SEO plugin. -->","yoast_head_json":{"title":"Evangelistic Seminars - Watchman News","robots":{"index":"index","follow":"follow","max-snippet":"max-snippet:-1","max-image-preview":"max-image-preview:large","max-video-preview":"max-video-preview:-1"},"canonical":"https:\/\/watchman.news\/pl\/evangelism\/","og_locale":"pl_PL","og_type":"article","og_title":"Evangelistic Seminars - Watchman News","og_description":"Evangelistic Seminars of the Christ&#8217;s Assembly are made in a format for reaching new believers on inquirers to find the saving work of Jesus Christ in their lives. These can be tailored to a specific topic, area, region or purpose. We welcome all sorts of speaking platforms, from open air venues, to concert halls, to [&hellip;]","og_url":"https:\/\/watchman.news\/pl\/evangelism\/","og_site_name":"Watchman News","article_modified_time":"2022-04-19T11:45:05+00:00","twitter_card":"summary_large_image","twitter_misc":{"Szacowany czas czytania":"4 minuty"},"schema":{"@context":"https:\/\/schema.org","@graph":[{"@type":"WebPage","@id":"https:\/\/watchman.news\/evangelism\/","url":"https:\/\/watchman.news\/evangelism\/","name":"Evangelistic Seminars - Watchman News","isPartOf":{"@id":"https:\/\/watchman.news\/#website"},"datePublished":"2013-02-21T15:29:30+00:00","dateModified":"2022-04-19T11:45:05+00:00","breadcrumb":{"@id":"https:\/\/watchman.news\/evangelism\/#breadcrumb"},"inLanguage":"pl-PL","potentialAction":[{"@type":"ReadAction","target":["https:\/\/watchman.news\/evangelism\/"]}]},{"@type":"BreadcrumbList","@id":"https:\/\/watchman.news\/evangelism\/#breadcrumb","itemListElement":[{"@type":"ListItem","position":1,"name":"Home","item":"https:\/\/watchman.news\/"},{"@type":"ListItem","position":2,"name":"Evangelistic Seminars"}]},{"@type":"WebSite","@id":"https:\/\/watchman.news\/#website","url":"https:\/\/watchman.news\/","name":"Watchman News","description":"News of Importance for the True Christian Israel","potentialAction":[{"@type":"SearchAction","target":{"@type":"EntryPoint","urlTemplate":"https:\/\/watchman.news\/?s={search_term_string}"},"query-input":{"@type":"PropertyValueSpecification","valueRequired":true,"valueName":"search_term_string"}}],"inLanguage":"pl-PL"}]}},"_links":{"self":[{"href":"https:\/\/watchman.news\/pl\/wp-json\/wp\/v2\/pages\/709","targetHints":{"allow":["GET"]}}],"collection":[{"href":"https:\/\/watchman.news\/pl\/wp-json\/wp\/v2\/pages"}],"about":[{"href":"https:\/\/watchman.news\/pl\/wp-json\/wp\/v2\/types\/page"}],"author":[{"embeddable":true,"href":"https:\/\/watchman.news\/pl\/wp-json\/wp\/v2\/users\/1"}],"replies":[{"embeddable":true,"href":"https:\/\/watchman.news\/pl\/wp-json\/wp\/v2\/comments?post=709"}],"version-history":[{"count":0,"href":"https:\/\/watchman.news\/pl\/wp-json\/wp\/v2\/pages\/709\/revisions"}],"wp:attachment":[{"href":"https:\/\/watchman.news\/pl\/wp-json\/wp\/v2\/media?parent=709"}],"curies":[{"name":"wp","href":"https:\/\/api.w.org\/{rel}","templated":true}]}}