{"id":761,"date":"2013-02-21T21:18:10","date_gmt":"2013-02-21T21:18:10","guid":{"rendered":"http:\/\/christsassembly.com\/?page_id=761"},"modified":"2022-04-19T08:31:02","modified_gmt":"2022-04-19T08:31:02","slug":"repentance","status":"publish","type":"page","link":"https:\/\/watchman.news\/pl\/evangelism\/repentance\/","title":{"rendered":"Pokuta od grzechu"},"content":{"rendered":"<p><strong>Seminaria dla Twojej okolicy na temat \u201ePokuty od grzechu\u201d.<\/strong><\/p>\n<p>Jeden z najbardziej dyskutowanych temat\u00f3w tego pokolenia.<\/p>\n<p>Wielebny Stephen Michael, kt\u00f3ry jest gor\u0105cym kaznodziej\u0105 w tej sprawie, b\u0119dzie nadal przynosi\u0142 wiele dusz do Jezusa, aby pokutowali. Wyznanie grzechu i ca\u0142kowite odpokutowanie za grzech prowadzi do przebaczenia. Mamy odwraca\u0107 ludzi od b\u0142\u0119du grzechu. Nie ma \u017cadnych grzech\u00f3w, kt\u00f3re mamy pomin\u0105\u0107 i wyj\u015b\u0107 bez dyskusji. Nasz Kr\u00f3l powiedzia\u0142 nam, \u017ceby\u015bmy g\u0142osili ca\u0142\u0105 Jego prawd\u0119 bez wzgl\u0119du na to, jak bardzo ludzie gro\u017c\u0105 nam ukamienowaniem.<\/p>\n<p>TCAWW jest otwarta na sieci w po\u0142\u0105czonych seminariach m\u00f3wionych i ch\u0119tnie wprowadzimy ten temat do Twojego miejsca.<\/p>\n<p>DU\u017bE KONFERENCJE DLA OG\u00d3LNYCH PUBLICZNYCH <a href=\"http:\/\/christsassembly.com\/evangelism\/gods-scientific-law\/gods-law-is-scientific\/\">Kliknij tutaj<\/a><\/p>","protected":false},"excerpt":{"rendered":"<p>Seminars for your local area on &#8220;Repentance From Sin&#8221;. One of the most under discussed topics of this generation. Reverend Stephen Michael being a fiery preacher on the topic will continue to bring many souls to Jesus for repentance. Confession of sin and complete repentance from the sin proceeds forgiveness. We are to turn people [&hellip;]<\/p>\n","protected":false},"author":1,"featured_media":0,"parent":709,"menu_order":0,"comment_status":"open","ping_status":"closed","template":"","meta":{"seo_booster_metabox":"","footnotes":""},"class_list":["post-761","page","type-page","status-publish","hentry"],"yoast_head":"<!-- This site is optimized with the Yoast SEO plugin v27.2 - https:\/\/yoast.com\/product\/yoast-seo-wordpress\/ -->\n<title>Repentance From Sin - Watchman News<\/title>\n<meta name=\"robots\" content=\"index, follow, max-snippet:-1, max-image-preview:large, max-video-preview:-1\" \/>\n<link rel=\"canonical\" href=\"https:\/\/watchman.news\/pl\/evangelism\/repentance\/\" \/>\n<meta property=\"og:locale\" content=\"pl_PL\" \/>\n<meta property=\"og:type\" content=\"article\" \/>\n<meta property=\"og:title\" content=\"Repentance From Sin - Watchman News\" \/>\n<meta property=\"og:description\" content=\"Seminars for your local area on &#8220;Repentance From Sin&#8221;. One of the most under discussed topics of this generation. Reverend Stephen Michael being a fiery preacher on the topic will continue to bring many souls to Jesus for repentance. Confession of sin and complete repentance from the sin proceeds forgiveness. We are to turn people [&hellip;]\" \/>\n<meta property=\"og:url\" content=\"https:\/\/watchman.news\/pl\/evangelism\/repentance\/\" \/>\n<meta property=\"og:site_name\" content=\"Watchman News\" \/>\n<meta property=\"article:modified_time\" content=\"2022-04-19T08:31:02+00:00\" \/>\n<meta name=\"twitter:card\" content=\"summary_large_image\" \/>\n<meta name=\"twitter:label1\" content=\"Szacowany czas czytania\" \/>\n\t<meta name=\"twitter:data1\" content=\"1 minuta\" \/>\n<script type=\"application\/ld+json\" class=\"yoast-schema-graph\">{\"@context\":\"https:\/\/schema.org\",\"@graph\":[{\"@type\":\"WebPage\",\"@id\":\"https:\/\/watchman.news\/evangelism\/repentance\/\",\"url\":\"https:\/\/watchman.news\/evangelism\/repentance\/\",\"name\":\"Repentance From Sin - Watchman News\",\"isPartOf\":{\"@id\":\"https:\/\/watchman.news\/#website\"},\"datePublished\":\"2013-02-21T21:18:10+00:00\",\"dateModified\":\"2022-04-19T08:31:02+00:00\",\"breadcrumb\":{\"@id\":\"https:\/\/watchman.news\/evangelism\/repentance\/#breadcrumb\"},\"inLanguage\":\"pl-PL\",\"potentialAction\":[{\"@type\":\"ReadAction\",\"target\":[\"https:\/\/watchman.news\/evangelism\/repentance\/\"]}]},{\"@type\":\"BreadcrumbList\",\"@id\":\"https:\/\/watchman.news\/evangelism\/repentance\/#breadcrumb\",\"itemListElement\":[{\"@type\":\"ListItem\",\"position\":1,\"name\":\"Home\",\"item\":\"https:\/\/watchman.news\/\"},{\"@type\":\"ListItem\",\"position\":2,\"name\":\"Evangelistic Seminars\",\"item\":\"https:\/\/watchman.news\/evangelism\/\"},{\"@type\":\"ListItem\",\"position\":3,\"name\":\"Repentance From Sin\"}]},{\"@type\":\"WebSite\",\"@id\":\"https:\/\/watchman.news\/#website\",\"url\":\"https:\/\/watchman.news\/\",\"name\":\"Watchman News\",\"description\":\"News of Importance for the True Christian Israel\",\"potentialAction\":[{\"@type\":\"SearchAction\",\"target\":{\"@type\":\"EntryPoint\",\"urlTemplate\":\"https:\/\/watchman.news\/?s={search_term_string}\"},\"query-input\":{\"@type\":\"PropertyValueSpecification\",\"valueRequired\":true,\"valueName\":\"search_term_string\"}}],\"inLanguage\":\"pl-PL\"}]}<\/script>\n<!-- \/ Yoast SEO plugin. -->","yoast_head_json":{"title":"Repentance From Sin - Watchman News","robots":{"index":"index","follow":"follow","max-snippet":"max-snippet:-1","max-image-preview":"max-image-preview:large","max-video-preview":"max-video-preview:-1"},"canonical":"https:\/\/watchman.news\/pl\/evangelism\/repentance\/","og_locale":"pl_PL","og_type":"article","og_title":"Repentance From Sin - Watchman News","og_description":"Seminars for your local area on &#8220;Repentance From Sin&#8221;. One of the most under discussed topics of this generation. Reverend Stephen Michael being a fiery preacher on the topic will continue to bring many souls to Jesus for repentance. Confession of sin and complete repentance from the sin proceeds forgiveness. We are to turn people [&hellip;]","og_url":"https:\/\/watchman.news\/pl\/evangelism\/repentance\/","og_site_name":"Watchman News","article_modified_time":"2022-04-19T08:31:02+00:00","twitter_card":"summary_large_image","twitter_misc":{"Szacowany czas czytania":"1 minuta"},"schema":{"@context":"https:\/\/schema.org","@graph":[{"@type":"WebPage","@id":"https:\/\/watchman.news\/evangelism\/repentance\/","url":"https:\/\/watchman.news\/evangelism\/repentance\/","name":"Repentance From Sin - Watchman News","isPartOf":{"@id":"https:\/\/watchman.news\/#website"},"datePublished":"2013-02-21T21:18:10+00:00","dateModified":"2022-04-19T08:31:02+00:00","breadcrumb":{"@id":"https:\/\/watchman.news\/evangelism\/repentance\/#breadcrumb"},"inLanguage":"pl-PL","potentialAction":[{"@type":"ReadAction","target":["https:\/\/watchman.news\/evangelism\/repentance\/"]}]},{"@type":"BreadcrumbList","@id":"https:\/\/watchman.news\/evangelism\/repentance\/#breadcrumb","itemListElement":[{"@type":"ListItem","position":1,"name":"Home","item":"https:\/\/watchman.news\/"},{"@type":"ListItem","position":2,"name":"Evangelistic Seminars","item":"https:\/\/watchman.news\/evangelism\/"},{"@type":"ListItem","position":3,"name":"Repentance From Sin"}]},{"@type":"WebSite","@id":"https:\/\/watchman.news\/#website","url":"https:\/\/watchman.news\/","name":"Watchman News","description":"News of Importance for the True Christian Israel","potentialAction":[{"@type":"SearchAction","target":{"@type":"EntryPoint","urlTemplate":"https:\/\/watchman.news\/?s={search_term_string}"},"query-input":{"@type":"PropertyValueSpecification","valueRequired":true,"valueName":"search_term_string"}}],"inLanguage":"pl-PL"}]}},"_links":{"self":[{"href":"https:\/\/watchman.news\/pl\/wp-json\/wp\/v2\/pages\/761","targetHints":{"allow":["GET"]}}],"collection":[{"href":"https:\/\/watchman.news\/pl\/wp-json\/wp\/v2\/pages"}],"about":[{"href":"https:\/\/watchman.news\/pl\/wp-json\/wp\/v2\/types\/page"}],"author":[{"embeddable":true,"href":"https:\/\/watchman.news\/pl\/wp-json\/wp\/v2\/users\/1"}],"replies":[{"embeddable":true,"href":"https:\/\/watchman.news\/pl\/wp-json\/wp\/v2\/comments?post=761"}],"version-history":[{"count":0,"href":"https:\/\/watchman.news\/pl\/wp-json\/wp\/v2\/pages\/761\/revisions"}],"up":[{"embeddable":true,"href":"https:\/\/watchman.news\/pl\/wp-json\/wp\/v2\/pages\/709"}],"wp:attachment":[{"href":"https:\/\/watchman.news\/pl\/wp-json\/wp\/v2\/media?parent=761"}],"curies":[{"name":"wp","href":"https:\/\/api.w.org\/{rel}","templated":true}]}}