{"id":763,"date":"2013-02-21T21:18:50","date_gmt":"2013-02-21T21:18:50","guid":{"rendered":"http:\/\/christsassembly.com\/?page_id=763"},"modified":"2022-04-19T15:57:03","modified_gmt":"2022-04-19T15:57:03","slug":"intact-bible","status":"publish","type":"page","link":"https:\/\/watchman.news\/pl\/evangelism\/intact-bible\/","title":{"rendered":"The Divinely Preserved Word of God in KJV"},"content":{"rendered":"<p><strong>Seminars for your local area on &#8220;The Divinely Preserved Word of God in KJV&#8221;.<\/strong><\/p>\n<p>Ka\u017cdy wierz\u0105cy mo\u017ce czyta\u0107 s\u0142owo Bo\u017ce z ca\u0142kowit\u0105 pewno\u015bci\u0105 i pewno\u015bci\u0105, \u017ce posiada autentyczne i doskona\u0142e s\u0142owo Bo\u017ce.<\/p>\n<p>Wszechmog\u0105cy B\u00f3g w niebie doskonale zachowa\u0142 swoje s\u0142owo dla swego ludu przymierza w oryginalnych tekstach hebrajskich, greckich i aramejskich. Setki kopii sprzed prawie 2000 lat dor\u00f3wnuj\u0105 wszystkim kopiom na przestrzeni wiek\u00f3w a\u017c do dzisiaj. Dalej udowadniamy, jak 99% pozosta\u0142o w idealnym stanie. Pozosta\u0142e 1% to tylko pomniejsze znaki interpunkcyjne, liczba mnoga i liczba pojedyncza, przecinki i kropki.<\/p>\n<p>Wersja kr\u00f3la Jakuba oparta na najlepszych r\u0119kopisach hebrajskich i greckich jest zalecana jako g\u0142\u00f3wny tekst, z kt\u00f3rego powinien korzysta\u0107 ka\u017cdy wierz\u0105cy. Jednak w celu g\u0142\u0119bszego zrozumienia i zdefiniowania s\u0142\u00f3w, polecamy r\u00f3\u017cne pomoce do nauki hebrajskiego i greckiego, kt\u00f3re nauczymy Ci\u0119 u\u017cywa\u0107.<\/p>\n<p>TCAWW jest otwarta na sieci w po\u0142\u0105czonych seminariach m\u00f3wionych i ch\u0119tnie wprowadzimy ten temat do Twojego miejsca.<\/p>\n<p>We have hundreds of booklets and tracts available on the topic <a href=\"https:\/\/watchman.news\/pl\/tag\/god-preserves-his-word-in-kjv\/\">KJV is the preserved word of God<\/a>.<\/p>\n<p>We are planning larger conferences from the general public <a href=\"http:\/\/celticorthodoxy.com\/evangelism\/gods-scientific-law\/gods-law-is-scientific\/\">Kliknij tutaj<\/a><\/p>","protected":false},"excerpt":{"rendered":"<p>Seminars for your local area on &#8220;The Divinely Preserved Word of God in KJV&#8221;. Every believer can read the word of God in total confidence and assurance they hold the authentic and perfect word of God. Almighty God in heaven has perfectly preserved His word for His covenant people in the Hebrew, Greek and Aramaic [&hellip;]<\/p>\n","protected":false},"author":1,"featured_media":0,"parent":709,"menu_order":0,"comment_status":"open","ping_status":"closed","template":"","meta":{"seo_booster_metabox":"","footnotes":""},"class_list":["post-763","page","type-page","status-publish","hentry"],"yoast_head":"<!-- This site is optimized with the Yoast SEO plugin v27.2 - https:\/\/yoast.com\/product\/yoast-seo-wordpress\/ -->\n<title>The Divinely Preserved Word of God in KJV - Watchman News<\/title>\n<meta name=\"robots\" content=\"index, follow, max-snippet:-1, max-image-preview:large, max-video-preview:-1\" \/>\n<link rel=\"canonical\" href=\"https:\/\/watchman.news\/pl\/evangelism\/intact-bible\/\" \/>\n<meta property=\"og:locale\" content=\"pl_PL\" \/>\n<meta property=\"og:type\" content=\"article\" \/>\n<meta property=\"og:title\" content=\"The Divinely Preserved Word of God in KJV - Watchman News\" \/>\n<meta property=\"og:description\" content=\"Seminars for your local area on &#8220;The Divinely Preserved Word of God in KJV&#8221;. Every believer can read the word of God in total confidence and assurance they hold the authentic and perfect word of God. Almighty God in heaven has perfectly preserved His word for His covenant people in the Hebrew, Greek and Aramaic [&hellip;]\" \/>\n<meta property=\"og:url\" content=\"https:\/\/watchman.news\/pl\/evangelism\/intact-bible\/\" \/>\n<meta property=\"og:site_name\" content=\"Watchman News\" \/>\n<meta property=\"article:modified_time\" content=\"2022-04-19T15:57:03+00:00\" \/>\n<meta name=\"twitter:card\" content=\"summary_large_image\" \/>\n<meta name=\"twitter:label1\" content=\"Szacowany czas czytania\" \/>\n\t<meta name=\"twitter:data1\" content=\"1 minuta\" \/>\n<script type=\"application\/ld+json\" class=\"yoast-schema-graph\">{\"@context\":\"https:\/\/schema.org\",\"@graph\":[{\"@type\":\"WebPage\",\"@id\":\"https:\/\/watchman.news\/evangelism\/intact-bible\/\",\"url\":\"https:\/\/watchman.news\/evangelism\/intact-bible\/\",\"name\":\"The Divinely Preserved Word of God in KJV - Watchman News\",\"isPartOf\":{\"@id\":\"https:\/\/watchman.news\/#website\"},\"datePublished\":\"2013-02-21T21:18:50+00:00\",\"dateModified\":\"2022-04-19T15:57:03+00:00\",\"breadcrumb\":{\"@id\":\"https:\/\/watchman.news\/evangelism\/intact-bible\/#breadcrumb\"},\"inLanguage\":\"pl-PL\",\"potentialAction\":[{\"@type\":\"ReadAction\",\"target\":[\"https:\/\/watchman.news\/evangelism\/intact-bible\/\"]}]},{\"@type\":\"BreadcrumbList\",\"@id\":\"https:\/\/watchman.news\/evangelism\/intact-bible\/#breadcrumb\",\"itemListElement\":[{\"@type\":\"ListItem\",\"position\":1,\"name\":\"Home\",\"item\":\"https:\/\/watchman.news\/\"},{\"@type\":\"ListItem\",\"position\":2,\"name\":\"Evangelistic Seminars\",\"item\":\"https:\/\/watchman.news\/evangelism\/\"},{\"@type\":\"ListItem\",\"position\":3,\"name\":\"The Divinely Preserved Word of God in KJV\"}]},{\"@type\":\"WebSite\",\"@id\":\"https:\/\/watchman.news\/#website\",\"url\":\"https:\/\/watchman.news\/\",\"name\":\"Watchman News\",\"description\":\"News of Importance for the True Christian Israel\",\"potentialAction\":[{\"@type\":\"SearchAction\",\"target\":{\"@type\":\"EntryPoint\",\"urlTemplate\":\"https:\/\/watchman.news\/?s={search_term_string}\"},\"query-input\":{\"@type\":\"PropertyValueSpecification\",\"valueRequired\":true,\"valueName\":\"search_term_string\"}}],\"inLanguage\":\"pl-PL\"}]}<\/script>\n<!-- \/ Yoast SEO plugin. -->","yoast_head_json":{"title":"The Divinely Preserved Word of God in KJV - Watchman News","robots":{"index":"index","follow":"follow","max-snippet":"max-snippet:-1","max-image-preview":"max-image-preview:large","max-video-preview":"max-video-preview:-1"},"canonical":"https:\/\/watchman.news\/pl\/evangelism\/intact-bible\/","og_locale":"pl_PL","og_type":"article","og_title":"The Divinely Preserved Word of God in KJV - Watchman News","og_description":"Seminars for your local area on &#8220;The Divinely Preserved Word of God in KJV&#8221;. Every believer can read the word of God in total confidence and assurance they hold the authentic and perfect word of God. Almighty God in heaven has perfectly preserved His word for His covenant people in the Hebrew, Greek and Aramaic [&hellip;]","og_url":"https:\/\/watchman.news\/pl\/evangelism\/intact-bible\/","og_site_name":"Watchman News","article_modified_time":"2022-04-19T15:57:03+00:00","twitter_card":"summary_large_image","twitter_misc":{"Szacowany czas czytania":"1 minuta"},"schema":{"@context":"https:\/\/schema.org","@graph":[{"@type":"WebPage","@id":"https:\/\/watchman.news\/evangelism\/intact-bible\/","url":"https:\/\/watchman.news\/evangelism\/intact-bible\/","name":"The Divinely Preserved Word of God in KJV - Watchman News","isPartOf":{"@id":"https:\/\/watchman.news\/#website"},"datePublished":"2013-02-21T21:18:50+00:00","dateModified":"2022-04-19T15:57:03+00:00","breadcrumb":{"@id":"https:\/\/watchman.news\/evangelism\/intact-bible\/#breadcrumb"},"inLanguage":"pl-PL","potentialAction":[{"@type":"ReadAction","target":["https:\/\/watchman.news\/evangelism\/intact-bible\/"]}]},{"@type":"BreadcrumbList","@id":"https:\/\/watchman.news\/evangelism\/intact-bible\/#breadcrumb","itemListElement":[{"@type":"ListItem","position":1,"name":"Home","item":"https:\/\/watchman.news\/"},{"@type":"ListItem","position":2,"name":"Evangelistic Seminars","item":"https:\/\/watchman.news\/evangelism\/"},{"@type":"ListItem","position":3,"name":"The Divinely Preserved Word of God in KJV"}]},{"@type":"WebSite","@id":"https:\/\/watchman.news\/#website","url":"https:\/\/watchman.news\/","name":"Watchman News","description":"News of Importance for the True Christian Israel","potentialAction":[{"@type":"SearchAction","target":{"@type":"EntryPoint","urlTemplate":"https:\/\/watchman.news\/?s={search_term_string}"},"query-input":{"@type":"PropertyValueSpecification","valueRequired":true,"valueName":"search_term_string"}}],"inLanguage":"pl-PL"}]}},"_links":{"self":[{"href":"https:\/\/watchman.news\/pl\/wp-json\/wp\/v2\/pages\/763","targetHints":{"allow":["GET"]}}],"collection":[{"href":"https:\/\/watchman.news\/pl\/wp-json\/wp\/v2\/pages"}],"about":[{"href":"https:\/\/watchman.news\/pl\/wp-json\/wp\/v2\/types\/page"}],"author":[{"embeddable":true,"href":"https:\/\/watchman.news\/pl\/wp-json\/wp\/v2\/users\/1"}],"replies":[{"embeddable":true,"href":"https:\/\/watchman.news\/pl\/wp-json\/wp\/v2\/comments?post=763"}],"version-history":[{"count":0,"href":"https:\/\/watchman.news\/pl\/wp-json\/wp\/v2\/pages\/763\/revisions"}],"up":[{"embeddable":true,"href":"https:\/\/watchman.news\/pl\/wp-json\/wp\/v2\/pages\/709"}],"wp:attachment":[{"href":"https:\/\/watchman.news\/pl\/wp-json\/wp\/v2\/media?parent=763"}],"curies":[{"name":"wp","href":"https:\/\/api.w.org\/{rel}","templated":true}]}}