{"id":8131,"date":"2018-06-21T18:55:21","date_gmt":"2018-06-21T18:55:21","guid":{"rendered":"http:\/\/OrthodoxChurch.nl\/newsletter-5\/"},"modified":"2022-04-19T22:08:06","modified_gmt":"2022-04-19T22:08:06","slug":"newsletter-5","status":"publish","type":"page","link":"https:\/\/watchman.news\/pl\/newsletter-5\/","title":{"rendered":"Biuletyn Informacyjny"},"content":{"rendered":"<p><div class=\"tnp tnp-subscription\">\n<form method=\"post\" action=\"https:\/\/watchman.news\/wp-admin\/admin-ajax.php?action=tnp&amp;na=s\">\n<input type=\"hidden\" name=\"nlang\" value=\"\">\n<div class=\"tnp-field tnp-field-firstname\"><label for=\"tnp-1\">Imi\u0119<\/label>\n<input class=\"tnp-name\" type=\"text\" name=\"nn\" id=\"tnp-1\" value=\"\" placeholder=\"\" required><\/div>\n<div class=\"tnp-field tnp-field-email\"><label for=\"tnp-2\">E-mail<\/label>\n<input class=\"tnp-email\" type=\"email\" name=\"ne\" id=\"tnp-2\" value=\"\" placeholder=\"\" required><\/div>\n<div class=\"tnp-field tnp-field-profile\"><label for=\"tnp-3\">Social media accounts<\/label>\n<input class=\"tnp-profile tnp-profile-1\" id=\"tnp-profile_1\" type=\"text\" size=\"\" name=\"np1\" placeholder=\"Listing them may prove seriousness \/ commitment\" required><\/div>\n<div class=\"tnp-field tnp-field-profile\"><label for=\"tnp-4\">Receive Newsletter by Postal Mail?<\/label>\n<select class=\"tnp-profile tnp-profile-2\" id=\"tnp-profile_2\" name=\"np2\" required><option value=\"\" selected disabled>Yes\/No?<\/option><option>Yes<\/option><option>No<\/option><\/select>\n<\/div>\n<div class=\"tnp-field tnp-field-profile\"><label for=\"tnp-5\">Full Postal Mailing Address<\/label>\n<input class=\"tnp-profile tnp-profile-3\" id=\"tnp-profile_3\" type=\"text\" size=\"\" name=\"np3\" placeholder=\"Provide your address to get around future censorship\"><\/div>\n<div class=\"tnp-field tnp-field-profile\"><label for=\"tnp-6\">Book Club (free books)<\/label>\n<select class=\"tnp-profile tnp-profile-4\" id=\"tnp-profile_4\" name=\"np4\"><option value=\"\" selected disabled>Effective Social Outreach Club<\/option><option>Yes<\/option><option>No<\/option><\/select>\n<\/div>\n<div class=\"tnp-field tnp-field-profile\"><label for=\"tnp-7\">Interest in volunteer activities?<\/label>\n<select class=\"tnp-profile tnp-profile-5\" id=\"tnp-profile_5\" name=\"np5\"><option value=\"\" selected disabled>Yes\/No?<\/option><option>Yes<\/option><option>No<\/option><\/select>\n<\/div>\n<div class=\"tnp-field tnp-field-profile\"><label for=\"tnp-8\">Will you be a regular contributor?<\/label>\n<select class=\"tnp-profile tnp-profile-6\" id=\"tnp-profile_6\" name=\"np6\" required><option value=\"\" selected disabled>Yes\/No\/Possibly?<\/option><option>Yes<\/option><option>No<\/option><option>Possibly<\/option><\/select>\n<\/div>\n<div class=\"tnp-field tnp-field-profile\"><label for=\"tnp-9\">How long have you been a Christian?<\/label>\n<input class=\"tnp-profile tnp-profile-7\" id=\"tnp-profile_7\" type=\"text\" size=\"\" name=\"np7\" placeholder=\"Years saved\" required><\/div>\n<div class=\"tnp-field tnp-field-profile\"><label for=\"tnp-10\">Are you baptized or confirmed? <\/label>\n<select class=\"tnp-profile tnp-profile-8\" id=\"tnp-profile_8\" name=\"np8\" required><option value=\"\" selected disabled>Yes\/Not Yet\/Catechumen\/Refusing?<\/option><option>Both<\/option><option>Baptized<\/option><option>Catechumen<\/option><option>Refusing<\/option><\/select>\n<\/div>\n<div class=\"tnp-field tnp-field-profile\"><label for=\"tnp-11\">Did your baptism\/confirmation vows include turning from all sins 1John 3:4 &quot;sin is transgression of the law&quot;?<\/label>\n<select class=\"tnp-profile tnp-profile-9\" id=\"tnp-profile_9\" name=\"np9\" required><option value=\"\" selected disabled>Yes\/No\/still need to confirm validly<\/option><option>Yes<\/option><option>No<\/option><option>Confirming<\/option><\/select>\n<\/div>\n<div class=\"tnp-field tnp-field-profile\"><label for=\"tnp-12\">Will you do minimum 2x per day prayers?<\/label>\n<select class=\"tnp-profile tnp-profile-10\" id=\"tnp-profile_10\" name=\"np10\" required><option value=\"\" selected disabled>Yes\/No\/More<\/option><option>Yes<\/option><option>No<\/option><option>Wi\u0119cej<\/option><\/select>\n<\/div>\n<div class=\"tnp-field tnp-field-profile\"><label for=\"tnp-13\">Do you delight greatly in all of God&#039;s (mostly Nationalistic) laws?<\/label>\n<select class=\"tnp-profile tnp-profile-11\" id=\"tnp-profile_11\" name=\"np11\" required><option value=\"\" selected disabled>Yes\/No\/Learning<\/option><option>Yes<\/option><option>No<\/option><option>Learning<\/option><\/select>\n<\/div>\n<div class=\"tnp-field tnp-field-profile\"><label for=\"tnp-14\">Do you agree with the British Israel(and Kindred) identity message?<\/label>\n<select class=\"tnp-profile tnp-profile-12\" id=\"tnp-profile_12\" name=\"np12\"><option value=\"\" selected disabled>Yes\/No\/Want to learn more<\/option><option>Yes<\/option><option>No<\/option><option>Maybe<\/option><\/select>\n<\/div>\n<div class=\"tnp-field tnp-field-profile\"><label for=\"tnp-15\">Do you believe in keeping the Sabbath holy (and all 10 commandments?)<\/label>\n<select class=\"tnp-profile tnp-profile-13\" id=\"tnp-profile_13\" name=\"np13\"><option value=\"\" selected disabled>Yes\/No\/Want to learn more<\/option><option>Yes<\/option><option>No<\/option><option>Maybe<\/option><\/select>\n<\/div>\n<div class=\"tnp-field tnp-field-profile\"><label for=\"tnp-16\">Do you feel called to work in ministry?<\/label>\n<select class=\"tnp-profile tnp-profile-14\" id=\"tnp-profile_14\" name=\"np14\"><option value=\"\" selected disabled>Yes\/No\/Other<\/option><option>Yes<\/option><option>No<\/option><option>Other<\/option><\/select>\n<\/div>\n<div class=\"tnp-field tnp-field-profile\"><label for=\"tnp-17\">Do you have political affiliations or various other memberships you want to share?<\/label>\n<input class=\"tnp-profile tnp-profile-15\" id=\"tnp-profile_15\" type=\"text\" size=\"\" name=\"np15\" placeholder=\"list please\"><\/div>\n<div class=\"tnp-field tnp-field-profile\"><label for=\"tnp-18\">Age<\/label>\n<input class=\"tnp-profile tnp-profile-16\" id=\"tnp-profile_16\" type=\"text\" size=\"\" name=\"np16\" placeholder=\"18-99?\" required><\/div>\n<div class=\"tnp-field tnp-field-profile\"><label for=\"tnp-19\">Race \/ Ethnic background<\/label>\n<input class=\"tnp-profile tnp-profile-17\" id=\"tnp-profile_17\" type=\"text\" size=\"\" name=\"np17\" placeholder=\"As much as known\" required><\/div>\n<div class=\"tnp-field tnp-field-profile\"><label for=\"tnp-20\">Apply to Priory of Salem?<\/label>\n<select class=\"tnp-profile tnp-profile-18\" id=\"tnp-profile_18\" name=\"np18\"><option value=\"\" selected disabled>Education Yes\/No?<\/option><option>Yes<\/option><option>No<\/option><\/select>\n<\/div>\n<div class=\"tnp-field tnp-field-profile\"><label for=\"tnp-21\">Apply to Templar Order, sending $50 application fee and resume?<\/label>\n<select class=\"tnp-profile tnp-profile-19\" id=\"tnp-profile_19\" name=\"np19\"><option value=\"\" selected disabled>Humanitarian Yes\/No?<\/option><option>Yes<\/option><option>No<\/option><\/select>\n<\/div>\n<div class=\"tnp-field tnp-field-profile\"><label for=\"tnp-22\">Website(s)<\/label>\n<input class=\"tnp-profile tnp-profile-20\" id=\"tnp-profile_20\" type=\"text\" size=\"\" name=\"np20\" placeholder=\"Have website(s)? please list\"><\/div>\n<div class=\"tnp-field tnp-privacy-field\"><label><input type=\"checkbox\" name=\"ny\" required class=\"tnp-privacy\"> Zapisuj\u0105c si\u0119 akceptuj\u0119 zasady prywatno\u015bci tej strony<\/label><\/div><div class=\"tnp-field tnp-field-button\" style=\"text-align: left\"><input class=\"tnp-submit\" type=\"submit\" value=\"Subskrybuj\" style=\"\">\n<\/div>\n<\/form>\n<\/div>\n<\/p>","protected":false},"excerpt":{"rendered":"","protected":false},"author":6,"featured_media":0,"parent":0,"menu_order":0,"comment_status":"closed","ping_status":"closed","template":"","meta":{"seo_booster_metabox":"","footnotes":""},"class_list":["post-8131","page","type-page","status-publish","hentry"],"yoast_head":"<!-- This site is optimized with the Yoast SEO plugin v27.2 - https:\/\/yoast.com\/product\/yoast-seo-wordpress\/ -->\n<title>Newsletter - Watchman News<\/title>\n<meta name=\"robots\" content=\"index, follow, max-snippet:-1, max-image-preview:large, max-video-preview:-1\" \/>\n<link rel=\"canonical\" href=\"https:\/\/watchman.news\/pl\/newsletter-5\/\" \/>\n<meta property=\"og:locale\" content=\"pl_PL\" \/>\n<meta property=\"og:type\" content=\"article\" \/>\n<meta property=\"og:title\" content=\"Newsletter - Watchman News\" \/>\n<meta property=\"og:url\" content=\"https:\/\/watchman.news\/pl\/newsletter-5\/\" \/>\n<meta property=\"og:site_name\" content=\"Watchman News\" \/>\n<meta property=\"article:modified_time\" content=\"2022-04-19T22:08:06+00:00\" \/>\n<meta name=\"twitter:card\" content=\"summary_large_image\" \/>\n<script type=\"application\/ld+json\" class=\"yoast-schema-graph\">{\"@context\":\"https:\/\/schema.org\",\"@graph\":[{\"@type\":\"WebPage\",\"@id\":\"https:\/\/watchman.news\/newsletter-5\/\",\"url\":\"https:\/\/watchman.news\/newsletter-5\/\",\"name\":\"Newsletter - Watchman News\",\"isPartOf\":{\"@id\":\"https:\/\/watchman.news\/#website\"},\"datePublished\":\"2018-06-21T18:55:21+00:00\",\"dateModified\":\"2022-04-19T22:08:06+00:00\",\"breadcrumb\":{\"@id\":\"https:\/\/watchman.news\/newsletter-5\/#breadcrumb\"},\"inLanguage\":\"pl-PL\",\"potentialAction\":[{\"@type\":\"ReadAction\",\"target\":[\"https:\/\/watchman.news\/newsletter-5\/\"]}]},{\"@type\":\"BreadcrumbList\",\"@id\":\"https:\/\/watchman.news\/newsletter-5\/#breadcrumb\",\"itemListElement\":[{\"@type\":\"ListItem\",\"position\":1,\"name\":\"Home\",\"item\":\"https:\/\/watchman.news\/\"},{\"@type\":\"ListItem\",\"position\":2,\"name\":\"Newsletter\"}]},{\"@type\":\"WebSite\",\"@id\":\"https:\/\/watchman.news\/#website\",\"url\":\"https:\/\/watchman.news\/\",\"name\":\"Watchman News\",\"description\":\"News of Importance for the True Christian Israel\",\"potentialAction\":[{\"@type\":\"SearchAction\",\"target\":{\"@type\":\"EntryPoint\",\"urlTemplate\":\"https:\/\/watchman.news\/?s={search_term_string}\"},\"query-input\":{\"@type\":\"PropertyValueSpecification\",\"valueRequired\":true,\"valueName\":\"search_term_string\"}}],\"inLanguage\":\"pl-PL\"}]}<\/script>\n<!-- \/ Yoast SEO plugin. -->","yoast_head_json":{"title":"Newsletter - Watchman News","robots":{"index":"index","follow":"follow","max-snippet":"max-snippet:-1","max-image-preview":"max-image-preview:large","max-video-preview":"max-video-preview:-1"},"canonical":"https:\/\/watchman.news\/pl\/newsletter-5\/","og_locale":"pl_PL","og_type":"article","og_title":"Newsletter - Watchman News","og_url":"https:\/\/watchman.news\/pl\/newsletter-5\/","og_site_name":"Watchman News","article_modified_time":"2022-04-19T22:08:06+00:00","twitter_card":"summary_large_image","schema":{"@context":"https:\/\/schema.org","@graph":[{"@type":"WebPage","@id":"https:\/\/watchman.news\/newsletter-5\/","url":"https:\/\/watchman.news\/newsletter-5\/","name":"Newsletter - Watchman News","isPartOf":{"@id":"https:\/\/watchman.news\/#website"},"datePublished":"2018-06-21T18:55:21+00:00","dateModified":"2022-04-19T22:08:06+00:00","breadcrumb":{"@id":"https:\/\/watchman.news\/newsletter-5\/#breadcrumb"},"inLanguage":"pl-PL","potentialAction":[{"@type":"ReadAction","target":["https:\/\/watchman.news\/newsletter-5\/"]}]},{"@type":"BreadcrumbList","@id":"https:\/\/watchman.news\/newsletter-5\/#breadcrumb","itemListElement":[{"@type":"ListItem","position":1,"name":"Home","item":"https:\/\/watchman.news\/"},{"@type":"ListItem","position":2,"name":"Newsletter"}]},{"@type":"WebSite","@id":"https:\/\/watchman.news\/#website","url":"https:\/\/watchman.news\/","name":"Watchman News","description":"News of Importance for the True Christian Israel","potentialAction":[{"@type":"SearchAction","target":{"@type":"EntryPoint","urlTemplate":"https:\/\/watchman.news\/?s={search_term_string}"},"query-input":{"@type":"PropertyValueSpecification","valueRequired":true,"valueName":"search_term_string"}}],"inLanguage":"pl-PL"}]}},"_links":{"self":[{"href":"https:\/\/watchman.news\/pl\/wp-json\/wp\/v2\/pages\/8131","targetHints":{"allow":["GET"]}}],"collection":[{"href":"https:\/\/watchman.news\/pl\/wp-json\/wp\/v2\/pages"}],"about":[{"href":"https:\/\/watchman.news\/pl\/wp-json\/wp\/v2\/types\/page"}],"author":[{"embeddable":true,"href":"https:\/\/watchman.news\/pl\/wp-json\/wp\/v2\/users\/6"}],"replies":[{"embeddable":true,"href":"https:\/\/watchman.news\/pl\/wp-json\/wp\/v2\/comments?post=8131"}],"version-history":[{"count":0,"href":"https:\/\/watchman.news\/pl\/wp-json\/wp\/v2\/pages\/8131\/revisions"}],"wp:attachment":[{"href":"https:\/\/watchman.news\/pl\/wp-json\/wp\/v2\/media?parent=8131"}],"curies":[{"name":"wp","href":"https:\/\/api.w.org\/{rel}","templated":true}]}}