{"id":671,"date":"2013-02-20T13:13:08","date_gmt":"2013-02-20T13:13:08","guid":{"rendered":"http:\/\/christsassembly.com\/?page_id=671"},"modified":"2025-10-02T05:06:37","modified_gmt":"2025-10-02T05:06:37","slug":"statement-of-fait","status":"publish","type":"page","link":"https:\/\/watchman.news\/sv\/assemblies\/statement-of-fait\/","title":{"rendered":"Tro"},"content":{"rendered":"<p>Rev Dr Stephen MK Brunswick adopted the following as the standard (simplified version) of our statement of beliefs when he began to lead the Communion services for three assemblies in 2001. You may wish to read more about the <a href=\"https:\/\/celticorthodoxy.com\/2017\/05\/short-history-orthodox-church-of-the-culdees\/\">Kort historia av den ortodoxa kyrkans kyrka och v\u00e5r \u00e5teruppr\u00e4ttande<\/a><\/p>\r\n<p><a><b>P\u00c5ST\u00c5ENDE<\/b><\/a><b><a> TRO<\/a><\/b><\/p>\r\n<div class=\"diywebMain\">\r\n<div class=\"diywebGutter\">\r\n<div id=\"content_area\">\r\n<div id=\"matrix_1486213204\" class=\"sortable-matrix\" data-matrixid=\"1486213204\">\r\n<div class=\"n diyfeLiveArea\">\r\n<p><strong>GUDOM:<\/strong> Vi tror p\u00e5 en sann och evig levande, sj\u00e4lv existerande, oskapad Gud vars namn \u00e4r YAHWEH, och i hans existens enhet finns det tre uppeh\u00e4lle av en essens: substans, kraft och evighet; Gud Fadern och Sonen och den Helige Ande, alla en Gud, v\u00e4rld utan slut.<\/p>\r\n<p><strong>FR\u00c4LSNING:<\/strong> Vi tror p\u00e5 en Jesus Kristus, evigt f\u00f6dd av Fadern, mycket Gud och mycket m\u00e4nniska, fullkomlig Gud, fullkomlig m\u00e4nniska, och i den h\u00e4r Jesus Kristus finns det tv\u00e5 perfekta naturar, oskiljaktigt f\u00f6renade utan splittring, f\u00f6r\u00e4ndring, f\u00f6rvirring eller blandning. Vi tror att valet \u00e4r f\u00f6r den Adamiska rasen, och fr\u00e4lsning sker genom tron p\u00e5 Jesus Kristus. Fr\u00e4lsning \u00e4r genom Jesu Kristi \u00e5terl\u00f6sande n\u00e5d och inte en bel\u00f6ning f\u00f6r goda g\u00e4rningar. Vi tror p\u00e5 jungfruf\u00f6delse, d\u00f6d, begravning, uppst\u00e5ndelse, uppstigning och bokstavlig \u00e5terkomst av v\u00e5r Fr\u00e4lsare Jesus Kristus. Val var avsedd fr\u00e5n Fadern innan v\u00e4rldens grundl\u00e4ggande. Inl\u00f6sen m\u00f6jligg\u00f6rs av Jesus Kristus. Helgelse sker genom den Helige Andens arbete.<\/p>\r\n<p><strong>GODA ARBETEN:<\/strong> Vi tror att goda g\u00e4rningar \u00e4r bevis p\u00e5 v\u00e5r fr\u00e4lsning. Vi h\u00e5ller lagen inte f\u00f6r att r\u00e4ddas utan f\u00f6r att vi \u00e4r fr\u00e4lsta. V\u00e5ra goda g\u00e4rningar tillh\u00f6r Jesus Kristus och m\u00e4ts i enlighet med hans lag. Vi tror p\u00e5 de tio budorden, p\u00e5 stadgarna och domarna i hans lag. Vi h\u00e5ller den sjunde dagens bibliska sabbat och de heliga h\u00f6gtidsdagarna inklusive p\u00e5sk, pingst, trumpeter, f\u00f6rsoningsdagen och tabernakler. Vi f\u00f6ljer dietlagarna, tiondelagarna och alla andra lagar som den Helige Ande skriver i v\u00e5ra hj\u00e4rtan och i v\u00e5ra sinnen. Fr\u00e4lsning sker genom n\u00e5d, och goda g\u00e4rningar \u00e4r det s\u00e4tt vi k\u00f6r loppet och vinner kronan.<\/p>\r\n<p><strong>KYRKA:<\/strong> Vi tror p\u00e5 Jesu Kristi enda sanna och levande kyrka; Helvetets portar kan inte segra mot kyrkan. Vi tror att alla israeliter b\u00f6r kyrka och leva i ansvar gentemot kyrkans andliga regering. Vi tror att Kristus har placerat biskopar, \u00e4ldste och diakoner i kyrkan med en femfaldig tj\u00e4nst av apostlar, profeter, evangelister, pastorer och l\u00e4rare.<\/p>\r\n<p><strong>ISRAEL:<\/strong> Vi tror att det bibliska genetiska Israel i Jesus Kristus \u00e4r kyrkan, identifierat bland de anglo-, saxiska, keltiska, skandinaviska, germanska och sl\u00e4ktingarna i v\u00e4rlden. Vi tror p\u00e5 den bokstavliga \u00e5terinsamlingen och \u00e5terst\u00e4llningen av Israels hus till det land som gjordes f\u00f6r evigt till fader Abraham och Jesu Kristi bokstavliga styre och regeringstid p\u00e5 Davids tron i en ny himmel och ny jord. Vi tror p\u00e5 alla Bibelns f\u00f6rbund: dessa \u00e4r b\u00e5de villkorliga och ovillkorliga och gjordes med Israel.<\/p>\r\n<p><strong>APOSTOLISKA L\u00c4RAR:<\/strong> Vi tror p\u00e5 de kristna och apostoliska doktrinerna fr\u00e5n kyrkan som byggda fr\u00e5n apostlarna och Nicene-trosbek\u00e4nnelserna.<\/p>\r\n<p><strong>SAKRAMENT:<\/strong> Vi tror p\u00e5 de sju historiska sakramenten i kyrkan, inklusive: heligt dop, bot, nattvardsg\u00e5ng, bekr\u00e4ftelse, \u00e4ktenskap, sjukdomsk\u00e4nsla och ordinering av ministrar.<\/p>\r\n<p><strong>DYRKAN:<\/strong> Vi tror p\u00e5 laglig tillbedjan och en liturgi som kan sp\u00e5ras tillbaka till den keltiska kristendomen genom The Book of Common Prayer fr\u00e5n 1549.<\/p>\r\n<p><strong>Andens g\u00e5vor:<\/strong> Vi tror p\u00e5 de motiverande g\u00e5vorna: profet, server, l\u00e4rare, exhorter, arrang\u00f6r, givare och barmh\u00e4rtighet. Vi tror p\u00e5 ministeriets g\u00e5vor och p\u00e5 manifestationsg\u00e5vorna.<\/p>\r\n<p><strong>Andlig mognad:<\/strong> Vi tror att alla kristna b\u00f6r v\u00e4xa i andlig mognad och \u00e5terspegla Jesu Kristi karakt\u00e4r genom att v\u00e4xa i original design, auktoritet, ansvar, lidande, \u00e4gande, moralisk renhet och framg\u00e5ng.<\/p>\r\n<p><strong>MORAL RENHET:<\/strong> Vi tror p\u00e5 den moraliska renheten i kroppen, sj\u00e4len och anden och att leva ett liv av helighet och helgelse f\u00f6r Jesus Kristus.<\/p>\r\n<p><strong>BIBEL:<\/strong> Vi tror att Bibeln \u00e4r Guds ofelbara, of\u00f6r\u00e4nderliga och ofr\u00e5nkomliga ord. Vi tror att hela Skriften, Genesis till Uppenbarelseboken, \u00e4r Guds inspirerade ord, och att den auktoriserade King James-\u00f6vers\u00e4ttningen av Bibeln \u00e4r den b\u00e4sta av alla \u00f6vers\u00e4ttningar som finns tillg\u00e4ngliga p\u00e5 engelska.<\/p>\r\n<p><strong>CHRISTIAN DOMINION:<\/strong> The Church of the Culdees believes in Godly dominion of the earth, to the glory of Jesus Christ. We believe in Christian occupation and reconstruction of the earth under Jesus Christ. This includes increasing the size and strength of the Christian family, Home Birthing of children, Home Schooling of children, building houses, planting gardens, and gathering God\u2019s people in rural areas. We believe in the planting of churches and in the preaching, teaching, and printing of the Gospel of the Kingdom Message.<\/p>\r\n<p>&nbsp;<\/p>\r\n<p><strong>V\u00c5R GRUNDL\u00c4GGANDE HISTORISKA KANON<\/strong><\/p>\r\n<\/div>\r\n<div class=\"n diyfeLiveArea\">\u00a0Vi st\u00e5r som eftertr\u00e4dare f\u00f6r den ortodoxa Culdee, f\u00f6rsta \u00e5rhundradets kyrka. Vi har beh\u00e5llit detta i <a href=\"http:\/\/celticorthodoxy.com\/category\/apostolic-succession\/\">apostolisk arv<\/a>, the Sacraments, the teachings of the church fathers, and in teaching holy living.\u00a0<\/div>\r\n<div class=\"n diyfeLiveArea\">\u00a0<\/div>\r\n<div class=\"n diyfeLiveArea\">Det f\u00f6rsta \u00e5rhundradet\u00a0<a href=\"http:\/\/celticorthodoxy.com\/2015\/09\/the-didache-accepted-by-tcaww-the-culdee-and-greater-fellowship-of-churches\/\">Didache<\/a>, <a href=\"https:\/\/en.wikipedia.org\/wiki\/Nicene_Creed\">Nicene<\/a>\u00a0och den <a href=\"http:\/\/en.wikipedia.org\/wiki\/Apostles_Creed\">Apostles Creeds<\/a>\u00a0f\u00f6rbli v\u00e5r kanon och grunden f\u00f6r v\u00e5r tro. V\u00e5r yttersta auktoritet \u00e4r Bibeln (Guds inspirerade ord).<\/div>\r\n<\/div>\r\n<\/div>\r\n<\/div>\r\n<div>\u00a0<\/div>\r\n<\/div>\r\n<p><b>marshalofsalem@yahoo.com<\/b><\/p>\r\n<p>Se \u00e4ven:\u00a0<a href=\"http:\/\/celticorthodoxy.com\/assemblies\/ordination\/\">http:\/\/celticorthodoxy.com\/assemblies\/ordination\/<\/a><\/p>\r\n<p>&nbsp;<\/p>\r\n<p>ANSVARSFRISKRIVNING:\u00a0<\/p>\r\n<h6><strong>ANTI-CHRISTIAN BIAS (Prejudicial Discrimination) IS ACTIONABLE AT LAW:<\/strong><\/h6>\r\n<h6>I det mesta av v\u00e4rlden \u00e4r varje f\u00f6rs\u00f6k fr\u00e5n n\u00e5gon agent (eller person) att oproportionerligt utpeka och behandla v\u00e5ra kyrkliga medlemmar mer eller mindre straffri \u00e4n resten av allm\u00e4nheten ett brott som inneb\u00e4r diskriminering och f\u00f6rdomar.<\/h6>\r\n<h6>While we do not discriminate against any specific rights of any person in the whole world, the historic church of God is being maligned, slandered and heavily discriminated against for simply having beliefs. While the Bible text may not condone some sins, we believe this shouldn&#8217;t open all Christians to unequal treatment or injuries. Therefore we are forced to legally preserve and protect our own human and fundamental <strong>r\u00e4ttigheter till f\u00f6rsamling, f\u00f6rening, disassociation och integritet vid domstolarna i landet<\/strong>. These fundamental rights have been under assault by radical stunt politicians who seek to criminally suppress, conspire, investigate, harass and do other prejudicial damages against Christians solely on the basis of their established belief system.<\/h6>\r\n<h6>(Utredning kan ocks\u00e5 vara ett brott. Den femte \u00e4ndringen av den amerikanska konstitutionen garanterar denna grundl\u00e4ggande r\u00e4tt att inte trakasseras med n\u00e5gon typ av s\u00f6kning eller utredning utan att ange alla saker som ska s\u00f6kas, tid, plats och sk\u00e4l som alla har l\u00e4mnats till parter i form av en teckningsoption som undertecknas av en laglig domare, i en domstol. M\u00e5nga fall har vunnits d\u00e4r detta inte har l\u00e4mnats. Undertryckande av medborgerliga r\u00e4ttigheter \u00e4r ett brott. Konspiration f\u00f6r att beg\u00e5 detta brott \u00e4r ett brott som kan \u00e5talas mot vilken person som helst p\u00e5 vilket kontor som helst, i alla fackliga stater.)<\/h6>\r\n<h6>As Christians we are to preserve these basic human rights to future generations. Therefore if any party is caught discriminating against our church members, we will file human rights and anti-Christian religious bias charges in the appropriate local jurisdictions.<\/h6>\r\n<h6>We conduct ourselves honourably and will not prosecute the perpetrators without proof how the rights were violated against our church member. \u00a0The specific action of the perpetrator should be recorded, or otherwise demonstrated by at least two witnesses. The intent should be clear they (or their co-conspirators) are seeking to unlawfully disrupt a church member&#8217;s specific rights. On discretion of the Bishop we may also give mercy to the perpetrator if his good intent can be shown. Not only malicious intent must be shown but also the example of the actions which suppressed the civil rights of the congregant. That will include any intimidation or fear of having the right of &#8220;assembly&#8221; or of any &#8220;belief&#8221;, or of any &#8220;religious appearance&#8221;, or of any &#8220;adherence to the beliefs&#8221; of the church. The charges are not taken lightly in any court of the world. Documenting the anti-Christian prejudicial actions must be complete with information on the time and place of such attack on the person&#8217;s life, liberty, property, or suppression of any of their human rights to religious free exercise. Any time such crimes to suppress Christian rights are done in conjunction of two conspiring together to suppress or attack such rights of the Christian religion, elevates the offense to the level of a felony in the USA.<\/h6>\r\n<h6>\u00a0<\/h6>\r\n<h6>We thank God that Jesus Christ has maintained the victory for His little flock, delivering His people out of the hands of their enemies that they might serve Him without fear, in holiness and righteousness before Him, all the days of their lives. We are glad and celebrate that He has provided unambiguous laws upheld in all lands of historical Christian heritage, designed to protect Christians against the crimes of Anti-Christian bias and discrimination. These are the Constitutional protections of life, liberty and happiness of every Christian citizen wherever they live.<\/h6>\r\n\r\n<p>&nbsp;<\/p>","protected":false},"excerpt":{"rendered":"<p>Rev Dr Stephen MK Brunswick adopted the following as the standard (simplified version) of our statement of beliefs when he began to lead the Communion services for three assemblies in 2001. You may wish to read more about the Short History of the Orthodox Church of the Culdees, and Our Reestablishment STATEMENT OF FAITH GODHEAD: [&hellip;]<\/p>\n","protected":false},"author":6,"featured_media":0,"parent":665,"menu_order":0,"comment_status":"open","ping_status":"closed","template":"","meta":{"seo_booster_metabox":"","footnotes":""},"class_list":["post-671","page","type-page","status-publish","hentry"],"yoast_head":"<!-- This site is optimized with the Yoast SEO plugin v27.2 - https:\/\/yoast.com\/product\/yoast-seo-wordpress\/ -->\n<title>Beliefs - Watchman News<\/title>\n<meta name=\"robots\" content=\"index, follow, max-snippet:-1, max-image-preview:large, max-video-preview:-1\" \/>\n<link rel=\"canonical\" href=\"https:\/\/watchman.news\/sv\/assemblies\/statement-of-fait\/\" \/>\n<meta property=\"og:locale\" content=\"sv_SE\" \/>\n<meta property=\"og:type\" content=\"article\" \/>\n<meta property=\"og:title\" content=\"Beliefs - Watchman News\" \/>\n<meta property=\"og:description\" content=\"Rev Dr Stephen MK Brunswick adopted the following as the standard (simplified version) of our statement of beliefs when he began to lead the Communion services for three assemblies in 2001. You may wish to read more about the Short History of the Orthodox Church of the Culdees, and Our Reestablishment STATEMENT OF FAITH GODHEAD: [&hellip;]\" \/>\n<meta property=\"og:url\" content=\"https:\/\/watchman.news\/sv\/assemblies\/statement-of-fait\/\" \/>\n<meta property=\"og:site_name\" content=\"Watchman News\" \/>\n<meta property=\"article:modified_time\" content=\"2025-10-02T05:06:37+00:00\" \/>\n<meta name=\"twitter:card\" content=\"summary_large_image\" \/>\n<meta name=\"twitter:label1\" content=\"Ber\u00e4knad l\u00e4stid\" \/>\n\t<meta name=\"twitter:data1\" content=\"7 minuter\" \/>\n<script type=\"application\/ld+json\" class=\"yoast-schema-graph\">{\"@context\":\"https:\/\/schema.org\",\"@graph\":[{\"@type\":\"WebPage\",\"@id\":\"https:\/\/watchman.news\/assemblies\/statement-of-fait\/\",\"url\":\"https:\/\/watchman.news\/assemblies\/statement-of-fait\/\",\"name\":\"Beliefs - Watchman News\",\"isPartOf\":{\"@id\":\"https:\/\/watchman.news\/#website\"},\"datePublished\":\"2013-02-20T13:13:08+00:00\",\"dateModified\":\"2025-10-02T05:06:37+00:00\",\"breadcrumb\":{\"@id\":\"https:\/\/watchman.news\/assemblies\/statement-of-fait\/#breadcrumb\"},\"inLanguage\":\"sv-SE\",\"potentialAction\":[{\"@type\":\"ReadAction\",\"target\":[\"https:\/\/watchman.news\/assemblies\/statement-of-fait\/\"]}]},{\"@type\":\"BreadcrumbList\",\"@id\":\"https:\/\/watchman.news\/assemblies\/statement-of-fait\/#breadcrumb\",\"itemListElement\":[{\"@type\":\"ListItem\",\"position\":1,\"name\":\"Home\",\"item\":\"https:\/\/watchman.news\/\"},{\"@type\":\"ListItem\",\"position\":2,\"name\":\"Assemblies\",\"item\":\"https:\/\/watchman.news\/assemblies\/\"},{\"@type\":\"ListItem\",\"position\":3,\"name\":\"Beliefs\"}]},{\"@type\":\"WebSite\",\"@id\":\"https:\/\/watchman.news\/#website\",\"url\":\"https:\/\/watchman.news\/\",\"name\":\"Watchman News\",\"description\":\"News of Importance for the True Christian Israel\",\"potentialAction\":[{\"@type\":\"SearchAction\",\"target\":{\"@type\":\"EntryPoint\",\"urlTemplate\":\"https:\/\/watchman.news\/?s={search_term_string}\"},\"query-input\":{\"@type\":\"PropertyValueSpecification\",\"valueRequired\":true,\"valueName\":\"search_term_string\"}}],\"inLanguage\":\"sv-SE\"}]}<\/script>\n<!-- \/ Yoast SEO plugin. -->","yoast_head_json":{"title":"Beliefs - Watchman News","robots":{"index":"index","follow":"follow","max-snippet":"max-snippet:-1","max-image-preview":"max-image-preview:large","max-video-preview":"max-video-preview:-1"},"canonical":"https:\/\/watchman.news\/sv\/assemblies\/statement-of-fait\/","og_locale":"sv_SE","og_type":"article","og_title":"Beliefs - Watchman News","og_description":"Rev Dr Stephen MK Brunswick adopted the following as the standard (simplified version) of our statement of beliefs when he began to lead the Communion services for three assemblies in 2001. You may wish to read more about the Short History of the Orthodox Church of the Culdees, and Our Reestablishment STATEMENT OF FAITH GODHEAD: [&hellip;]","og_url":"https:\/\/watchman.news\/sv\/assemblies\/statement-of-fait\/","og_site_name":"Watchman News","article_modified_time":"2025-10-02T05:06:37+00:00","twitter_card":"summary_large_image","twitter_misc":{"Ber\u00e4knad l\u00e4stid":"7 minuter"},"schema":{"@context":"https:\/\/schema.org","@graph":[{"@type":"WebPage","@id":"https:\/\/watchman.news\/assemblies\/statement-of-fait\/","url":"https:\/\/watchman.news\/assemblies\/statement-of-fait\/","name":"Beliefs - Watchman News","isPartOf":{"@id":"https:\/\/watchman.news\/#website"},"datePublished":"2013-02-20T13:13:08+00:00","dateModified":"2025-10-02T05:06:37+00:00","breadcrumb":{"@id":"https:\/\/watchman.news\/assemblies\/statement-of-fait\/#breadcrumb"},"inLanguage":"sv-SE","potentialAction":[{"@type":"ReadAction","target":["https:\/\/watchman.news\/assemblies\/statement-of-fait\/"]}]},{"@type":"BreadcrumbList","@id":"https:\/\/watchman.news\/assemblies\/statement-of-fait\/#breadcrumb","itemListElement":[{"@type":"ListItem","position":1,"name":"Home","item":"https:\/\/watchman.news\/"},{"@type":"ListItem","position":2,"name":"Assemblies","item":"https:\/\/watchman.news\/assemblies\/"},{"@type":"ListItem","position":3,"name":"Beliefs"}]},{"@type":"WebSite","@id":"https:\/\/watchman.news\/#website","url":"https:\/\/watchman.news\/","name":"Watchman News","description":"News of Importance for the True Christian Israel","potentialAction":[{"@type":"SearchAction","target":{"@type":"EntryPoint","urlTemplate":"https:\/\/watchman.news\/?s={search_term_string}"},"query-input":{"@type":"PropertyValueSpecification","valueRequired":true,"valueName":"search_term_string"}}],"inLanguage":"sv-SE"}]}},"_links":{"self":[{"href":"https:\/\/watchman.news\/sv\/wp-json\/wp\/v2\/pages\/671","targetHints":{"allow":["GET"]}}],"collection":[{"href":"https:\/\/watchman.news\/sv\/wp-json\/wp\/v2\/pages"}],"about":[{"href":"https:\/\/watchman.news\/sv\/wp-json\/wp\/v2\/types\/page"}],"author":[{"embeddable":true,"href":"https:\/\/watchman.news\/sv\/wp-json\/wp\/v2\/users\/6"}],"replies":[{"embeddable":true,"href":"https:\/\/watchman.news\/sv\/wp-json\/wp\/v2\/comments?post=671"}],"version-history":[{"count":0,"href":"https:\/\/watchman.news\/sv\/wp-json\/wp\/v2\/pages\/671\/revisions"}],"up":[{"embeddable":true,"href":"https:\/\/watchman.news\/sv\/wp-json\/wp\/v2\/pages\/665"}],"wp:attachment":[{"href":"https:\/\/watchman.news\/sv\/wp-json\/wp\/v2\/media?parent=671"}],"curies":[{"name":"wp","href":"https:\/\/api.w.org\/{rel}","templated":true}]}}