{"id":675,"date":"2013-02-20T13:15:28","date_gmt":"2013-02-20T13:15:28","guid":{"rendered":"http:\/\/christsassembly.com\/?page_id=675"},"modified":"2022-04-19T19:36:04","modified_gmt":"2022-04-19T19:36:04","slug":"ordination","status":"publish","type":"page","link":"https:\/\/watchman.news\/sv\/assemblies\/ordination\/","title":{"rendered":"Ordination and Orthodox Re-integration"},"content":{"rendered":"<p>The O.C.C. is an authority with ecclesiastical responsibilities and obligations to re-correct rightly and canonically all debatable ordinations of the wider Orthodox Celtic Church(Culdees) descended congregations. After doing some research on our site you will find many of the first Century Apostles (and their direct assistants) officially were Culdees. Any church tracing back to the Celts and keeping an Orthodox liturgy (like the Book of Common Prayer) may be a candidate. We must return to the purity, re-establish, re-integrate and align to the Orthodox faith of our fathers.<\/p>\n<p>A confederation of larger Orthodox bodies recognize, accept and defend our acts. The Primace of the Orthodox Church of the Culdees (Stephen MK Brunswick) represents (by Synodal decision) in office in defense(diplomatic) assistance of Christians in cases where they have been victims of damaging and intolerant acts of prejudicial discrimination against their freedom of beliefs, which may even be committed by renegade agents of government and society. He may circle the affairs of any branch, whether political, religious, or social organizations towards their suspected incompetence, and issue specific instructions towards the broader reintegration.<\/p>\n<p>Bishops, Priests and other Clergy may inquire to join our growing communion as Apostolic Successors of the ancient Orthodox Church of the Culdees. We are the literal canonical Orthodox Celtic church with succession lines from the Apostles&#8217; First Century ministries in Great Britain. We assist you in delivering the daily, weekly and monthly and annual Divine services. We must restore God&#8217;s pure Sacraments to our local communities.<\/p>\n<p>We also hold succession lines from Russian True Orthodox (Catacomb Church) Bishops, who survived the major Bolshevik persecutions and kept themselves pure from the new state church.<\/p>\n<p><a><b>PR\u00c4STLIGA ORDINERINGAR, \u00c5TERINEGRATIONER, KANONISKA BESLUT FR\u00c5N DE HELIGA SYNODERNA, INKARDINATIONER OCH VIGTNINGAR<\/b><\/a><\/p>\n<p>Det finns m\u00e5nga kyrkliga l\u00f6sningar f\u00f6r problemen i den tid vi lever. M\u00e5nga \u00e4r \u00f6verens om att det finns flera jurisdiktioner f\u00f6r kyrkor som har l\u00e4mnat och f\u00f6rnekat tron, fallit av livets v\u00e4g och in i v\u00e4gen f\u00f6r f\u00f6rst\u00f6relse. De vet inte vad de ska g\u00f6ra, eller vart de ska v\u00e4nda. Men de vet att v\u00e4ldigt nya h\u00e4delser just godk\u00e4ndes av deras \u00e4lskade kyrka. Som det st\u00e5r i profetiorna, att i slutet av tiden skulle kyrkan f\u00e5 ett \u201dstort nedfall\u201d eller APOSTACY.<\/p>\n<p>Our English Orthodox liturgy (and others) require a full confession of any sin and requires our communicants to do the works necessary to show a full conversion has occurred and is maintained. Some may still give lip service in following a perfect liturgy, however they must remember that includes the confession and a full turning away from all sin. In many communities it can be a challenge to have enough Pastors or Biblical counsellors to admonish their flocks. God gives us a safeguard in requiring a full conversion. We praise the congregations who have held onto the liturgy. However if their ministry is represented by a centralized apostate who recently has made new covenants that throw away the very foundations of our faith, then the whole is doomed. Our communion offers a solution to come together in re-establishing the original faith once delivered to the Saints.<\/p>\n<p>However if they then turn to &#8220;bless&#8221; any abominations, sins or wickedness, or even promote &#8220;pride&#8221; in various sins then they for sure have left the faith. Some even go as far as to promote &#8220;pride parades&#8221; who dance around naked, promoting an atheist philosophy and even doing pornographic acts in the parades that include children! Some have even taught a new form of families that have never been part of any Orthodox church.<\/p>\n<p>Men \u00e4nd\u00e5 kommer alla val\u00f6rer i v\u00e4rlden \u00f6verens om att vi inte kan dela ut den heliga nattvarden till n\u00e5gon person som lever i avsiktlig synd utan fullst\u00e4ndig \u00e5nger och f\u00f6rnekar alla synder. De som nu har b\u00f6rjat v\u00e4nda sig fr\u00e5n denna fasta v\u00e4g i v\u00e5r tro har alla f\u00f6rnekat b\u00e5de liturgin och tron.<\/p>\n<p>V\u00e5rt ministerium \u00e4r en l\u00f6sning som ministrar kan \u00e5terintegrera till v\u00e5r f\u00f6rf\u00e4ders ortodoxa tro.<\/p>\n<p>Vi forts\u00e4tter i den engelska liturgin som har \u00f6verl\u00e4mnats sedan f\u00f6rsta \u00e5rhundradet. Denna liturgi har anv\u00e4nts enhetligt av b\u00e5de protestanter och katoliker. Till och med i de mest icke-konformistiska amerikanska val\u00f6rerna anv\u00e4ndes &quot;Kongregationalists&quot; under de f\u00f6rsta \u00e5rhundradena i Amerika den ortodoxa kompatibla &quot;Book of Common Prayer&quot; engelsk liturgi.<\/p>\n<p>Om du \u00e4r redo att komma ig\u00e5ng med \u00e5terintegrering, ordination, inkardination eller invigningar, <b>mejla bara ditt CV till <a href=\"mailto:marshalofsalem@yahoo.com\">marshalofsalem@yahoo.com<\/a> .<\/b><\/p>\n<p>Kyrkan bevittnar \u201dde STORA styggelserna som g\u00f6r \u00f6de\u201d. V\u00e5r kung sa till oss n\u00e4r vi ser dessa saker h\u00e4nda p\u00e5 de heliga platserna, att vi m\u00e5ste \u201dfly f\u00f6r bergen\u201d, eller faktiskt \u201dfly fr\u00e5n jurisdiktionen\u201d. Inkardera till en annan kyrka eller \u00e5terintegrera tillbaka till v\u00e5ra f\u00f6rf\u00e4ders ortodoxa kyrka.<\/p>\n<p>Flera av dessa \u201dstora bortfallande\u201d avf\u00e4llingar har f\u00f6rs\u00f6kt legitimera sin oortodoxi genom att f\u00e5 en statlig sekul\u00e4r organisationsregistrering. Medan kyrkor \u00e4r fria att anv\u00e4nda s\u00e5dana former \u00e4r det aldrig det som g\u00f6r en kyrka giltig. De flesta l\u00e4nder i v\u00e4rlden \u00e4r \u00f6verens om att det \u00e4r frivilligt f\u00f6r alla kyrkor att verka i sina l\u00e4nder. Det \u00e4r inte det som g\u00f6r en kyrka, det \u00e4r bara ett verktyg. Kyrkan \u00e4r dyrkan, ber\u00f6m och fr\u00e4mjande av hans religion, ren och enkel.<\/p>\n<p>De som tror att Gud inte beh\u00f6ver komma f\u00f6rst i en kyrka, men den lokala regeringen b\u00f6r ge &quot;tillst\u00e5nd&quot; f\u00f6rst, det kan bryta mot det f\u00f6rsta budet &quot;har inga andra h\u00e4rskare framf\u00f6r mig&quot;. M\u00e5nga splittringar har intr\u00e4ffat inom de typer av regerings \/ sekul\u00e4ra kyrkom\u00f6ten som samarbetar med \u201domdefinieringen av familjen\u201d och till och med v\u00e4lsignar synder som aldrig skulle ha varit t\u00e4nkbara i n\u00e5gon kyrka. Om det \u00e4r deras grund f\u00f6r verksamheten, bara en lokal &quot;ideell&quot; registrering, varje g\u00e5ng de avviker fr\u00e5n sin ursprungliga stadga, kan de f\u00f6rlora sin ideella status.<\/p>\n<p>Den ortodoxa kyrkans kyrkor (OCC) fungerar som en ideell organisation och \u00e4r lagligt registrerad f\u00f6r f\u00f6ljande \u00e4ndam\u00e5l:<\/p>\n<p>+ Framsteg f\u00f6r den ortodoxa (kristna) kuldeanska religionen som \u00e4r rotad i den hebreiska tron och identiteten som f\u00f6rdes till Glastonbury av apostlarna under det f\u00f6rsta \u00e5rhundradet.<\/p>\n<p>+ \u00c5terst\u00e4lla och bevara biblioteken om brittisk israelism.<\/p>\n<p>+ F\u00f6respr\u00e5kar j\u00e4mst\u00e4lldhet f\u00f6r skydd av f\u00f6rf\u00f6ljda minoriteter av kuldeanskt ursprung, mot all f\u00f6rdomsfull diskriminering av deras etniska eller ortodoxa kulturella religi\u00f6sa praxis.<\/p>\n<p>+ Politisk f\u00f6respr\u00e5kande f\u00f6r \u00e5terst\u00e4llningen av Glastonbury Culdees myndighet att bed\u00f6ma i de kungligt f\u00f6reskrivna fr\u00e5gorna som g\u00e5r bortom det andliga, till rikerna f\u00f6r den civila, kriminella och internationella r\u00e4ttspraxis.<\/p>\n<p>+ Internationella f\u00f6reningar f\u00f6r fredlig interkulturell och interreligi\u00f6s dialog.<\/p>\n<p>Pr\u00e4stliga ordinationer \u00e4r fr\u00e5gor av stor omfattning. Den som tj\u00e4nar Guds heliga ord ut\u00f6var det h\u00f6gsta \u00e4mbetet i denna v\u00e4rld. M\u00e4n som ska v\u00e4ljas ut f\u00f6r den s\u00f6kande processen \u00e4r av god etisk och moralisk karakt\u00e4r. En s\u00e5dan som \u00e4r kvalificerad kommer att vara k\u00e4nd f\u00f6r att starkt bek\u00e4nna sin tro p\u00e5 skrifterna som Guds ord och den ofelbara regeln (2Tim 3:16, Ef 2:20), om tro och praktik; att f\u00e5 v\u00e5r trosbek\u00e4nnelse som det l\u00e4rarsystem som l\u00e4rs ut i de heliga skrifterna; att godk\u00e4nna kyrkans regeringsform och lova att underordna sina br\u00f6der, ivriga och trofasta f\u00f6r att uppr\u00e4tth\u00e5lla evangeliets sanningar och kyrkans fred och renhet bland all motst\u00e5nd och f\u00f6rf\u00f6ljelse, och att s\u00e4ga om \u201dhan har varit framkallade, s\u00e5vitt han k\u00e4nner sitt eget hj\u00e4rta, att se den heliga tj\u00e4nstens \u00e4mbete fr\u00e5n k\u00e4rlek till Gud, och en uppriktig \u00f6nskan att fr\u00e4mja hans \u00e4ra i hans sons evangelium, \u201d(1Kor 2: 2, 2 Kor 4: 5). Endast m\u00e4n med s\u00e5dan standhaftighet kan g\u00e5 fram\u00e5t f\u00f6r att ans\u00f6ka. Efter antagandet och utnyttjandet av v\u00e5r liturgi, och att han har f\u00f6ljt godk\u00e4nda och kr\u00e4vda studier, och att en biskop f\u00f6rst har gett honom en provlicens att predika evangeliet, s\u00e5 att efter en kompetent pr\u00f6vning av hans talanger och mottagande av gott rapportera, kan han i god tid ordineras till pastoralkontoret. (2Tim 3: 7,9 &amp; 3 Johannes 12). Skriften kr\u00e4ver dock att det pr\u00f6vas n\u00e5gra som ska ordineras till evangeliets tj\u00e4nst, s\u00e5 att detta heliga \u00e4mbete inte kan f\u00f6rs\u00e4mras genom att vara f\u00f6rpliktad till svaga eller ov\u00e4rdiga m\u00e4n (1 Tim 3: 6 och 2) Tim 2: 2).<\/p>\n<p><span style=\"color: #000080\">Skicka ditt CV (CV) till <a href=\"mailto:marshalofsalem@yahoo.com\">marshalofsalem@yahoo.com<\/a> <strong>f\u00f6r att f\u00e5 processen<\/strong><b>s b\u00f6rjade.<\/b><\/span><\/p>\n<p>Det finns krav p\u00e5 att ha veckosabbater och \u00e5rsm\u00f6ten. Vi st\u00f6der dig med att starta dina Agape-fester p\u00e5 fredag, som hj\u00e4lper till att f\u00e5 m\u00e4nniskor aktiva i ditt stift. Det \u00e4r en vanlig praxis att spara den bibliska \u201dandra tionden\u201d som du spenderar f\u00f6r din resa till pilgrimsfesterna \u00e5rligen. Alla dessa h\u00e4ndelser kan st\u00f6djas fr\u00e5n OCC Holy Synod.<\/p>\n<p><b>HELIGA BEST\u00c4LLNINGAR F\u00d6R KRISTUSSAMLINGEN<\/b><\/p>\n<p>De som d\u00f6ps, bekr\u00e4ftas och kallas till OCC: s religi\u00f6sa order kan f\u00f6rst installeras p\u00e5 kontoret Diakoner, sedan pr\u00e4ster, biskopar, \u00e4rkebiskopar och evangeliska prelater. Vi har en Primace (\u00e4rkebiskop) som \u00f6vervakar de andra biskoparna vid OCC Holy Synod. F\u00f6r varje lokal jurisdiktion finns normalt inte h\u00f6gre \u00e4n en biskop i en lokal stad, och i vissa stadier av kr\u00e4vd tillv\u00e4xt, och m\u00e5nga f\u00f6rsamlingar finns en plats f\u00f6r \u00e4rkebiskoparna.<\/p>\n<p>Vi skickar giltiga rader till v\u00e5ra medlemmar <a href=\"http:\/\/celticorthodoxy.com\/category\/apostolic-succession\/\">Apostolisk arv<\/a> fr\u00e5n ortodoxa Culdee-biskopar.<\/p>\n<p>Du kan skriva till oss f\u00f6r mer information. Annars kan du hitta kategorin online <a href=\"http:\/\/celticorthodoxy.com\/category\/assemblies\/ordination\/\">pr\u00e4stvigning<\/a> fr\u00e5n v\u00e5r webbplats.<\/p>","protected":false},"excerpt":{"rendered":"<p>The O.C.C. is an authority with ecclesiastical responsibilities and obligations to re-correct rightly and canonically all debatable ordinations of the wider Orthodox Celtic Church(Culdees) descended congregations. After doing some research on our site you will find many of the first Century Apostles (and their direct assistants) officially were Culdees. Any church tracing back to the [&hellip;]<\/p>\n","protected":false},"author":1,"featured_media":0,"parent":665,"menu_order":0,"comment_status":"open","ping_status":"closed","template":"","meta":{"seo_booster_metabox":"","footnotes":""},"class_list":["post-675","page","type-page","status-publish","hentry"],"yoast_head":"<!-- This site is optimized with the Yoast SEO plugin v27.2 - https:\/\/yoast.com\/product\/yoast-seo-wordpress\/ -->\n<title>Ordination and Orthodox Re-integration - Watchman News<\/title>\n<meta name=\"robots\" content=\"index, follow, max-snippet:-1, max-image-preview:large, max-video-preview:-1\" \/>\n<link rel=\"canonical\" href=\"https:\/\/watchman.news\/sv\/assemblies\/ordination\/\" \/>\n<meta property=\"og:locale\" content=\"sv_SE\" \/>\n<meta property=\"og:type\" content=\"article\" \/>\n<meta property=\"og:title\" content=\"Ordination and Orthodox Re-integration - Watchman News\" \/>\n<meta property=\"og:description\" content=\"The O.C.C. is an authority with ecclesiastical responsibilities and obligations to re-correct rightly and canonically all debatable ordinations of the wider Orthodox Celtic Church(Culdees) descended congregations. After doing some research on our site you will find many of the first Century Apostles (and their direct assistants) officially were Culdees. Any church tracing back to the [&hellip;]\" \/>\n<meta property=\"og:url\" content=\"https:\/\/watchman.news\/sv\/assemblies\/ordination\/\" \/>\n<meta property=\"og:site_name\" content=\"Watchman News\" \/>\n<meta property=\"article:modified_time\" content=\"2022-04-19T19:36:04+00:00\" \/>\n<meta name=\"twitter:card\" content=\"summary_large_image\" \/>\n<meta name=\"twitter:label1\" content=\"Ber\u00e4knad l\u00e4stid\" \/>\n\t<meta name=\"twitter:data1\" content=\"8 minuter\" \/>\n<script type=\"application\/ld+json\" class=\"yoast-schema-graph\">{\"@context\":\"https:\/\/schema.org\",\"@graph\":[{\"@type\":\"WebPage\",\"@id\":\"https:\/\/watchman.news\/assemblies\/ordination\/\",\"url\":\"https:\/\/watchman.news\/assemblies\/ordination\/\",\"name\":\"Ordination and Orthodox Re-integration - Watchman News\",\"isPartOf\":{\"@id\":\"https:\/\/watchman.news\/#website\"},\"datePublished\":\"2013-02-20T13:15:28+00:00\",\"dateModified\":\"2022-04-19T19:36:04+00:00\",\"breadcrumb\":{\"@id\":\"https:\/\/watchman.news\/assemblies\/ordination\/#breadcrumb\"},\"inLanguage\":\"sv-SE\",\"potentialAction\":[{\"@type\":\"ReadAction\",\"target\":[\"https:\/\/watchman.news\/assemblies\/ordination\/\"]}]},{\"@type\":\"BreadcrumbList\",\"@id\":\"https:\/\/watchman.news\/assemblies\/ordination\/#breadcrumb\",\"itemListElement\":[{\"@type\":\"ListItem\",\"position\":1,\"name\":\"Home\",\"item\":\"https:\/\/watchman.news\/\"},{\"@type\":\"ListItem\",\"position\":2,\"name\":\"Assemblies\",\"item\":\"https:\/\/watchman.news\/assemblies\/\"},{\"@type\":\"ListItem\",\"position\":3,\"name\":\"Ordination and Orthodox Re-integration\"}]},{\"@type\":\"WebSite\",\"@id\":\"https:\/\/watchman.news\/#website\",\"url\":\"https:\/\/watchman.news\/\",\"name\":\"Watchman News\",\"description\":\"News of Importance for the True Christian Israel\",\"potentialAction\":[{\"@type\":\"SearchAction\",\"target\":{\"@type\":\"EntryPoint\",\"urlTemplate\":\"https:\/\/watchman.news\/?s={search_term_string}\"},\"query-input\":{\"@type\":\"PropertyValueSpecification\",\"valueRequired\":true,\"valueName\":\"search_term_string\"}}],\"inLanguage\":\"sv-SE\"}]}<\/script>\n<!-- \/ Yoast SEO plugin. -->","yoast_head_json":{"title":"Ordination and Orthodox Re-integration - Watchman News","robots":{"index":"index","follow":"follow","max-snippet":"max-snippet:-1","max-image-preview":"max-image-preview:large","max-video-preview":"max-video-preview:-1"},"canonical":"https:\/\/watchman.news\/sv\/assemblies\/ordination\/","og_locale":"sv_SE","og_type":"article","og_title":"Ordination and Orthodox Re-integration - Watchman News","og_description":"The O.C.C. is an authority with ecclesiastical responsibilities and obligations to re-correct rightly and canonically all debatable ordinations of the wider Orthodox Celtic Church(Culdees) descended congregations. After doing some research on our site you will find many of the first Century Apostles (and their direct assistants) officially were Culdees. Any church tracing back to the [&hellip;]","og_url":"https:\/\/watchman.news\/sv\/assemblies\/ordination\/","og_site_name":"Watchman News","article_modified_time":"2022-04-19T19:36:04+00:00","twitter_card":"summary_large_image","twitter_misc":{"Ber\u00e4knad l\u00e4stid":"8 minuter"},"schema":{"@context":"https:\/\/schema.org","@graph":[{"@type":"WebPage","@id":"https:\/\/watchman.news\/assemblies\/ordination\/","url":"https:\/\/watchman.news\/assemblies\/ordination\/","name":"Ordination and Orthodox Re-integration - Watchman News","isPartOf":{"@id":"https:\/\/watchman.news\/#website"},"datePublished":"2013-02-20T13:15:28+00:00","dateModified":"2022-04-19T19:36:04+00:00","breadcrumb":{"@id":"https:\/\/watchman.news\/assemblies\/ordination\/#breadcrumb"},"inLanguage":"sv-SE","potentialAction":[{"@type":"ReadAction","target":["https:\/\/watchman.news\/assemblies\/ordination\/"]}]},{"@type":"BreadcrumbList","@id":"https:\/\/watchman.news\/assemblies\/ordination\/#breadcrumb","itemListElement":[{"@type":"ListItem","position":1,"name":"Home","item":"https:\/\/watchman.news\/"},{"@type":"ListItem","position":2,"name":"Assemblies","item":"https:\/\/watchman.news\/assemblies\/"},{"@type":"ListItem","position":3,"name":"Ordination and Orthodox Re-integration"}]},{"@type":"WebSite","@id":"https:\/\/watchman.news\/#website","url":"https:\/\/watchman.news\/","name":"Watchman News","description":"News of Importance for the True Christian Israel","potentialAction":[{"@type":"SearchAction","target":{"@type":"EntryPoint","urlTemplate":"https:\/\/watchman.news\/?s={search_term_string}"},"query-input":{"@type":"PropertyValueSpecification","valueRequired":true,"valueName":"search_term_string"}}],"inLanguage":"sv-SE"}]}},"_links":{"self":[{"href":"https:\/\/watchman.news\/sv\/wp-json\/wp\/v2\/pages\/675","targetHints":{"allow":["GET"]}}],"collection":[{"href":"https:\/\/watchman.news\/sv\/wp-json\/wp\/v2\/pages"}],"about":[{"href":"https:\/\/watchman.news\/sv\/wp-json\/wp\/v2\/types\/page"}],"author":[{"embeddable":true,"href":"https:\/\/watchman.news\/sv\/wp-json\/wp\/v2\/users\/1"}],"replies":[{"embeddable":true,"href":"https:\/\/watchman.news\/sv\/wp-json\/wp\/v2\/comments?post=675"}],"version-history":[{"count":0,"href":"https:\/\/watchman.news\/sv\/wp-json\/wp\/v2\/pages\/675\/revisions"}],"up":[{"embeddable":true,"href":"https:\/\/watchman.news\/sv\/wp-json\/wp\/v2\/pages\/665"}],"wp:attachment":[{"href":"https:\/\/watchman.news\/sv\/wp-json\/wp\/v2\/media?parent=675"}],"curies":[{"name":"wp","href":"https:\/\/api.w.org\/{rel}","templated":true}]}}