{"id":682,"date":"2013-02-20T21:53:45","date_gmt":"2013-02-20T21:53:45","guid":{"rendered":"http:\/\/christsassembly.com\/?page_id=682"},"modified":"2022-04-19T10:17:44","modified_gmt":"2022-04-19T10:17:44","slug":"gods-law-is-scientific","status":"publish","type":"page","link":"https:\/\/watchman.news\/sv\/evangelism\/gods-scientific-law\/gods-law-is-scientific\/","title":{"rendered":"Guds lag \u00e4r vetenskaplig"},"content":{"rendered":"<p>&nbsp;<\/p>\n<p><strong>STORA KONFERENSER F\u00d6R ALLM\u00c4NT OFFENTLIGT SKALL HJ\u00c4LPAS I DIN LOKALA OMR\u00c5DE<\/strong><\/p>\n<div><\/div>\n<div>\u00c4MNE \u201dGuds lag \u00e4r vetenskaplig\u201d och varf\u00f6r vi beh\u00f6ver Jesus (<a title=\"blockerad :: http: \/\/t.ymlp24.net\/mewadajshaxaebeeaxahsem\/click.php\" href=\"http:\/\/t.ymlp24.net\/mewadajshaxaebeeaxahsem\/click.php\" target=\"_blank\" rel=\"nofollow noopener\">h\u00f6r intro mp3<\/a>)<\/div>\n<div><\/div>\n<div><\/div>\n<div><i><b>Konferenser i alla regioner i den postkristna v\u00e4rlden planeras f\u00f6r att f\u00f6rbereda resterna f\u00f6r de nationella straffen f\u00f6r deras nations massuppror mot v\u00e5r eviga Gud och suver\u00e4n (YAHWEH) Jesus Kristus. P\u00e5 konferenserna l\u00e4r vi ut m\u00e5nga aspekter av Guds lag som vetenskapliga och hur brott mot flera av dessa redan orsakar pl\u00e5gor och stora lidanden runt om i v\u00e4rlden. Hans lag \/ ord som \u00e4r ett ljus p\u00e5 v\u00e5r v\u00e4g kommer att hj\u00e4lpa oss att f\u00f6rbereda oss f\u00f6r att undkomma de stora straff som snart kommer att regna \u00f6ver v\u00e5ra postkristna nationer som Guds ord har lovat kommer att bes\u00f6kas \u00f6ver hela v\u00e4rlden. Framf\u00f6r allt \u00e4r detta att vara en uppmaning att ta emot Jesus som ger oss de ursprungliga lagliga r\u00e4ttigheterna att inte bara komma undan pl\u00e5gorna, utan att er\u00f6vra och segra som hans segrande f\u00f6rsamling som kommer att vara ett \u201dvittnesb\u00f6rd om kungariket innan slutet kommer \u201d. (Matteus 24:14)<\/b><\/i><\/div>\n<p>Det \u00e4r ett grundl\u00e4ggande krav att vi varnar alla att omv\u00e4nda sig. De flesta m\u00e4nniskor inser dock inte hur mycket Guds lag hj\u00e4lper oss att \u00f6verleva nu p\u00e5 jorden. Till exempel \u00e4r fl\u00e4sk 30 g\u00e5nger mer giftigt, parasitiskt och surt \u00e4n n\u00e5got annat k\u00f6tt!<\/p>\n<p>Behovet av att visa de vetenskapliga fakta b\u00f6r vara en del av att varna de ogudaktiga. T\u00e4cker de fysiska, k\u00e4nslom\u00e4ssiga och andra effekterna av n\u00e4stan vilken synd som helst.<\/p>\n<p>Alla n\u00e4r de kommer till Jesus och omv\u00e4nda s\u00e4ger syndarna b\u00f6n, omv\u00e4nder sig och v\u00e4nder sig fr\u00e5n all synd. Men m\u00e5nga m\u00e4nniskor somnar efter den tiden och gl\u00f6mmer sin edb\u00f6n som var en del av deras nyf\u00f6delse och liv i Kristus. De f\u00f6rblir en bebis eller en sovande kristen f\u00f6r resten av sitt liv och f\u00f6rblir er\u00f6vrade av satan. Men dessa bemyndigande sanningar g\u00f6r att du kan forts\u00e4tta i hans ord och gl\u00e4dja dig mycket \u00e5t hans lagar som David gjorde. Det finns ingen gl\u00e4dje i synden och i 1Johannes 3: 4 st\u00e5r det <strong>\u201dSynd \u00e4r \u00f6vertr\u00e4delse av lagen.\u201d<\/strong><\/p>\n<p>Vi vet alla att goda g\u00e4rningar inte tj\u00e4nar v\u00e5r andliga fr\u00e4lsning. Bra verk kommer bara senare till bevis f\u00f6r att vi \u00e4r r\u00e4ddade. Tv\u00e5 g\u00e5nger i Apostlag\u00e4rningarna varnade Paulus de nyomv\u00e4nda hedningarna att h\u00e5lla de levitiska blodlagarna och att \u00e4ta rent k\u00f6tt snarare \u00e4n &quot;de strypte sakerna&quot;. Han sa g\u00f6r detta s\u00e5 kommer du att \u00f6verleva. \u00c4nd\u00e5 f\u00f6rklarade han \u00e4nd\u00e5 att de borde l\u00e4ra sig det mesta av lagen varje sabbat, som Mose predikas i synagogorna i varje stad.<\/p>\n<p>Dessa levitiska diet- och blodrelaterade lagar anges specifikt av Paulus f\u00f6r att hedningarna ska h\u00e5lla. Han upprepar detaljerat dessa \u201dn\u00f6dv\u00e4ndigheter f\u00f6r fysisk \u00f6verlevnad\u201d i Apostlag\u00e4rningarna 15:20, Apostlag\u00e4rningarna 15:29 och Apostlag\u00e4rningarna 21:25!<\/p>\n<div>\n<p>Klicka h\u00e4r f\u00f6r introduktionsmeddelandet om detta \u00e4mne <i><b>&quot;Guds lag \u00e4r vetenskaplig&quot;<\/b><\/i>: <b><a title=\"blockerad :: http: \/\/t.ymlp24.net\/mewadajshaxaebeeaxahsem\/click.php\" href=\"http:\/\/t.ymlp24.net\/mewadajshaxaebeeaxahsem\/click.php\" target=\"_blank\" rel=\"nofollow noopener\">http:\/\/recordings.talkshoe.com\/TC-73940\/TS-451997.mp3<\/a><\/b><\/p>\n<\/div>\n<div><\/div>\n<div><i><b>Eftersom v\u00e5ra nationer i massa har avvisat och gjort uppror fr\u00e5n att Jesus Kristus var v\u00e5r fr\u00e4lsare, i st\u00f6rre antal \u00e4n n\u00e5gonsin registrerat, bevisar vi fr\u00e5n skrifterna att de har g\u00e5tt tillbaka under Mose lagens f\u00f6rbannelser och har inget att skydda dem. Genom att avvisa Jesus \u00e4r hela omr\u00e5den under satanisk herrav\u00e4lde. Satan har nu alla r\u00e4ttigheter att attackera dem och l\u00e5ta v\u00e5rt folk d\u00f6 allvarligt mer \u00e4n n\u00e5gonsin tidigare. Nu kan vi bara f\u00f6rv\u00e4nta oss att pesten och straffet kommer att sl\u00e5 p\u00e5 en ok\u00e4nd skala, och vi utf\u00f6rs bara f\u00f6r att vi bor i n\u00e4rheten av dem.<\/b><\/i><\/div>\n<div><\/div>\n<div><b>I Lukas 19:40 sa Jesus att om vi misslyckas med att prisa honom, kommer sj\u00e4lva klipporna att ropa! P\u00e5 Mose-tiden slukades delar av byar som gjorde uppror helt av jorden. Detta \u00e4r vad hela omr\u00e5den har g\u00e5tt tillbaka genom att de avvisade Guds Son, Jesus Kristus.<\/b><\/div>\n<div><\/div>\n<div>Kontakta mig om du vill lyda Guds ord till <a title=\"blockerad :: http: \/\/t.ymlp24.net\/meqaiajshaiaebeeazahsem\/click.php\" href=\"http:\/\/t.ymlp24.net\/meqaiajshaiaebeeazahsem\/click.php\" target=\"_blank\" rel=\"nofollow noopener\">varna de ogudaktiga, som en v\u00e4ktare ska g\u00f6ra<\/a>. Kontakta mig om du vill f\u00e5 ig\u00e5ng detta i ditt omr\u00e5de eller i de strategiska omr\u00e5den vi har planerat. Hans ord \u00e4r gudomligt och han kommer att utf\u00f6ra det som han alltid har gjort, och det kan aldrig \u00e5terv\u00e4nda. Blodet kommer att finnas p\u00e5 dina h\u00e4nder om du misslyckas med att varna ditt lokala omr\u00e5de, s\u00e4ger YAHWEHs ord. Vi f\u00e5r inte misslyckas utan g\u00f6ra alla f\u00f6rs\u00f6k att g\u00f6ra det. Vi har en plattform och ett program som nu \u00e4r tillg\u00e4ngligt f\u00f6r dig, s\u00e5 att du diskret kan starta detta, vara klok som ormar och skonsamma som duvor i de farliga tider vi lever i. Detta kr\u00e4ver minimalt med uppoffring och offring, mycket mindre \u00e4n den erforderliga 10% tiondet . Men det tar oss alla att erbjuda n\u00e5got, eftersom hans kyrka inte bara \u00e4r en person eller n\u00e5gra f\u00e5, utan vi alla som levande stenar i hans tempel.<\/div>\n<div><\/div>\n<div>Vi rekryterar ocks\u00e5 aktivt talare till dessa konferenser, vi annonserar f\u00f6r alla som vill tala om \u00e4mnet \u201d<b>Guds lag \u00e4r vetenskaplig<\/b>\u201dOch varf\u00f6r v\u00e5ra nationer beh\u00f6ver Jesus. Varje konferens ska h\u00e5llas p\u00e5 platser som rymmer \u00f6ver 1000 personer som vill h\u00f6ra om detta vetenskapliga bevis p\u00e5 Guds lag och varf\u00f6r vi beh\u00f6ver fr\u00e4mja Jesus att \u00e5terigen vara v\u00e5r suver\u00e4ne Herre.<\/div>\n<div><\/div>\n<div>Hans eviga bud som den eviga Gud ska aldrig lydas, och all \u00f6vertr\u00e4delse av all YAHWEH Yahshua (Jesus) lag definieras som synd, se 1Johannes 3: 4 f\u00f6r definitionen av synd. Vi m\u00e5ste fr\u00e4mja omv\u00e4ndelse av synd och att f\u00e5 mindre av f\u00f6rintelsens f\u00f6rbund komma \u00f6ver oss.<\/div>\n<div><\/div>\n<div>5 Moseboken 30:16<\/div>\n<div>&#8220;<i><b>\u2026ha kvar<\/b><\/i> <i><b>hans bud och stadgar och domar,<\/b><\/i> <i><b>s\u00e5 att du kan leva och f\u00f6r\u00f6ka dig; och HERREN, din Gud, ska v\u00e4lsigna dig i det land dit du g\u00e5r f\u00f6r att ta det i besittning<\/b><\/i>.&#8221;<\/div>\n<div><\/div>\n<div id=\"yui_3_7_2_1_1361343892382_639\">F\u00f6r mer information om n\u00e4rvaro eller om du vill tala p\u00e5 en av dessa konferenser, skriv till minister@christsassembly.com f\u00f6r mer information. Om det inte finns n\u00e5gon konferens planerad i ditt lokala omr\u00e5de kan vi starta en p\u00e5 denna skala f\u00f6r en minsta donation av $2,000.00 f\u00f6r den f\u00f6rsta konferensen och $1,000.00 per varje ytterligare. Det finns andra kreativa s\u00e4tt att marknadsf\u00f6ra dessa som faktiskt kostar ingenting om du \u00e4r en pension\u00e4r och inte har n\u00e5got emot den publicitet som normalt kan kosta dig att f\u00f6rlora ditt jobb. Vi \u00e4r alla en del av hans kyrkliga kropp, och vi beh\u00f6ver alla donera lika f\u00f6r att det ska ske. Alla givare kommer att betraktas som medministrar och kommer att f\u00e5 ta emot en procentandel av donationerna vid evenemangen om du g\u00e5r med oss i <i><b>&quot;F\u00f6rst s\u00f6ker hans rike och hans r\u00e4ttf\u00e4rdighet&quot;<\/b><\/i>, ber <i><b>&quot;Att hans kungarike kommer, och hans vilja ska utf\u00f6ras p\u00e5 jorden, som det g\u00f6rs s\u00e5 i himlen&quot;<\/b><\/i>. Vi kallas ambassad\u00f6rer och mer \u00e4n er\u00f6vrare genom honom som \u00e4lskade oss, och vi har m\u00e5nga l\u00f6ften om seger innan slutet kommer.<\/div>\n<div><\/div>\n<div>Lokala tidningsannonser f\u00f6r varje evenemang har en ledtid p\u00e5 tv\u00e5 veckors varsel f\u00f6r ditt omr\u00e5de. Annat reklammaterial finns till en l\u00e5g kostnad. Till exempel kostar flygblad f\u00f6r varje evenemang cirka $50,00 per 2000. Distribution m\u00e5ste planeras och genomf\u00f6ras i god tid.<\/div>\n<div><\/div>\n<div>L\u00e5t oss fylla salarna i din kyrka eller ditt samh\u00e4llscenter!<\/div>\n<div><\/div>\n<p>Kristi f\u00f6rsamling i ditt lokala omr\u00e5de framskrider tills vi genom att tv\u00e4tta vattnet i hans ord blir den kyrkan<i><b>(KONTROLLSAMLING p\u00e5 grekiska)<\/b><\/i> det \u00e4r utan fl\u00e4ckar eller rynkor. (Efesierna 5: 26-27).<\/p>\n<p>Ring eller skriv oss f\u00f6r att planera ett m\u00f6te eller ett talande engagemang. Jag kommer g\u00e4rna att st\u00e5 med dig axel mot axel, hj\u00e4lpa till att f\u00e5 syndare till omv\u00e4ndelse och i v\u00e5r kung Jesus Kristus fr\u00e4lsande kunskap!<\/p>\n<p>Pastor Stephen Michael K<\/p>","protected":false},"excerpt":{"rendered":"<p>&nbsp; LARGE CONFERENCES FOR THE GENERAL PUBLIC ARE TO BE HELD IN YOUR LOCAL AREA TOPIC &#8220;God&#8217;s Law is Scientific&#8221; and Why We Need Jesus (hear intro mp3) Conferences in every region of the Post-Christian world are being scheduled for preparing the remnant for the national punishments for their nation&#8217;s mass rebellion against our eternal [&hellip;]<\/p>\n","protected":false},"author":1,"featured_media":0,"parent":753,"menu_order":0,"comment_status":"open","ping_status":"closed","template":"","meta":{"seo_booster_metabox":"","footnotes":""},"class_list":["post-682","page","type-page","status-publish","hentry"],"yoast_head":"<!-- This site is optimized with the Yoast SEO plugin v27.2 - https:\/\/yoast.com\/product\/yoast-seo-wordpress\/ -->\n<title>God&#039;s Law is Scientific - Watchman News<\/title>\n<meta name=\"robots\" content=\"index, follow, max-snippet:-1, max-image-preview:large, max-video-preview:-1\" \/>\n<link rel=\"canonical\" href=\"https:\/\/watchman.news\/sv\/evangelism\/gods-scientific-law\/gods-law-is-scientific\/\" \/>\n<meta property=\"og:locale\" content=\"sv_SE\" \/>\n<meta property=\"og:type\" content=\"article\" \/>\n<meta property=\"og:title\" content=\"God&#039;s Law is Scientific - Watchman News\" \/>\n<meta property=\"og:description\" content=\"&nbsp; LARGE CONFERENCES FOR THE GENERAL PUBLIC ARE TO BE HELD IN YOUR LOCAL AREA TOPIC &#8220;God&#8217;s Law is Scientific&#8221; and Why We Need Jesus (hear intro mp3) Conferences in every region of the Post-Christian world are being scheduled for preparing the remnant for the national punishments for their nation&#8217;s mass rebellion against our eternal [&hellip;]\" \/>\n<meta property=\"og:url\" content=\"https:\/\/watchman.news\/sv\/evangelism\/gods-scientific-law\/gods-law-is-scientific\/\" \/>\n<meta property=\"og:site_name\" content=\"Watchman News\" \/>\n<meta property=\"article:modified_time\" content=\"2022-04-19T10:17:44+00:00\" \/>\n<meta name=\"twitter:card\" content=\"summary_large_image\" \/>\n<meta name=\"twitter:label1\" content=\"Ber\u00e4knad l\u00e4stid\" \/>\n\t<meta name=\"twitter:data1\" content=\"6 minuter\" \/>\n<script type=\"application\/ld+json\" class=\"yoast-schema-graph\">{\"@context\":\"https:\/\/schema.org\",\"@graph\":[{\"@type\":\"WebPage\",\"@id\":\"https:\/\/watchman.news\/evangelism\/gods-scientific-law\/gods-law-is-scientific\/\",\"url\":\"https:\/\/watchman.news\/evangelism\/gods-scientific-law\/gods-law-is-scientific\/\",\"name\":\"God's Law is Scientific - Watchman News\",\"isPartOf\":{\"@id\":\"https:\/\/watchman.news\/#website\"},\"datePublished\":\"2013-02-20T21:53:45+00:00\",\"dateModified\":\"2022-04-19T10:17:44+00:00\",\"breadcrumb\":{\"@id\":\"https:\/\/watchman.news\/evangelism\/gods-scientific-law\/gods-law-is-scientific\/#breadcrumb\"},\"inLanguage\":\"sv-SE\",\"potentialAction\":[{\"@type\":\"ReadAction\",\"target\":[\"https:\/\/watchman.news\/evangelism\/gods-scientific-law\/gods-law-is-scientific\/\"]}]},{\"@type\":\"BreadcrumbList\",\"@id\":\"https:\/\/watchman.news\/evangelism\/gods-scientific-law\/gods-law-is-scientific\/#breadcrumb\",\"itemListElement\":[{\"@type\":\"ListItem\",\"position\":1,\"name\":\"Home\",\"item\":\"https:\/\/watchman.news\/\"},{\"@type\":\"ListItem\",\"position\":2,\"name\":\"Evangelistic Seminars\",\"item\":\"https:\/\/watchman.news\/evangelism\/\"},{\"@type\":\"ListItem\",\"position\":3,\"name\":\"God&#8217;s Scientific Law\",\"item\":\"https:\/\/watchman.news\/evangelism\/gods-scientific-law\/\"},{\"@type\":\"ListItem\",\"position\":4,\"name\":\"God&#8217;s Law is Scientific\"}]},{\"@type\":\"WebSite\",\"@id\":\"https:\/\/watchman.news\/#website\",\"url\":\"https:\/\/watchman.news\/\",\"name\":\"Watchman News\",\"description\":\"News of Importance for the True Christian Israel\",\"potentialAction\":[{\"@type\":\"SearchAction\",\"target\":{\"@type\":\"EntryPoint\",\"urlTemplate\":\"https:\/\/watchman.news\/?s={search_term_string}\"},\"query-input\":{\"@type\":\"PropertyValueSpecification\",\"valueRequired\":true,\"valueName\":\"search_term_string\"}}],\"inLanguage\":\"sv-SE\"}]}<\/script>\n<!-- \/ Yoast SEO plugin. -->","yoast_head_json":{"title":"God's Law is Scientific - Watchman News","robots":{"index":"index","follow":"follow","max-snippet":"max-snippet:-1","max-image-preview":"max-image-preview:large","max-video-preview":"max-video-preview:-1"},"canonical":"https:\/\/watchman.news\/sv\/evangelism\/gods-scientific-law\/gods-law-is-scientific\/","og_locale":"sv_SE","og_type":"article","og_title":"God's Law is Scientific - Watchman News","og_description":"&nbsp; LARGE CONFERENCES FOR THE GENERAL PUBLIC ARE TO BE HELD IN YOUR LOCAL AREA TOPIC &#8220;God&#8217;s Law is Scientific&#8221; and Why We Need Jesus (hear intro mp3) Conferences in every region of the Post-Christian world are being scheduled for preparing the remnant for the national punishments for their nation&#8217;s mass rebellion against our eternal [&hellip;]","og_url":"https:\/\/watchman.news\/sv\/evangelism\/gods-scientific-law\/gods-law-is-scientific\/","og_site_name":"Watchman News","article_modified_time":"2022-04-19T10:17:44+00:00","twitter_card":"summary_large_image","twitter_misc":{"Ber\u00e4knad l\u00e4stid":"6 minuter"},"schema":{"@context":"https:\/\/schema.org","@graph":[{"@type":"WebPage","@id":"https:\/\/watchman.news\/evangelism\/gods-scientific-law\/gods-law-is-scientific\/","url":"https:\/\/watchman.news\/evangelism\/gods-scientific-law\/gods-law-is-scientific\/","name":"God's Law is Scientific - Watchman News","isPartOf":{"@id":"https:\/\/watchman.news\/#website"},"datePublished":"2013-02-20T21:53:45+00:00","dateModified":"2022-04-19T10:17:44+00:00","breadcrumb":{"@id":"https:\/\/watchman.news\/evangelism\/gods-scientific-law\/gods-law-is-scientific\/#breadcrumb"},"inLanguage":"sv-SE","potentialAction":[{"@type":"ReadAction","target":["https:\/\/watchman.news\/evangelism\/gods-scientific-law\/gods-law-is-scientific\/"]}]},{"@type":"BreadcrumbList","@id":"https:\/\/watchman.news\/evangelism\/gods-scientific-law\/gods-law-is-scientific\/#breadcrumb","itemListElement":[{"@type":"ListItem","position":1,"name":"Home","item":"https:\/\/watchman.news\/"},{"@type":"ListItem","position":2,"name":"Evangelistic Seminars","item":"https:\/\/watchman.news\/evangelism\/"},{"@type":"ListItem","position":3,"name":"God&#8217;s Scientific Law","item":"https:\/\/watchman.news\/evangelism\/gods-scientific-law\/"},{"@type":"ListItem","position":4,"name":"God&#8217;s Law is Scientific"}]},{"@type":"WebSite","@id":"https:\/\/watchman.news\/#website","url":"https:\/\/watchman.news\/","name":"Watchman News","description":"News of Importance for the True Christian Israel","potentialAction":[{"@type":"SearchAction","target":{"@type":"EntryPoint","urlTemplate":"https:\/\/watchman.news\/?s={search_term_string}"},"query-input":{"@type":"PropertyValueSpecification","valueRequired":true,"valueName":"search_term_string"}}],"inLanguage":"sv-SE"}]}},"_links":{"self":[{"href":"https:\/\/watchman.news\/sv\/wp-json\/wp\/v2\/pages\/682","targetHints":{"allow":["GET"]}}],"collection":[{"href":"https:\/\/watchman.news\/sv\/wp-json\/wp\/v2\/pages"}],"about":[{"href":"https:\/\/watchman.news\/sv\/wp-json\/wp\/v2\/types\/page"}],"author":[{"embeddable":true,"href":"https:\/\/watchman.news\/sv\/wp-json\/wp\/v2\/users\/1"}],"replies":[{"embeddable":true,"href":"https:\/\/watchman.news\/sv\/wp-json\/wp\/v2\/comments?post=682"}],"version-history":[{"count":0,"href":"https:\/\/watchman.news\/sv\/wp-json\/wp\/v2\/pages\/682\/revisions"}],"up":[{"embeddable":true,"href":"https:\/\/watchman.news\/sv\/wp-json\/wp\/v2\/pages\/753"}],"wp:attachment":[{"href":"https:\/\/watchman.news\/sv\/wp-json\/wp\/v2\/media?parent=682"}],"curies":[{"name":"wp","href":"https:\/\/api.w.org\/{rel}","templated":true}]}}