{"id":709,"date":"2013-02-21T15:29:30","date_gmt":"2013-02-21T15:29:30","guid":{"rendered":"http:\/\/christsassembly.com\/?page_id=709"},"modified":"2022-04-19T11:45:05","modified_gmt":"2022-04-19T11:45:05","slug":"evangelism","status":"publish","type":"page","link":"https:\/\/watchman.news\/sv\/evangelism\/","title":{"rendered":"Evangelistiska seminarier"},"content":{"rendered":"<p>Evangelistiska seminarier i Kristi f\u00f6rsamling g\u00f6rs i ett format f\u00f6r att n\u00e5 nya troende p\u00e5 f\u00f6rfr\u00e5gare f\u00f6r att hitta Jesu Kristi fr\u00e4lsande verk i deras liv. Dessa kan skr\u00e4ddarsys efter ett specifikt \u00e4mne, omr\u00e5de, region eller syfte. Vi v\u00e4lkomnar alla slags talplattformar, fr\u00e5n utomhuslokaler till konserthus, till kyrkor, till hotellm\u00f6tesrum.<\/p>\n<p>N\u00e5gra av v\u00e5ra exempel p\u00e5 seminarier \u00e4r &quot;Guds lag \u00e4r vetenskaplig&quot;, &quot;Omv\u00e4ndelse fr\u00e5n synd&quot; och &quot;Guds perfekta ord&quot;. M\u00e5nga fler finns tillg\u00e4ngliga.<\/p>\n<p>Vid denna tid h\u00e5lls v\u00e5ra evangelisationsseminarier fr\u00e4mst online via Watchman Reporters (video) och de veckovisa s\u00e4ndningarna av Kingdom Message (ljud). Du kan g\u00e5 med oss live varje sabbat p\u00e5 Rikets budskap. Inte alla meddelanden p\u00e5 dessa kanaler \u00e4r i evangelisationsseminariet, utan \u00e4r mer skr\u00e4ddarsydda f\u00f6r de omv\u00e4nda och de troende.<\/p>\n<p>Vi \u00e4r tillg\u00e4ngliga f\u00f6r att h\u00e5lla seminarier lokalt i din region. Ring oss bara f\u00f6r ett samr\u00e5dsavtal. G\u00f6r g\u00e4rna n\u00e5gra f\u00f6rfr\u00e5gningar om en evangelistisk insats i ditt omr\u00e5de, vi tar det under b\u00f6n.<\/p>\n<p>VI ENAR HELA KRISTIENS KROPP. UNDERVISNING AV UPPGIFTERNA \u00c4R EN MYCKET GRUNDL\u00c4GGANDE KRAV I ALLA KRISTUSkretsar. Utan dagligt \u00e5nger fr\u00e5n synden \u00e4r vi inte ber\u00e4ttigade till att ta den heliga kommunionen och inte heller till bekr\u00e4ftelsens eller baptismens sakrament. DET \u00c4R UNIVERSITT L\u00c4TT ATT VI M\u00c5STE HELT V\u00c4NDA FR\u00c5N ALLA SINDER ELLER DU KAN INTE DELTA I DEN HELIGA KOMMUNIONEN.<\/p>\n<p style=\"line-height: 18.0pt\"><span style=\"font-family: 'Georgia',serif;color: #333333\">DU H\u00d6RJAR INTE FR\u00c4MJANDE AV F\u00d6RV\u00c4RLIGHETER OCH BLASFEMIER FR\u00c5N V\u00c5R KYRKA. N\u00c5GRA M\u00c4NNISKAR S\u00c4R V\u00c5RA ORTODOXTRO F\u00d6RDELAR FLOCKEN. MANMADE TRADITIONER KAN G\u00d6RA DET, MEN VI HAR ENDAST GUDS ORD P\u00c5 V\u00c5RT MONTERING. VI HOPPAR ATT \u00d6PPNA M\u00e4nniskors \u00f6gon p\u00e5 synden som de har varit i. VI HITTAR GUDS GUDDOMSLIGA LAG SOM ALLTID F\u00d6RVISAR ATT VARA DEN B\u00c4STA OCH GL\u00c4DBARA M\u00c5TET ATT LIVSLIV TILL FULLST. Genom att l\u00e4ra sig sin lag kommer det sannolikt att \u00f6vertyga sin sanna f\u00e5r inte att spridas, men att komma tillbaka i vikningen.<\/span><\/p>\n<p>FRISKRIVNING: Denna webbplats \u00e4r inte avsedd f\u00f6r icke-troende. Vi \u00e4r en privat f\u00f6rening och inneh\u00e5llet \u00e4r endast f\u00f6r medlemmar. F\u00f6r de andra som inte \u00e4r omv\u00e4nda, bekr\u00e4ftade och d\u00f6pta kommer de inte att uppleva v\u00e5ra andliga po\u00e4ng och avsikter. Icke-troende skulle bara av en tillf\u00e4llighet f\u00e5 irrelevant huvudkunskap genom att l\u00e4sa webbplatsen, helt fr\u00e5nvarande fr\u00e5n v\u00e5r andliga avsikt. F\u00f6r det mesta skulle det vara helt missf\u00f6rst\u00e5tt av alla punkter och avsikter. Alla punkter och avsikter \u00e4r strikt andliga. N\u00e4r andlig krigf\u00f6ring p\u00e5g\u00e5r beh\u00f6ver du dina andliga \u00f6gon och \u00f6ron aktiverade f\u00f6r att kunna bearbeta Guds ord (\u00e4ven bevarat i King James Version). Speciellt \u00f6ronen som\u00a0<strong><em>\u201dTro kommer genom att H\u00d6RA DET TALADE ORDET\u201d<\/em><\/strong> (Romarna 10:17). S\u00e5 det \u00e4r b\u00e4ttre att b\u00f6rja med<a href=\"http:\/\/christsassembly.com\/category\/assemblies\/talkshoe-sabbaths\/\">\u00a0lyssna p\u00e5 v\u00e5ra mp3-filer<\/a>. Du m\u00e5ste ta p\u00e5 dig din andliga rustning och anv\u00e4nda ditt andliga vapen mot de andliga dj\u00e4vlarna som kontrollerar &quot;andlig ondska p\u00e5 h\u00f6ga platser&quot; och har &quot;h\u00f6ga saker som upph\u00f6jer sig mot kunskapen om Gud&quot;. Som det st\u00e5r i Uppenbarelseboken angriper de bara de som har vittnesb\u00f6rd om Jesus (<a href=\"http:\/\/christsassembly.com\/2013\/02\/joshua-jesus-yahshua-hosanna-yahoshua-are-all-greekbabylonian-corruptions-of-our-saviours-name\/\">YAHWEH Yasha<\/a>) och hans bud. B\u00e5da dessa saker (Jesus och buden) \u00e4r kriterierna f\u00f6r att delta i kampen (Upp 12: 7). Ja, den evige Gud YAHWEH och allt hans of\u00f6r\u00e4nderliga ord \u00e4r att hedra. Artiklarna vid Kristi f\u00f6rsamlingen och Watchman News och till och med hela v\u00e5rt bibliotek \u00e4r avsedda f\u00f6r helt omv\u00e4nda och mogna kristna som vet hur man tillber Gud i balans mellan ande och sanning. Det \u00e4r f\u00f6r dem som redan har sagt syndarnas b\u00f6n (v\u00e4nde sig om och \u00e5ngrade sig fr\u00e5n all synd) och har f\u00e5tt sin \u00e5terf\u00f6dda ande som k\u00f6ptes f\u00f6r dem genom Lammets blod. Allt \u00e4r andligt som vi hanterar. S\u00e5 v\u00e5ra avsikter \u00e4r bara att f\u00f6rst\u00e5s ordentligt efter att du har andligen \u201df\u00f6tts p\u00e5 nytt\u201d (om inte Gud p\u00e5 n\u00e5got s\u00e4tt verkligen kallar dig till dessa sanningar och till den fr\u00e4lsande kunskapen om Jesus och hans lagar. Hela skapelsen \u00e4r \u00f6verens om att hans lag \u00e4r bra). Vi rekommenderar alla som inte \u00e4r troende att omv\u00e4nda sig till din n\u00e4rmaste lokala kristna kyrka (som l\u00e4r ut Bibeln) innan du l\u00e4ser vidare. Du kan ocks\u00e5 g\u00e5 till avsnittet \u201dnya troende\u201d f\u00f6r mer information om hur du ger ditt liv till Kristus. S\u00e4g syndares b\u00f6n idag och v\u00e4nd dig fr\u00e5n all synd av hela ditt hj\u00e4rta, f\u00f6r att komma inympad tillbaka till hans underbara frihetslagar f\u00f6r hela m\u00e4nskligheten.<\/p>\n<p>Om du \u00e4r en ny troende, ring 714-983-6968 f\u00f6r att be tillsammans med en minister. Eller anv\u00e4nd v\u00e5r \u201c<a href=\"http:\/\/christsassembly.com\/assemblies\/contact\/\">kontaktsida<\/a>\u201dF\u00f6r att planera ett m\u00f6te. Det finns<a href=\"http:\/\/christsassembly.com\/2016\/02\/categories-of-church-members\/\"> flera visare av medlemskap<\/a>. Om du inte kan hitta en f\u00f6rsamling som tillber p\u00e5 sabbaten och l\u00e4r ut buden, lyssna p\u00e5 v\u00e5ra mp3-filer tills du hittar en. Observera ocks\u00e5 att vi hj\u00e4lper till <a href=\"http:\/\/christsassembly.com\/2015\/09\/assemblies\/\">starta nya sammans\u00e4ttningar hela tiden<\/a>.<\/p>\n<p>&nbsp;<\/p>","protected":false},"excerpt":{"rendered":"<p>Evangelistic Seminars of the Christ&#8217;s Assembly are made in a format for reaching new believers on inquirers to find the saving work of Jesus Christ in their lives. These can be tailored to a specific topic, area, region or purpose. We welcome all sorts of speaking platforms, from open air venues, to concert halls, to [&hellip;]<\/p>\n","protected":false},"author":1,"featured_media":0,"parent":0,"menu_order":0,"comment_status":"open","ping_status":"closed","template":"","meta":{"seo_booster_metabox":"","footnotes":""},"class_list":["post-709","page","type-page","status-publish","hentry"],"yoast_head":"<!-- This site is optimized with the Yoast SEO plugin v27.2 - https:\/\/yoast.com\/product\/yoast-seo-wordpress\/ -->\n<title>Evangelistic Seminars - Watchman News<\/title>\n<meta name=\"robots\" content=\"index, follow, max-snippet:-1, max-image-preview:large, max-video-preview:-1\" \/>\n<link rel=\"canonical\" href=\"https:\/\/watchman.news\/sv\/evangelism\/\" \/>\n<meta property=\"og:locale\" content=\"sv_SE\" \/>\n<meta property=\"og:type\" content=\"article\" \/>\n<meta property=\"og:title\" content=\"Evangelistic Seminars - Watchman News\" \/>\n<meta property=\"og:description\" content=\"Evangelistic Seminars of the Christ&#8217;s Assembly are made in a format for reaching new believers on inquirers to find the saving work of Jesus Christ in their lives. These can be tailored to a specific topic, area, region or purpose. We welcome all sorts of speaking platforms, from open air venues, to concert halls, to [&hellip;]\" \/>\n<meta property=\"og:url\" content=\"https:\/\/watchman.news\/sv\/evangelism\/\" \/>\n<meta property=\"og:site_name\" content=\"Watchman News\" \/>\n<meta property=\"article:modified_time\" content=\"2022-04-19T11:45:05+00:00\" \/>\n<meta name=\"twitter:card\" content=\"summary_large_image\" \/>\n<meta name=\"twitter:label1\" content=\"Ber\u00e4knad l\u00e4stid\" \/>\n\t<meta name=\"twitter:data1\" content=\"4 minuter\" \/>\n<script type=\"application\/ld+json\" class=\"yoast-schema-graph\">{\"@context\":\"https:\/\/schema.org\",\"@graph\":[{\"@type\":\"WebPage\",\"@id\":\"https:\/\/watchman.news\/evangelism\/\",\"url\":\"https:\/\/watchman.news\/evangelism\/\",\"name\":\"Evangelistic Seminars - Watchman News\",\"isPartOf\":{\"@id\":\"https:\/\/watchman.news\/#website\"},\"datePublished\":\"2013-02-21T15:29:30+00:00\",\"dateModified\":\"2022-04-19T11:45:05+00:00\",\"breadcrumb\":{\"@id\":\"https:\/\/watchman.news\/evangelism\/#breadcrumb\"},\"inLanguage\":\"sv-SE\",\"potentialAction\":[{\"@type\":\"ReadAction\",\"target\":[\"https:\/\/watchman.news\/evangelism\/\"]}]},{\"@type\":\"BreadcrumbList\",\"@id\":\"https:\/\/watchman.news\/evangelism\/#breadcrumb\",\"itemListElement\":[{\"@type\":\"ListItem\",\"position\":1,\"name\":\"Home\",\"item\":\"https:\/\/watchman.news\/\"},{\"@type\":\"ListItem\",\"position\":2,\"name\":\"Evangelistic Seminars\"}]},{\"@type\":\"WebSite\",\"@id\":\"https:\/\/watchman.news\/#website\",\"url\":\"https:\/\/watchman.news\/\",\"name\":\"Watchman News\",\"description\":\"News of Importance for the True Christian Israel\",\"potentialAction\":[{\"@type\":\"SearchAction\",\"target\":{\"@type\":\"EntryPoint\",\"urlTemplate\":\"https:\/\/watchman.news\/?s={search_term_string}\"},\"query-input\":{\"@type\":\"PropertyValueSpecification\",\"valueRequired\":true,\"valueName\":\"search_term_string\"}}],\"inLanguage\":\"sv-SE\"}]}<\/script>\n<!-- \/ Yoast SEO plugin. -->","yoast_head_json":{"title":"Evangelistic Seminars - Watchman News","robots":{"index":"index","follow":"follow","max-snippet":"max-snippet:-1","max-image-preview":"max-image-preview:large","max-video-preview":"max-video-preview:-1"},"canonical":"https:\/\/watchman.news\/sv\/evangelism\/","og_locale":"sv_SE","og_type":"article","og_title":"Evangelistic Seminars - Watchman News","og_description":"Evangelistic Seminars of the Christ&#8217;s Assembly are made in a format for reaching new believers on inquirers to find the saving work of Jesus Christ in their lives. These can be tailored to a specific topic, area, region or purpose. We welcome all sorts of speaking platforms, from open air venues, to concert halls, to [&hellip;]","og_url":"https:\/\/watchman.news\/sv\/evangelism\/","og_site_name":"Watchman News","article_modified_time":"2022-04-19T11:45:05+00:00","twitter_card":"summary_large_image","twitter_misc":{"Ber\u00e4knad l\u00e4stid":"4 minuter"},"schema":{"@context":"https:\/\/schema.org","@graph":[{"@type":"WebPage","@id":"https:\/\/watchman.news\/evangelism\/","url":"https:\/\/watchman.news\/evangelism\/","name":"Evangelistic Seminars - Watchman News","isPartOf":{"@id":"https:\/\/watchman.news\/#website"},"datePublished":"2013-02-21T15:29:30+00:00","dateModified":"2022-04-19T11:45:05+00:00","breadcrumb":{"@id":"https:\/\/watchman.news\/evangelism\/#breadcrumb"},"inLanguage":"sv-SE","potentialAction":[{"@type":"ReadAction","target":["https:\/\/watchman.news\/evangelism\/"]}]},{"@type":"BreadcrumbList","@id":"https:\/\/watchman.news\/evangelism\/#breadcrumb","itemListElement":[{"@type":"ListItem","position":1,"name":"Home","item":"https:\/\/watchman.news\/"},{"@type":"ListItem","position":2,"name":"Evangelistic Seminars"}]},{"@type":"WebSite","@id":"https:\/\/watchman.news\/#website","url":"https:\/\/watchman.news\/","name":"Watchman News","description":"News of Importance for the True Christian Israel","potentialAction":[{"@type":"SearchAction","target":{"@type":"EntryPoint","urlTemplate":"https:\/\/watchman.news\/?s={search_term_string}"},"query-input":{"@type":"PropertyValueSpecification","valueRequired":true,"valueName":"search_term_string"}}],"inLanguage":"sv-SE"}]}},"_links":{"self":[{"href":"https:\/\/watchman.news\/sv\/wp-json\/wp\/v2\/pages\/709","targetHints":{"allow":["GET"]}}],"collection":[{"href":"https:\/\/watchman.news\/sv\/wp-json\/wp\/v2\/pages"}],"about":[{"href":"https:\/\/watchman.news\/sv\/wp-json\/wp\/v2\/types\/page"}],"author":[{"embeddable":true,"href":"https:\/\/watchman.news\/sv\/wp-json\/wp\/v2\/users\/1"}],"replies":[{"embeddable":true,"href":"https:\/\/watchman.news\/sv\/wp-json\/wp\/v2\/comments?post=709"}],"version-history":[{"count":0,"href":"https:\/\/watchman.news\/sv\/wp-json\/wp\/v2\/pages\/709\/revisions"}],"wp:attachment":[{"href":"https:\/\/watchman.news\/sv\/wp-json\/wp\/v2\/media?parent=709"}],"curies":[{"name":"wp","href":"https:\/\/api.w.org\/{rel}","templated":true}]}}