{"id":753,"date":"2013-02-21T21:14:36","date_gmt":"2013-02-21T21:14:36","guid":{"rendered":"http:\/\/christsassembly.com\/?page_id=753"},"modified":"2022-04-19T13:51:41","modified_gmt":"2022-04-19T13:51:41","slug":"gods-scientific-law","status":"publish","type":"page","link":"https:\/\/watchman.news\/sv\/evangelism\/gods-scientific-law\/","title":{"rendered":"Guds vetenskapliga lag"},"content":{"rendered":"<p><strong><strong>Seminarier f\u00f6r ditt lokala omr\u00e5de p\u00e5<\/strong> \u201dGuds lag \u00e4r vetenskaplig\u201d och varf\u00f6r vi beh\u00f6ver Jesus<\/strong><\/p>\n<p>&nbsp;<\/p>\n<p>TCAWW h\u00e5ller evangelistiska seminarier om \u00e4mnet Guds lag \u00e4r vetenskaplig.<\/p>\n<p>Lyssna p\u00e5 en motiverande introduktion om detta \u00e4mne av Rev Stephen Michael (MP3): <a href=\"http:\/\/recordings.talkshoe.com\/TC-73940\/TS-451997.mp3\">Guds lag \u00e4r vetenskaplig<\/a><\/p>\n<p>TCAWW \u00e4r \u00f6ppet f\u00f6r n\u00e4tverk i kombinerade talseminarier och skulle g\u00e4rna ta med detta \u00e4mne till din plats.<\/p>\n<p>STORA KONFERENSER F\u00d6R ALLM\u00c4NT OFFENTLIGT <a href=\"http:\/\/christsassembly.com\/evangelism\/gods-scientific-law\/gods-law-is-scientific\/\">Klicka h\u00e4r<\/a><\/p>","protected":false},"excerpt":{"rendered":"<p>Seminars for your local area on \u201cGod\u2019s Law is Scientific\u201d and Why We Need Jesus &nbsp; TCAWW holds evangelistic seminars on the topic of God\u2019s law being scientific. Listen to a motivational introduction on this topic by Rev Stephen Michael (MP3): God\u2019s Law is Scientific TCAWW is open to network in combined speaking seminars, and [&hellip;]<\/p>\n","protected":false},"author":1,"featured_media":0,"parent":709,"menu_order":0,"comment_status":"open","ping_status":"closed","template":"","meta":{"seo_booster_metabox":"","footnotes":""},"class_list":["post-753","page","type-page","status-publish","hentry"],"yoast_head":"<!-- This site is optimized with the Yoast SEO plugin v27.2 - https:\/\/yoast.com\/product\/yoast-seo-wordpress\/ -->\n<title>God&#039;s Scientific Law - Watchman News<\/title>\n<meta name=\"robots\" content=\"index, follow, max-snippet:-1, max-image-preview:large, max-video-preview:-1\" \/>\n<link rel=\"canonical\" href=\"https:\/\/watchman.news\/sv\/evangelism\/gods-scientific-law\/\" \/>\n<meta property=\"og:locale\" content=\"sv_SE\" \/>\n<meta property=\"og:type\" content=\"article\" \/>\n<meta property=\"og:title\" content=\"God&#039;s Scientific Law - Watchman News\" \/>\n<meta property=\"og:description\" content=\"Seminars for your local area on \u201cGod\u2019s Law is Scientific\u201d and Why We Need Jesus &nbsp; TCAWW holds evangelistic seminars on the topic of God\u2019s law being scientific. Listen to a motivational introduction on this topic by Rev Stephen Michael (MP3): God\u2019s Law is Scientific TCAWW is open to network in combined speaking seminars, and [&hellip;]\" \/>\n<meta property=\"og:url\" content=\"https:\/\/watchman.news\/sv\/evangelism\/gods-scientific-law\/\" \/>\n<meta property=\"og:site_name\" content=\"Watchman News\" \/>\n<meta property=\"article:modified_time\" content=\"2022-04-19T13:51:41+00:00\" \/>\n<meta name=\"twitter:card\" content=\"summary_large_image\" \/>\n<script type=\"application\/ld+json\" class=\"yoast-schema-graph\">{\"@context\":\"https:\/\/schema.org\",\"@graph\":[{\"@type\":\"WebPage\",\"@id\":\"https:\/\/watchman.news\/evangelism\/gods-scientific-law\/\",\"url\":\"https:\/\/watchman.news\/evangelism\/gods-scientific-law\/\",\"name\":\"God's Scientific Law - Watchman News\",\"isPartOf\":{\"@id\":\"https:\/\/watchman.news\/#website\"},\"datePublished\":\"2013-02-21T21:14:36+00:00\",\"dateModified\":\"2022-04-19T13:51:41+00:00\",\"breadcrumb\":{\"@id\":\"https:\/\/watchman.news\/evangelism\/gods-scientific-law\/#breadcrumb\"},\"inLanguage\":\"sv-SE\",\"potentialAction\":[{\"@type\":\"ReadAction\",\"target\":[\"https:\/\/watchman.news\/evangelism\/gods-scientific-law\/\"]}]},{\"@type\":\"BreadcrumbList\",\"@id\":\"https:\/\/watchman.news\/evangelism\/gods-scientific-law\/#breadcrumb\",\"itemListElement\":[{\"@type\":\"ListItem\",\"position\":1,\"name\":\"Home\",\"item\":\"https:\/\/watchman.news\/\"},{\"@type\":\"ListItem\",\"position\":2,\"name\":\"Evangelistic Seminars\",\"item\":\"https:\/\/watchman.news\/evangelism\/\"},{\"@type\":\"ListItem\",\"position\":3,\"name\":\"God&#8217;s Scientific Law\"}]},{\"@type\":\"WebSite\",\"@id\":\"https:\/\/watchman.news\/#website\",\"url\":\"https:\/\/watchman.news\/\",\"name\":\"Watchman News\",\"description\":\"News of Importance for the True Christian Israel\",\"potentialAction\":[{\"@type\":\"SearchAction\",\"target\":{\"@type\":\"EntryPoint\",\"urlTemplate\":\"https:\/\/watchman.news\/?s={search_term_string}\"},\"query-input\":{\"@type\":\"PropertyValueSpecification\",\"valueRequired\":true,\"valueName\":\"search_term_string\"}}],\"inLanguage\":\"sv-SE\"}]}<\/script>\n<!-- \/ Yoast SEO plugin. -->","yoast_head_json":{"title":"God's Scientific Law - Watchman News","robots":{"index":"index","follow":"follow","max-snippet":"max-snippet:-1","max-image-preview":"max-image-preview:large","max-video-preview":"max-video-preview:-1"},"canonical":"https:\/\/watchman.news\/sv\/evangelism\/gods-scientific-law\/","og_locale":"sv_SE","og_type":"article","og_title":"God's Scientific Law - Watchman News","og_description":"Seminars for your local area on \u201cGod\u2019s Law is Scientific\u201d and Why We Need Jesus &nbsp; TCAWW holds evangelistic seminars on the topic of God\u2019s law being scientific. Listen to a motivational introduction on this topic by Rev Stephen Michael (MP3): God\u2019s Law is Scientific TCAWW is open to network in combined speaking seminars, and [&hellip;]","og_url":"https:\/\/watchman.news\/sv\/evangelism\/gods-scientific-law\/","og_site_name":"Watchman News","article_modified_time":"2022-04-19T13:51:41+00:00","twitter_card":"summary_large_image","schema":{"@context":"https:\/\/schema.org","@graph":[{"@type":"WebPage","@id":"https:\/\/watchman.news\/evangelism\/gods-scientific-law\/","url":"https:\/\/watchman.news\/evangelism\/gods-scientific-law\/","name":"God's Scientific Law - Watchman News","isPartOf":{"@id":"https:\/\/watchman.news\/#website"},"datePublished":"2013-02-21T21:14:36+00:00","dateModified":"2022-04-19T13:51:41+00:00","breadcrumb":{"@id":"https:\/\/watchman.news\/evangelism\/gods-scientific-law\/#breadcrumb"},"inLanguage":"sv-SE","potentialAction":[{"@type":"ReadAction","target":["https:\/\/watchman.news\/evangelism\/gods-scientific-law\/"]}]},{"@type":"BreadcrumbList","@id":"https:\/\/watchman.news\/evangelism\/gods-scientific-law\/#breadcrumb","itemListElement":[{"@type":"ListItem","position":1,"name":"Home","item":"https:\/\/watchman.news\/"},{"@type":"ListItem","position":2,"name":"Evangelistic Seminars","item":"https:\/\/watchman.news\/evangelism\/"},{"@type":"ListItem","position":3,"name":"God&#8217;s Scientific Law"}]},{"@type":"WebSite","@id":"https:\/\/watchman.news\/#website","url":"https:\/\/watchman.news\/","name":"Watchman News","description":"News of Importance for the True Christian Israel","potentialAction":[{"@type":"SearchAction","target":{"@type":"EntryPoint","urlTemplate":"https:\/\/watchman.news\/?s={search_term_string}"},"query-input":{"@type":"PropertyValueSpecification","valueRequired":true,"valueName":"search_term_string"}}],"inLanguage":"sv-SE"}]}},"_links":{"self":[{"href":"https:\/\/watchman.news\/sv\/wp-json\/wp\/v2\/pages\/753","targetHints":{"allow":["GET"]}}],"collection":[{"href":"https:\/\/watchman.news\/sv\/wp-json\/wp\/v2\/pages"}],"about":[{"href":"https:\/\/watchman.news\/sv\/wp-json\/wp\/v2\/types\/page"}],"author":[{"embeddable":true,"href":"https:\/\/watchman.news\/sv\/wp-json\/wp\/v2\/users\/1"}],"replies":[{"embeddable":true,"href":"https:\/\/watchman.news\/sv\/wp-json\/wp\/v2\/comments?post=753"}],"version-history":[{"count":0,"href":"https:\/\/watchman.news\/sv\/wp-json\/wp\/v2\/pages\/753\/revisions"}],"up":[{"embeddable":true,"href":"https:\/\/watchman.news\/sv\/wp-json\/wp\/v2\/pages\/709"}],"wp:attachment":[{"href":"https:\/\/watchman.news\/sv\/wp-json\/wp\/v2\/media?parent=753"}],"curies":[{"name":"wp","href":"https:\/\/api.w.org\/{rel}","templated":true}]}}