{"id":761,"date":"2013-02-21T21:18:10","date_gmt":"2013-02-21T21:18:10","guid":{"rendered":"http:\/\/christsassembly.com\/?page_id=761"},"modified":"2022-04-19T08:31:02","modified_gmt":"2022-04-19T08:31:02","slug":"repentance","status":"publish","type":"page","link":"https:\/\/watchman.news\/sv\/evangelism\/repentance\/","title":{"rendered":"Omv\u00e4ndelse fr\u00e5n synd"},"content":{"rendered":"<p><strong>Seminarier f\u00f6r ditt lokala omr\u00e5de om \u201cOmv\u00e4ndelse fr\u00e5n synd\u201d.<\/strong><\/p>\n<p>Ett av de mest diskuterade \u00e4mnena i denna generation.<\/p>\n<p>Pastor Stephen Michael \u00e4r en eldig predikant om \u00e4mnet kommer att forts\u00e4tta att f\u00f6ra m\u00e5nga sj\u00e4lar till Jesus f\u00f6r omv\u00e4ndelse. Syndens bek\u00e4nnelse och fullst\u00e4ndig omv\u00e4ndelse fr\u00e5n synden blir f\u00f6rl\u00e5telse. Vi ska v\u00e4nda m\u00e4nniskor fr\u00e5n syndens fel. Det finns inga synder vi ska hoppa \u00f6ver och l\u00e4mna utan diskussion. V\u00e5r kung sa till oss att f\u00f6rkunna hela sin sanning oavsett hur mycket m\u00e4nniskor hotar att stena oss.<\/p>\n<p>TCAWW \u00e4r \u00f6ppet f\u00f6r n\u00e4tverk i kombinerade talseminarier och skulle g\u00e4rna ta med detta \u00e4mne till din plats.<\/p>\n<p>STORA KONFERENSER F\u00d6R ALLM\u00c4NT OFFENTLIGT <a href=\"http:\/\/christsassembly.com\/evangelism\/gods-scientific-law\/gods-law-is-scientific\/\">Klicka h\u00e4r<\/a><\/p>","protected":false},"excerpt":{"rendered":"<p>Seminars for your local area on &#8220;Repentance From Sin&#8221;. One of the most under discussed topics of this generation. Reverend Stephen Michael being a fiery preacher on the topic will continue to bring many souls to Jesus for repentance. Confession of sin and complete repentance from the sin proceeds forgiveness. We are to turn people [&hellip;]<\/p>\n","protected":false},"author":1,"featured_media":0,"parent":709,"menu_order":0,"comment_status":"open","ping_status":"closed","template":"","meta":{"seo_booster_metabox":"","footnotes":""},"class_list":["post-761","page","type-page","status-publish","hentry"],"yoast_head":"<!-- This site is optimized with the Yoast SEO plugin v27.2 - https:\/\/yoast.com\/product\/yoast-seo-wordpress\/ -->\n<title>Repentance From Sin - Watchman News<\/title>\n<meta name=\"robots\" content=\"index, follow, max-snippet:-1, max-image-preview:large, max-video-preview:-1\" \/>\n<link rel=\"canonical\" href=\"https:\/\/watchman.news\/sv\/evangelism\/repentance\/\" \/>\n<meta property=\"og:locale\" content=\"sv_SE\" \/>\n<meta property=\"og:type\" content=\"article\" \/>\n<meta property=\"og:title\" content=\"Repentance From Sin - Watchman News\" \/>\n<meta property=\"og:description\" content=\"Seminars for your local area on &#8220;Repentance From Sin&#8221;. One of the most under discussed topics of this generation. Reverend Stephen Michael being a fiery preacher on the topic will continue to bring many souls to Jesus for repentance. Confession of sin and complete repentance from the sin proceeds forgiveness. We are to turn people [&hellip;]\" \/>\n<meta property=\"og:url\" content=\"https:\/\/watchman.news\/sv\/evangelism\/repentance\/\" \/>\n<meta property=\"og:site_name\" content=\"Watchman News\" \/>\n<meta property=\"article:modified_time\" content=\"2022-04-19T08:31:02+00:00\" \/>\n<meta name=\"twitter:card\" content=\"summary_large_image\" \/>\n<meta name=\"twitter:label1\" content=\"Ber\u00e4knad l\u00e4stid\" \/>\n\t<meta name=\"twitter:data1\" content=\"1 minut\" \/>\n<script type=\"application\/ld+json\" class=\"yoast-schema-graph\">{\"@context\":\"https:\/\/schema.org\",\"@graph\":[{\"@type\":\"WebPage\",\"@id\":\"https:\/\/watchman.news\/evangelism\/repentance\/\",\"url\":\"https:\/\/watchman.news\/evangelism\/repentance\/\",\"name\":\"Repentance From Sin - Watchman News\",\"isPartOf\":{\"@id\":\"https:\/\/watchman.news\/#website\"},\"datePublished\":\"2013-02-21T21:18:10+00:00\",\"dateModified\":\"2022-04-19T08:31:02+00:00\",\"breadcrumb\":{\"@id\":\"https:\/\/watchman.news\/evangelism\/repentance\/#breadcrumb\"},\"inLanguage\":\"sv-SE\",\"potentialAction\":[{\"@type\":\"ReadAction\",\"target\":[\"https:\/\/watchman.news\/evangelism\/repentance\/\"]}]},{\"@type\":\"BreadcrumbList\",\"@id\":\"https:\/\/watchman.news\/evangelism\/repentance\/#breadcrumb\",\"itemListElement\":[{\"@type\":\"ListItem\",\"position\":1,\"name\":\"Home\",\"item\":\"https:\/\/watchman.news\/\"},{\"@type\":\"ListItem\",\"position\":2,\"name\":\"Evangelistic Seminars\",\"item\":\"https:\/\/watchman.news\/evangelism\/\"},{\"@type\":\"ListItem\",\"position\":3,\"name\":\"Repentance From Sin\"}]},{\"@type\":\"WebSite\",\"@id\":\"https:\/\/watchman.news\/#website\",\"url\":\"https:\/\/watchman.news\/\",\"name\":\"Watchman News\",\"description\":\"News of Importance for the True Christian Israel\",\"potentialAction\":[{\"@type\":\"SearchAction\",\"target\":{\"@type\":\"EntryPoint\",\"urlTemplate\":\"https:\/\/watchman.news\/?s={search_term_string}\"},\"query-input\":{\"@type\":\"PropertyValueSpecification\",\"valueRequired\":true,\"valueName\":\"search_term_string\"}}],\"inLanguage\":\"sv-SE\"}]}<\/script>\n<!-- \/ Yoast SEO plugin. -->","yoast_head_json":{"title":"Repentance From Sin - Watchman News","robots":{"index":"index","follow":"follow","max-snippet":"max-snippet:-1","max-image-preview":"max-image-preview:large","max-video-preview":"max-video-preview:-1"},"canonical":"https:\/\/watchman.news\/sv\/evangelism\/repentance\/","og_locale":"sv_SE","og_type":"article","og_title":"Repentance From Sin - Watchman News","og_description":"Seminars for your local area on &#8220;Repentance From Sin&#8221;. One of the most under discussed topics of this generation. Reverend Stephen Michael being a fiery preacher on the topic will continue to bring many souls to Jesus for repentance. Confession of sin and complete repentance from the sin proceeds forgiveness. We are to turn people [&hellip;]","og_url":"https:\/\/watchman.news\/sv\/evangelism\/repentance\/","og_site_name":"Watchman News","article_modified_time":"2022-04-19T08:31:02+00:00","twitter_card":"summary_large_image","twitter_misc":{"Ber\u00e4knad l\u00e4stid":"1 minut"},"schema":{"@context":"https:\/\/schema.org","@graph":[{"@type":"WebPage","@id":"https:\/\/watchman.news\/evangelism\/repentance\/","url":"https:\/\/watchman.news\/evangelism\/repentance\/","name":"Repentance From Sin - Watchman News","isPartOf":{"@id":"https:\/\/watchman.news\/#website"},"datePublished":"2013-02-21T21:18:10+00:00","dateModified":"2022-04-19T08:31:02+00:00","breadcrumb":{"@id":"https:\/\/watchman.news\/evangelism\/repentance\/#breadcrumb"},"inLanguage":"sv-SE","potentialAction":[{"@type":"ReadAction","target":["https:\/\/watchman.news\/evangelism\/repentance\/"]}]},{"@type":"BreadcrumbList","@id":"https:\/\/watchman.news\/evangelism\/repentance\/#breadcrumb","itemListElement":[{"@type":"ListItem","position":1,"name":"Home","item":"https:\/\/watchman.news\/"},{"@type":"ListItem","position":2,"name":"Evangelistic Seminars","item":"https:\/\/watchman.news\/evangelism\/"},{"@type":"ListItem","position":3,"name":"Repentance From Sin"}]},{"@type":"WebSite","@id":"https:\/\/watchman.news\/#website","url":"https:\/\/watchman.news\/","name":"Watchman News","description":"News of Importance for the True Christian Israel","potentialAction":[{"@type":"SearchAction","target":{"@type":"EntryPoint","urlTemplate":"https:\/\/watchman.news\/?s={search_term_string}"},"query-input":{"@type":"PropertyValueSpecification","valueRequired":true,"valueName":"search_term_string"}}],"inLanguage":"sv-SE"}]}},"_links":{"self":[{"href":"https:\/\/watchman.news\/sv\/wp-json\/wp\/v2\/pages\/761","targetHints":{"allow":["GET"]}}],"collection":[{"href":"https:\/\/watchman.news\/sv\/wp-json\/wp\/v2\/pages"}],"about":[{"href":"https:\/\/watchman.news\/sv\/wp-json\/wp\/v2\/types\/page"}],"author":[{"embeddable":true,"href":"https:\/\/watchman.news\/sv\/wp-json\/wp\/v2\/users\/1"}],"replies":[{"embeddable":true,"href":"https:\/\/watchman.news\/sv\/wp-json\/wp\/v2\/comments?post=761"}],"version-history":[{"count":0,"href":"https:\/\/watchman.news\/sv\/wp-json\/wp\/v2\/pages\/761\/revisions"}],"up":[{"embeddable":true,"href":"https:\/\/watchman.news\/sv\/wp-json\/wp\/v2\/pages\/709"}],"wp:attachment":[{"href":"https:\/\/watchman.news\/sv\/wp-json\/wp\/v2\/media?parent=761"}],"curies":[{"name":"wp","href":"https:\/\/api.w.org\/{rel}","templated":true}]}}