{"id":763,"date":"2013-02-21T21:18:50","date_gmt":"2013-02-21T21:18:50","guid":{"rendered":"http:\/\/christsassembly.com\/?page_id=763"},"modified":"2022-04-19T15:57:03","modified_gmt":"2022-04-19T15:57:03","slug":"intact-bible","status":"publish","type":"page","link":"https:\/\/watchman.news\/sv\/evangelism\/intact-bible\/","title":{"rendered":"The Divinely Preserved Word of God in KJV"},"content":{"rendered":"<p><strong>Seminars for your local area on &#8220;The Divinely Preserved Word of God in KJV&#8221;.<\/strong><\/p>\n<p>Varje troende kan l\u00e4sa Guds ord i total f\u00f6rtroende och f\u00f6rs\u00e4kran om att de har Guds autentiska och perfekta ord.<\/p>\n<p>Den allsm\u00e4ktige Gud i himlen har perfekt bevarat sitt ord f\u00f6r sitt f\u00f6rbundsfolk i de hebreiska, grekiska och arameiska originaltexterna. Hundratals n\u00e4stan 2000 \u00e5r gamla exemplar matchar alla exemplar genom tiderna fram till idag. Vi forts\u00e4tter med att bevisa hur 99% av den har varit perfekt intakt. De \u00e5terst\u00e5ende 1% \u00e4r endast mindre skiljetecken, pluraler och singularier, komma och punkt.<\/p>\n<p>King James-versionen baseras p\u00e5 de b\u00e4sta hebreiska och grekiska manuskripten f\u00f6rordas vara huvudtexten som ska anv\u00e4ndas av alla troende. Men f\u00f6r djupf\u00f6rst\u00e5else och orddefinitioner finns det olika hebreiska och grekiska ordstudiehj\u00e4lpmedel som vi rekommenderar och l\u00e4r dig hur du anv\u00e4nder.<\/p>\n<p>TCAWW \u00e4r \u00f6ppet f\u00f6r n\u00e4tverk i kombinerade talseminarier och skulle g\u00e4rna ta med detta \u00e4mne till din plats.<\/p>\n<p>We have hundreds of booklets and tracts available on the topic <a href=\"https:\/\/watchman.news\/sv\/tag\/god-preserves-his-word-in-kjv\/\">KJV is the preserved word of God<\/a>.<\/p>\n<p>We are planning larger conferences from the general public <a href=\"http:\/\/celticorthodoxy.com\/evangelism\/gods-scientific-law\/gods-law-is-scientific\/\">Klicka h\u00e4r<\/a><\/p>","protected":false},"excerpt":{"rendered":"<p>Seminars for your local area on &#8220;The Divinely Preserved Word of God in KJV&#8221;. Every believer can read the word of God in total confidence and assurance they hold the authentic and perfect word of God. Almighty God in heaven has perfectly preserved His word for His covenant people in the Hebrew, Greek and Aramaic [&hellip;]<\/p>\n","protected":false},"author":1,"featured_media":0,"parent":709,"menu_order":0,"comment_status":"open","ping_status":"closed","template":"","meta":{"seo_booster_metabox":"","footnotes":""},"class_list":["post-763","page","type-page","status-publish","hentry"],"yoast_head":"<!-- This site is optimized with the Yoast SEO plugin v27.2 - https:\/\/yoast.com\/product\/yoast-seo-wordpress\/ -->\n<title>The Divinely Preserved Word of God in KJV - Watchman News<\/title>\n<meta name=\"robots\" content=\"index, follow, max-snippet:-1, max-image-preview:large, max-video-preview:-1\" \/>\n<link rel=\"canonical\" href=\"https:\/\/watchman.news\/sv\/evangelism\/intact-bible\/\" \/>\n<meta property=\"og:locale\" content=\"sv_SE\" \/>\n<meta property=\"og:type\" content=\"article\" \/>\n<meta property=\"og:title\" content=\"The Divinely Preserved Word of God in KJV - Watchman News\" \/>\n<meta property=\"og:description\" content=\"Seminars for your local area on &#8220;The Divinely Preserved Word of God in KJV&#8221;. Every believer can read the word of God in total confidence and assurance they hold the authentic and perfect word of God. Almighty God in heaven has perfectly preserved His word for His covenant people in the Hebrew, Greek and Aramaic [&hellip;]\" \/>\n<meta property=\"og:url\" content=\"https:\/\/watchman.news\/sv\/evangelism\/intact-bible\/\" \/>\n<meta property=\"og:site_name\" content=\"Watchman News\" \/>\n<meta property=\"article:modified_time\" content=\"2022-04-19T15:57:03+00:00\" \/>\n<meta name=\"twitter:card\" content=\"summary_large_image\" \/>\n<meta name=\"twitter:label1\" content=\"Ber\u00e4knad l\u00e4stid\" \/>\n\t<meta name=\"twitter:data1\" content=\"1 minut\" \/>\n<script type=\"application\/ld+json\" class=\"yoast-schema-graph\">{\"@context\":\"https:\/\/schema.org\",\"@graph\":[{\"@type\":\"WebPage\",\"@id\":\"https:\/\/watchman.news\/evangelism\/intact-bible\/\",\"url\":\"https:\/\/watchman.news\/evangelism\/intact-bible\/\",\"name\":\"The Divinely Preserved Word of God in KJV - Watchman News\",\"isPartOf\":{\"@id\":\"https:\/\/watchman.news\/#website\"},\"datePublished\":\"2013-02-21T21:18:50+00:00\",\"dateModified\":\"2022-04-19T15:57:03+00:00\",\"breadcrumb\":{\"@id\":\"https:\/\/watchman.news\/evangelism\/intact-bible\/#breadcrumb\"},\"inLanguage\":\"sv-SE\",\"potentialAction\":[{\"@type\":\"ReadAction\",\"target\":[\"https:\/\/watchman.news\/evangelism\/intact-bible\/\"]}]},{\"@type\":\"BreadcrumbList\",\"@id\":\"https:\/\/watchman.news\/evangelism\/intact-bible\/#breadcrumb\",\"itemListElement\":[{\"@type\":\"ListItem\",\"position\":1,\"name\":\"Home\",\"item\":\"https:\/\/watchman.news\/\"},{\"@type\":\"ListItem\",\"position\":2,\"name\":\"Evangelistic Seminars\",\"item\":\"https:\/\/watchman.news\/evangelism\/\"},{\"@type\":\"ListItem\",\"position\":3,\"name\":\"The Divinely Preserved Word of God in KJV\"}]},{\"@type\":\"WebSite\",\"@id\":\"https:\/\/watchman.news\/#website\",\"url\":\"https:\/\/watchman.news\/\",\"name\":\"Watchman News\",\"description\":\"News of Importance for the True Christian Israel\",\"potentialAction\":[{\"@type\":\"SearchAction\",\"target\":{\"@type\":\"EntryPoint\",\"urlTemplate\":\"https:\/\/watchman.news\/?s={search_term_string}\"},\"query-input\":{\"@type\":\"PropertyValueSpecification\",\"valueRequired\":true,\"valueName\":\"search_term_string\"}}],\"inLanguage\":\"sv-SE\"}]}<\/script>\n<!-- \/ Yoast SEO plugin. -->","yoast_head_json":{"title":"The Divinely Preserved Word of God in KJV - Watchman News","robots":{"index":"index","follow":"follow","max-snippet":"max-snippet:-1","max-image-preview":"max-image-preview:large","max-video-preview":"max-video-preview:-1"},"canonical":"https:\/\/watchman.news\/sv\/evangelism\/intact-bible\/","og_locale":"sv_SE","og_type":"article","og_title":"The Divinely Preserved Word of God in KJV - Watchman News","og_description":"Seminars for your local area on &#8220;The Divinely Preserved Word of God in KJV&#8221;. Every believer can read the word of God in total confidence and assurance they hold the authentic and perfect word of God. Almighty God in heaven has perfectly preserved His word for His covenant people in the Hebrew, Greek and Aramaic [&hellip;]","og_url":"https:\/\/watchman.news\/sv\/evangelism\/intact-bible\/","og_site_name":"Watchman News","article_modified_time":"2022-04-19T15:57:03+00:00","twitter_card":"summary_large_image","twitter_misc":{"Ber\u00e4knad l\u00e4stid":"1 minut"},"schema":{"@context":"https:\/\/schema.org","@graph":[{"@type":"WebPage","@id":"https:\/\/watchman.news\/evangelism\/intact-bible\/","url":"https:\/\/watchman.news\/evangelism\/intact-bible\/","name":"The Divinely Preserved Word of God in KJV - Watchman News","isPartOf":{"@id":"https:\/\/watchman.news\/#website"},"datePublished":"2013-02-21T21:18:50+00:00","dateModified":"2022-04-19T15:57:03+00:00","breadcrumb":{"@id":"https:\/\/watchman.news\/evangelism\/intact-bible\/#breadcrumb"},"inLanguage":"sv-SE","potentialAction":[{"@type":"ReadAction","target":["https:\/\/watchman.news\/evangelism\/intact-bible\/"]}]},{"@type":"BreadcrumbList","@id":"https:\/\/watchman.news\/evangelism\/intact-bible\/#breadcrumb","itemListElement":[{"@type":"ListItem","position":1,"name":"Home","item":"https:\/\/watchman.news\/"},{"@type":"ListItem","position":2,"name":"Evangelistic Seminars","item":"https:\/\/watchman.news\/evangelism\/"},{"@type":"ListItem","position":3,"name":"The Divinely Preserved Word of God in KJV"}]},{"@type":"WebSite","@id":"https:\/\/watchman.news\/#website","url":"https:\/\/watchman.news\/","name":"Watchman News","description":"News of Importance for the True Christian Israel","potentialAction":[{"@type":"SearchAction","target":{"@type":"EntryPoint","urlTemplate":"https:\/\/watchman.news\/?s={search_term_string}"},"query-input":{"@type":"PropertyValueSpecification","valueRequired":true,"valueName":"search_term_string"}}],"inLanguage":"sv-SE"}]}},"_links":{"self":[{"href":"https:\/\/watchman.news\/sv\/wp-json\/wp\/v2\/pages\/763","targetHints":{"allow":["GET"]}}],"collection":[{"href":"https:\/\/watchman.news\/sv\/wp-json\/wp\/v2\/pages"}],"about":[{"href":"https:\/\/watchman.news\/sv\/wp-json\/wp\/v2\/types\/page"}],"author":[{"embeddable":true,"href":"https:\/\/watchman.news\/sv\/wp-json\/wp\/v2\/users\/1"}],"replies":[{"embeddable":true,"href":"https:\/\/watchman.news\/sv\/wp-json\/wp\/v2\/comments?post=763"}],"version-history":[{"count":0,"href":"https:\/\/watchman.news\/sv\/wp-json\/wp\/v2\/pages\/763\/revisions"}],"up":[{"embeddable":true,"href":"https:\/\/watchman.news\/sv\/wp-json\/wp\/v2\/pages\/709"}],"wp:attachment":[{"href":"https:\/\/watchman.news\/sv\/wp-json\/wp\/v2\/media?parent=763"}],"curies":[{"name":"wp","href":"https:\/\/api.w.org\/{rel}","templated":true}]}}